{"id":40511,"date":"2023-03-13T13:48:51","date_gmt":"2023-03-13T12:48:51","guid":{"rendered":"https:\/\/hempika.com\/product\/cbd-pasta\/"},"modified":"2026-05-02T15:35:00","modified_gmt":"2026-05-02T13:35:00","slug":"cbd-pasta","status":"publish","type":"product","link":"https:\/\/hempika.com\/sl\/izdelek\/cbd-pasta\/","title":{"rendered":"CBD pasta"},"content":{"rendered":"<div class=\"dolg\">\r\n\r\n<p>Hempika <strong>CBD pasta<\/strong> je prva izbira za resni\u010dne ljubitelje CBD-ja in \u017ee ute\u010dene uporabnike. Izbirate lahko med tremi razli\u010dnimi koncentracijami, ki so vse narejene iz izvle\u010dka konoplje polnega spektra, kokosovega masla in \u010debeljega voska. Priro\u010dna embala\u017ea v obliki dozerja vam omogo\u010da natan\u010dno odmerjanje.<\/p>\r\n\r\n<p><strong>Glede na va\u0161e \u017eelje in predhodne izku\u0161nje s CBD-jem, lahko izbirate med razli\u010dnimi koncentracijami paste:<\/strong><\/p>\r\n\r\n<ul>\r\n<li><strong>CBD pasta 1000mg (~20% CBD):<\/strong> Srednja koncentracija za izku\u0161ene vsakodnevne uporabnike.<\/li>\r\n<li><strong>CBD pasta 1500mg (~30% CBD):<\/strong> Vi\u0161ja koncentracija za tiste, ki so pripravljeni svoje izku\u0161nje s CBD-jem popeljati na naslednjo raven.<\/li>\r\n<li><strong>CBD pasta 2500mg (~50% CBD):<\/strong> Najvi\u0161ja koncentracija za &#8220;CBD veterane&#8221; in uporabnike, ki si \u017eelijo najve\u010d, kar konoplja ponuja.<\/li>\r\n<\/ul>\r\n\r\n<p>CBD izvle\u010dek pridobivamo iz ekolo\u0161ko pridelane rastline konoplje. Za ekstrakcijo CBD-ja uporabljamo napredno metodo superkriti\u010dnega ogljikovega dioksida (CO2), ki ohranja \u0161irok spekter kanabinoidov in ostalih koristnih snovi. Zaradi bogate palete biolo\u0161ko aktivnih spojin in njihovih prepletenih interakcij ima CBD pasta vlogo pri delovanju endokanabinoidnega sistema. Rezultat? Blagodejni u\u010dinki na va\u0161e splo\u0161no po\u010dutje in zdravje.<\/p>\r\n\r\n<h2>Ali je to pravi izdelek zame?<\/h2>\r\n\r\n<p>Niste prepri\u010dani, da ste pripravljeni na mo\u010dnej\u0161e odmerke CBD paste? Ta oblika CBD-ja je gotovo prava izbira, \u010de i\u0161\u010dete izdelek, ki vsebuje naravno prisotne spojine, kot so kanabinoidi, terpeni, flavonoidi, aminokisline, ketoni, glikozidi, vitamini, pigmenti in druga hranila. Priporo\u010damo ga srednje zahtevnim in naprednim uporabnikom, ki so vajeni mo\u010dnih u\u010dinkov CBD-ja.<\/p>\r\n\r\n<p>V primerjavi s kapljicami pasta pri\u010dara bolj celovito izku\u0161njo CBD-ja. Kdaj se torej ljudje odlo\u010dijo mo\u010dnej\u0161e odmerke CBD-ja v obliki paste:<\/p>\r\n\r\n<ul>\r\n<li>Skraj\u0161ajte \u010das okrevanja in regeneracije po visoko intenzivnih \u0161portnih aktivnostih. Ste se odpravili na dolg pohod ali i\u0161\u010dete na\u010din, kako skraj\u0161ati \u010das &#8220;musklfibra&#8221; in telesu omogo\u010diti prepotrebno sprostitev? \u0160portniki so obi\u010dajno navdu\u0161eni nad rezultati, ki jih dose\u017eejo z uporabo CBD paste v visokih odmerkih.<\/li>\r\n<li>Se imate za no\u010dno sovo, ki nikoli ni pripravljena zaspati? Poskusite CBD pasto in se pripravite na pozitivna presene\u010denja!<\/li>\r\n<li>Se pesem &#8220;Hello darkness, my old friend&#8221; ponavlja, kot letni \u010dasi v va\u0161em \u017eivljenju? V objemu tesnobe, depresije in napadov panike je \u017eivljenje vse prej, kot svetlo. Danes poznamo mnogo tehnik in na\u010dinov, kako prebroditi na svetlej\u0161o plat zgodbe in gotovo ne obstaja nekaj, kot \u010darobna pali\u010dica, ki bi vse tegobe odgnala v enem zamahu. A v vsej tej \u010dustveni zme\u0161njavi na\u0161e stranke ve\u010dkrat poro\u010dajo o olaj\u0161anju neprijetnih ob\u010dutkov ob uporabi visokih odmerkov CBD paste.<\/li>\r\n<li>I\u0161\u010dete dodaten zagon za ustvarjalnje? Muza navdiha ne more komunicirati z vami, \u010de je va\u0161 um nenehno preobremenjen, poln strahov in dnevnih nalog. Umetniki in ustvarjalci po vsem svetu za sprostitev od nesmislov sodobnega \u010dasa uporabljajo CBD izdelke.<\/li>\r\n<li>Vsakodnevne situacije in stanja telesa in duha lahko privedejo do huj\u0161ih \u010dustvenih ter telesnih senzacij. Na\u0161e stranke poro\u010dajo, da pomo\u010d v CBD-ju obi\u010dajno i\u0161\u010dejo zaradi najrazli\u010dnej\u0161ih te\u017eav, kot so laj\u0161anje fizi\u010dnih bole\u010din, spopadanje z odvisnostmi, iskanje pomo\u010di pri \u010drevesnih te\u017eavah, razli\u010dnih vrstah ko\u017enih bolezni, nekaterih nevrolo\u0161kih motnjah, \u0161iroki paleti avtoimunskih bolezni, \u0161tevilnih du\u0161evnih motnjah in \u0161e veliko, veliko ve\u010d.<\/li>\r\n<\/ul>\r\n\r\n<h2>Kdaj in kako uporabljati CBD pasto?<\/h2>\r\n\r\n<p>Ni strogih pravil ali navodil, kdaj in kako pogosto uporabljati CBD. Tako, kot je vsak \u010dlovek druga\u010den, je tudi na\u010din uporabe CBD paste zelo individualna odlo\u010ditev. S\u010dasoma boste odkrili svoj recept in si zgradili svojevrsten odnos do CBD izdelkov. Priporo\u010damo vam, da za\u010dnete po\u010dasi in odmerek pove\u010dujete glede na svoje dnevne potrebe in razpolo\u017eenje. Vendar se ne bojte &#8211; od CBD-ja ne morete biti &#8220;zadeti&#8221;, niti pri ve\u010djih odmerkih, ne.<\/p>\r\n\r\n<h2>Ustvarite si svoj ritual<\/h2>\r\n\r\n<p>Ste za eksperiment? Ja, mi obo\u017eujemo rituale in obrede! Razmislite, kako bi lahko uporabo CBD-ja povezali z enim od svojih \u017ee ustaljenih dnevnih ritualov? Kdaj bi potrebovali nekaj sprostitve in duhovnega miru? Momente hektike lahko spremenite v minuto za dihanje, ne\u017eno raztezanje telesa in obrat ali dva aplikatorja CBD paste. Izberite \u010das, ki vam najbolj ustreza &#8211; morda pred spanjem, pred pomembnim sestankom, ko vam gre zaradi preobremenjenosti vse na \u017eivce ali preprosto v katerem koli drugem trenutku, ko potrebujete nekaj \u010dasa zase. Bodite ustvarjalni; domislite se sve\u017eih idej za vklju\u010ditev CBD-ja v svoj vsakdan! Hempika CBD pasta lahko postane va\u0161 SOS prijatelj, ki je vedno v va\u0161i torbici ali \u017eepu.<\/p>\r\n\r\n<h2>Kak\u0161nega okusa je?<\/h2>\r\n\r\n<p>Ste sumni\u010davi glede okusa CBD paste? Navsezadnje je videti nekoliko nenavadno, temne barve in ne deluje kot najbolj okusna stvar na svetu. No, pa saj vendarle uporabljate konopljo! Pasta vsebuje kokosovo maslo in \u010debelji vosek, a ima \u0161e vedno okus &#8211; to\u010dno tako &#8211; po konoplji.<\/p>\r\n\r\n<h2>Uporaba<\/h2>\r\n\r\n<p>Za odmerjanje zavrtite aplikator v smeri urinega kazalca.<br\/>\r\nPo uporabi obrnite aplikator v nasprotni smeri urinega kazalca, da sprostite pritisk in prepre\u010dite iztekanje.<br\/>\r\n1 obrat vsebuje 30 mg \/ 45 mg \/ 75 mg kanabidiola (CBD).<br\/>\r\nV primeru preob\u010dutljivosti prenehajte z uporabo.<\/p>\r\n\r\n<h2>Sestavine<\/h2>\r\n\r\n<p>Izvle\u010dek konoplje polnega spektra, kokosovo maslo, \u010debelji vosek.<\/p>\r\n\r\n<p><strong>INCI:<\/strong> Cannabis Sativa Leaf Extract, Cocos Nucifera Oil, Cera Alba.<\/p>\r\n\r\n<h2>Shranjevanje<\/h2>\r\n\r\n<p>Hranite pri sobni temperaturi. Za\u0161\u010ditite pred son\u010dno svetlobo.<br\/>\r\nHranite izven dosega otrok.<br\/>\r\nRok uporabe: 18 mesecev<\/p>\r\n\r\n<\/div>\n","protected":false},"excerpt":{"rendered":"<div class=\"kratek\">\n<p>Vas mika najmo\u010dnej\u0161a oblika CBD-ja polnega spektra? Naravni izvle\u010dek industrijske konoplje v obliki paste je izbira za izku\u0161ene ljubitelje CBD-ja. Na voljo v treh razli\u010dnih koncentracijah.<\/p>\n<\/div>\n","protected":false},"featured_media":44934,"comment_status":"open","ping_status":"closed","template":"","meta":[],"product_brand":[],"product_cat":[333],"product_tag":[],"class_list":{"0":"post-40511","1":"product","2":"type-product","3":"status-publish","4":"has-post-thumbnail","6":"product_cat-konopljini-izdelki","8":"first","9":"instock","10":"taxable","11":"shipping-taxable","12":"purchasable","13":"product-type-variable","14":"has-default-attributes"},"_links":{"self":[{"href":"https:\/\/hempika.com\/sl\/wp-json\/wp\/v2\/product\/40511","targetHints":{"allow":["GET"]}}],"collection":[{"href":"https:\/\/hempika.com\/sl\/wp-json\/wp\/v2\/product"}],"about":[{"href":"https:\/\/hempika.com\/sl\/wp-json\/wp\/v2\/types\/product"}],"replies":[{"embeddable":true,"href":"https:\/\/hempika.com\/sl\/wp-json\/wp\/v2\/comments?post=40511"}],"wp:featuredmedia":[{"embeddable":true,"href":"https:\/\/hempika.com\/sl\/wp-json\/wp\/v2\/media\/44934"}],"wp:attachment":[{"href":"https:\/\/hempika.com\/sl\/wp-json\/wp\/v2\/media?parent=40511"}],"wp:term":[{"taxonomy":"product_brand","embeddable":true,"href":"https:\/\/hempika.com\/sl\/wp-json\/wp\/v2\/product_brand?post=40511"},{"taxonomy":"product_cat","embeddable":true,"href":"https:\/\/hempika.com\/sl\/wp-json\/wp\/v2\/product_cat?post=40511"},{"taxonomy":"product_tag","embeddable":true,"href":"https:\/\/hempika.com\/sl\/wp-json\/wp\/v2\/product_tag?post=40511"}],"curies":[{"name":"wp","href":"https:\/\/api.w.org\/{rel}","templated":true}]}}