{"id":40507,"date":"2023-03-13T14:01:14","date_gmt":"2023-03-13T13:01:14","guid":{"rendered":"https:\/\/hempika.com\/product\/cbd-kapljice\/"},"modified":"2026-04-21T08:40:46","modified_gmt":"2026-04-21T06:40:46","slug":"cbd-kapljice","status":"publish","type":"product","link":"https:\/\/hempika.com\/sl\/izdelek\/cbd-kapljice\/","title":{"rendered":"CBD kapljice"},"content":{"rendered":"<div class=\"dolg\">\r\n\r\n<p>Hempika <strong>CBD kapljice<\/strong> so pripravljene iz izvle\u010dka konoplje s polnim spektrom delovanja, raztopljene v hladno stisnjenem olju iz konopljinih semen. Elegantna embala\u017ea z mililitrskimi oznakami na pipeti omogo\u010da natan\u010dno odmerjanje in varen vstop v svet CBD.<\/p>\r\n\r\n<p>Glede na va\u0161e potrebe in izku\u0161nje s CBD-jem izberite  koncentracijo, ki vam bo omogo\u010dila izkusiti vse u\u010dinke CBD-ja na va\u0161e splo\u0161no dobro po\u010dutje.<\/p>\r\n\r\n<ul>\r\n<li><strong>CBD kapljice 500mg (~5% CBD):<\/strong> Nizka koncentracija je prava izbira za za\u010detnike.<\/li>\r\n<li><strong>CBD kapljice 1000mg (~10% CBD):<\/strong> Srednja koncentracija je priljubljena med rednimi uporabniki.<\/li>\r\n<li><strong>CBD kapljice 1500mg (~15% CBD):<\/strong> Visoka koncentracija za izku\u0161ene in zahtevne posameznike.<\/li>\r\n<\/ul>\r\n\r\n<p>Izvle\u010dek je pridobljen iz ekolo\u0161ko pridelane konoplje (zeleni deli rastline) skozi sodobno metodo ekstrakcije s superkriti\u010dnim ogljikovim dioksidom (CO<sub>2<\/sub>), ki ohrani \u0161irok spekter kanabinoidov, terpenov in u\u010dinkovin konoplje, ki skrbijo za sinergi\u010dno delovanje vseh sestavin. Zaradi bogatega spektra biolo\u0161ko aktivnih spojin in njihovega medsebojnega delovanja kapljice pomagajo pri delovanju endokanabinoidnega sistema, kar ugodno vpliva na splo\u0161no zdravje in dobro po\u010dutje.<\/p>\r\n\r\n<h2>Ali je to pravi izdelek zame?<\/h2>\r\n\r\n<p><i>Izberite produkt, ki je prav\u0161nji za vas in va\u0161e potrebe!<\/i><\/p>\r\n\r\n<ul>\r\n<li><strong>\u017delite vstopiti v CBD svet z majhnimi, varnimi koraki?<\/strong> Ali pa vas samo matra firbec, kako se lahko va\u0161e razpolo\u017eenje spremeni ob redni uporabi CBD-ja? Potem so 5% (500mg) CBD kapljice primerne za va\u0161e potrebe in \u017eelje.<\/li>\r\n<li><strong>I\u0161\u010dete pogostej\u0161o dnevno uporabo CBD-ja v zmerno velikih koli\u010dinah?<\/strong> Ali pa vas samo zanima, kako se lahko va\u0161i ob\u010dutki spremenijo ob redni, ve\u010dkrat dnevni uporabi CBD-ja? Potem so 10% (1000mg) CBD kapljice prava izbira za vas.<\/li>\r\n<li><strong>Kdo so redni uporabniki CBD-ja, ki prisegajo na mo\u010dnej\u0161o obliko CBD kapljic?<\/strong> Aktivni posamezniki in \u0161portniki, ki si \u017eelijo hitrej\u0161e regeneracije; ljudje, ki do\u017eivljajo veliko stresa in \u010dustvenega nelagodja; no\u010dne sove, ki te\u017eko zaspijo, &#8230; Mo\u010dnej\u0161e, 15% (1500mg) CBD kapljice so primerne za zahtevne uporabnike.<\/li>\r\n<\/ul>\r\n\r\n<p><strong>Tukaj je le nekaj vsakodnevnih te\u017eav, pri katerih ljudje pogosto pose\u017eejo po CBD-ju:<\/strong> laj\u0161anje bole\u010din, odvisnosti, nespe\u010dnosti, tesnobe, ma\u010dka, \u010drevesnih te\u017eav, ko\u017enih bolezni, nevrolo\u0161kih motenj, avtoimunskih bolezni, \u0161tevilnih du\u0161evnih motenj in \u0161e veliko, veliko ve\u010d.<\/p>\r\n\r\n<h2>Kdaj in kako uporabljati CBD kapljice?<\/h2>\r\n\r\n<p>Ni pravila, kdaj ali kako pogosto uporabljati CBD. Vsaka oseba je druga\u010dna, zato boste s\u010dasoma odkrili svojo formulo in spletli svojevrstno prijateljstvo s kapljicami. Priporo\u010damo vam, da za\u010dnete z majhnimi odmerki in jih po\u010dasi pove\u010dujete. Vendar ne skrbite &#8211; ne obstaja ni\u010d takega, kot je stanje zadetosti ob uporabi CBD-ja.<\/p>\r\n\r\n<h2>Ustvarite si svoj ritual<\/h2>\r\n\r\n<p>Rituali nas prizemljujejo, prina\u0161ajo mirne trenutke v na\u0161e hekti\u010dne dneve in ustvarijo prostor \u010distega u\u017eitka. Spodbujamo vas, da uporabo CBD-ja pove\u017eete z enim od svojih vsakodnevnih ritualov. Kdaj v dnevu se po\u010dutite najbolj pod stresom ali \u010dutite potrebo po premoru od sveta? Stresne trenutke spremenite v minuto za nekaj globokih vdihov in nekaj kapljic CBD-ja. To lahko storite pred spanjem, med odmorom za kosilo, ko vas prevzame \u017eiv\u010dnost, ali preprosto v vsakem trenutku, ko si \u017eelite osredinjenosti. Hempika CBD kapljice vas lahko vedno spremljajo in postanejo SoS predmet v va\u0161i torbici ali \u017eepu. Bodite ustvarjalni in se domislite idej za svoj mali dnevni obred s CBD-jem!<\/p>\r\n\r\n<h2>Kak\u0161en okus imajo?<\/h2>\r\n\r\n<p>Nikar ne pri\u010dakujte ne\u017enega okusa po babi\u010dinih pi\u0161kotih. Kar uporabljate, je \u0161e vedno konoplja! Kapljice CBD so raztopljene v hladno stiskanem olju konopljinih semen, zato imajo okus &#8211; no, kot konoplja, pa\u010d. A \u010de uporabimo prispodobo &#8211; kar ima grenak okus, pusti sladkek pookus. Naj vam tekne!<\/p>\r\n\r\n<h2>Kako uporabljati CBD kapljice?<\/h2>\r\n\r\n<p>Pred uporabo stekleni\u010dko dobro pretresite.<br\/>\r\nS pipeto izmerite \u0161tevilo kapljic ali mililitre preparata.<br\/>\r\n1 kapljica vsebuje 1.7mg \/ 3.3mg \/ 5.0mg kanabidiola (CBD).<br\/>\r\nEna stekleni\u010dka (10 ml) vsebuje pribli\u017eno 300 kapljic.<br\/>\r\nV primeru preob\u010dutljivosti prenehajte z uporabo.<\/p>\r\n\r\n<h2>Sestavine<\/h2>\r\n\r\n<p>Hladno stiskano konopljino olje, izvle\u010dek konoplje polnega spektra.<\/p>\r\n\r\n<p><strong>INCI:<\/strong> Cannabis Sativa Seed Oil, Cannabis Sativa Leaf Extract.<\/p>\r\n\r\n<h2>Shranjevanje<\/h2>\r\n\r\n<p>Hranite pri sobni temperaturi. Za\u0161\u010ditite pred son\u010dno svetlobo.<br\/>\r\nHranite izven dosega otrok.<br\/>\r\nRok uporabe:18 mesecev<\/p>\r\n\r\n<\/div>\n","protected":false},"excerpt":{"rendered":"<div class=\"kratek\">\n<p>Priljubljena izbira tako za za\u010detnike, kot izku\u0161ene CBD uporabnike. Zvezda v svetu konoplje &#8211; CBD kapljice za vsakodnevno uporabo, kot pomo\u010d pri sto razli\u010dnih te\u017eavah. Na voljo v treh koncentracijah.<\/p>\n<\/div>\n","protected":false},"featured_media":47385,"comment_status":"open","ping_status":"closed","template":"","meta":[],"product_brand":[],"product_cat":[333],"product_tag":[],"class_list":{"0":"post-40507","1":"product","2":"type-product","3":"status-publish","4":"has-post-thumbnail","6":"product_cat-konopljini-izdelki","8":"first","9":"instock","10":"taxable","11":"shipping-taxable","12":"purchasable","13":"product-type-variable","14":"has-default-attributes"},"_links":{"self":[{"href":"https:\/\/hempika.com\/sl\/wp-json\/wp\/v2\/product\/40507","targetHints":{"allow":["GET"]}}],"collection":[{"href":"https:\/\/hempika.com\/sl\/wp-json\/wp\/v2\/product"}],"about":[{"href":"https:\/\/hempika.com\/sl\/wp-json\/wp\/v2\/types\/product"}],"replies":[{"embeddable":true,"href":"https:\/\/hempika.com\/sl\/wp-json\/wp\/v2\/comments?post=40507"}],"wp:featuredmedia":[{"embeddable":true,"href":"https:\/\/hempika.com\/sl\/wp-json\/wp\/v2\/media\/47385"}],"wp:attachment":[{"href":"https:\/\/hempika.com\/sl\/wp-json\/wp\/v2\/media?parent=40507"}],"wp:term":[{"taxonomy":"product_brand","embeddable":true,"href":"https:\/\/hempika.com\/sl\/wp-json\/wp\/v2\/product_brand?post=40507"},{"taxonomy":"product_cat","embeddable":true,"href":"https:\/\/hempika.com\/sl\/wp-json\/wp\/v2\/product_cat?post=40507"},{"taxonomy":"product_tag","embeddable":true,"href":"https:\/\/hempika.com\/sl\/wp-json\/wp\/v2\/product_tag?post=40507"}],"curies":[{"name":"wp","href":"https:\/\/api.w.org\/{rel}","templated":true}]}}