{"id":22811,"date":"2020-10-30T15:47:19","date_gmt":"2020-10-30T14:47:19","guid":{"rendered":"https:\/\/hempika.com\/product\/cbd-izolat\/"},"modified":"2026-04-15T06:23:36","modified_gmt":"2026-04-15T04:23:36","slug":"cbd-izolat","status":"publish","type":"product","link":"https:\/\/hempika.com\/sl\/izdelek\/cbd-izolat\/","title":{"rendered":"CBD izolat"},"content":{"rendered":"<div class=\"dolg\">\n<p>Obo\u017eujete u\u010dinke CBD-ja ali bi ga radi poskusili, vendar \u017eelite ostati na varni strani, ko gre za THC teste? Potem je Hempika <strong>CBD izolat<\/strong> tista stvar, ki jo i\u0161\u010dete! Ta izdelek je pre\u010di\u0161\u010dena in kristalizirana oblika izvle\u010dka konoplje, ki vsebuje ve\u010d kot 99 % kanabidiola (CBD). Gre za naj\u010distej\u0161o obliko naravno prisotnega kanabidiola, pridobljenega iz rastline konoplje in proizvedenega s sodobnimi tehnologijami ekstrakcije. Najbolj\u0161i CBD, 100 % brez THC!<\/p>\n<h2>Ali je to pravi izdelek zame?<\/h2>\n<p>Kak\u0161na je pravzaprav razlika med CBD-jem s polnim spektrom (v kapljicah, pasti in spreju) in izolirano razli\u010dico? Izdelki polnega spektra \u0161e vedno vsebujejo majhno koli\u010dino THC-ja, ki sicer ne povzro\u010da nobene &#8220;zadetosti&#8221;, vendar je lahko za tiste, ki so izpostavljeni rednim THC testom, neprimerna izbira. Hempika CBD izolat je na voljo v obliki prahu, zato je njegova uporaba enostavna in varna.<\/p>\n<p><strong>Nekaj primerov ljudi, ki se raje odlo\u010dijo za CBD izolat, kot izdelke s polnim spektrom:<\/strong><\/p>\n<ul>\n<li>Profesionalci (\u0161portniki, vojaki, policisti, marinci itd.), ki so redno izpostavljeni razli\u010dnim testom, vklju\u010dno s testi THC, bodo najverjetneje izbrali izolat namesto CBD izdelkov polnega spektra. Obstaja namre\u010d verjetnost, da bodo drugi izdelki \u0161e vedno pustili sled THC v krvi.<\/li>\n<li>\u017delite ostati na varni strani in hkrati u\u017eivati vse prednosti CBD-ja? Izolat je pravi odgovor. Dajte mu prilo\u017enost in opazujte, kako zmanj\u0161uje intenzivnost va\u0161ih vsakodnevnih izzivov in telesnih senzacij.<\/li>\n<li>Vam je v\u0161e\u010d ve\u010dnamenskost izdelkov? Obo\u017eevali boste izolat! Tukaj je le namig o vseh neskon\u010dnih na\u010dinih, kako ga ljudje uporabljajo: izdelava lastnih CBD izdelkov za doma\u010do uporabo, kot je kombiniranje z oljem ali drugimi kozmeti\u010dnimi osnovami za uporabo na ko\u017ei; me\u0161anje oljnih raztopin za razli\u010dne namene; dodajanje v polnila elektronskih cigaret ali uparjanje; oralna uporaba in \u0161e bi lahko na\u0161tevali.<\/li>\n<\/ul>\n<h2>Kdaj in kako uporabljati CBD izolat?<\/h2>\n<p>Pri uporabi CBD-ja ni strogih pravil ali navodil. Vsaka oseba je povsem individualna, zato se uporaba CBD-ja razlikuje od posameznika do posameznika. Bistveno je, da najdete svoj ritem in odmerek, ki vam najbolj ustreza. Zakaj ne bi za\u010deli preprosto in odmerek pove\u010devali glede na svoje dnevne potrebe in razpolo\u017eenje? Prav tako ste lahko ustvarjalni glede vseh mo\u017enih na\u010dinov uporabe CBD izolata. \u010ce domi\u0161ljiji pustite prosto pot, boste gotovo odkrili najbolj\u0161i recept zase!<\/p>\n<h2>Ustvarite si svoj ritual<\/h2>\n<p>Tuhtanje o tem, kako nov izdelek vklju\u010diti v vsakodnevno rutino, je lahko naporno. Namesto, da bi bili pretirano okorni v idejah, razmislite o oblikovanju premi\u0161ljenega dnevnega rituala. Rituali nas prizemljujejo, hkrati pa nas vra\u010dajo v sedanji trenutek, nazaj k dihanju in nam dajo prilo\u017enost, da si odtrgamo minuto \u010dasa za po\u010ditek od sveta. Ko je spet na meniju hektika, je to pravi moment za CBD ritual. Ali ne bi vsakomur koristilo malce sprostitve in zati\u0161ja pred viharnimi mislimi? CBD izolat uporabite pred spanjem; pred pomembno nalogo, ki jo morate opraviti; ko stres potrka na vrata ali preprosto v katerem koli drugem trenutku, ko potrebujete nekaj \u010dasa samo zase. Hempika CBD izolat lahko postane va\u0161 SOS klic, ki bo vedno z vami &#8211; v torbici ali \u017eepu.<\/p>\n<h2>Kak\u0161en okus ima izolat?<\/h2>\n<p>Izolat nima posebnega okusa ali vonja. Je le prah, ki ga lahko uporabite na razli\u010dne na\u010dine, ne da bi spremenili okus pija\u010de ali vonj drugih izdelkov (\u010de ga nameravate uporabiti v kozmetiki).<\/p>\n<h2>Uporaba<\/h2>\n<p>Samo za farmacevtsko uporabo.<\/p>\n<h2>Sestavine<\/h2>\n<p>Cannabidiol (CAS: 13956-29-1)<\/p>\n<h2>Opozorila<\/h2>\n<p>Ne uporabljajte, dokler se ne seznanite z vsemi varnostnimi ukrepi.<br \/>\nZdravju \u0161kodljivo pri zau\u017eitju.<br \/>\nSum \u0161kodljivosti za plodnost ali nerojenega otroka.<br \/>\nVsebino\/posodo odstranite v skladu z nacionalnimi predpisi.<\/p>\n<h2>Shranjevanje<\/h2>\n<p>Hranite izven dosega otrok.<br \/>\nHranite na hladnem.<br \/>\nZa\u0161\u010ditite pred son\u010dno svetlobo.<br \/>\nRok uporabe: 18 mesecev<\/p>\n<\/div>\n","protected":false},"excerpt":{"rendered":"<div class=\"kratek\">\n<p>Ob\u010dutite pravo mo\u010d CBD-ja v njegovi naj\u010distej\u0161i obliki! \u010ce i\u0161\u010dete izdelek, ki je 100 % brez prisotnosti THC-ja, je izolat za vas! Izolat je kristaliziran izvle\u010dek iz konoplje v prahu za ve\u010dnamensko uporabo.<\/p>\n<p class=\"kolicina\">~1000mg CBD \/ 1g<\/p>\n<\/div>\n","protected":false},"featured_media":44955,"comment_status":"open","ping_status":"closed","template":"","meta":[],"product_brand":[],"product_cat":[333],"product_tag":[],"class_list":{"0":"post-22811","1":"product","2":"type-product","3":"status-publish","4":"has-post-thumbnail","6":"product_cat-konopljini-izdelki","8":"first","9":"instock","10":"taxable","11":"shipping-taxable","12":"purchasable","13":"product-type-simple"},"_links":{"self":[{"href":"https:\/\/hempika.com\/sl\/wp-json\/wp\/v2\/product\/22811","targetHints":{"allow":["GET"]}}],"collection":[{"href":"https:\/\/hempika.com\/sl\/wp-json\/wp\/v2\/product"}],"about":[{"href":"https:\/\/hempika.com\/sl\/wp-json\/wp\/v2\/types\/product"}],"replies":[{"embeddable":true,"href":"https:\/\/hempika.com\/sl\/wp-json\/wp\/v2\/comments?post=22811"}],"wp:featuredmedia":[{"embeddable":true,"href":"https:\/\/hempika.com\/sl\/wp-json\/wp\/v2\/media\/44955"}],"wp:attachment":[{"href":"https:\/\/hempika.com\/sl\/wp-json\/wp\/v2\/media?parent=22811"}],"wp:term":[{"taxonomy":"product_brand","embeddable":true,"href":"https:\/\/hempika.com\/sl\/wp-json\/wp\/v2\/product_brand?post=22811"},{"taxonomy":"product_cat","embeddable":true,"href":"https:\/\/hempika.com\/sl\/wp-json\/wp\/v2\/product_cat?post=22811"},{"taxonomy":"product_tag","embeddable":true,"href":"https:\/\/hempika.com\/sl\/wp-json\/wp\/v2\/product_tag?post=22811"}],"curies":[{"name":"wp","href":"https:\/\/api.w.org\/{rel}","templated":true}]}}