{"id":22447,"date":"2020-12-22T15:37:23","date_gmt":"2020-12-22T14:37:23","guid":{"rendered":"https:\/\/hempika.com\/product\/paket-dobre-kalorije\/"},"modified":"2025-03-26T08:55:00","modified_gmt":"2025-03-26T07:55:00","slug":"paket-dobre-kalorije","status":"publish","type":"product","link":"https:\/\/hempika.com\/sl\/izdelek\/paket-dobre-kalorije\/","title":{"rendered":"PAKET DOBRE KALORIJE"},"content":{"rendered":"<p>Vsebuje:<\/p>\n<p><a href=\"https:\/\/hempika.com\/sl\/izdelek\/konopljino-olje\/\">Konopljino olje<\/a><br \/>\n<a href=\"https:\/\/hempika.com\/sl\/izdelek\/konopljin-caj\/\">Konopljin \u010daj<\/a><br \/>\n<a href=\"https:\/\/hempika.com\/sl\/izdelek\/konopljini-proteini\/\">Konopljini proteini<\/a><br \/>\n<a href=\"https:\/\/hempika.com\/sl\/izdelek\/konopljina-moka\/\">Konopljina moka<\/a><br \/>\n<a href=\"https:\/\/hempika.com\/sl\/izdelek\/konopljina-semena\/\">Konopljina semena<\/a><br \/>\n<a href=\"https:\/\/hempika.com\/sl\/izdelek\/oluscena-konopljina-semena\/\">Olu\u0161\u010dena konopljina semena<\/a><\/p>\n","protected":false},"excerpt":{"rendered":"<p>Komplet konopljinih super\u017eivil kot popolna podpora zdravemu \u017eivljenjskemu slogu nas popelje v izku\u0161njo \u010dudovitih okusov in popotovanje u\u017eitkov brez slabe vesti.<\/p>\n<p>BIO certifikat<br \/>\n6 v 1<\/p>\n","protected":false},"featured_media":16190,"comment_status":"open","ping_status":"closed","template":"","meta":[],"product_brand":[],"product_cat":[333],"product_tag":[],"class_list":{"0":"post-22447","1":"product","2":"type-product","3":"status-publish","4":"has-post-thumbnail","6":"product_cat-konopljini-izdelki","8":"first","9":"outofstock","10":"taxable","11":"shipping-taxable","12":"purchasable","13":"product-type-simple"},"_links":{"self":[{"href":"https:\/\/hempika.com\/sl\/wp-json\/wp\/v2\/product\/22447","targetHints":{"allow":["GET"]}}],"collection":[{"href":"https:\/\/hempika.com\/sl\/wp-json\/wp\/v2\/product"}],"about":[{"href":"https:\/\/hempika.com\/sl\/wp-json\/wp\/v2\/types\/product"}],"replies":[{"embeddable":true,"href":"https:\/\/hempika.com\/sl\/wp-json\/wp\/v2\/comments?post=22447"}],"wp:featuredmedia":[{"embeddable":true,"href":"https:\/\/hempika.com\/sl\/wp-json\/wp\/v2\/media\/16190"}],"wp:attachment":[{"href":"https:\/\/hempika.com\/sl\/wp-json\/wp\/v2\/media?parent=22447"}],"wp:term":[{"taxonomy":"product_brand","embeddable":true,"href":"https:\/\/hempika.com\/sl\/wp-json\/wp\/v2\/product_brand?post=22447"},{"taxonomy":"product_cat","embeddable":true,"href":"https:\/\/hempika.com\/sl\/wp-json\/wp\/v2\/product_cat?post=22447"},{"taxonomy":"product_tag","embeddable":true,"href":"https:\/\/hempika.com\/sl\/wp-json\/wp\/v2\/product_tag?post=22447"}],"curies":[{"name":"wp","href":"https:\/\/api.w.org\/{rel}","templated":true}]}}