{"id":11400,"date":"2020-11-18T10:18:28","date_gmt":"2020-11-18T09:18:28","guid":{"rendered":"https:\/\/hempika.com\/product\/cbd-kapljice-za-zivali\/"},"modified":"2026-04-21T08:42:02","modified_gmt":"2026-04-21T06:42:02","slug":"cbd-kapljice-za-zivali","status":"publish","type":"product","link":"https:\/\/hempika.com\/sl\/izdelek\/cbd-kapljice-za-zivali\/","title":{"rendered":"CBD kapljice za \u017eivali"},"content":{"rendered":"<div class=\"dolg\">\r\n\r\n<p>Hempika <strong>CBD kapljice za \u017eivali<\/strong> so zasnovane posebej za hi\u0161nje ljubljen\u010dke. Narejene so z izvle\u010dkom konoplje \u0161irokega spektra, raztopljenim v lososovem olju in olju polenovke.<\/p>\r\n\r\n<h2>Ob kateri prilo\u017enosti naj svojemu hi\u0161nemu ljubljen\u010dku ponudim CBD kapljice?<\/h2>\r\n\r\n<p>Obstajajo \u0161tevilni razlogi, da se lastniki hi\u0161nih ljubljen\u010dkov odlo\u010dijo za vklju\u010ditev CBD v prehrano svojih \u0161tirino\u017enih dru\u017einskih \u010dlanov. Najprej raz\u010distimo mit, da se CBD lahko uporablja le ob\u010dasno. To prepri\u010danje namre\u010d ni osnovano v resnici. <strong>Kapljice CBD lahko dodate hrani svojega psa \/ ma\u010dke \/ &#8230; kot redno, vsakodnevno dopolnilo.<\/strong> Vsekakor se lahko odlo\u010dite tudi, da boste CBD uporabljali le ob posebnih dogodkih &#8211; na primer decembra, ko je veliko hrupa zaradi ognjemetov, \u017eivali pa so nemirne in prestra\u0161ene. CBD deluje kot \u010darobni eliksir za laj\u0161anje stresa in tesnobe.<\/p>\r\n\r\n<p><strong>Drugi razlog, zaradi katerega lastniki ljubljen\u010dkov najpogosteje izberejo CBD, je naraven na\u010din za laj\u0161anje bole\u010din, povezanih s staranjem.<\/strong> Je bil va\u0161 kosmatinec poln energije, ko je dirjal po travnikih, se lovil z drugimi ku\u017eki ali lovil frizbi? A, \u010dim se je postaral, je za\u010del \u010dutiti bole\u010dine v sklepih in togost, zaradi \u010desar je te\u017eko po\u010del vse, kar je imel rad. V nekaterih pogledih se psi \/ ma\u010dke \/ &#8230; ne razlikujejo tako zelo od ljudi &#8211; oboji do\u017eivljamo enake fizi\u010dne bole\u010dine in \u010dustvena stanja ter imamo v telesu endokanabinoidni sistem. CBD deluje tako, da sodeluje z endokanabinoidnim sistemom telesa, ki pomaga uravnavati bole\u010dino, vnetje in tesnobo &#8211; to velja tako za \u017eivali, kot ljudi! Redna uporaba CBD lahko va\u0161emu kosmatincu pomaga, da se la\u017eje giblje in se bolje po\u010duti v svoji ko\u017ei &#8211; ne glede na njegova leta.<\/p>\r\n\r\n<p><strong>Prednosti CBD kapljic za hi\u0161ne ljubljen\u010dke presegajo zgolj laj\u0161anje bole\u010din v sklepih. Tukaj je \u0161e nekaj drugih razlogov, zakaj in kdaj jih uporabljati:<\/strong><\/p>\r\n\r\n<ul>\r\n<li><u>Tesnoba<\/u>: \u010ce je va\u0161 \u0161tirino\u017eni dru\u017einski \u010dlan med vo\u017enjo z avtomobilom, nevihto ali drugimi stresnimi situacijami tesnoben, mu lahko  CBD kapljice pomagajo pomiriti \u017eiv\u010dke in se vsaj nekoliko sprostiti.<\/li>\r\n<li><u>Apetit<\/u>: CBD je lahko re\u0161itev za neje\u0161\u010dega kosmatinca. S CBD kapljicami lahko spodbudite apetit \u017eivali in ji povrnete obi\u010dajne prehranjevalne navade.<\/li>\r\n<li><u>Podpora imunskemu sistemu<\/u>: CBD lahko pomaga okrepiti imunski sistem va\u0161ega hi\u0161nega ljubljen\u010dka, zato bo boj proti oku\u017ebam in boleznim la\u017eji; \u017ee obstoje\u010de oku\u017ebe pa boste premostili enostavneje.<\/li>\r\n<li><u>Zdravje ko\u017ee in ko\u017eu\u0161\u010dka<\/u>: CBD kapljice so bogate z esencialnimi ma\u0161\u010dobnimi kislinami, ki so nujne za zdravje ko\u017ee in dlake va\u0161ega ljubljen\u010dka.<\/li>\r\n<\/ul>\r\n\r\n<h2>Ali bo moj kosmatinec \u201czadet\u201d od CBDja?<\/h2>\r\n\r\n<p>Ne, nikakor ne! Nepsihoaktivni kanabidiol CBD je najbolj raz\u0161irjen kanabinoid v konoplji in eden najbolj raziskanih. \u010ce oklevate, ker mislite, da bi se va\u0161 kosmati dru\u017einski \u010dlan zaradi tega lahko po\u010dutil &#8220;omamljenega&#8221; ali &#8220;iz sebe&#8221;, naj vas pomirimo, da so vse te skrbi odve\u010d. Tako, kot pri ljudeh, tudi pri \u017eivalih uporaba CBD ne more povzro\u010diti omamljanja. Poleg tega ta izdelek ne vsebuje THC!<\/p>\r\n\r\n<p>CBD kapljice za hi\u0161ne ljubljen\u010dke so varne, nestrupene in imajo malo ali ni\u010d stranskih u\u010dinkov. Ne glede na to ali je va\u0161 kosmatinec starej\u0161i pes z bole\u010dinami v sklepih ali mlada ma\u010dka z anksioznostjo, je lahko  CBD naraven in u\u010dinkovit na\u010din, da \u017eivali pomagate do bolj\u0161ega po\u010dutja. Izvle\u010dek Hempika CBD kapljic za hi\u0161ne ljubljen\u010dke je pridobljen iz ekolo\u0161ko pridelanih rastlin konoplje z uporabo superkriti\u010dnega CO2, ki ohranja \u0161irok nabor kanabinoidov in drugih hranilnih snovi.<\/p>\r\n\r\n<h2>Sestavine<\/h2>\r\n\r\n<p>Olje MCT, lososovo olje, olje polenovke, izvle\u010dek konoplje \u0161irokega spektra.<\/p>\r\n\r\n<h2>Uporaba<\/h2>\r\n\r\n<p>Pred uporabo dobro pretresite.<br\/>\r\nKapljice vme\u0161ajte v hrano ali jih aplicirajte neposredno v gob\u010dek va\u0161ega ljubljen\u010dka.<br\/>\r\nPred uporabo se posvetujte z veterinarjem.<br\/>\r\n1 kapljica vsebuje pribli\u017eno 1.7 mg kanabidiola CBD.<br\/>\r\n1 stekleni\u010dka (10 ml) vsebuje pribli\u017eno 250 kapljic.<\/p>\r\n\r\n<h2>Shranjevanje<\/h2>\r\n\r\n<p>Hranite pri sobni temperaturi. Za\u0161\u010ditite pred son\u010dno svetlobo.<br\/>\r\nHranite izven dosega otrok.<br\/>\r\nRok uporabe: 18 mesecev<\/p>\r\n\r\n<\/div>\n","protected":false},"excerpt":{"rendered":"<div class=\"kratek\">\n<p>Naravna sprostitev za pse, ma\u010dke in ostale ta\u010dke. Formula z izvle\u010dkom konoplje \u0161irokega spektra, obogatena z ribjim oljem bo osre\u010dila tudi najbolj izbir\u010dne kosmatin\u010dke.<\/p>\n<\/div>\n","protected":false},"featured_media":47380,"comment_status":"open","ping_status":"closed","template":"","meta":[],"product_brand":[],"product_cat":[333],"product_tag":[],"class_list":{"0":"post-11400","1":"product","2":"type-product","3":"status-publish","4":"has-post-thumbnail","6":"product_cat-konopljini-izdelki","8":"first","9":"instock","10":"taxable","11":"shipping-taxable","12":"purchasable","13":"product-type-simple"},"_links":{"self":[{"href":"https:\/\/hempika.com\/sl\/wp-json\/wp\/v2\/product\/11400","targetHints":{"allow":["GET"]}}],"collection":[{"href":"https:\/\/hempika.com\/sl\/wp-json\/wp\/v2\/product"}],"about":[{"href":"https:\/\/hempika.com\/sl\/wp-json\/wp\/v2\/types\/product"}],"replies":[{"embeddable":true,"href":"https:\/\/hempika.com\/sl\/wp-json\/wp\/v2\/comments?post=11400"}],"wp:featuredmedia":[{"embeddable":true,"href":"https:\/\/hempika.com\/sl\/wp-json\/wp\/v2\/media\/47380"}],"wp:attachment":[{"href":"https:\/\/hempika.com\/sl\/wp-json\/wp\/v2\/media?parent=11400"}],"wp:term":[{"taxonomy":"product_brand","embeddable":true,"href":"https:\/\/hempika.com\/sl\/wp-json\/wp\/v2\/product_brand?post=11400"},{"taxonomy":"product_cat","embeddable":true,"href":"https:\/\/hempika.com\/sl\/wp-json\/wp\/v2\/product_cat?post=11400"},{"taxonomy":"product_tag","embeddable":true,"href":"https:\/\/hempika.com\/sl\/wp-json\/wp\/v2\/product_tag?post=11400"}],"curies":[{"name":"wp","href":"https:\/\/api.w.org\/{rel}","templated":true}]}}