{"id":11398,"date":"2020-11-18T10:17:05","date_gmt":"2020-11-18T09:17:05","guid":{"rendered":"https:\/\/hempika.com\/product\/konopljino-cbd-mazilo\/"},"modified":"2026-04-14T21:52:09","modified_gmt":"2026-04-14T19:52:09","slug":"cbd-mazilo","status":"publish","type":"product","link":"https:\/\/hempika.com\/sl\/izdelek\/cbd-mazilo\/","title":{"rendered":"CBD mazilo"},"content":{"rendered":"<div class=\"dolg\">\n<p>Re\u010deno je, da za vsako te\u017eavo ro\u017e\u2019ca raste. V enem samem izdelku smo zbrali olja in sestavine svetovno najbolj poznanih zdravilnih rastlin za problemati\u010dno ko\u017eo. <strong>Konopljino CBD mazilo<\/strong> je zasnovano, da prepre\u010duje izsu\u0161evanje ko\u017ee in spodbuja proces celjenja. Zaradi negovalnih u\u010dinkov vsake izmed sestavin, ki jo vsebuje, se prav lahko zgodi, da mazilo postane nepogre\u0161ljiv prijatelj va\u0161e ko\u017ee.<\/p>\n<p><strong>Hempika CBD mazilu re\u010demo tudi \u201cSoS mazilo\u201d, ki ne\u017eno neguje vse tipe ko\u017ee, las in nohtov.<\/strong> Mazilo deluje kot mo\u010dan antioksidant, ki krepi naravno obrambno bariero ko\u017ee in spodbuja njeno zmo\u017enost samoobnavljanja. Mazilo je odli\u010dno sredstvo za laj\u0161anje in odpravljanje razli\u010dnih vrst ko\u017enih bolezni. Z njim si lahko pomagate laj\u0161ati \u0161tevilne te\u017eave s ko\u017eo, kot so dermatitis, herpes in piki \u017eu\u017eelk; pomaga pa tudi pri celjenju ran.<\/p>\n<p>CBD mazilo je nezamenljiv del va\u0161ega kozmeti\u010dnega repertoarja pri vsakodnevni negi problemati\u010dne ko\u017ee. Izdelek ne vsebuje vode, kar pomeni, da nam pri formulaciji ni treba uporabljati nobenega konzervansa ali alkohola. Kar mazilo dela tako unikatno, je nabor naravnih sestavin: olje mareli\u010dnih ko\u0161\u010dic, kokosovo olje, karitejevo maslo, sezamovo olje, kandelilni vosek, olj\u010dno olje, maslo kakavovih semen, izvle\u010dek konoplje, olje grozdnih pe\u010dk in eteri\u010dno olje ro\u017emarina. <strong>Zgolj najbolj negovalna olja za \u0161e tako ob\u010dutljive in problemati\u010dne tipe ko\u017ee.<\/strong><\/p>\n<h2>Kako in kdaj uporabljati CBD mazilo?<\/h2>\n<p>Pri uporabi ste lahko kreativni, kajti ni nobenega pravila za \u201cpravilno\u201d uporabo! Mazilo uporabljajte to\u010dno tako, kot si ga \u017eelite. Na\u0161e stranke, ki redno negujejo svojo ko\u017eo s tem \u201c\u010darobnim napojem\u201d, poro\u010dajo, da mazila ne zamenjajo za ni\u010d ve\u010d pri obvladovanju te\u017eav, kot so ekcem, suha ko\u017ea, dermatitis, son\u010dne opekline, luskavica, razdra\u017eena ko\u017ea in druge neprijetnosti na ko\u017ei.<\/p>\n<h2>Sestavine pod drobnogledom<\/h2>\n<p><strong>CBD izvle\u010dek konoplje polnega spektra<\/strong><br \/>\n<i><small>(Cannabis Sativa Leaf Extract)<\/small><\/i><\/p>\n<p>Na\u0161a najljub\u0161a sestavina je seveda CBD! Ta je prva in prava re\u0161itev za ob\u010dutljivo ko\u017eo, nagnjeno k rde\u010dici in razdra\u017eenosti. Kako se CBD izka\u017ee pri negi ko\u017ee? Impresivno! Ima lepotilne lastnosti, kot je zmanj\u0161evanje vnetij (lahko je koristen pri stanjih, kot so akne, ekcemi in luskavica): pomaga pri vla\u017eenju, hidraciji in meh\u010danju ko\u017ee; je del pomlajevalne rutine ko\u017ee; \u0161\u010diti ko\u017eo pred po\u0161kodbami, ki jih povzro\u010dajo prosti radikali; in uravnava nastajanje sebuma, zato je koristen za tiste z mastno ko\u017eo ali ko\u017eo, nagnjeno k aknam.<\/p>\n<p><strong>Olje mareli\u010dnih ko\u0161\u010dic<\/strong><br \/>\n<i><small>(Prunus Armeniaca Kernel Oil)<\/small><\/i><\/p>\n<p>Mareli\u010dno olje je polno antioksidativnega vitamina E in hranljivih ma\u0161\u010dobnih kislin (predvsem oleinske kisline 54-74 % ter linolne kisline 12-35 %). Velja za olje, ki ko\u017eo meh\u010da, ima negovalne in vla\u017eilne lastnosti, neguje lase in izbolj\u0161uje elasti\u010dnost ko\u017ee. Idealno je za suhe vrste ko\u017ee (zaradi visokih odmerkov oleinske kisline, ki jo vsebuje), bla\u017ei vnetja in ohranja mladosten videz ko\u017ee. Lahko je koristen pri te\u017eavah, kot so ekcem, luskavica in rozacea. Mareli\u010dno olje lahko \u0161\u010diti tudi pred po\u0161kodbami sonca, saj vsebuje antioksidante, ki lahko pomagajo \u0161\u010dititi pred posledicami UV-sevanja. Poleg vsega tega se mareli\u010dno olje tudi hitro vpije v ko\u017eo in ne pu\u0161\u010da mastnega ob\u010dutka.<\/p>\n<p><strong>Kokosovo olje<\/strong><br \/>\n<i><small>(Cocos Nucifera Oil)<\/small><\/i><\/p>\n<p>V zadnjem desetletju je v ospredje kozmeti\u010dne industrije stopilo razvpito kokosovo olje &#8211; \u010deprav se v tradicionalni medicini in negi ko\u017ee uporablja \u017ee stoletja. Obstaja dober razlog, za njegovo popularnost pri negi ko\u017ee celega telesa. Kokosovo olje ima kar nekaj \u201csupermo\u010di\u201d, kot so vla\u017eenje ko\u017ee, bla\u017eenje vnetij, nega aknaste ko\u017ee, izbolj\u0161anje teksture ko\u017ee ter zmanj\u0161anje videza drobnih linij in gub. Je eno od olj z naj\u0161ir\u0161im spektrom pozitivnih u\u010dinkov na ko\u017eo, kar jih poznamo.<\/p>\n<p><strong>Karitejevo maslo<\/strong><br \/>\n<i><small>(Butyrospermum Parkii Butter)<\/small><\/i><\/p>\n<p>Karitejevo maslo je gotovo \u0161e bolj priljubljeno kot kokosovo olje. Od kod vso to navdu\u0161enje? Za karite je re\u010deno, da na ko\u017eo deluje kot &#8220;\u010darobno vla\u017eilno in meh\u010dalno sredstvo&#8221;. Karitejevo maslo (naravna ma\u0161\u010doba, pridobljena iz ore\u0161\u010dkov drevesa karite) obnavlja ko\u017eo in bla\u017ei vnetja, ima zdravilne lastnosti in \u0161\u010diti ko\u017eo pred zunanjimi dejavniki, kot so UV-\u017earki in veter. Ena od njegovih najbolj cenjenih lastnosti je, da pomaga zdraviti brazgotine in prepre\u010devati dodatno brazgotinjenje. Bogat je tudi z antioksidanti (kot so vitamini A, E, F, kvercetin in epigalokatehin galat). Naj vam ta vsestranska sestavina, ki spodbuja obnavljanje ko\u017enih celic, poka\u017ee, kaj vse \u0161e zmore, \u010de jo vklju\u010dite v svojo vsakodnevno negovalno rutino. Presene\u010deni boste nad pozitivnimi rezultati.<\/p>\n<p><strong>Sezamovo olje<\/strong><br \/>\n<i><small>(Sesamum Indicum Seed Oil)<\/small><\/i><\/p>\n<p>Zlatorumeno sezamovo olje je bogato s hranilnimi in vla\u017eilnimi ma\u0161\u010dobnimi kislinami (pribli\u017eno 38 % oleinske in 48 % linolne kisline) ter odli\u010dno deluje pri obnavljanju suhe ko\u017ee. V ajurvedi je znano kot &#8220;olje za tiso\u010d te\u017eav&#8221; in se \u017ee stoletja uporablja pri negi ko\u017ee, las in nohtov. Sezamovo olje se hitro vpije ter na ko\u017ei daje mehak in ne\u017een ob\u010dutek. Njegove koristne lastnosti so: vla\u017eenje ko\u017ee, za\u0161\u010dita pred UV-sevanjem (vsebuje naravne antioksidante, ki lahko pomagajo za\u0161\u010dititi ko\u017eo), izbolj\u0161anje teksture ko\u017ee, bla\u017eenje vnetij in antibakterijsko delovanje &#8211; zaradi katerega lahko zmanj\u0161a tveganje za razli\u010dne ko\u017ene oku\u017ebe.<\/p>\n<p><strong>\u0160e ve\u010d dobrot<\/strong><\/p>\n<p>Druge sestavine, ki v CBD mazilu poskrbijo za \u201cmagi\u010dno delovanje\u201d, so olj\u010dno olje, kakavovo maslo, olje grozdnih pe\u0161k, olje oljne ogr\u0161\u010dice, kandelilni vosek in eteri\u010dno olje ro\u017emarina. Te sestavine pripomorejo, da ima mazilo \u0161e ve\u010d koristnih lastnosti, kot so antibakterijsko delovanje, funkcijo toniranja ko\u017ee, pomlajevalne u\u010dinke, izbolj\u0161anje ko\u017ene barierne in \u0161tevilne druge koristi.<\/p>\n<h2>Uporaba<\/h2>\n<p>Z ne\u017enimi kro\u017enimi gibi nanesite na \u010disto in suho ko\u017eo.<br \/>\nPrimerno za vsakodnevno uporabo in za vse vrste ko\u017ee.<br \/>\nBalzam je u\u010dinkovit tudi pri negi nohtov in las.<br \/>\n1 ml balzama vsebuje 10 mg kanabidiola (CBD).<br \/>\nV primeru preob\u010dutljivosti prenehajte z uporabo.<\/p>\n<h2>Sestavine<\/h2>\n<p>Olje mareli\u010dnih ko\u0161\u010dic, kokosovo olje, karitejevo maslo, sezamovo olje, kandelilni vosek, olj\u010dno olje, maslo kakavovih semen, izvle\u010dek konoplje, olje grozdnih semen, olje oljne ogr\u0161\u010dice, izvle\u010dek listov ro\u017emarina.<\/p>\n<p><strong>INCI:<\/strong> Prunus Armeniaca Kernel Oil, Cocos Nucifera Oil, Butyrospermum Parkii Butter, Glyceryl Rosinate, Sesamum Indicum Seed Oil, Candelilla Cera, Olea Europaea Fruit Oil, Theobroma Cacao Seed Butter, Cannabis Sativa Leaf Extract, Vitis Vinifera Seed Oil, Caprylic\/Capric Triglyceride, Brassica Campestris Seed Oil, Rosmarinus Officinalis Leaf Extract, Vanillin, Heliotropine, Propylene Glycol.<\/p>\n<h2>Shranjevanje<\/h2>\n<p>Hranite pri sobni temperaturi. Za\u0161\u010ditite pred son\u010dno svetlobo.<br \/>\nHranite izven dosega otrok.<br \/>\nRok uporabe: 18 mesecev<\/p>\n<\/div>\n","protected":false},"excerpt":{"rendered":"<div class=\"kratek\">\n<p>Vsestransko terapevtsko mazilo z nemastnim vla\u017eilnim u\u010dinkom, ki ko\u017eo nahrani, meh\u010da in obnavlja. Bogato je z izvle\u010dkom konoplje s polnim spektrom delovanja in izdelano iz olj za problemati\u010dno ko\u017eo.<\/p>\n<p class=\"kolicina\">300mg CBD \/ 30ml<\/p>\n<\/div>\n","protected":false},"featured_media":44962,"comment_status":"open","ping_status":"closed","template":"","meta":[],"product_brand":[],"product_cat":[333],"product_tag":[],"class_list":{"0":"post-11398","1":"product","2":"type-product","3":"status-publish","4":"has-post-thumbnail","6":"product_cat-konopljini-izdelki","8":"first","9":"instock","10":"taxable","11":"shipping-taxable","12":"purchasable","13":"product-type-simple"},"_links":{"self":[{"href":"https:\/\/hempika.com\/sl\/wp-json\/wp\/v2\/product\/11398","targetHints":{"allow":["GET"]}}],"collection":[{"href":"https:\/\/hempika.com\/sl\/wp-json\/wp\/v2\/product"}],"about":[{"href":"https:\/\/hempika.com\/sl\/wp-json\/wp\/v2\/types\/product"}],"replies":[{"embeddable":true,"href":"https:\/\/hempika.com\/sl\/wp-json\/wp\/v2\/comments?post=11398"}],"wp:featuredmedia":[{"embeddable":true,"href":"https:\/\/hempika.com\/sl\/wp-json\/wp\/v2\/media\/44962"}],"wp:attachment":[{"href":"https:\/\/hempika.com\/sl\/wp-json\/wp\/v2\/media?parent=11398"}],"wp:term":[{"taxonomy":"product_brand","embeddable":true,"href":"https:\/\/hempika.com\/sl\/wp-json\/wp\/v2\/product_brand?post=11398"},{"taxonomy":"product_cat","embeddable":true,"href":"https:\/\/hempika.com\/sl\/wp-json\/wp\/v2\/product_cat?post=11398"},{"taxonomy":"product_tag","embeddable":true,"href":"https:\/\/hempika.com\/sl\/wp-json\/wp\/v2\/product_tag?post=11398"}],"curies":[{"name":"wp","href":"https:\/\/api.w.org\/{rel}","templated":true}]}}