{"id":11397,"date":"2020-11-18T10:18:01","date_gmt":"2020-11-18T09:18:01","guid":{"rendered":"https:\/\/hempika.com\/product\/cbd-prsilo\/"},"modified":"2024-12-18T13:39:03","modified_gmt":"2024-12-18T12:39:03","slug":"cbd-prsilo","status":"publish","type":"product","link":"https:\/\/hempika.com\/sl\/izdelek\/cbd-prsilo\/","title":{"rendered":"CBD PR\u0160ILO"},"content":{"rendered":"<p><strong>Hempika CBD pr\u0161ilo<\/strong> vsebuje izvle\u010dek industrijske konoplje polnega spektra, raztopljen v hladno stiskanem konopljinem olju. Izvle\u010dek je pridobljen s sodobno metodo ekstrakcije s superkriti\u010dnim ogljikovim dioksidom (CO<sub>2<\/sub>) in zato ohrani \u0161irok spekter kanabinoidov, terpenov in drugih u\u010dinkovin konoplje, ki poskrbijo za sinergi\u010dno delovanje. Stekleni\u010dki je prilo\u017eena pr\u0161ilka, ki omogo\u010da priro\u010dno razpr\u0161evanje oljne raztopine in enostavno uporabo kjer koli in kadar koli.<\/p>\n<p><strong>SESTAVINE:<\/strong><br \/>\nHladno stiskano konopljino olje, izvle\u010dek konoplje polnega spektra.<\/p>\n<p><strong>INCI:<\/strong><br \/>\nCannabis Sativa Seed Oil, Cannabis Sativa Leaf Extract.<\/p>\n<p><strong>UPORABA:<\/strong><br \/>\nPred uporabo dobro pretresite.<br \/>\n1 pritisk pr\u0161ilke odmeri 1,5 mg CBD.<br \/>\n1 stekleni\u010dka (30 ml) vsebuje pribli\u017eno 200 razpr\u0161kov.<br \/>\nV primeru preob\u010dutljivosti prenehajte z uporabo.<\/p>\n<p><strong>SHRANJEVANJE:<\/strong><br \/>\nShranjujte v hladnem in temnem prostoru.<br \/>\nShranjujte izven dosega otrok.<\/p>\n<p><strong>ROK UPORABE:<\/strong><br \/>\n18 mesecev<\/p>\n","protected":false},"excerpt":{"rendered":"<p>Naravni izvle\u010dek industrijske konoplje polnega spektra v hladno stiskanem konopljinem olju s prilo\u017eeno pr\u0161ilko za enostavno in diskretno uporabo kjer koli in kadar koli.<\/p>\n<p>300 mg CBD \/ 30 ml<\/p>\n","protected":false},"featured_media":17293,"comment_status":"open","ping_status":"closed","template":"","meta":[],"product_brand":[],"product_cat":[333],"product_tag":[],"class_list":{"0":"post-11397","1":"product","2":"type-product","3":"status-publish","4":"has-post-thumbnail","6":"product_cat-konopljini-izdelki","8":"first","9":"outofstock","10":"taxable","11":"shipping-taxable","12":"purchasable","13":"product-type-simple"},"_links":{"self":[{"href":"https:\/\/hempika.com\/sl\/wp-json\/wp\/v2\/product\/11397","targetHints":{"allow":["GET"]}}],"collection":[{"href":"https:\/\/hempika.com\/sl\/wp-json\/wp\/v2\/product"}],"about":[{"href":"https:\/\/hempika.com\/sl\/wp-json\/wp\/v2\/types\/product"}],"replies":[{"embeddable":true,"href":"https:\/\/hempika.com\/sl\/wp-json\/wp\/v2\/comments?post=11397"}],"wp:featuredmedia":[{"embeddable":true,"href":"https:\/\/hempika.com\/sl\/wp-json\/wp\/v2\/media\/17293"}],"wp:attachment":[{"href":"https:\/\/hempika.com\/sl\/wp-json\/wp\/v2\/media?parent=11397"}],"wp:term":[{"taxonomy":"product_brand","embeddable":true,"href":"https:\/\/hempika.com\/sl\/wp-json\/wp\/v2\/product_brand?post=11397"},{"taxonomy":"product_cat","embeddable":true,"href":"https:\/\/hempika.com\/sl\/wp-json\/wp\/v2\/product_cat?post=11397"},{"taxonomy":"product_tag","embeddable":true,"href":"https:\/\/hempika.com\/sl\/wp-json\/wp\/v2\/product_tag?post=11397"}],"curies":[{"name":"wp","href":"https:\/\/api.w.org\/{rel}","templated":true}]}}