{"id":11394,"date":"2020-11-18T10:25:16","date_gmt":"2020-11-18T09:25:16","guid":{"rendered":"https:\/\/hempika.com\/product\/eko-konopljino-olje\/"},"modified":"2026-04-14T16:21:51","modified_gmt":"2026-04-14T14:21:51","slug":"konopljino-olje","status":"publish","type":"product","link":"https:\/\/hempika.com\/sl\/izdelek\/konopljino-olje\/","title":{"rendered":"Konopljino olje"},"content":{"rendered":"<div class=\"dolg\">\n<p>Olje iz konopljinih semen je nezamenljivo v zdravi kuhinji in doma\u010di kozmetiki. Vsebuje antioksidante, je bogat vir esencialnih ma\u0161\u010dobnih kislin in deluje kot naravno protivnetno sredstvo. Le kako ne bi postalo najljub\u0161a sestavina ljubiteljev polnovredne hrane in naravnih lepotnih izdelkov?<\/p>\n<p>Hempika <strong>konopljino olje<\/strong> je proizvedeno iz konopljinih semen po postopku hladnega stiskanja (temperatura med celotnim postopkom ne presega 37 stopinj Celzija). Ta metoda ohranja vse koristne lastnosti olja. Tako imenovano &#8220;devi\u0161ko konopljino olje&#8221; ima svetlo zeleno barvo in bogat okus po ore\u0161\u010dkih. Vsebuje naravno prisotne vitamine, minerale in antioksidante ter ima idealno razmerje ma\u0161\u010dobnih kislin omega-3 in omega-6.<\/p>\n<p>O konopljinem olju je veliko zgodb (<strong>LAHKO pripomore k marsikateremu pozitivnemu rezultatu, povezanemu z dolgo\u017eivostjo in splo\u0161nim dobrim po\u010dutjem<\/strong>) &#8211; in mnoge od njih so verjetno resni\u010dne. Kljub temu o zdravstvenih trditvah ne smemo govoriti kar prosto po pre\u0161ernu &#8211; zatrdimo pa lahko, da je konopljino olje fantasti\u010dno darilo narave. Vemo, kako lahko redna uporaba izdelkov iz konoplje koristi \u010dloveku &#8211; zato ga preizkusite in se o tem prepri\u010dajte sami.<\/p>\n<p><strong>Uporaba konopljinega olja predstavlja dvojno zmago &#8211; deluje od znotraj navzven in od zunaj navznoter!<\/strong> Konopljino olje lahko uporabljate kot prehransko dopolnilo ali dodatek razli\u010dnim jedem (opozorilo: ne izpostavljajte ga visokim temperaturam, saj na vro\u010dini ni stabilno).<\/p>\n<p>Konopljino olje se lahko uporablja tudi kot vla\u017eilno sredstvo za ko\u017eo, saj se zlahka vpije ter pomaga pri vla\u017eenju in pomirjanju suhe ali razdra\u017eene ko\u017ee. Poleg tega je nekomedogeno, kar pomeni, da ne zama\u0161i por in ne povzro\u010da dra\u017eenja. Zaradi svojih blagodejnih lastnosti se pogosto uporablja kot sestavina v izdelkih za nego las in ko\u017ee.<\/p>\n<h2>S konoljinim oljem obogatite jedi<\/h2>\n<p>Tukaj je &#8211; va\u0161 novi najljub\u0161i solatni preliv! Olje iz konopljinih semen ima slasten, zemeljski okus po ore\u0161\u010dkih. Velja za zelo dobrodo\u0161lo olje za obogatitev solat, skled in drugih jedi, ki ne potrebujejo ve\u010d temperaturne obdelave. Le, za bo\u017ejo voljo, nikoli ne uporabljajte Hempika konopljinega olja za peko ali kuhanje &#8211; visoke temperature uni\u010dijo vse koristne snovi, ki so naravno prisotne v olju. Priporo\u010den dnevni vnos je 1 \u017elica (15 ml). Poskusite ga ne prese\u010di.<\/p>\n<h2>Uporabite ga za nego ko\u017ee in las<\/h2>\n<p>Va\u0161a ko\u017ea bo obo\u017eevala konopljino olje od prvega dneva dalje! In ne, skrb, da bi olje zapackalo va\u0161o ko\u017eo, je povsem odve\u010d &#8211; prav nasprotno! Ker je nekomedogeno, va\u0161i ko\u017ei omogo\u010da, da diha. Uporabljate ga lahko kot vla\u017eilno sredstvo &#8211; po \u010di\u0161\u010denju obraza in vratu nanesite nekaj kapljic konopljinega olja, da ko\u017eo navla\u017eite in nahranite; ali pa preprosto dodajte nekaj kapljic konopljinega olja svoji obi\u010dajni vla\u017eilni kremi, da pove\u010date njene \u017ee obstoje\u010de vla\u017eilne lastnosti. Se radi kopate? Vklju\u010dite konopljino olje v doma\u010di spa! Dodajte nekaj kapljic olja v vodo za kopel, ki bo pomagala navla\u017eiti in pomiriti suho ali razdra\u017eeno ko\u017eo &#8211; in opazujte \u010dude\u017ee!<\/p>\n<p>Nenazadnje se bodo v konopljino olje zaljubili tudi va\u0161i lasje. Vmasirajte ga v lasi\u0161\u010de in lase, pustite delovati 30 minut, nato pa jih umijte s \u0161amponom. Morda boste ugotovili, da sploh niste vedeli, kako zelo navla\u017eeni in gladki so lahko va\u0161i lasje!<\/p>\n<h2>Kak\u0161en okus ima konopljino olje?<\/h2>\n<p>Konopljino olje ima blag okus po ore\u0161\u010dkih, zato je odli\u010den dodatek solatnim prelivom, omakam in celo smoothijem.<\/p>\n<h2>Sestavine<\/h2>\n<p>100 % hladno stiskano konopljino olje (BIO). BIO Certifikat, 250ml.<br \/><strong>SI-EKO-002<\/strong> <i>(Kmetijstvo EU)<\/i><\/p>\n<h2>Shranjevanje<\/h2>\n<p>Shranjujte v hladnem in temnem prostoru, po mo\u017enosti v hladilniku (&lt; 8 \u00b0C).<br \/>\nRok uporabe: 6 mesecev<\/p>\n<h2>Prehranska tabela:<\/h2>\n<p>Povpre\u010dna hranilna vrednost \/ 100 g<br \/>\nEnergijska vrednost 3700 kJ \/ 885 kCal<br \/>\nMa\u0161\u010dobe 100 g<br \/>\n\u2013 od tega nasi\u010dene ma\u0161\u010dobe 11,1 g<br \/>\nOgljikovi hidrati 0 g<br \/>\n\u2013 od tega sladkorji 0 g<br \/>\nPrehranske vlaknine 0 g<br \/>\nBeljakovine 0 g<br \/>\nSol 0 g<\/p>\n<\/div>\n","protected":false},"excerpt":{"rendered":"<div class=\"kratek\">\n<p>Olje, kot nobeno drugo! Hladno stiskano konopljino olje je bogato z ma\u0161\u010dobnimi kislinami, vitamini, minerali in antioksidanti, zato velja za super\u017eivilo. Skrbi za zdravje in lepoto od znotraj in zunaj.<\/p>\n<p class=\"kolicina\">250ml<\/p>\n<\/div>\n","protected":false},"featured_media":44980,"comment_status":"open","ping_status":"closed","template":"","meta":[],"product_brand":[],"product_cat":[333],"product_tag":[],"class_list":{"0":"post-11394","1":"product","2":"type-product","3":"status-publish","4":"has-post-thumbnail","6":"product_cat-konopljini-izdelki","8":"first","9":"instock","10":"taxable","11":"shipping-taxable","12":"purchasable","13":"product-type-simple"},"_links":{"self":[{"href":"https:\/\/hempika.com\/sl\/wp-json\/wp\/v2\/product\/11394","targetHints":{"allow":["GET"]}}],"collection":[{"href":"https:\/\/hempika.com\/sl\/wp-json\/wp\/v2\/product"}],"about":[{"href":"https:\/\/hempika.com\/sl\/wp-json\/wp\/v2\/types\/product"}],"replies":[{"embeddable":true,"href":"https:\/\/hempika.com\/sl\/wp-json\/wp\/v2\/comments?post=11394"}],"wp:featuredmedia":[{"embeddable":true,"href":"https:\/\/hempika.com\/sl\/wp-json\/wp\/v2\/media\/44980"}],"wp:attachment":[{"href":"https:\/\/hempika.com\/sl\/wp-json\/wp\/v2\/media?parent=11394"}],"wp:term":[{"taxonomy":"product_brand","embeddable":true,"href":"https:\/\/hempika.com\/sl\/wp-json\/wp\/v2\/product_brand?post=11394"},{"taxonomy":"product_cat","embeddable":true,"href":"https:\/\/hempika.com\/sl\/wp-json\/wp\/v2\/product_cat?post=11394"},{"taxonomy":"product_tag","embeddable":true,"href":"https:\/\/hempika.com\/sl\/wp-json\/wp\/v2\/product_tag?post=11394"}],"curies":[{"name":"wp","href":"https:\/\/api.w.org\/{rel}","templated":true}]}}