{"id":11380,"date":"2020-11-18T10:23:15","date_gmt":"2020-11-18T09:23:15","guid":{"rendered":"https:\/\/hempika.com\/product\/trdo-milo\/"},"modified":"2024-10-22T14:33:45","modified_gmt":"2024-10-22T12:33:45","slug":"konopljino-milo","status":"publish","type":"product","link":"https:\/\/hempika.com\/sl\/izdelek\/konopljino-milo\/","title":{"rendered":"KONOPLJINO MILO"},"content":{"rendered":"<p><strong>Hempika konopljino milo<\/strong> s hladno stiskanim konopljinim oljem ko\u017eo po naravni poti ne\u017eno meh\u010da in pomiri. Kokosovo in olivno olje ko\u017eo u\u010dinkovito navla\u017eita, medtem ko nudi eteri\u010dno olje sivke s svojimi antibakterijskimi lastnostmi dolgotrajno za\u0161\u010dito. Njen blag, cvetli\u010dni vonj nas prijetno sprosti ter pripomore k zmanj\u0161evanju stresa. Ro\u010dno narejeno po hladnem postopku, zato ko\u017ee ne izsu\u0161uje, kakovostne ma\u0161\u010dobe, bogate z vitamini in minerali, pa ohranijo svoje pozitivne lastnosti.<\/p>\n<p>Vsebuje izklju\u010dno 100 % naravne rastlinske sestavine (vegan). Brez parabenov, mineralnih olj, umetnih barvil, di\u0161av, konzervansov, emulgatorjev in zgo\u0161\u010devalcev.<\/p>\n<p><strong>SESTAVINE:<\/strong><br \/>\nPalmovo olje (RSPO), voda, kokosovo olje, olivno olje, kakavovo maslo, konopljino olje, eteri\u010dno olje sivke, vitamin E.<\/p>\n<p><strong>INCI:<\/strong><br \/>\nElaeis Guineensis Oil, Aqua, Cocos Nucifera Oil, Olea Europaea Fruit Oil, Sodium Hydroxide, Theobroma Cacao Seed Butter, Cannabis Sativa Seed Oil, Lavandula Angustifolia Oil, Tocopheryl Acetate, Limonene*, Linalool*, Geraniol*. *Naravne sestavine eteri\u010dnih olj<\/p>\n<p><strong>UPORABA:<\/strong><br \/>\nPlo\u0161\u010dico podrgnite med dlanmi in ustvarite ne\u017eno peno, nato umijte \u017eeleni predel.<br \/>\nDobro sperite z vodo.<br \/>\nPo potrebi nanesite kremo za obraz ali maslo za telo.<br \/>\nPrimerno za vse tipe ko\u017ee in vsakodnevno umivanje rok, obraza, las in telesa.<br \/>\nEna plo\u0161\u010dica mila lahko nadomesti 1 liter teko\u010dega mila.<br \/>\nV primeru preob\u010dutljivosti prenehajte z uporabo.<\/p>\n<p><strong>SHRANJEVANJE:<\/strong><br \/>\nShranjujte pri sobni temperaturi.<br \/>\nShranjujte na suhem.<br \/>\nPostavite na odcedni podstavek, da prepre\u010dite raztapljanje v vodi.<\/p>\n<p><strong>ROK UPORABE:<\/strong><br \/>\n24 mesecev<\/p>\n","protected":false},"excerpt":{"rendered":"<p>Ro\u010dno izdelano po hladnem postopku iz izbranih rastlinskih sestavin, ki ob\u010dutljivo ko\u017eo ne\u017eno, vendar u\u010dinkovito umijejo in jo obenem za\u0161\u010ditijo pred izsu\u0161evanjem.<\/p>\n<p>Primerno za vse tipe ko\u017ee<br \/>\n100 g<\/p>\n<p>Rok uporabe: 06\/2023<\/p>\n","protected":false},"featured_media":17279,"comment_status":"open","ping_status":"closed","template":"","meta":[],"product_brand":[],"product_cat":[333],"product_tag":[],"class_list":{"0":"post-11380","1":"product","2":"type-product","3":"status-publish","4":"has-post-thumbnail","6":"product_cat-konopljini-izdelki","8":"first","9":"outofstock","10":"sale","11":"taxable","12":"shipping-taxable","13":"purchasable","14":"product-type-simple"},"_links":{"self":[{"href":"https:\/\/hempika.com\/sl\/wp-json\/wp\/v2\/product\/11380","targetHints":{"allow":["GET"]}}],"collection":[{"href":"https:\/\/hempika.com\/sl\/wp-json\/wp\/v2\/product"}],"about":[{"href":"https:\/\/hempika.com\/sl\/wp-json\/wp\/v2\/types\/product"}],"replies":[{"embeddable":true,"href":"https:\/\/hempika.com\/sl\/wp-json\/wp\/v2\/comments?post=11380"}],"wp:featuredmedia":[{"embeddable":true,"href":"https:\/\/hempika.com\/sl\/wp-json\/wp\/v2\/media\/17279"}],"wp:attachment":[{"href":"https:\/\/hempika.com\/sl\/wp-json\/wp\/v2\/media?parent=11380"}],"wp:term":[{"taxonomy":"product_brand","embeddable":true,"href":"https:\/\/hempika.com\/sl\/wp-json\/wp\/v2\/product_brand?post=11380"},{"taxonomy":"product_cat","embeddable":true,"href":"https:\/\/hempika.com\/sl\/wp-json\/wp\/v2\/product_cat?post=11380"},{"taxonomy":"product_tag","embeddable":true,"href":"https:\/\/hempika.com\/sl\/wp-json\/wp\/v2\/product_tag?post=11380"}],"curies":[{"name":"wp","href":"https:\/\/api.w.org\/{rel}","templated":true}]}}