{"id":11378,"date":"2020-11-18T10:22:07","date_gmt":"2020-11-18T09:22:07","guid":{"rendered":"https:\/\/hempika.com\/product\/trdi-sampon\/"},"modified":"2024-10-20T18:07:18","modified_gmt":"2024-10-20T16:07:18","slug":"konopljin-sampon","status":"publish","type":"product","link":"https:\/\/hempika.com\/sl\/izdelek\/konopljin-sampon\/","title":{"rendered":"KONOPLJIN \u0160AMPON"},"content":{"rendered":"<p><strong>Hempika konopljin \u0161ampon<\/strong> za ob\u010dutljivo lasi\u0161\u010de s hladno stiskanim konopljinim in kokosovim oljem lase po naravni poti globoko navla\u017ei in za\u0161\u010diti. Eteri\u010dno olje sivke s svojimi antibakterijskimi lastnostmi lasi\u0161\u010de pomiri in uravnovesi. Njen blag, cvetli\u010dni vonj nas prijetno sprosti ter pripomore k zmanj\u0161evanju stresa. Glina u\u010dinkovito odstrani vso umazanijo ter izbolj\u0161a cirkulacijo lasi\u0161\u010da, medtem ko jabol\u010dni kis poskrbi za sijo\u010de in voljne lase.<\/p>\n<p>Vsebuje izklju\u010dno 100 % naravne rastlinske sestavine (vegan). Brez parabenov, mineralnih olj, umetnih barvil, di\u0161av, konzervansov, emulgatorjev in zgo\u0161\u010devalcev.<\/p>\n<p><strong>SESTAVINE:<\/strong><br \/>\nKokosovo maslo, olivno olje, jojobino olje, bela glina, zelena glina, jabol\u010dni kis, eteri\u010dno olje sivke.<\/p>\n<p><strong>INCI:<\/strong><br \/>\nSodium Coco-sulfate, Sodium Cocoate, Sodium Olivate, Cannabis Sativa Seed Oil, Simmondsia Chinensis Seed Oil, Kaolin, Illite, Apple Cider Vinegar, Panthenol, Lavandula Angustifolia Oil, Citric Acid, Montmorillonite, Linalool*. *Naravne sestavine eteri\u010dnih olj<\/p>\n<p><strong>UPORABA:<\/strong><br \/>\nPlo\u0161\u010dico \u0161ampona podrgnite po mokrih laseh, da ustvarite ne\u017eno peno.<br \/>\nLasi\u0161\u010de zmasirajte s konicami prstov ter dobro sperite z vodo.<br \/>\nPo potrebi uporabite balzam za lase.<br \/>\n\u0160ampon je primeren za pogosto umivanje vseh tipov las.<br \/>\nV primeru preob\u010dutljivosti prenehajte z uporabo.<\/p>\n<p><strong>SHRANJEVANJE:<\/strong><br \/>\nShranjujte pri sobni temperaturi.<br \/>\nShranjujte na suhem.<br \/>\nPostavite na odcedni podstavek, da prepre\u010dite raztapljanje v vodi.<\/p>\n<p><strong>ROK UPORABE:<\/strong><br \/>\n24 mesecev<\/p>\n","protected":false},"excerpt":{"rendered":"<p>Naj va\u0161i lasje zasijejo v vsej svoji lepoti z ro\u010dno izdelanim \u0161amponom, ki lase ne\u017eno umije, neguje ter jih za\u0161\u010diti pred izsu\u0161evanjem, cepljenjem in lomljenjem.<\/p>\n<p>Primeren za vse tipe las<br \/>\n50 g<\/p>\n<p>Rok uporabe: 06\/2023<\/p>\n","protected":false},"featured_media":17281,"comment_status":"open","ping_status":"closed","template":"","meta":[],"product_brand":[],"product_cat":[333],"product_tag":[],"class_list":{"0":"post-11378","1":"product","2":"type-product","3":"status-publish","4":"has-post-thumbnail","6":"product_cat-konopljini-izdelki","8":"first","9":"outofstock","10":"sale","11":"taxable","12":"shipping-taxable","13":"purchasable","14":"product-type-simple"},"_links":{"self":[{"href":"https:\/\/hempika.com\/sl\/wp-json\/wp\/v2\/product\/11378","targetHints":{"allow":["GET"]}}],"collection":[{"href":"https:\/\/hempika.com\/sl\/wp-json\/wp\/v2\/product"}],"about":[{"href":"https:\/\/hempika.com\/sl\/wp-json\/wp\/v2\/types\/product"}],"replies":[{"embeddable":true,"href":"https:\/\/hempika.com\/sl\/wp-json\/wp\/v2\/comments?post=11378"}],"wp:featuredmedia":[{"embeddable":true,"href":"https:\/\/hempika.com\/sl\/wp-json\/wp\/v2\/media\/17281"}],"wp:attachment":[{"href":"https:\/\/hempika.com\/sl\/wp-json\/wp\/v2\/media?parent=11378"}],"wp:term":[{"taxonomy":"product_brand","embeddable":true,"href":"https:\/\/hempika.com\/sl\/wp-json\/wp\/v2\/product_brand?post=11378"},{"taxonomy":"product_cat","embeddable":true,"href":"https:\/\/hempika.com\/sl\/wp-json\/wp\/v2\/product_cat?post=11378"},{"taxonomy":"product_tag","embeddable":true,"href":"https:\/\/hempika.com\/sl\/wp-json\/wp\/v2\/product_tag?post=11378"}],"curies":[{"name":"wp","href":"https:\/\/api.w.org\/{rel}","templated":true}]}}