{"id":11355,"date":"2020-08-26T12:28:31","date_gmt":"2020-08-26T10:28:31","guid":{"rendered":"https:\/\/hempika.com\/product\/krema-za-obraz\/"},"modified":"2024-07-10T11:26:51","modified_gmt":"2024-07-10T09:26:51","slug":"cbd-krema-za-obraz","status":"publish","type":"product","link":"https:\/\/hempika.com\/sl\/izdelek\/cbd-krema-za-obraz\/","title":{"rendered":"CBD KREMA ZA OBRAZ"},"content":{"rendered":"<p><strong>Hempika CBD krema za obraz<\/strong> z izvle\u010dkom konoplje polnega spektra in konopljinim oljem ko\u017eo po naravni poti ne\u017eno meh\u010da in pomirja. Mangovo maslo ko\u017eo u\u010dinkovito navla\u017ei in za\u0161\u010diti, medtem ko ji mandljevo olje povrne naravni sijaj. Eteri\u010dni olji verbene in geranije s prijetnim, sve\u017eim vonjem citrusov se odli\u010dno izka\u017eeta pri negi tako navadne, ob\u010dutljive kot tudi me\u0161ane, suhe, zrele ter mastne oz. aknaste ko\u017ee.<\/p>\n<p>Vsebuje izklju\u010dno 100 % naravne rastlinske sestavine (vegan). Brez parabenov, mineralnih olj, umetnih barvil, di\u0161av, konzervansov, emulgatorjev in zgo\u0161\u010devalcev.<\/p>\n<p><strong>SESTAVINE:<\/strong><br \/>\nVoda, mandljevo olje, mangovo maslo, rastlinski glicerin, konopljino olje, izvle\u010dek konoplje polnega spektra, vitamin E, eteri\u010dno olje verbene, eteri\u010dno olje geranije.<\/p>\n<p><strong>INCI:<\/strong><br \/>\nAqua, Mangifera Indica Seed Butter , Glycerin, , Cetearyl Alcohol, Glyceryl Stearate Citrate, Isoamyl Laurate, Glyceryl Stearate, Glyceryl Caprylate, Cannabis Sativa Seed Oil, Cannabis Sativa Leaf Extract, Sodium Levulinate, Sodium Anisate, Tocopherol, Helianthus Annuus Seed Oil, Xanthan Gum, Sodium Phytate, Citric Acid, Litsea Cubeba Fruit Oil, Pelargonium Graveolens Oil, Citral*, Citronellol*, Geraniol*, Limonene*, Linalool*. *Naravne sestavine eteri\u010dnih olj<\/p>\n<p><strong>UPORABA:<\/strong><br \/>\nS stiskom gumba dozerja iztisnite kremo ter jo s konicami prstov ne\u017eno vtrite v ko\u017eo na obrazu.<br \/>\nV kolikor je va\u0161a ko\u017ea na obrazu mo\u010dno razpokana in suha, lahko izdelek uporabljate so\u010dasno z maslom za telo.<br \/>\nPrimerno za vsakodnevno nego obraza in vseh tipov ko\u017ee.<br \/>\nV primeru preob\u010dutljivosti prenehajte z uporabo.<\/p>\n<p><strong>SHRANJEVANJE:<\/strong><br \/>\nShranjujte pri sobni temperaturi.<\/p>\n<p><strong>ROK UPORABE:<\/strong><br \/>\n24 mesecev<\/p>\n","protected":false},"excerpt":{"rendered":"<p>Bogata dnevna vla\u017eilna krema s skrbno izbranimi rastlinskimi sestavinami se hitro vpija in ne pu\u0161\u010da mastnih made\u017eev. Ko\u017ei vra\u010da mehkobo in ji povrne naravni sijaj.<\/p>\n<p>Primerna za vse tipe ko\u017ee<br \/>\n100 mg CBD \/ 50 ml<\/p>\n<p>Rok uporabe: 03\/2023<\/p>\n","protected":false},"featured_media":19844,"comment_status":"open","ping_status":"closed","template":"","meta":[],"product_brand":[],"product_cat":[333],"product_tag":[],"class_list":{"0":"post-11355","1":"product","2":"type-product","3":"status-publish","4":"has-post-thumbnail","6":"product_cat-konopljini-izdelki","8":"first","9":"outofstock","10":"sale","11":"taxable","12":"shipping-taxable","13":"purchasable","14":"product-type-simple"},"_links":{"self":[{"href":"https:\/\/hempika.com\/sl\/wp-json\/wp\/v2\/product\/11355","targetHints":{"allow":["GET"]}}],"collection":[{"href":"https:\/\/hempika.com\/sl\/wp-json\/wp\/v2\/product"}],"about":[{"href":"https:\/\/hempika.com\/sl\/wp-json\/wp\/v2\/types\/product"}],"replies":[{"embeddable":true,"href":"https:\/\/hempika.com\/sl\/wp-json\/wp\/v2\/comments?post=11355"}],"wp:featuredmedia":[{"embeddable":true,"href":"https:\/\/hempika.com\/sl\/wp-json\/wp\/v2\/media\/19844"}],"wp:attachment":[{"href":"https:\/\/hempika.com\/sl\/wp-json\/wp\/v2\/media?parent=11355"}],"wp:term":[{"taxonomy":"product_brand","embeddable":true,"href":"https:\/\/hempika.com\/sl\/wp-json\/wp\/v2\/product_brand?post=11355"},{"taxonomy":"product_cat","embeddable":true,"href":"https:\/\/hempika.com\/sl\/wp-json\/wp\/v2\/product_cat?post=11355"},{"taxonomy":"product_tag","embeddable":true,"href":"https:\/\/hempika.com\/sl\/wp-json\/wp\/v2\/product_tag?post=11355"}],"curies":[{"name":"wp","href":"https:\/\/api.w.org\/{rel}","templated":true}]}}