{"id":11354,"date":"2020-11-18T10:21:46","date_gmt":"2020-11-18T09:21:46","guid":{"rendered":"https:\/\/hempika.com\/product\/maslo-za-telo\/"},"modified":"2023-01-06T14:44:07","modified_gmt":"2023-01-06T13:44:07","slug":"cbd-maslo-za-telo","status":"publish","type":"product","link":"https:\/\/hempika.com\/sl\/izdelek\/cbd-maslo-za-telo\/","title":{"rendered":"CBD MASLO ZA TELO"},"content":{"rendered":"<p><strong>Hempika CBD maslo za telo<\/strong> z izvle\u010dkom konoplje polnega spektra in konopljinim oljem ko\u017eo po naravni poti ne\u017eno meh\u010da in prijetno pomiri. Mangovo maslo ko\u017eo u\u010dinkovito nahrani in navla\u017ei, medtem ko karitejevo maslo s svojimi protivnetnimi lastnostmi pripomore k hitrej\u0161em celjenju. Eteri\u010dni olji kafrovca in geranije z blagim sve\u017eim vonjem citrusov pa se odli\u010dno izka\u017eeta pri negi navadne, ob\u010dutljive kot tudi me\u0161ane, suhe in zrele ko\u017ee.<\/p>\n<p>Vsebuje izklju\u010dno 100 % naravne rastlinske sestavine (vegan). Brez parabenov, mineralnih olj, umetnih barvil, di\u0161av, konzervansov, emulgatorjev in zgo\u0161\u010devalcev.<\/p>\n<p><strong>SESTAVINE:<\/strong><br \/>\nKaritejevo maslo, mangovo maslo, konopljino olje, izvle\u010dek konoplje polnega spektra, vitamin E, eteri\u010dno olje kafrovca, eteri\u010dno olje geranije.<\/p>\n<p><strong>INCI:<\/strong><br \/>\nButyrospermum Parkii Butter, Mangifera Indica Seed Butter, Cannabis Sativa Seed Oil, Cannabis Sativa Leaf Extract, Tocopherol, Helianthus Annuus Seed Oil, Cinnamomum Camphora Linalooliferum Wood Oil, Pelargonium Graveolens Oil, Linalool*, Limonene*, Citronellol*, Citral*, Geraniol*. *Naravne sestavine eteri\u010dnih olj<\/p>\n<p><strong>UPORABA:<\/strong><br \/>\nMaslo raztopite med dlanmi in ne\u017eno vtrite v predhodno o\u010di\u0161\u010den in osu\u0161en predel.<br \/>\nPrimerno za vse tipe ko\u017ee in vsakodnevno nego od glave do pet.<br \/>\nUporabljate ga lahko za nego rok, stopal, komolcev, obraza, nohtov, ustnic, ali kot alternativo balzamu za lase.<br \/>\nV primeru preob\u010dutljivosti prenehajte z uporabo.<\/p>\n<p><strong>SHRANJEVANJE:<\/strong><br \/>\nShranjujte pri sobni temperaturi.<\/p>\n<p><strong>ROK UPORABE:<\/strong><br \/>\n24 mesecev<\/p>\n","protected":false},"excerpt":{"rendered":"<p>Univerzalno maslo za telo poskrbi za razko\u0161no nego od glave do pet. Zagotavlja globoko hidratacijo, ko\u017ei povrne pro\u017enost in poskrbi za takoj\u0161nje ugodje.<\/p>\n<p>Primerno za vse tipe ko\u017ee<br \/>\n300 mg CBD \/ 150 ml<\/p>\n<p>Rok uporabe: 03\/2023<\/p>\n","protected":false},"featured_media":17283,"comment_status":"open","ping_status":"closed","template":"","meta":[],"product_brand":[],"product_cat":[333],"product_tag":[],"class_list":{"0":"post-11354","1":"product","2":"type-product","3":"status-publish","4":"has-post-thumbnail","6":"product_cat-konopljini-izdelki","8":"first","9":"outofstock","10":"sale","11":"taxable","12":"shipping-taxable","13":"purchasable","14":"product-type-simple"},"_links":{"self":[{"href":"https:\/\/hempika.com\/sl\/wp-json\/wp\/v2\/product\/11354","targetHints":{"allow":["GET"]}}],"collection":[{"href":"https:\/\/hempika.com\/sl\/wp-json\/wp\/v2\/product"}],"about":[{"href":"https:\/\/hempika.com\/sl\/wp-json\/wp\/v2\/types\/product"}],"replies":[{"embeddable":true,"href":"https:\/\/hempika.com\/sl\/wp-json\/wp\/v2\/comments?post=11354"}],"wp:featuredmedia":[{"embeddable":true,"href":"https:\/\/hempika.com\/sl\/wp-json\/wp\/v2\/media\/17283"}],"wp:attachment":[{"href":"https:\/\/hempika.com\/sl\/wp-json\/wp\/v2\/media?parent=11354"}],"wp:term":[{"taxonomy":"product_brand","embeddable":true,"href":"https:\/\/hempika.com\/sl\/wp-json\/wp\/v2\/product_brand?post=11354"},{"taxonomy":"product_cat","embeddable":true,"href":"https:\/\/hempika.com\/sl\/wp-json\/wp\/v2\/product_cat?post=11354"},{"taxonomy":"product_tag","embeddable":true,"href":"https:\/\/hempika.com\/sl\/wp-json\/wp\/v2\/product_tag?post=11354"}],"curies":[{"name":"wp","href":"https:\/\/api.w.org\/{rel}","templated":true}]}}