{"id":25536,"date":"2021-09-09T13:48:24","date_gmt":"2021-09-09T11:48:24","guid":{"rendered":"https:\/\/hempika.com\/o-nas\/"},"modified":"2024-11-25T11:59:36","modified_gmt":"2024-11-25T10:59:36","slug":"o-nas","status":"publish","type":"page","link":"https:\/\/hempika.com\/sl\/o-nas\/","title":{"rendered":"O nas"},"content":{"rendered":"<div class=\"h-about\">\n<div class=\"h-about-left\">\n<div class=\"h-about-banner\">\n<h1>Kapljo po kapljo, ustvarili smo Hempiko.<\/h1>\n<\/div>\n<\/div>\n<div class=\"h-about-right\">\n<div class=\"h-about-intro\">\n<p class=\"h-about-intro-description\"><strong>Obo\u017eujemo zeleno, prisegamo na najvi\u0161je standarde in ustvarjamo po principu minimalizma.<\/strong><\/p>\n<div class=\"h-about-intro-benefits\">\n<div class=\"h-about-intro-benefit\">\n<div class=\"h-about-intro-benefit-img\"><img loading=\"lazy\" decoding=\"async\" src=\"https:\/\/hempika.com\/wp-content\/themes\/hemp-master\/custom\/img\/no-compromises-square.svg\" alt=\"Brez kompromisov\" width=\"100\" height=\"100\"><\/div>\n<div class=\"h-about-intro-benefit-text\">\n<p><strong>Brez kompromisov<\/strong> ko gre za kakovost. Tradicionalne prakse dopolnjujemo in nadgrajujemo z najnovej\u0161imi spoznanji in najsodobnej\u0161imi tehnologijami.<\/p>\n<\/div><\/div>\n<div class=\"h-about-intro-benefit\">\n<div class=\"h-about-intro-benefit-img\"><img loading=\"lazy\" decoding=\"async\" src=\"https:\/\/hempika.com\/wp-content\/themes\/hemp-master\/custom\/img\/no-greed-square.svg\" alt=\"Brez pohlepa\" width=\"100\" height=\"100\"><\/div>\n<div class=\"h-about-intro-benefit-text\">\n<p><strong>Brez pohlepa.<\/strong> Dr\u017eimo se samo izdelkov, ki so se izkazali za vredne na\u0161ega \u010dasa in va\u0161ega denarja. Kar uporabljamo sami, to ponujamo tudi vam.<\/p>\n<\/div><\/div>\n<div class=\"h-about-intro-benefit\">\n<div class=\"h-about-intro-benefit-img\"><img loading=\"lazy\" decoding=\"async\" src=\"https:\/\/hempika.com\/wp-content\/themes\/hemp-master\/custom\/img\/no-nasties-square.svg\" alt=\"Brez \u0161kodljivih snovi\" width=\"100\" height=\"100\"><\/div>\n<div class=\"h-about-intro-benefit-text\">\n<p><strong>Brez \u0161kodljivih snovi.<\/strong> Samo naj\u010distej\u0161e in skrbno izbrane sestavine. Brez nepotrebnih di\u0161av, arom in drugih primesi ne boste na\u0161li v na\u0161ih izdelkih.<\/p>\n<\/div><\/div>\n<\/p><\/div>\n<\/p><\/div>\n<div class=\"h-about-wizard\">\n<div class=\"h-about-title\">\n<h2>Kreativni in idejni vodja<\/h2>\n<div class=\"h-about-title-line\"><\/div>\n<\/div>\n<p>Luka je eden tistih upornikov, ki vedno i\u0161\u010de nekonvencionalne re\u0161itve za izbolj\u0161anje svojega \u017eivljenja. Kot marsikateri drug kreativen najstnik, je tudi on odra\u0161\u010dal je s tesnobo in za soo\u010danje z njo iskal mnoge &#8211; bolj ali manj u\u010dinkovite na\u010dine. Ko je odkril CBD, ki takrat v Sloveniji \u0161e ni bil raz\u0161irjen, ga je njegovo delovanje prepri\u010dalo, saj je \u0161lo za eno redkih stvari, ki ga je uspela pomiriti, hkrati pa ni imela u\u010dinka zamaknjenosti, kot katera druga substanca. Ko se je dokon\u010dno prepri\u010dal, da je CBD tista stvar, ki mu pomaga pri umirjanju in prizemljitvi duha, je vedel, da bi lahko le-ta pomagal pri laj\u0161anju stresa tudi \u0161tevilnim drugim ljudem.<\/p>\n<div class=\"h-about-wizard-caption\">\n<div class=\"h-about-wizard-caption-img\">\n\t\t\t\t\t<img loading=\"lazy\" decoding=\"async\" src=\"https:\/\/hempika.com\/wp-content\/themes\/hemp-master\/custom\/img\/face.jpg\" alt=\"Luka Hempika\" width=\"100\" height=\"100\">\n\t\t\t\t<\/div>\n<div class=\"h-about-wizard-caption-text\">\n<p><strong>&#8220;Ne zanima me, kaj je v modi in kaj ne, saj sem pred leti sprejeli zelo zavestno odlo\u010ditev, da svoje ob\u010dudovanje konoplje spremenim v vrhunske, varne in trajnostno naravnane izdelke.&#8221;<\/strong><\/p>\n<\/p><\/div>\n<\/p><\/div>\n<p>Hempiko je za\u010del graditi zgodaj, ko CBD \u0161e ni bil niti dobro poznan, kaj \u0161ele raz\u0161irjen. Kot mediator in vizionar z in\u017eenirskim umom je za\u010del sestavljati ko\u0161\u010dke sestavljanjke. Ko gre za kakovost in varnost izdelkov, je namre\u010d neizprosen. Vztraja pri testiranju vsake posamezne serije sestavin in svojim strankam privo\u0161\u010di le najbolj\u0161e, kar ponuja konoplja.<\/p>\n<p>Njegova ljubezen do \u0161porta in narave se prena\u0161a v poslovni svet, kjer zdru\u017euje najbolj\u0161e, kar ponuja narava, z najnovej\u0161imi odkritji v znanosti in tehnologiji.<\/p>\n<\/p><\/div>\n<div class=\"h-about-chica\">\n<div class=\"h-about-title\">\n<h2>Dajmo se vsi malo umiriti<\/h2>\n<div class=\"h-about-title-line\"><\/div>\n<\/div>\n<p>\u010ce vam zastavimo nagradno vpra\u0161anje, katera je disfunkcija \u0161tevilka ena dana\u0161njega \u010dasa, bi pravilno uganili &#8211; to je ta prekleti <strong>STRES<\/strong>! Stres, ne glede na to ali prihaja iz okolja ali gre za na\u0161 notranji odziv na zunanji svet, bi lahko oklicali tudi za &#8220;glavnega krivca vseh modernih tegob&#8221;, ko pride do dolgega seznama na\u0161ih vsakodnevnih te\u017eav. Se vam torej ne zdi, da bi vsi potrebovali nekaj, kar bi pomirilo na\u0161o tesnobo, ubla\u017eilo vnetna stanja in v na\u0161a utrujena telesa namesto bole\u010dine vneslo nekaj u\u017eitka? Odgovor in re\u0161itev imate pred nosom &#8211; re\u010de se ji <strong>KONOPLJA<\/strong>!<\/p>\n<p>\t\t\t<a class=\"h-button\" href=\"https:\/\/hempika.com\/sl\/trgovina\/\">Odkrijte pravi izdelek zase<\/a>\n\t\t<\/div>\n<div class=\"h-about-fashion\">\n<div class=\"h-about-title\">\n<h2>Dobra, stara konoplja je spet v modi<\/h2>\n<div class=\"h-about-title-line\"><\/div>\n<\/div>\n<p>Kaj je skupnega konoplji, zeli\u0161\u010dem in gobam? Od nekdaj so bili \u010dlovekovi najbolj\u0161i prijatelji &#8211; direktno iz prsti v na\u0161o kulinariko vna\u0161ajo skorajda magi\u010dne u\u010dinke!<\/p>\n<p>Vrnimo se k osnovam za trenutek &#8230; Z vsem spo\u0161tovanjem do sodobne znanosti, trendov na podro\u010dju prehranskih dopolnil in medicinskega znanja &#8211; je konoplja \u0161e vedno in vedno bo, ena od najbolj neverjetnih rastlin, ki so kdajkoli obstajale na tem planetu, imenovanem Zemlja. Njene skorajda &#8220;nadrealisti\u010dne&#8221; mo\u010di in vplivi, ki jih ima na na\u0161e splo\u0161no zdravje, so vendarle priznavane, opa\u017eane in dokazane tudi v znanosti. Na sre\u010do je dobra stara industrijska konoplja, ki vas, mimogrede, ne bo spravila v stanje &#8220;zadet sem kot marija&#8221;, \u0161e kako zelo zakonita in \u0161iroko uporabljana povsod po svetu.<\/p>\n<p>\t\t\t<img loading=\"lazy\" decoding=\"async\" src=\"https:\/\/hempika.com\/wp-content\/themes\/hemp-master\/custom\/img\/hemp-plant.jpg\" alt=\"O nas - Hempika\" width=\"100\" height=\"100\">\n\t\t<\/div>\n<div class=\"h-about-ritual\">\n<div class=\"h-about-title\">\n<h2>Va\u0161 nov dnevni ritual<\/h2>\n<div class=\"h-about-title-line\"><\/div>\n<\/div>\n<p>Kateri je va\u0161 najljub\u0161i ritual, ki vas razveseli tudi v najbolj turobnih dneh? Kako se pocrkljate, ko svetu vlada sivina?<\/p>\n<p><strong>Lepotne vplivnice morda uporabljajo 65-stopenjsko nego ko\u017ee.<br \/>Gurmani lahko popoldne pre\u017eivijo v pekarni.<br \/>Mi, ljubitelji zdravja, pa? Mi pose\u017eemo po CBD-ju! Kapljica, dva, tri &#8211; in na\u0161e razpolo\u017eenje kaj hitro postane bolj vedro in optimisti\u010dno.<\/strong><\/p>\n<p>Preberite ve\u010d o konoplji, uporabi CBD-ja v razli\u010dne namene in o tem, kako izdelke iz konoplje vklju\u010diti v svoje vsakdanje \u017eivljenje. Vse, kar si va\u0161e srce \u017eeli izvedeti o konoplji, najdete v na\u0161ih prispevkih na <a class=\"h-link\" href=\"https:\/\/hempika.com\/sl\/blog\/\">blogu<\/a>.<\/p>\n<div class=\"h-about-articles\">\n<div class=\"h-about-ritual-article\">\n<div class=\"h-about-ritual-article-img-hemp\">\n\t\t\t\t<\/div>\n<div class=\"h-about-ritual-article-title\">\n\t\t\t\t\t<a href=\"https:\/\/hempika.com\/sl\/konoplja\/\" target=\"_blank\">Konoplja 101<\/a> <!-- add \/hemp\/ page -->\n\t\t\t\t<\/div>\n<\/p><\/div>\n<div class=\"h-about-ritual-article\">\n<div class=\"h-about-ritual-article-img-cbd\">\n\t\t\t\t<\/div>\n<div class=\"h-about-ritual-article-title\">\n\t\t\t\t\t<a href=\"https:\/\/hempika.com\/sl\/kanabidiol-cbd\/\" target=\"_blank\">Kanabidiol (CBD) 101<\/a> <!-- add \/cbd\/ page -->\n\t\t\t\t<\/div>\n<\/p><\/div>\n<div class=\"h-about-ritual-article\">\n<div class=\"h-about-ritual-article-img-cannabinoids\">\n\t\t\t\t<\/div>\n<div class=\"h-about-ritual-article-title\">\n\t\t\t\t\t<a href=\"https:\/\/hempika.com\/sl\/kanabinoidi\/\" target=\"_blank\">Kanabinoidi 101<\/a> <!-- add \/cannabinoids\/ page -->\n\t\t\t\t<\/div>\n<\/p><\/div>\n<\/p><\/div>\n<\/p><\/div>\n<\/p><\/div>\n<\/div>\n","protected":false},"excerpt":{"rendered":"<p>Kapljo po kapljo, ustvarili smo Hempiko. Obo\u017eujemo zeleno, prisegamo na najvi\u0161je standarde in ustvarjamo po principu minimalizma. Brez kompromisov ko gre za kakovost. Tradicionalne prakse dopolnjujemo in nadgrajujemo z najnovej\u0161imi spoznanji in najsodobnej\u0161imi tehnologijami. Brez pohlepa. Dr\u017eimo se samo izdelkov, ki so se izkazali za vredne na\u0161ega \u010dasa in va\u0161ega denarja. Kar uporabljamo sami, to [&hellip;]<\/p>\n","protected":false},"author":1,"featured_media":0,"parent":0,"menu_order":0,"comment_status":"closed","ping_status":"closed","template":"custom-page-template.php","meta":{"footnotes":""},"class_list":["post-25536","page","type-page","status-publish","hentry"],"_links":{"self":[{"href":"https:\/\/hempika.com\/sl\/wp-json\/wp\/v2\/pages\/25536","targetHints":{"allow":["GET"]}}],"collection":[{"href":"https:\/\/hempika.com\/sl\/wp-json\/wp\/v2\/pages"}],"about":[{"href":"https:\/\/hempika.com\/sl\/wp-json\/wp\/v2\/types\/page"}],"author":[{"embeddable":true,"href":"https:\/\/hempika.com\/sl\/wp-json\/wp\/v2\/users\/1"}],"replies":[{"embeddable":true,"href":"https:\/\/hempika.com\/sl\/wp-json\/wp\/v2\/comments?post=25536"}],"version-history":[{"count":0,"href":"https:\/\/hempika.com\/sl\/wp-json\/wp\/v2\/pages\/25536\/revisions"}],"wp:attachment":[{"href":"https:\/\/hempika.com\/sl\/wp-json\/wp\/v2\/media?parent=25536"}],"curies":[{"name":"wp","href":"https:\/\/api.w.org\/{rel}","templated":true}]}}