{"id":22441,"date":"2021-07-27T14:54:59","date_gmt":"2021-07-27T12:54:59","guid":{"rendered":"https:\/\/hempika.com\/analiza-kanabinoidov\/"},"modified":"2024-11-26T09:46:59","modified_gmt":"2024-11-26T08:46:59","slug":"analiza-kanabinoidov","status":"publish","type":"page","link":"https:\/\/hempika.com\/sl\/analiza-kanabinoidov\/","title":{"rendered":"Laboratorij"},"content":{"rendered":"<div class=\"h-analysis\">\n<h1>Analiza kanabinoidov<\/h1>\n<p>V sodelovanju s certificiranim laboratorijem izvajamo <strong>laboratorijsko testiranje konoplje<\/strong> za proizvajalce, pridelovalce ter uporabnike. S sodobnimi analiti\u010dnimi metodami kvantitativno dolo\u010dimo prisotnost in vsebnost fitokanabinoidov.<\/p>\n<ul>\n<li class=\"h-analysis-benefit-1\">Teko\u010dinska kromatografija visoke lo\u010dljivosti<\/li>\n<li class=\"h-analysis-benefit-2\">Kvantitativna analiza 16 kanabinoidov<\/li>\n<li class=\"h-analysis-benefit-3\">Akreditiran laboratorij ISO\/IEC 17025<\/li>\n<\/ul>\n<form id=\"analysis-form\" action=\"https:\/\/hempika.com\/wp-content\/themes\/hemp-master\/custom\/emails\/analysis.php\" method=\"post\"><label for=\"analysis_email\">Va\u0161 Email<\/label><input type=\"email\" id=\"analysis_email\" name=\"analysis_email\" placeholder=\"Va\u0161 e-mail\" required \/><label for=\"analysis_number\">\u0160tevilo vzorcev<\/label><input type=\"number\" id=\"analysis_number\" name=\"analysis_number\" min=\"1\" max=\"100\" placeholder=\"\u0160tevilo vzorcev\" \/><input type=\"text\" id=\"honeypot\" name=\"honeypot\" style=\"display:none;\" \/><input type=\"submit\" name=\"subscribe_submit\" value=\"Naro\u010di analizo\" \/><\/form>\n<p><small id=\"analysis-message\"><\/small><script src=\"https:\/\/hempika.com\/wp-content\/themes\/hemp-master\/custom\/scripts\/analysis.js\" type=\"text\/javascript\"><\/script><\/p>\n<div class=\"h-analysis-iso\"><img loading=\"lazy\" decoding=\"async\" src=\"https:\/\/hempika.com\/wp-content\/themes\/hemp-master\/custom\/img\/analysis.png\" alt=\"Analiza kanabinoidov s HPLC\" width=\"100\" height=\"100\"><\/div>\n<p><strong>Visoko ob\u010dutljivi instrumenti<\/strong> nam omogo\u010dajo zaznavanje izredno nizkih koncentracij kislinskih in nevtralnih kanabinoidov brez uporabe toplote v vseh vrstah konopljinih izdelkov, kot so cvetovi, ekstrakti, olja, tinkture, izolati, pija\u010de, \u017eivila in kozmetika.<\/p>\n<div class=\"h-analysis-imgs\"><img loading=\"lazy\" decoding=\"async\" src=\"https:\/\/hempika.com\/wp-content\/uploads\/2021\/06\/preparation_of_a_solution_for_cannabinoid_analysis.jpg\" alt=\"Priprava raztopine za analizo kanabinoidov\" width=\"100\" height=\"100\"><img loading=\"lazy\" decoding=\"async\" src=\"https:\/\/hempika.com\/wp-content\/uploads\/2021\/06\/weighing_a_sample_for_cannabinoid_analysis.jpg\" alt=\"Tehtanje vzorca za analizo kanabinoidov\" width=\"100\" height=\"100\"><\/div>\n<p>Odlikujeta nas natan\u010dnost in strokovnost v skladu z na\u010deli in smernicami dobre laboratorijske prakse. Na\u0161a metoda vklju\u010duje <strong>teko\u010dinsko kromatografijo visoke lo\u010dljivosti (HPLC)<\/strong>, ki nam omogo\u010da kvantitativno dolo\u010danje vsebnosti naslednjih <strong>16 kanabinoidov<\/strong>:<\/p>\n<table>\n<tr>\n<td><strong>\u03949-THC<\/strong><\/td>\n<td>Delta-9-Tetrahidrokanabinol<\/td>\n<\/tr>\n<tr>\n<td><strong>THCA<\/strong><\/td>\n<td>Tetrahidrokanabinolna kislina<\/td>\n<\/tr>\n<tr>\n<td><strong>THCV<\/strong><\/td>\n<td>Tetrahidrokanabivarin<\/td>\n<\/tr>\n<tr>\n<td><strong>CBD<\/strong><\/td>\n<td>Kanabidiol<\/td>\n<\/tr>\n<tr>\n<td><strong>CBDA<\/strong><\/td>\n<td>Kanabidiolna kislina<\/td>\n<\/tr>\n<tr>\n<td><strong>CBDV<\/strong><\/td>\n<td>Kanabidivarin<\/td>\n<\/tr>\n<tr>\n<td><strong>CBG<\/strong><\/td>\n<td>Kanabigerol<\/td>\n<\/tr>\n<tr>\n<td><strong>CBGA<\/strong><\/td>\n<td>Kanabigerolna kislina<\/td>\n<\/tr>\n<tr>\n<td><strong>CBC<\/strong><\/td>\n<td>Kanabikromen<\/td>\n<\/tr>\n<tr>\n<td><strong>CBCA<\/strong><\/td>\n<td>Kanabikromenska kislina<\/td>\n<\/tr>\n<tr>\n<td><strong>\u03948-THC<\/strong><\/td>\n<td>Delta-8-Tetrahidrokanabinol<\/td>\n<\/tr>\n<tr>\n<td><strong>CBL<\/strong><\/td>\n<td>Kanabiciklol<\/td>\n<\/tr>\n<tr>\n<td><strong>CBV<\/strong><\/td>\n<td>Kanabivarin<\/td>\n<\/tr>\n<tr>\n<td><strong>CBE<\/strong><\/td>\n<td>Kanabielsovin<\/td>\n<\/tr>\n<tr>\n<td><strong>CBT<\/strong><\/td>\n<td>Kanabicitran<\/td>\n<\/tr>\n<tr>\n<td><strong>CBN<\/strong><\/td>\n<td>Kanabinol<\/td>\n<\/tr>\n<\/table>\n<\/div>\n","protected":false},"excerpt":{"rendered":"<p>Analiza kanabinoidov V sodelovanju s certificiranim laboratorijem izvajamo laboratorijsko testiranje konoplje za proizvajalce, pridelovalce ter uporabnike. S sodobnimi analiti\u010dnimi metodami kvantitativno dolo\u010dimo prisotnost in vsebnost fitokanabinoidov. Teko\u010dinska kromatografija visoke lo\u010dljivosti Kvantitativna analiza 16 kanabinoidov Akreditiran laboratorij ISO\/IEC 17025 Va\u0161 Email\u0160tevilo vzorcev Visoko ob\u010dutljivi instrumenti nam omogo\u010dajo zaznavanje izredno nizkih koncentracij kislinskih in nevtralnih kanabinoidov brez [&hellip;]<\/p>\n","protected":false},"author":1,"featured_media":22859,"parent":0,"menu_order":0,"comment_status":"closed","ping_status":"closed","template":"custom-page-template.php","meta":{"footnotes":""},"class_list":["post-22441","page","type-page","status-publish","has-post-thumbnail","hentry"],"_links":{"self":[{"href":"https:\/\/hempika.com\/sl\/wp-json\/wp\/v2\/pages\/22441","targetHints":{"allow":["GET"]}}],"collection":[{"href":"https:\/\/hempika.com\/sl\/wp-json\/wp\/v2\/pages"}],"about":[{"href":"https:\/\/hempika.com\/sl\/wp-json\/wp\/v2\/types\/page"}],"author":[{"embeddable":true,"href":"https:\/\/hempika.com\/sl\/wp-json\/wp\/v2\/users\/1"}],"replies":[{"embeddable":true,"href":"https:\/\/hempika.com\/sl\/wp-json\/wp\/v2\/comments?post=22441"}],"version-history":[{"count":0,"href":"https:\/\/hempika.com\/sl\/wp-json\/wp\/v2\/pages\/22441\/revisions"}],"wp:featuredmedia":[{"embeddable":true,"href":"https:\/\/hempika.com\/sl\/wp-json\/wp\/v2\/media\/22859"}],"wp:attachment":[{"href":"https:\/\/hempika.com\/sl\/wp-json\/wp\/v2\/media?parent=22441"}],"curies":[{"name":"wp","href":"https:\/\/api.w.org\/{rel}","templated":true}]}}