{"id":11233,"date":"2020-12-07T14:33:33","date_gmt":"2020-12-07T13:33:33","guid":{"rendered":"https:\/\/hempika.com\/veleprodaja\/"},"modified":"2024-11-25T17:41:33","modified_gmt":"2024-11-25T16:41:33","slug":"veleprodaja","status":"publish","type":"page","link":"https:\/\/hempika.com\/sl\/veleprodaja\/","title":{"rendered":"Veleprodaja"},"content":{"rendered":"<div class=\"h-services\">\n<div class=\"services-left\">\n<h1>Pomagamo vam za\u010deti in raz\u0161iriti posel s konopljo.<\/h1>\n<p>Podjetni\u0161ki kolegi in so-navdu\u0161enci nad konopljo, tukaj je nekaj idej o gradnji, vodenju in \u0161irjenju va\u0161ih poslovnih zamisli, povezanih s konopljo. \u010ce se najdete v kateri od spodaj predstavljenih mo\u017enosti poslovnega sodelovanja, nas kontaktirajte in z veseljem vam pomagamo pri gradnji va\u0161e poslovne poti.<\/p>\n<p>\t<a class=\"h-button\" href=\"mailto:b2b@hempika.com\">Po\u0161ljite poizvedbo<\/a><\/p>\n<\/div>\n<div class=\"services-right\">\n<p><button class=\"more_button\" onclick=\"moreFunction(1)\">Veleprodaja<\/button><\/p>\n<div id=\"more_div_1\">\n<p>\u017delite svojo spletno trgovino ali maloprodajno trgovino s konceptom obogatiti z na\u0161imi izdelki iz konoplje? \u010ce ste lastnik trgovine (ali pa to \u0161ele postajate) in i\u0161\u010dete na\u010din, kako pove\u010dati obseg prodaje in v ponudbo vklju\u010diti kakovostne, trajnostne izdelke iz konoplje, ste na pravem naslovu. Izbirate lahko med vsemi obstoje\u010dimi izdelki v na\u0161i spletni trgovini ali pa se odlo\u010dite le za enega ali dva. Ko enkrat pri\u010dnemo s sodelovanjem, smo vam na voljo za pomo\u010d pri izobra\u017eevanju, gradivu in va\u0161ih dodatnih vpra\u0161anjih. Poleg tega ne postavljamo nobenih zahtev glede koli\u010dine va\u0161ega naro\u010dila. Za\u010dnete lahko z majhnimi enotami, ki jih kasneje, skladno z va\u0161o rastjo, pove\u010dujete. Tu smo za vas.<\/p>\n<\/div>\n<p><button class=\"more_button\" onclick=\"moreFunction(2)\">Dropshipping<\/button><\/p>\n<div id=\"more_div_2\">\n<p>I\u0161\u010dete enostaven in varen na\u010din prodaje izdelkov iz konoplje? Poskusite z dropshipping-om! Ni\u010d vlaganj v zaloge, prakti\u010dno brez za\u010detnega kapitala. Nobenih zahtev po najmanj\u0161ih koli\u010dinah naro\u010dila &#8211; va\u0161e poslovanje s CBD-jem se za\u010denja brez stresa, v udobju va\u0161ega kav\u010da. Postopek naro\u010danja smo poenostavili, kot je le mogo\u010de. Naro\u010dilo oddate na na\u0161i spletni strani z uporabo svojega kupona &#8211; mi pa dostavimo naro\u010dila neposredno va\u0161im strankam! Uporabljamo diskretno embala\u017eo brez dodatnega papirja. Prav tako nam lahko po\u0161ljete svoje promocijsko gradivo, mi pa ga bomo dodali v paket. Ali ste vedeli, da naj bi se evropski CBD trg v naslednjih \u0161tirih letih vztrajno pove\u010deval za 400 %? To je dovolj dober razlog, da za\u010dnete svojo poslovno pot s CBD-jem.<\/p>\n<\/div>\n<p><button class=\"more_button\" onclick=\"moreFunction(3)\">Lastna blagovna znamka<\/button><\/p>\n<div id=\"more_div_3\">\n<p>Ste bili vedno navdu\u0161eni nad gradnjo blagovnih znamk, oblikovanjem izdelkov ali ustvarjanjem ne\u010desa novega &#8211; ne\u010desa, kar bi lahko bilo samo va\u0161e? \u010ce ste ambiciozni podjetnik in i\u0161\u010dete na\u010din, kako bi v svoje poslovanje vklju\u010dili konopljo, je bela ali zasebna blagovna znamka prava re\u0161itev za va\u0161e \u017eelje. Mi dostavimo izdelke, vi pa poskrbite za svojo spletno prisotnost in brand! Kako zadeva deluje? Izbirate lahko med belo ali zasebno blagovno znamko, mi pa vam pomagamo pri registraciji izdelkov in vsej dokumentaciji, ki jo potrebujete za zagon blagovne znamke, ki se ukvarja s konopljo. Zahtevamo majhno minimalno naro\u010dilo (ni vam treba za\u010deti z obse\u017eno zalogo) in smo odprti za razvoj izdelkov po meri.<\/p>\n<\/div>\n<p><button class=\"more_button\" onclick=\"moreFunction(4)\">Surovine<\/button><\/p>\n<div id=\"more_div_4\">\n<p>Ste pripravljeni razviti nov izdelek, sve\u017eo me\u0161anico ali eksperimentirati s \u0161e nikoli videnimi recepti in potrebujete eno samo surovino v ve\u010djih koli\u010dinah? Tudi tukaj vam lahko prisko\u010dimo na pomo\u010d! \u010ce potrebujete surovine oziroma ve\u010dje koli\u010dine posamezne sestavine najvi\u0161je kakovosti, ste na pravem naslovu. Izberete lahko konopljine izvle\u010dke, raztopine, suspenzije, izolate, semena, moko, beljakovine v prahu in vse druge oblike konoplje. Za nadaljnje informacije nam po\u0161ljite povpra\u0161evanje.<\/p>\n<\/div>\n<p><button class=\"more_button\" onclick=\"moreFunction(5)\">Analiza kanabinoidov<\/button><\/p>\n<div id=\"more_div_5\">\n<p>\u017delite testirati izbrane izdelke, preden za\u010dnete s prodajo? Ponujamo vam analizo kanabinoidov, opravljeno v sodelovanju s podjetjem PharmaLab. Analiza 16 kanabinoidov je narejena s teko\u010dinsko kromatografijo visoke lo\u010dljivosti (HPLC) in je primerna za testiranje vseh vrst izdelkov iz konoplje in konoplje kot take. Ne glede na to, ali ste proizvajalec, pridelovalec ali uporabnik &#8211; in \u017eelite opraviti teste svojih izdelkov, da se prepri\u010date, kaj boste za\u010deli uporabljati\/prodajati, preberite ve\u010d o postopku analize kanabinoidov <a class=\"h-link\" href=\"https:\/\/hempika.com\/sl\/analiza-kanabinoidov\/\">tukaj<\/a>.<\/p>\n<\/div>\n<\/div>\n<\/div>\n<p><script type=\"text\/javascript\" src=\"https:\/\/hempika.com\/wp-content\/themes\/hemp-master\/custom\/scripts\/services.js\"><\/script><\/p>\n","protected":false},"excerpt":{"rendered":"<p>Pomagamo vam za\u010deti in raz\u0161iriti posel s konopljo. Podjetni\u0161ki kolegi in so-navdu\u0161enci nad konopljo, tukaj je nekaj idej o gradnji, vodenju in \u0161irjenju va\u0161ih poslovnih zamisli, povezanih s konopljo. \u010ce se najdete v kateri od spodaj predstavljenih mo\u017enosti poslovnega sodelovanja, nas kontaktirajte in z veseljem vam pomagamo pri gradnji va\u0161e poslovne poti. Po\u0161ljite poizvedbo Veleprodaja [&hellip;]<\/p>\n","protected":false},"author":1,"featured_media":0,"parent":0,"menu_order":0,"comment_status":"closed","ping_status":"closed","template":"custom-page-template.php","meta":{"footnotes":""},"class_list":["post-11233","page","type-page","status-publish","hentry"],"_links":{"self":[{"href":"https:\/\/hempika.com\/sl\/wp-json\/wp\/v2\/pages\/11233","targetHints":{"allow":["GET"]}}],"collection":[{"href":"https:\/\/hempika.com\/sl\/wp-json\/wp\/v2\/pages"}],"about":[{"href":"https:\/\/hempika.com\/sl\/wp-json\/wp\/v2\/types\/page"}],"author":[{"embeddable":true,"href":"https:\/\/hempika.com\/sl\/wp-json\/wp\/v2\/users\/1"}],"replies":[{"embeddable":true,"href":"https:\/\/hempika.com\/sl\/wp-json\/wp\/v2\/comments?post=11233"}],"version-history":[{"count":0,"href":"https:\/\/hempika.com\/sl\/wp-json\/wp\/v2\/pages\/11233\/revisions"}],"wp:attachment":[{"href":"https:\/\/hempika.com\/sl\/wp-json\/wp\/v2\/media?parent=11233"}],"curies":[{"name":"wp","href":"https:\/\/api.w.org\/{rel}","templated":true}]}}