{"id":11227,"date":"2020-12-07T14:22:12","date_gmt":"2020-12-07T13:22:12","guid":{"rendered":"https:\/\/hempika.com\/politika-zasebnosti\/"},"modified":"2024-11-26T09:24:37","modified_gmt":"2024-11-26T08:24:37","slug":"zasebnost-in-piskotki","status":"publish","type":"page","link":"https:\/\/hempika.com\/sl\/zasebnost-in-piskotki\/","title":{"rendered":"Zasebnost in pi\u0161kotki"},"content":{"rendered":"<div class=\"h-terms\">\n<h1>Zasebnost in pi\u0161kotki<\/h1>\n<div class=\"h-elements\">\n<h2>Politika zasebnosti<\/h2>\n<p>Namen politike zasebnosti je seznanitev uporabnikov <a href=\"https:\/\/hempika.com\/sl\/\" title=\"Hempika - Uradna spletna stran\" target=\"_blank\" rel=\"noopener\">spletne strani Hempika<\/a> v lasti podjetja Hempika d.o.o., z nameni in podlago za obdelovanje njihovih osebnih podatkov s strani podjetja Hempika d.o.o. (v nadaljevanju: Hempika) in s seznanitvijo njihovih pravic.<\/p>\n<h3>Podatki o podjetju:<\/h3>\n<p>Hempika d.o.o.<br \/>\nCankarjeva ulica 84<br \/>\n5000 Nova Gorica<br \/>\nSlovenija, EU<br \/>\nID za DDV: SI99911329<br \/>\nMati\u010dna \u0161tevilka: 7145721000<br \/>\nTelefon: + 386 (0) 68 169 816<br \/>\nElektronski naslov: info@hempika.com<\/p>\n<p>Ta politika zasebnosti velja za vsakogar, ki se skladno s <a href=\"https:\/\/hempika.com\/sl\/pogoji-poslovanja\/\" title=\"Hempika - Pogoji poslovanja\" target=\"_blank\" rel=\"noopener\">Splo\u0161nimi pogoji poslovanja spletne trgovine Hempika<\/a> \u0161teje za uporabnika ter za celotno spletno stran podjetja Hempika, vklju\u010dno z njenimi podstranmi.<\/p>\n<p>Uporabnik je vsaka pravna ali fizi\u010dna oseba, ki uporablja oziroma obi\u0161\u010de <a href=\"https:\/\/hempika.com\/sl\/\" title=\"Hempika - Uradna spletna stran\" target=\"_blank\" rel=\"noopener\">spletno stran podjetja Hempika<\/a> (v nadaljevanju: uporabnik).<\/p>\n<p>Aktivnosti podjetja Hempika d.o.o. so v skladu z evropsko zakonodajo (Uredbo (EU) 2016\/697 o varstvu posameznikov pri obdelavi osebnih podatkov in o pretoku takih podatkov (Splo\u0161na uredba o varstvu podatkov ali GDPR) in konvencijami Sveta Evrope (ETS \u0161t. 108, ETS  \u0161t.181, ETS \u0161t. 185, ETS \u0161t. 189)) in nacionalno zakonodajo Republike Slovenije (Zakonom o varstvu osebnih podatkov (ZVOP-1, Ur. l. RS, \u0161t. 94\/07), Zakonom o elektronskem poslovanju na trgu (ZEPT, Ur. l. RS, \u0161t. 96\/09 in 19\/15) itd.), Zakonom o elektronskih komunikacijah (ZEKom-1).<\/p>\n<h3>Upravljavec osebnih podatkov<\/h3>\n<p>Upravljavec osebnih podatkov, ki se obdelujejo skladno s to politiko zasebnosti in pi\u0161kotkov, je podjetje Hempika d.o.o.<\/p>\n<h3>Kak\u0161ne osebne podatke obdelujemo?<\/h3>\n<p>Za potrebe poslovanja Hempika zbira naslednje osebne podatke:<\/p>\n<ul>\n<li>ime in priimek,<\/li>\n<li>naslov in kraj bivanja,<\/li>\n<li>naslov elektronske po\u0161te,<\/li>\n<li>kontaktno telefonsko \u0161tevilko,<\/li>\n<li>naziv podjetja,<\/li>\n<li>naslov podjetja,<\/li>\n<li>ID za DDV podjetja,<\/li>\n<li>ter ostale podatke, ki jih uporabnik vnese v relevantne obrazce na spletni strani.<\/li>\n<\/ul>\n<p>Z registracijo na spletni strani Hempika in\/ali oddajo spletnega naro\u010dila na <a href=\"https:\/\/hempika.com\/sl\/\" title=\"Hempika - Uradna spletna stran\" target=\"_blank\" rel=\"noopener\">spletni strani Hempika<\/a> uporabnik izrecno sogla\u0161a, da lahko Hempika pridobljene osebne podatke, ki jih je uporabnik posredoval Hempika za namene izpolnitve kupoprodajne pogodbe, uporabi tudi za namene neposrednega tr\u017eenja prek vseh ogla\u0161evalskih kanalov, ki jih uporablja Hempika ter za potrebe z neposrednim tr\u017eenjem povezane statisti\u010dne in tr\u017ene analize, marketin\u0161ko profiliranje in segmentacijo.<\/p>\n<p>Preklic soglasja za izvedbo neposrednega tr\u017eenja prek elektronske po\u0161te uporabnik uredi:<\/p>\n<ul>\n<li>s posredovanjem povratne elektronske po\u0161te, kot odgovor na konkretno elektronsko sporo\u010dilo, ki ga ob vsakokratni izvedbi neposrednega tr\u017eenja prejme s strani Hempika;<\/li>\n<li>z izpolnitvijo spletnega obrazca, povezava do katerega je navedena v vsakem elektronskem sporo\u010dilu, ki ga ob izvedbi neposrednega tr\u017eenja prejme s strani Hempika; in\/ali<\/li>\n<li>s pisno zahtevo na elektronski naslov info@hempika.com.<\/li>\n<\/ul>\n<p>O mo\u017enosti preklica soglasja za izvedbo neposrednega tr\u017eenja prek elektronske po\u0161te je uporabnik v vsakem elektronskem sporo\u010dilu ustrezno obve\u0161\u010den. \u017deljo uporabnika, da ne \u017eeli prejemati oglasnih sporo\u010dil, bo Hempika izrecno spo\u0161tovala.<\/p>\n<h3>Vrste osebnih podatkov in nameni njihove obdelave<\/h3>\n<p>Hempika zbira in obdeluje osebne podatke na naslednjih pravnih podlagah:<\/p>\n<ul>\n<li>zakona in pogodbenih odnosov,<\/li>\n<li>zakonitega interesa,<\/li>\n<li>privolitve,<\/li>\n<li>pogodbe.<\/li>\n<\/ul>\n<h3>Obdelava na podlagi zakona in pogodbenih odnosov<\/h3>\n<p>V primeru, ko je zagotovitev osebnih podatkov pogodbena obveznost, obveznost, ki je potrebna za sklenitev in izvajanje pogodbe s Hempika, ali zakonska obveznost, mora uporabnik zagotoviti osebne podatke; v primeru, da osebnih podatkov uporabnik ne zagotovi, s Hempika ne more skleniti pogodbe, prav tako mu Hempika ne more izvesti storitev oziroma dobaviti izdelkov po pogodbi, saj nima potrebnih podatkov za izvedbo pogodbe.<\/p>\n<p>Za ta namen Hempika zbira in obdeluje naslednje osebne podatke: ime in priimek, naslov in kraj bivanja, naslov elektronske po\u0161te, kontaktno telefonsko \u0161tevilko, ime in priimek zastopnika pravne osebe, naziv pravne osebe, naslov pravne osebe, ID za DDV podjetja ter ostale podatke, ki jih uporabnik vnese v relevantna polja pred oddajo naro\u010dila.<\/p>\n<h3>Obdelava na podlagi zakonitega interesa<\/h3>\n<p>Hempika lahko podatke obdeluje tudi na podlagi zakonitih interesov, za katere si Hempika prizadeva, razen kadar nad takimi interesi prevladajo interesi ali temeljne pravice in svobo\u0161\u010dine posameznika, na katerega se nana\u0161ajo osebni podatki, ki zahtevajo varstvo osebnih podatkov. V primeru uporabe zakonitega interesa Hempika vedno opravi presojo skladno s Splo\u0161no uredbo o varstvu podatkov.<\/p>\n<h4>Podrobnej\u0161a obrazlo\u017eitev<\/h4>\n<p>V podjetju Hempika d.o.o izvajamo splo\u0161no statisti\u010dno obdelavo podatkov o kupcih in njihovih naro\u010dilih ter potencialnih kupcih (kontaktih), na podlagi katere izvajamo interne analize prodaje, ponovnih nakupov in agregatnega obna\u0161anja kupcev ter spremljamo in optimiziramo svojo poslovno u\u010dinkovitost in optimiziramo svoje ogla\u0161evanje, in sicer:<\/p>\n<ul>\n<li>spremljamo prodajo po na\u0161ih prodajnih kanalih,<\/li>\n<li>spremljamo koliko kupcev izvaja ponovne nakupe, kako hitro in v kolik\u0161ni vrednosti,<\/li>\n<li>spremljamo splo\u0161ne statisti\u010dne prodajne podatke, kot so povpre\u010dna vrednost ko\u0161arice, \u0161tevilo izdelkov na naro\u010dilu in podobno,<\/li>\n<li>spremljamo odzive na elektronsko po\u0161to, SMS sporo\u010dila, telefonske klice in razli\u010dna oglasna sporo\u010dila (spletni oglasi) in na podlagi tega optimiziramo svoje ogla\u0161evanje (se odlo\u010damo kaj, kje, komu in kako ogla\u0161evati).<\/li>\n<\/ul>\n<p>V podjetju Hempika d.o.o. na podlagi svojega zakonitega interesa potencialnim kupcem, ki so v nakupovalno ko\u0161arico dodali izbrane izdelke, a nakupa niso zaklju\u010dili, ob\u010dasno po\u0161ljemo elektronska sporo\u010dila vezana na njihov nezaklju\u010den nakup, s ciljem poskusa zaklju\u010ditve nakupa oziroma nudenjem pomo\u010di in informacij v zvezi s tem.<\/p>\n<p>V okviru osnovnega prilagojenega komuniciranja (preko elektronske po\u0161te, SMS-a, telefonskih klicev, po\u0161te, obvestil preko brskalnika, informacij na spletnem mestu, socialnih omre\u017eij) sku\u0161amo v podjetju Hempika d.o.o. uporabnikom predstaviti ustrezne ponudbe, popuste in druge vsebine, ki bi jim bile lahko zanimive na podlagi njihovih preteklih interakcij s podjetjem Hempika d.o.o.<\/p>\n<p>Za ta namen Hempika zbira in obdeluje naslednje osebne podatke: ime in priimek, naslov in kraj bivanja, naslov elektronske po\u0161te, kontaktno telefonsko \u0161tevilko, ime in priimek zastopnika pravne osebe, naziv pravne osebe, naslov pravne osebe, ID za DDV podjetja ter ostale podatke, ki jih uporabnik vnese v relevantna polja pred oddajo naro\u010dila, zgodovino nakupov uporabnika (kupljeni izdelki, \u010das nakupa, \u0161tevilo nakupov), enostavno obravnavanje obna\u0161anja na spletni strani Hempika, odzivi uporabnika (odprtje sporo\u010dila, klik na povezavo, nakup) na razli\u010dna sporo\u010dila, ki mu jih po\u0161ilja Hempika.<\/p>\n<p>\u010ce tega uporabnik ne \u017eeli, lahko s pisno zahtevo na elektronski naslov info@hempika.com kadarkoli zahteva prekinitev tovrstne obdelave podatkov.<\/p>\n<h3>Obdelava na podlagi uporabnikove privolitve<\/h3>\n<p>Hempika zbira in obdeluje osebne podatke uporabnika za namene:<\/p>\n<ul>\n<li>povabil na dogodke,<\/li>\n<li>po\u0161iljanje komercialnih ponudb in drugih vsebin preko elektronske po\u0161te, SMS sporo\u010dil, navadne po\u0161te ali telefonskih klicev ter socialnih omre\u017eij (Facebook, Instagram), kadar za to ni druge podlage in s tem uporabnik sogla\u0161a,<\/li>\n<li>pripravo in po\u0161iljanje personaliziranih e-novic, \u010de je uporabnik nanje naro\u010den,<\/li>\n<li>sodelovanje v nagradnih igrah,<\/li>\n<li>vse ostale namene, za katere se uporabnik specifi\u010dno strinja pri sodelovanju s Hempika.<\/li>\n<\/ul>\n<p>Za ta namen Hempika zbira in obdeluje naslednje osebne podatke: ime in priimek, naslov in kraj bivanja, naslov elektronske po\u0161te, kontaktno telefonsko \u0161tevilko, ime in priimek zastopnika pravne osebe, naziv pravne osebe, naslov pravne osebe, ID za DDV podjetja ter ostale podatke, ki jih uporabnik vnese v relevantna polja pred oddajo naro\u010dila, zgodovino nakupov uporabnika (kupljeni izdelki, \u010das nakupa, \u0161tevilo nakupov), enostavno obravnavanje obna\u0161anja na spletni strani Hempika, odzivi uporabnika (odprtje sporo\u010dila, klik na povezavo, nakup) na razli\u010dna sporo\u010dila, ki mu jih po\u0161ilja Hempika.<\/p>\n<h3>Obdelava na podlagi pogodbe<\/h3>\n<p>Kot uporabnik ste seznanjeni in sogla\u0161ate, da lahko Hempika posamezna opravila v zvezi z va\u0161imi osebnimi podatki zaupa drugim osebam (pogodbenim obdelovalcem). Pogodbeni obdelovalci lahko zaupane podatke obdelujejo izklju\u010dno v imenu Hempika, v mejah ponudnikovega pooblastila (v pisni pogodbi oziroma drugem pravnem aktu) in skladno z nameni, ki so opredeljeni v tej politiki zasebnosti.<\/p>\n<p>Pogodbeni obdelovalci, s katerimi sodeluje Hempika so:<\/p>\n<ul>\n<li>ra\u010dunovodski servis,<\/li>\n<li>odvetni\u0161ke pisarne in drugi ponudniki pravnega svetovanja,<\/li>\n<li>ponudniki obdelave podatkov in analitike,<\/li>\n<li>vzdr\u017eevalci IT sistemov,<\/li>\n<li>ponudniki po\u0161iljanja e-po\u0161tnih sporo\u010dil,<\/li>\n<li>ponudniki pla\u010dilnih sistemov,<\/li>\n<li>ponudniki sistemov za upravljanje odnosov s kupci,<\/li>\n<li>ponudniki re\u0161itev za spletno ogla\u0161evanje,<\/li>\n<li>ponudniki storitev marketinga,<\/li>\n<li>ponudniki po\u0161iljanja sms sporo\u010dil,<\/li>\n<li>ponudniki programskih re\u0161itev,<\/li>\n<li>ponudniki logisti\u010dnih storitev,<\/li>\n<li>dostavne slu\u017ebe.<\/li>\n<\/ul>\n<p>Podjetje Hempika d.o.o. ne bo posredovalo osebnih podatkov uporabnika tretjim nepoobla\u0161\u010denim osebam.<\/p>\n<p>Pogodbeni obdelovalci so dol\u017eni spo\u0161tovati zakonodajo glede obdelave in varstva osebnih podatkov in osebnih podatkov ne smejo uporabiti za zasledovanje kakr\u0161nihkoli lastnih interesov.<\/p>\n<h3>Hramba osebnih podatkov in obdobje obdelave<\/h3>\n<p>Podjetje Hempika d.o.o. osebne podatke hrani na stre\u017enikih ponudnikov storitev v oblaku, ki se nahajajo izven Slovenije.<\/p>\n<p>Osebne podatke, ki jih Hempika obdeluje na podlagi zakona, Hempika hrani za obdobje, ki ga predpisuje zakon. Tiste osebne podatke, ki jih Hempika obdeluje zaradi izvedbe pogodbenega odnosa s uporabnikom, Hempika hrani za obdobje, ki je potrebno za izvr\u0161itev pogodbe in \u0161e 5 let po njenem prenehanju, razen v primerih, ko pride med uporabnikom in Hempika do spora v zvezi s pogodbo; v takem primeru hrani Hempika podatke \u0161e 5 let po pravnomo\u010dnosti sodne ali arbitra\u017ene odlo\u010dbe ali poravnave ali, \u010de sodnega spora ni bilo, 5 let od dneva mirne re\u0161itve spora.<\/p>\n<p>Tiste osebne podatke, ki jih Hempika obdeluje na podlagi osebne privolitve posameznika ali zakonitega interesa, Hempika hrani trajno, do preklica te privolitve s strani posameznika oz. zahteve po prekinitvi obdelave. Hempika take podatke izbri\u0161e \u0161e pred preklicem le, kadar je \u017ee dose\u017een namen obdelave osebnih podatkov ali \u010de tako dolo\u010da zakon.<\/p>\n<p>V kolikor bi prenehal namen, za katerega so bili osebni podatki pridobljeni, podjetje Hempika d.o.o. zbirke podatkov, katerih namen je prenehal, nemudoma u\u010dinkovito in trajno izbri\u0161e.<\/p>\n<h3>Varstvo osebnih podatkov<\/h3>\n<p>Vse posredovane informacije so varovane pred vdorom tretjih oseb, kar uporabniku zagotavlja brezskrbno in nemoteno poslovanje s Hempiko. Politika zasebnosti obravnava ravnanje z informacijami, ki jih Hempika dobi o uporabniku, kadar obi\u0161\u010de in uporabi <a href=\"https:\/\/hempika.com\/sl\/\" title=\"Hempika - Uradna spletna stran\" target=\"_blank\" rel=\"noopener\">spletno stran Hempika<\/a> oziroma, ko na spletni strani izvede druge aktivnosti. Hempika si mo\u010dno prizadeva za zagotovitev varnosti osebnih podatkov. Osebni podatki uporabnika so ves \u010das za\u0161\u010diteni pred izgubo, uni\u010denjem, ponarejanjem, manipuliranjem in neavtoriziranim dostopom ali neavtoriziranim odkritjem. Hempika za varstvo poskrbi z razli\u010dnimi ukrepi in informacijski mehanizmi, ki zagotavljajo nemoteno delovanje spletne strani in varnost prenosa podatkov na njej.<\/p>\n<h3>Svoboda izbire<\/h3>\n<p>Informacije, ki jih o sebi posredujejo uporabniki, nadzorujejo oni. \u010ce se odlo\u010dijo, da njihovih podatkov Hempika ne bodo posredovali, potem do nekaterih mest oziroma funkcij na spletni strani ne bodo mogli dostopati.<\/p>\n<p>V primeru, da se spremenijo osebni podatki uporabnika (po\u0161tna \u0161tevilka, e-naslov, fizi\u010dni naslov, telefonska \u0161tevilka itd.), prosimo, da nas o spremembah obvestil na elektronski naslov: info@hempika.com.<\/p>\n<h3>Mladoletne osebe<\/h3>\n<p>Hempika mo\u010dno priporo\u010da vsem star\u0161em in skrbnikom, da nau\u010dijo svoje otroke in oskrbovance varnega in odgovornega ravnanja z osebnimi podatki na medmre\u017eju. Mladoletne osebe ne bi smele prena\u0161ati kakr\u0161nih koli osebnih podatkov na spletne strani brez dovoljenja star\u0161ev ali skrbnikov. Podjetje Hempika d.o.o. ne bo nikoli zavestno zbiralo osebnih podatkov od oseb, za katere bi bilo seznanjeno, da so mladoletne.<\/p>\n<h3>Pravice posameznika<\/h3>\n<p>Skladno z veljavno zakonodajo, ki ureja podro\u010dje varstva osebnih podatkov, ima uporabnik pravico dano privolitev kadarkoli preklicati, pravico pa ima tudi zahtevati vpogled, popravek, omejitev obdelave ali izbris osebnih podatkov, in sicer tako, da podjetje Hempika d.o.o. o tem obvesti pisno po po\u0161ti na naslov Cankarjeva ulica 84, 5000 Nova Gorica, Slovenija, EU ali preko elektronske po\u0161te info@hempika.com. Na navedeni naslov lahko uporabnik poda tudi prito\u017ebo v zvezi z obdelavo njegovih osebnih podatkov.<\/p>\n<p>Uporabnik lahko prito\u017ebo glede obdelave njegovih osebnih podatkov poda tudi neposredno pristojnemu nadzornemu organu, tj. Informacijskemu poobla\u0161\u010dencu Republike Slovenije.<\/p>\n<h3>Ravnanje v primeru kr\u0161itev<\/h3>\n<p>V primeru kr\u0161itev varstva osebnih podatkov bo podjetje Hempika d.o.o. ravnalo v skladu z veljavno zakonodajo in nemudoma izvedlo vse notranje in zunanje ukrepe (tehni\u010dne, organizacijske) za za\u0161\u010dito pravic in interesov posameznika, vsakega od prizadetih bo o tem obvestilo, prav tako bo s tem seznanilo pristojni nadzorni organ v Republiki Sloveniji.<\/p>\n<h2>Pi\u0161kotki<\/h2>\n<h3>Kaj so pi\u0161kotki in zakaj jih spletna stran potrebuje?<\/h3>\n<p>Pi\u0161kotek je majhna tekstovna datoteka, ki se prenese na ra\u010dunalnik uporabnika ob njegovem obisku spletne strani in obi\u010dajno vsebuje:<\/p>\n<ul>\n<li>ime stre\u017enika, s katerega je bil poslan pi\u0161kotek,<\/li>\n<li>\u017eivljenjsko dobo pi\u0161kotka,<\/li>\n<li>vrednost \u2013 navadno naklju\u010dno generirano edinstveno \u0161tevilo.<\/li>\n<\/ul>\n<p>Sam pi\u0161kotek ne vsebuje ali zbira informacij. \u010ce pa ga prebere stre\u017enik skupaj s spletnim brskalnikom, je to lahko spletnemu mestu v pomo\u010d pri izvajanju uporabniku prijaznej\u0161ih storitev \u2013 na primer tako, da se spomni prej\u0161njih nakupov ali podatkov o uporabnikovem ra\u010dunu. Samo stre\u017enik, ki je poslal pi\u0161kotek, lahko prebere in uporablja ta pi\u0161kotek. Na spletnem mestu, vrednem zaupanja, lahko tako pi\u0161kotki obogatijo izku\u0161njo. Lahko pa so pi\u0161kotki uporabljeni tudi na na\u010dine, ki pomenijo poseg v uporabnikovo zasebnost. Pi\u0161kotki so lahko shranjeni razli\u010dno dolgo, le za trajanje seje brskanja ali pa veliko dlje.<\/p>\n<h3>Katere pi\u0161kotke uporabljamo na strani in zakaj<\/h3>\n<p>Spletni pi\u0161kotki, ki jih uporablja spletna stran podjetja Hempika, delimo na nujne za delovanje spletne strani podjetja Hempika in nenujne (nenujne pi\u0161kotke lahko uporabnik zavrne).<\/p>\n<h3>Seznam pi\u0161kotkov, ki jih uporablja spletna stran podjetja Hempika<\/h3>\n<table>\n<thead>\n<tr>\n<th>Ime<\/th>\n<th>Opis<\/th>\n<th>Trajanje<\/th>\n<\/tr>\n<\/thead>\n<tbody>\n<tr>\n<td>_ga<\/td>\n<td>Izra\u010duna podatke o obiskovalcih, sejah in ogla\u0161evalskih akcijah ter spremlja uporabo spletnega mesta za analiti\u010dno poro\u010dilo.<\/td>\n<td>2 leti<\/td>\n<\/tr>\n<tr>\n<td>_gat_gtag_[property_id]<\/td>\n<td>Nastavljen s strani Google-a z namenom razlikovanja uporabnikov.<\/td>\n<td>1 minuta<\/td>\n<\/tr>\n<tr>\n<td>_gid<\/td>\n<td>Uporablja se za shranjevanje informacij o tem, kako obiskovalci uporabljajo spletno mesto, in pomaga pri ustvarjanju analiti\u010dnega poro\u010dila o tem, kako deluje spletno mesto.<\/td>\n<td>1 dan<\/td>\n<\/tr>\n<tr>\n<td>_lscache_vary<\/td>\n<td>Uporablja se za shranjevanje podatkov o prijavi na spletno mesto in kak\u0161na je va\u0161a uporabni\u0161ka vloga.<\/td>\n<td>14 dni<\/td>\n<\/tr>\n<tr>\n<td>wordpress_logged_in_[hash]<\/td>\n<td>Uporablja se za identifikacijo uporabnika in kdaj je le-ta prijavljen.<\/td>\n<td>14 dni<\/td>\n<\/tr>\n<tr>\n<td>wordpress_sec_[hash]<\/td>\n<td>Uporablja se za shranjevanje va\u0161ih podrobnosti o avtentikaciji.<\/td>\n<td>14 dni<\/td>\n<\/tr>\n<tr>\n<td>wp-wpml_current_language<\/td>\n<td>Uporablja se za sledenje jezikovnih nastavitev uporabnika.<\/td>\n<td>1 dan<\/td>\n<\/tr>\n<tr>\n<td>wp_automatewoo_session_started<\/td>\n<td>Uporablja se za identifikacijo seje na spletnem mestu.<\/td>\n<td>Seja<\/td>\n<\/tr>\n<tr>\n<td>wp_automatewoo_visitor_[hash]<\/td>\n<td>Uporablja se za identifikacijo seje na spletnem mestu.<\/td>\n<td>1 leto<\/td>\n<\/tr>\n<tr>\n<td>woocommerce_cart_hash<\/td>\n<td>Uporablja se za dolo\u010danje, kdaj se spremenijo podatki ali vsebina ko\u0161arice.<\/td>\n<td>Seja<\/td>\n<\/tr>\n<tr>\n<td>woocommerce_items_in_cart<\/td>\n<td>Uporablja se za dolo\u010danje, kdaj se spremenijo podatki ali vsebina ko\u0161arice.<\/td>\n<td>Seja<\/td>\n<\/tr>\n<tr>\n<td>elementor<\/td>\n<td>Lastniku spletnega mesta omogo\u010da implementacijo ali spreminjanje vsebine spletnega mesta v realnem \u010dasu.<\/td>\n<td>Ni\u010d<\/td>\n<\/tr>\n<\/tbody>\n<\/table>\n<h3>Kon\u010dne dolo\u010dbe<\/h3>\n<p>Z uporabo spletne strani in spletne trgovine Hempika, uporabnik potrjuje, da sprejema, razume in sogla\u0161a s celotno vsebino te predmetne politike Zasebnosti in Pi\u0161kotkov.<\/p>\n<p>Hempika bo obvestila uporabnike o spremembah predmetne politike Zasebnosti in Pi\u0161kotkov na obi\u010dajno zanesljiv na\u010din (z objavo na spletni strani). Ta politika zasebnosti se lahko kadarkoli spremeni ali dopolni, brez predhodnega opozorila ali obvestila. \u0160teje se, da uporabnik sprejema, razume in sogla\u0161a s spremembami politike Zasebnosti in Pi\u0161kotkov, \u010de po objavi sprememb nadaljuje z uporabo spletne strani in spletne trgovine Hempika.<\/p>\n<p>Predmetna politika Zasebnosti in Pi\u0161kotkov za\u010dne veljati <strong>21.12.2021<\/strong>.<\/p>\n<\/div>\n<\/div>\n","protected":false},"excerpt":{"rendered":"<p>Zasebnost in pi\u0161kotki Politika zasebnosti Namen politike zasebnosti je seznanitev uporabnikov spletne strani Hempika v lasti podjetja Hempika d.o.o., z nameni in podlago za obdelovanje njihovih osebnih podatkov s strani podjetja Hempika d.o.o. (v nadaljevanju: Hempika) in s seznanitvijo njihovih pravic. Podatki o podjetju: Hempika d.o.o. Cankarjeva ulica 84 5000 Nova Gorica Slovenija, EU ID [&hellip;]<\/p>\n","protected":false},"author":1,"featured_media":0,"parent":0,"menu_order":0,"comment_status":"closed","ping_status":"closed","template":"custom-page-template.php","meta":{"footnotes":""},"class_list":["post-11227","page","type-page","status-publish","hentry"],"_links":{"self":[{"href":"https:\/\/hempika.com\/sl\/wp-json\/wp\/v2\/pages\/11227","targetHints":{"allow":["GET"]}}],"collection":[{"href":"https:\/\/hempika.com\/sl\/wp-json\/wp\/v2\/pages"}],"about":[{"href":"https:\/\/hempika.com\/sl\/wp-json\/wp\/v2\/types\/page"}],"author":[{"embeddable":true,"href":"https:\/\/hempika.com\/sl\/wp-json\/wp\/v2\/users\/1"}],"replies":[{"embeddable":true,"href":"https:\/\/hempika.com\/sl\/wp-json\/wp\/v2\/comments?post=11227"}],"version-history":[{"count":0,"href":"https:\/\/hempika.com\/sl\/wp-json\/wp\/v2\/pages\/11227\/revisions"}],"wp:attachment":[{"href":"https:\/\/hempika.com\/sl\/wp-json\/wp\/v2\/media?parent=11227"}],"curies":[{"name":"wp","href":"https:\/\/api.w.org\/{rel}","templated":true}]}}