{"id":40542,"date":"2023-03-13T13:48:51","date_gmt":"2023-03-13T12:48:51","guid":{"rendered":"https:\/\/hempika.com\/product\/pasta-di-cbd\/"},"modified":"2026-05-02T15:35:00","modified_gmt":"2026-05-02T13:35:00","slug":"pasta-di-cbd","status":"publish","type":"product","link":"https:\/\/hempika.com\/it\/prodotto\/pasta-di-cbd\/","title":{"rendered":"Pasta di CBD"},"content":{"rendered":"<div class=\"dolg\">\r\n\r\n<p>La <strong>pasta di CBD<\/strong> Hempika \u00e8 una scelta diretta per i veri amanti del CBD e per gli utenti esperti. Puoi scegliere tra tre diverse concentrazioni, tutte realizzate con estratto di Cannabis sativa a spettro completo, burro di cocco e cera d&#8217;api. La confezione pratica a forma di dispenser permette un dosaggio preciso.<\/p>\r\n\r\n<p>A seconda delle tue esigenze e della tua esperienza con il CBD, scegli la concentrazione di pasta adatta:<\/p>\r\n\r\n<ul>\r\n\t<li><strong>Pasta di CBD 1000mg<\/strong>: Dose media-alta per utenti esperti e assidui.<\/li>\r\n\t<li><strong>Pasta di CBD 1500mg<\/strong>: Dose alta per chi \u00e8 pronto a portare il suo viaggio con il CBD al livello successivo.<\/li>\r\n\t<li><strong>Pasta di CBD 2500mg<\/strong>: La dose pi\u00f9 forte per i &#8220;veterani&#8221; del CBD e per chi \u00e8 &#8220;all-in&#8221;.<\/li>\r\n<\/ul>\r\n\r\n<p>Le piante di canapa coltivate biologicamente ci forniscono l&#8217;estratto di CBD. Come lo facciamo? Utilizzando CO2 supercritica che conserva una vasta gamma di cannabinoidi e un ampio spettro di composti benefici. Grazie alla ricca gamma di composti biologicamente attivi e alle loro interazioni complesse, la pasta di CBD svolge un ruolo nel funzionamento del sistema endocannabinoide. Il risultato? Effetti benefici sul benessere e sulla salute generale.<\/p>\r\n\r\n<h2>\u00c8 questo il prodotto giusto per me?<\/h2>\r\n\r\n<p>Non sei sicuro di essere pronto per provare una pasta di CBD ad alta potenza? \u00c8 sicuramente la scelta giusta se stai cercando un prodotto che contenga composti naturalmente presenti, come cannabinoidi, terpeni, flavonoidi, amminoacidi, chetoni, glicosidi, vitamine, pigmenti e altri nutrienti. La consigliamo agli utenti intermedi e avanzati abituati agli effetti potenti del CBD.<\/p>\r\n\r\n<p>Rispetto alle gocce di CBD, la pasta di CBD offre un\u2019esperienza pi\u00f9 completa. Ecco alcuni momenti in cui le persone tendono ad usare dosi pi\u00f9 potenti di pasta di CBD:<\/p>\r\n\r\n<ul>\r\n\t<li>Accorcia il tempo di recupero muscolare dopo sport ad alte prestazioni. Hai fatto una lunga escursione o cerchi un modo per ridurre il tempo di recupero e dare al tuo corpo un meritato rilassamento? Gli sportivi sono solitamente entusiasti dei risultati ottenuti con una pasta di CBD ad alto dosaggio.<\/li>\r\n\t\r\n\t<li>Ti consideri un nottambulo, mai veramente pronto a dormire? Prova la pasta di CBD e preparati a piacevoli sorprese!<\/li> \r\n\t\r\n\t<li>La canzone &#8220;Hello darkness, my old friend&#8221; \u00e8 quasi sempre in ripetizione? La vita \u00e8 tutt&#8217;altro che luminosa quando sei avvolto da ansia, depressione e attacchi di panico. Molto si pu\u00f2 fare per superare questi stati, e sicuramente non esiste una soluzione magica unica. Tuttavia, nel caos emotivo, i nostri clienti riferiscono spesso un sollievo dalle sensazioni spiacevoli quando usano una pasta di CBD ad alta dose.<\/li> \r\n\t\r\n\t<li>Cerchi uno slancio di creativit\u00e0? La musa dell&#8217;ispirazione non pu\u00f2 comunicare con te se la tua mente \u00e8 costantemente piena di stress, paure e compiti. Per staccare dalle follie dell&#8217;era moderna, artisti e creativi in tutto il mondo utilizzano prodotti a base di CBD. Pensiamo che valga la pena provarci!<\/li>\r\n\t\r\n\t<li>Le situazioni quotidiane e gli stati fisici e mentali possono portare a condizioni pi\u00f9 gravi. I nostri clienti hanno riferito di ricorrere al CBD per problemi di ogni genere, come il sollievo dal dolore fisico, la gestione delle dipendenze, i postumi di una sbornia, i problemi intestinali, varie malattie della pelle, alcuni disturbi neurologici, un\u2019ampia gamma di malattie autoimmuni, numerosi disturbi mentali, e molto altro ancora.<\/li>\r\n<\/ul>\r\n\r\n<h2>Come e quando usare la pasta di CBD?<\/h2>\r\n\r\n<p>Non ci sono regole precise su quando o con quale frequenza utilizzare la pasta di CBD. Ogni persona \u00e8 diversa, cos\u00ec come lo \u00e8 l&#8217;uso della pasta di CBD. Con il tempo scoprirai la tua ricetta personale e instaurerai una tua relazione con i prodotti al CBD. Ti consigliamo di iniziare con calma e aumentare la dose in base alle tue esigenze e stati d&#8217;animo quotidiani. Ma non temere &#8211; non c\u2019\u00e8 il rischio di prendere troppo CBD e &#8220;essere sballati&#8221;.<\/p>\r\n\r\n<h2>Crea il tuo rituale di canapa<\/h2>\r\n\r\n<p>Pronto per un esperimento rituale? S\u00ec, noi li adoriamo! Pensa a come potresti associare l&#8217;uso del CBD a uno dei tuoi rituali quotidiani gi\u00e0 ben radicati. Quando potresti aver bisogno di relax e pace dello spirito? Trasforma i momenti frenetici in una pausa per respirare, fare dolci stiramenti del corpo, e un paio di giri dell&#8217;applicatore di pasta di CBD. Scegli il momento che ti si addice meglio \u2013 magari prima di addormentarti, prima di un incontro importante, quando senti la pressione aumentare, o in qualsiasi altro momento in cui hai bisogno di un po\u2019 di tempo per te. Sii creativo; trova idee originali per incorporare il CBD nella tua routine quotidiana! La pasta di CBD Hempika pu\u00f2 diventare un compagno SOS, sempre nella tua borsa o tasca.<\/p>\r\n\r\n<h2>Che sapore ha?<\/h2>\r\n\r\n<p>Sei scettico sul sapore della pasta di CBD? Dopotutto, sembra un po\u2019 strana, scura, e non proprio come la cosa pi\u00f9 appetitosa del mondo, giusto? Beh, dopotutto \u00e8 canapa quella che usi! La pasta di CBD contiene burro di cocco e cera d&#8217;api, ma ha ancora un sapore simile alla canapa.<\/p>\r\n\r\n<h2>Uso<\/h2>\r\n\r\n<p>Ruota l&#8217;applicatore in senso orario per distribuire.<br\/>\r\nDopo l&#8217;uso, ruota l&#8217;applicatore in senso antiorario per rilasciare la pressione ed evitare perdite.<br\/>\r\n1 giro contiene 30mg \/ 45mg \/ 75mg di cannabidiolo (CBD).<br\/>\r\nInterrompere l&#8217;uso in caso di ipersensibilit\u00e0.<\/p>\r\n\r\n<h2>Ingredienti<\/h2>\r\n<p>Estratto di canapa a spettro completo, burro di cocco, cera d&#8217;api.<br\/>\r\n<u>INCI<\/u>: Estratto di foglia di Cannabis Sativa, Olio di Cocos Nucifera, Cera Alba.<\/p>\r\n\r\n<h2>Conservazione<\/h2>\r\n<p>Conservare in luogo fresco. Proteggere dalla luce solare.<br\/>\r\nTenere fuori dalla portata dei bambini.<br\/>\r\nDurata di conservazione: 18 mesi<\/p>\r\n\r\n<\/div>\n","protected":false},"excerpt":{"rendered":"<div class=\"kratek\">\n<p>Vuoi la forma pi\u00f9 pura e potente di CBD a spettro completo? Scegli la pasta di CBD! \u00c8 la scelta ideale per gli amanti esperti del CBD che cercano il meglio della canapa. Disponibile in tre concentrazioni.<\/p>\n<\/div>\n","protected":false},"featured_media":44937,"comment_status":"open","ping_status":"closed","template":"","meta":[],"product_brand":[],"product_cat":[334],"product_tag":[],"class_list":{"0":"post-40542","1":"product","2":"type-product","3":"status-publish","4":"has-post-thumbnail","6":"product_cat-prodotti-di-canapa","8":"first","9":"instock","10":"taxable","11":"shipping-taxable","12":"purchasable","13":"product-type-variable","14":"has-default-attributes"},"_links":{"self":[{"href":"https:\/\/hempika.com\/it\/wp-json\/wp\/v2\/product\/40542","targetHints":{"allow":["GET"]}}],"collection":[{"href":"https:\/\/hempika.com\/it\/wp-json\/wp\/v2\/product"}],"about":[{"href":"https:\/\/hempika.com\/it\/wp-json\/wp\/v2\/types\/product"}],"replies":[{"embeddable":true,"href":"https:\/\/hempika.com\/it\/wp-json\/wp\/v2\/comments?post=40542"}],"wp:featuredmedia":[{"embeddable":true,"href":"https:\/\/hempika.com\/it\/wp-json\/wp\/v2\/media\/44937"}],"wp:attachment":[{"href":"https:\/\/hempika.com\/it\/wp-json\/wp\/v2\/media?parent=40542"}],"wp:term":[{"taxonomy":"product_brand","embeddable":true,"href":"https:\/\/hempika.com\/it\/wp-json\/wp\/v2\/product_brand?post=40542"},{"taxonomy":"product_cat","embeddable":true,"href":"https:\/\/hempika.com\/it\/wp-json\/wp\/v2\/product_cat?post=40542"},{"taxonomy":"product_tag","embeddable":true,"href":"https:\/\/hempika.com\/it\/wp-json\/wp\/v2\/product_tag?post=40542"}],"curies":[{"name":"wp","href":"https:\/\/api.w.org\/{rel}","templated":true}]}}