{"id":24076,"date":"2020-11-18T10:18:28","date_gmt":"2020-11-18T09:18:28","guid":{"rendered":"https:\/\/hempika.com\/product\/gocce-di-cbd-per-animali\/"},"modified":"2026-04-16T08:24:06","modified_gmt":"2026-04-16T06:24:06","slug":"gocce-di-cbd-per-animali","status":"publish","type":"product","link":"https:\/\/hempika.com\/it\/prodotto\/gocce-di-cbd-per-animali\/","title":{"rendered":"Gocce di CBD per animali"},"content":{"rendered":"<div class=\"dolg\">\r\n\r\n<p>Le <strong>gocce di CBD per animali<\/strong> Hempika sono appositamente formulate per i vostri amici pelosi. Sono realizzate con il nostro estratto di Cannabis sativa a spettro completo, disciolto in olio MCT e arricchito con un aroma di pancetta.<\/p>\r\n\r\n<h2>Quando dovrei integrare la dieta del mio animale con gocce di CBD?<\/h2>\r\n\r\n<p>Ci sono molte ragioni per cui i proprietari di animali decidono di integrare la dieta del proprio animale con il CBD. Cominciamo col sfatare il mito che il CBD pu\u00f2 essere usato solo occasionalmente. Questa convinzione non \u00e8 basata su fatti. <strong>Puoi aggiungere le gocce di CBD al cibo del tuo cane \/ gatto \/ &#8230; come supplemento alimentare regolare e quotidiano.<\/strong> Tuttavia, puoi comunque decidere di utilizzarle solo per occasioni speciali \u2013 come a dicembre, quando ci sono molti rumori dovuti ai fuochi d&#8217;artificio e gli animali diventano ansiosi e spaventati. Il CBD funziona come un elisir magico per alleviare lo stress e l&#8217;ansia.<\/p>\r\n\r\n<p><strong>La seconda ragione per cui i proprietari di animali scelgono spesso il CBD \u00e8 il dolore legato all&#8217;invecchiamento.<\/strong> Il tuo amico peloso adorava correre, saltare e giocare a riportare la pallina? Ma con l&#8217;et\u00e0, ha iniziato a sperimentare dolori articolari e rigidit\u00e0 che gli rendono difficile fare tutto ci\u00f2 che amava. In qualche modo, cani \/ gatti \/ &#8230; non sono cos\u00ec diversi dagli umani \u2013 tutti sperimentiamo gli stessi dolori fisici e stati emotivi e abbiamo un sistema endocannabinoide nei nostri corpi. <strong>Il CBD agisce interagendo con il sistema endocannabinoide del corpo, che aiuta a regolare dolore, infiammazione e ansia \u2013 sia per gli animali che per gli umani!<\/strong> L&#8217;uso regolare del CBD pu\u00f2 aiutare il tuo animale a muoversi pi\u00f9 facilmente e a sentirsi pi\u00f9 a suo agio nella propria pelle.<\/p>\r\n\r\n<p><strong>I benefici delle gocce di CBD per gli animali vanno oltre il semplice sollievo dal dolore articolare. Ecco altri motivi per usarle:<\/strong><\/p>\r\n\r\n<ul>\r\n\t<li><u>Ansia<\/u>: Se il tuo compagno a quattro zampe diventa ansioso durante i viaggi in macchina, i temporali o altre situazioni stressanti, l&#8217;olio di CBD pu\u00f2 aiutare a calmare i suoi nervi e farlo sentire pi\u00f9 rilassato.<\/li>\r\n\t<li><u>Appetito<\/u>: L&#8217;olio di CBD pu\u00f2 essere la soluzione se il tuo animale non mangia quanto dovrebbe. Pu\u00f2 aiutare a stimolare l&#8217;appetito e a riportarlo alle sue abitudini alimentari regolari.<\/li>\r\n\t<li><u>Sostegno al sistema immunitario<\/u>: L&#8217;olio di CBD pu\u00f2 aiutare a potenziare il sistema immunitario del tuo animale, rendendo pi\u00f9 facile combattere infezioni e malattie.<\/li>\r\n\t<li><u>Salute della pelle e del pelo<\/u>: L&#8217;olio di CBD \u00e8 ricco di acidi grassi essenziali, necessari per la salute della pelle e del pelo del tuo animale.<\/li>\r\n<\/ul>\r\n\r\n<h2>Il mio animale si sentir\u00e0 &#8220;drogato&#8221;?<\/h2>\r\n\r\n<p>No, assolutamente no! Il cannabidiolo CBD non psicoattivo \u00e8 il cannabinoide pi\u00f9 abbondante nella canapa e uno dei pi\u00f9 studiati. Se sei titubante perch\u00e9 pensi che possa far sentire il tuo animale &#8220;intontito&#8221; o &#8220;confuso&#8221;, lascia che ti rassicuriamo: tutte queste preoccupazioni sono infondate. Come gli esseri umani, gli animali non possono &#8220;sballarsi&#8221; con l&#8217;uso del CBD. Inoltre, questo prodotto \u00e8 completamente privo di THC!<\/p>\r\n\r\n<p><strong>L&#8217;olio di CBD per animali \u00e8 sicuro, non tossico e ha pochi o nessun effetto collaterale.<\/strong> Che il tuo compagno sia un cane anziano con dolori articolari o un giovane gatto ansioso, l&#8217;olio di CBD pu\u00f2 essere un modo naturale ed efficace per aiutarlo a sentirsi al meglio. L&#8217;estratto delle gocce di CBD Hempika per animali viene ottenuto da piante di canapa coltivate biologicamente utilizzando CO2 supercritica, che preserva una vasta gamma di cannabinoidi e altri nutrienti.<\/p>\r\n\r\n<h2>Ingredienti<\/h2>\r\n<p>Olio MCT, estratto di canapa a spettro completo, aroma di pancetta.<\/p>\r\n\r\n<h2>Uso<\/h2>\r\n<p>Agitare bene prima dell&#8217;uso.<br\/>\r\nMescolare nel cibo o somministrare direttamente nella bocca dell&#8217;animale.<br\/>\r\nConsultare un veterinario prima dell&#8217;uso.<br\/>\r\n1 goccia contiene circa 1.7 mg di cannabidiolo (CBD).<br\/>\r\n1 flacone (10ml) contiene circa 300 gocce.<\/p>\r\n\r\n<h2>Conservazione<\/h2>\r\n<p>Conservare in luogo fresco e al riparo dalla luce.<br\/>\r\nTenere fuori dalla portata dei bambini.<br\/>\r\nDurata di conservazione: 18 mesi<\/p>\r\n\r\n<\/div>\n","protected":false},"excerpt":{"rendered":"<div class=\"kratek\">\n<p>Un sollievo naturale per il tuo amico peloso con il nostro estratto di canapa a spettro completo. Formulato con un aroma di pancetta che soddisfer\u00e0 anche i palati pi\u00f9 esigenti. Il supplemento preferito dal tuo animale domestico.<\/p>\n<\/div>\n","protected":false},"featured_media":47379,"comment_status":"open","ping_status":"closed","template":"","meta":[],"product_brand":[],"product_cat":[334],"product_tag":[],"class_list":{"0":"post-24076","1":"product","2":"type-product","3":"status-publish","4":"has-post-thumbnail","6":"product_cat-prodotti-di-canapa","8":"first","9":"instock","10":"sale","11":"taxable","12":"shipping-taxable","13":"purchasable","14":"product-type-simple"},"_links":{"self":[{"href":"https:\/\/hempika.com\/it\/wp-json\/wp\/v2\/product\/24076","targetHints":{"allow":["GET"]}}],"collection":[{"href":"https:\/\/hempika.com\/it\/wp-json\/wp\/v2\/product"}],"about":[{"href":"https:\/\/hempika.com\/it\/wp-json\/wp\/v2\/types\/product"}],"replies":[{"embeddable":true,"href":"https:\/\/hempika.com\/it\/wp-json\/wp\/v2\/comments?post=24076"}],"wp:featuredmedia":[{"embeddable":true,"href":"https:\/\/hempika.com\/it\/wp-json\/wp\/v2\/media\/47379"}],"wp:attachment":[{"href":"https:\/\/hempika.com\/it\/wp-json\/wp\/v2\/media?parent=24076"}],"wp:term":[{"taxonomy":"product_brand","embeddable":true,"href":"https:\/\/hempika.com\/it\/wp-json\/wp\/v2\/product_brand?post=24076"},{"taxonomy":"product_cat","embeddable":true,"href":"https:\/\/hempika.com\/it\/wp-json\/wp\/v2\/product_cat?post=24076"},{"taxonomy":"product_tag","embeddable":true,"href":"https:\/\/hempika.com\/it\/wp-json\/wp\/v2\/product_tag?post=24076"}],"curies":[{"name":"wp","href":"https:\/\/api.w.org\/{rel}","templated":true}]}}