{"id":24074,"date":"2020-11-18T10:17:05","date_gmt":"2020-11-18T09:17:05","guid":{"rendered":"https:\/\/hempika.com\/product\/balsamo-al-cbd\/"},"modified":"2026-04-14T21:52:09","modified_gmt":"2026-04-14T19:52:09","slug":"balsamo-al-cbd","status":"publish","type":"product","link":"https:\/\/hempika.com\/it\/prodotto\/balsamo-al-cbd\/","title":{"rendered":"Balsamo CBD"},"content":{"rendered":"<div class=\"dolg\">\n<p>Si dice che per ogni malattia cresca un fiore, e abbiamo raccolto i migliori rimedi naturali del mondo per la pelle problematica in un solo prodotto: il balsamo terapeutico CBD. \u00c8 progettato per evitare che la pelle si secchi e favorire il processo di guarigione. Grazie agli effetti nutrienti di ogni ingrediente che contiene, questo balsamo diventer\u00e0 un amico indispensabile per la vostra pelle.<\/p>\n<p>Il Balsamo CBD Hempika \u00e8 anche chiamato &#8220;Pomata SoS&#8221;, utilizzato per nutrire delicatamente la pelle, i capelli e le unghie. Il balsamo agisce come un potente antiossidante; rafforza il sistema di difesa naturale della pelle e la sua capacit\u00e0 di rigenerarsi, offrendo un eccellente mezzo per alleviare ed eliminare vari tipi di disturbi della pelle. Pu\u00f2 essere utilizzato per alleviare vari problemi della pelle, come dermatiti, herpes e punture di insetti; aiuta a guarire le ferite (agisce come un vulnerario naturale).<\/p>\n<p>Il balsamo CBD \u00e8 un amico indispensabile e un compagno quotidiano per la cura della pelle problematica. Questa formula \u00e8 senza acqua, il che significa che non \u00e8 necessario utilizzare conservanti n\u00e9 aggiungere alcol. Ci\u00f2 che lo rende cos\u00ec unico \u00e8 una selezione di ingredienti naturali: Olio di Nocciolo di Albicocca, Olio di Cocco, Burro di Karit\u00e9, Olio di Sesamo, Cera di Candelilla, Olio d&#8217;Oliva, Burro di Semi di Cacao, Estratto di Canapa, Olio di Semi d&#8217;Uva ed Estratto di Foglie di Rosmarino. <strong>Solo i migliori oli nutrienti per i tipi di pelle pi\u00f9 sensibili.<\/strong><\/p>\n<h2>Come e quando usare il balsamo CBD?<\/h2>\n<p>Non ci sono regole per il suo utilizzo! Potete usarlo ogni volta che volete! I nostri amati clienti che usano regolarmente questa &#8220;magia in bottiglia&#8221; riferiscono che un&#8217;applicazione regolare del balsamo fa la differenza in situazioni \/ problemi come eczema, pelle secca, dermatite, scottature solari, psoriasi, pelle irritata e altre spiacevolezze della pelle.<\/p>\n<h2>Scopri gli ingredienti in dettaglio<\/h2>\n<p><strong>Estratto di CBD<\/strong><br \/>\n<i><small>(Cannabis Sativa Leaf Extract)<\/small><\/i><\/p>\n<p>Il nostro ingrediente preferito di sempre \u00e8 ovviamente il CBD! \u00c8 una soluzione ideale per le pelli sensibili soggette a rossori e irritazioni. Per quanto riguarda la cura della pelle, possiede propriet\u00e0 impressionanti, come la riduzione dell&#8217;infiammazione (pu\u00f2 essere utile per condizioni come acne, eczema e psoriasi). Aiuta a idratare, ammorbidire e idratare la pelle; ha benefici anti-et\u00e0, protegge la pelle dai danni causati dai radicali liberi e bilancia la produzione di sebo nella pelle, rendendolo benefico per chi ha la pelle grassa o soggetta all&#8217;acne.<\/p>\n<p><strong>Olio di Nocciolo di Albicocca<\/strong><br \/>\n<i><small>(Prunus Armeniaca Kernel Oil)<\/small><\/i><\/p>\n<p>L&#8217;olio di nocciolo di albicocca \u00e8 ricco di vitamina E antiossidante e di acidi grassi nutrienti (principalmente acido oleico 54-74%, acido linoleico 12-35%). \u00c8 conosciuto come olio emolliente, ha propriet\u00e0 nutrienti e idratanti, nutre i capelli e migliora l&#8217;elasticit\u00e0 della pelle. \u00c8 ideale per i tipi di pelle secca (grazie alle alte dosi di acido oleico che contiene), lenisce le infiammazioni e mantiene una pelle dall&#8217;aspetto giovanile. Pu\u00f2 essere utile per condizioni come eczema, psoriasi e rosacea. L&#8217;olio di albicocca pu\u00f2 anche proteggere dai danni causati dal sole poich\u00e9 contiene antiossidanti che possono aiutare a proteggere la pelle dai danni causati dalle radiazioni UV. Inoltre, l&#8217;olio di albicocca viene assorbito facilmente dalla pelle e non lascia un effetto grasso.<\/p>\n<p><strong>Olio di Cocco<\/strong><br \/>\n<i><small>(Cocos Nucifera Oil)<\/small><\/i><\/p>\n<p>Il famoso olio di cocco ha conquistato la scena nell&#8217;ultimo decennio, anche se \u00e8 stato utilizzato per secoli nella medicina tradizionale e nelle pratiche di cura della pelle. La mania che lo circonda \u00e8 reale, e c&#8217;\u00e8 una buona ragione per cui vorreste spalmarlo su tutto il vostro corpo. L&#8217;olio di cocco ha guadagnato popolarit\u00e0 nella cura della pelle grazie ai suoi numerosi benefici, come idratare la pelle, lenire l&#8217;infiammazione, combattere l&#8217;acne, migliorare la texture della pelle e ridurre la comparsa di rughe e linee sottili. \u00c8 uno degli oli con lo spettro pi\u00f9 ampio di effetti positivi sulla pelle.<\/p>\n<p><strong>Burro di Karit\u00e9<\/strong><br \/>\n<i><small>(Butyrospermum Parkii Butter)<\/small><\/i><\/p>\n<p>Il burro di karit\u00e9 \u00e8 probabilmente ancora pi\u00f9 popolare dell&#8217;olio di cocco. Perch\u00e9 tutto questo clamore? Perch\u00e9 funziona come una &#8220;crema idratante ed emolliente magica&#8221;. Il burro di karit\u00e9 (un grasso naturale estratto dalle noci del karit\u00e9) rigenera la pelle e lenisce le infiammazioni, ha propriet\u00e0 curative e protegge la pelle dai fattori esterni (come i raggi UV o il vento). Uno dei suoi ruoli fondamentali nella cura della pelle \u00e8 che aiuta a curare e prevenire le cicatrici. \u00c8 anche ricco di antiossidanti (come le vitamine A, E, F, la quercetina e l&#8217;epigallocatechina gallato). Date una possibilit\u00e0 a questo ingrediente versatile che favorisce la rigenerazione delle cellule cutanee nella vostra routine quotidiana di cura della pelle e sarete sorpresi dai suoi risultati.<\/p>\n<p><strong>Olio di Sesamo<\/strong><br \/>\n<i><small>(Sesamum Indicum Seed Oil)<\/small><\/i><\/p>\n<p>L&#8217;olio di sesamo dorato \u00e8 ricco di elevate quantit\u00e0 di acidi grassi nutrienti e idratanti (circa il 38% di acido oleico e il 48% di acido linoleico) e funziona perfettamente, riparando e rigenerando la pelle secca. \u00c8 conosciuto come &#8220;L&#8217;Olio&#8221; nell&#8217;Ayurveda ed \u00e8 utilizzato da secoli nella medicina tradizionale e nelle pratiche di cura della pelle. L&#8217;olio di sesamo viene rapidamente assorbito e conferisce alla pelle una sensazione morbida e delicata. Le sue propriet\u00e0 benefiche sono: idratare la pelle, proteggere contro le radiazioni UV (contiene antiossidanti naturali che possono aiutare a proteggere la pelle), migliorare la texture della pelle, lenire le infiammazioni e combattere i batteri. Ha propriet\u00e0 antibatteriche che possono aiutare a ridurre il rischio di varie infezioni cutanee.<\/p>\n<p><strong>Altri benefici<\/strong><\/p>\n<p>Altri ingredienti che lavorano la loro magia nel balsamo CBD sono <strong>olio d&#8217;oliva, burro di cacao, olio di semi d&#8217;uva, olio di colza, cera di candelilla e olio essenziale di rosmarino<\/strong>. Portano pi\u00f9 qualit\u00e0 a questo prodotto, come propriet\u00e0 antibatteriche, funzioni astringenti e tonificanti, benefici anti-et\u00e0, miglioramento della funzione barriera cutanea e molti altri.<\/p>\n<h2>Utilizzo<\/h2>\n<p>Applicare su pelle pulita e asciutta con movimenti circolari delicati.<br \/>\nAdatto all&#8217;uso quotidiano e a tutti i tipi di pelle.<br \/>\nIl balsamo \u00e8 efficace anche nella cura di unghie e capelli.<br \/>\n1 ml di balsamo contiene 10 mg di cannabidiolo (CBD).<br \/>\nInterrompere l&#8217;uso in caso di ipersensibilit\u00e0.<\/p>\n<h2>Ingredienti<\/h2>\n<p>Olio di nocciolo di albicocca, olio di cocco, burro di karit\u00e9, olio di sesamo, cera di candelilla, olio di oliva, burro di semi di cacao, estratto di canapa a spettro completo, olio di semi d&#8217;uva, olio di colza, estratto di foglia di rosmarino.<\/p>\n<p><strong>INCI:<\/strong> Prunus Armeniaca Kernel Oil, Cocos Nucifera Oil, Butyrospermum Parkii Butter, Glyceryl Rosinate, Sesamum Indicum Seed Oil, Candelilla Cera, Olea Europaea Fruit Oil, Theobroma Cacao Seed Butter, Cannabis Sativa Leaf Extract, Vitis Vinifera Seed Oil, Caprylic\/Capric Triglyceride, Brassica Campestris Seed Oil, Rosmarinus Officinalis Leaf Extract, Vanillin, Heliotropine, Propylene Glycol.<\/p>\n<h2>Conservazione<\/h2>\n<p>Conservare in un luogo fresco.<br \/>\nProteggere dalla luce solare diretta.<br \/>\nTenere fuori dalla portata dei bambini.<br \/>\nDurata di conservazione: 18 mesi<\/p>\n<\/div>\n","protected":false},"excerpt":{"rendered":"<div class=\"kratek\">\n<p>Pomata terapeutica multiuso con effetto idratante non grasso che lascia una sensazione di morbidezza duratura sulla pelle. Ricca di estratto di canapa a spettro completo, realizzata con i migliori oli noti per la pelle problematica.<\/p>\n<p class=\"kolicina\">300mg CBD \/ 30ml<\/p>\n<\/div>\n","protected":false},"featured_media":44964,"comment_status":"open","ping_status":"closed","template":"","meta":[],"product_brand":[],"product_cat":[334],"product_tag":[],"class_list":{"0":"post-24074","1":"product","2":"type-product","3":"status-publish","4":"has-post-thumbnail","6":"product_cat-prodotti-di-canapa","8":"first","9":"instock","10":"taxable","11":"shipping-taxable","12":"purchasable","13":"product-type-simple"},"_links":{"self":[{"href":"https:\/\/hempika.com\/it\/wp-json\/wp\/v2\/product\/24074","targetHints":{"allow":["GET"]}}],"collection":[{"href":"https:\/\/hempika.com\/it\/wp-json\/wp\/v2\/product"}],"about":[{"href":"https:\/\/hempika.com\/it\/wp-json\/wp\/v2\/types\/product"}],"replies":[{"embeddable":true,"href":"https:\/\/hempika.com\/it\/wp-json\/wp\/v2\/comments?post=24074"}],"wp:featuredmedia":[{"embeddable":true,"href":"https:\/\/hempika.com\/it\/wp-json\/wp\/v2\/media\/44964"}],"wp:attachment":[{"href":"https:\/\/hempika.com\/it\/wp-json\/wp\/v2\/media?parent=24074"}],"wp:term":[{"taxonomy":"product_brand","embeddable":true,"href":"https:\/\/hempika.com\/it\/wp-json\/wp\/v2\/product_brand?post=24074"},{"taxonomy":"product_cat","embeddable":true,"href":"https:\/\/hempika.com\/it\/wp-json\/wp\/v2\/product_cat?post=24074"},{"taxonomy":"product_tag","embeddable":true,"href":"https:\/\/hempika.com\/it\/wp-json\/wp\/v2\/product_tag?post=24074"}],"curies":[{"name":"wp","href":"https:\/\/api.w.org\/{rel}","templated":true}]}}