{"id":24044,"date":"2020-11-18T10:28:39","date_gmt":"2020-11-18T09:28:39","guid":{"rendered":"https:\/\/hempika.com\/product\/tisana-alla-canapa\/"},"modified":"2026-04-13T04:11:28","modified_gmt":"2026-04-13T02:11:28","slug":"tisana-di-canapa","status":"publish","type":"product","link":"https:\/\/hempika.com\/it\/prodotto\/tisana-di-canapa\/","title":{"rendered":"Tisana di canapa"},"content":{"rendered":"<div class=\"dolg\">\n<p>Quale piacere \u00e8 sorseggiare una tisana aromatica con effetti calmanti, sapendo che ti stai concedendo un&#8217;abitudine salutare. La <strong>tisana di canapa<\/strong> Hempika \u00e8 raccolta a mano ed essiccata naturalmente per preservarne l&#8217;aroma e il gusto naturali. Contiene fiori e foglie di canapa accuratamente selezionati della massima qualit\u00e0.<\/p>\n<p><strong>Ti stai chiedendo cosa sia la tisana di canapa?<\/strong> La tisana di canapa \u00e8 fatta dalle foglie e dai fiori secchi della pianta di canapa. Ha un colore verde scuro e un delicato aroma erbaceo. Contiene vitamine, minerali, clorofilla, cannabinoidi, terpeni e flavonoidi naturalmente presenti. \u00c8 nota per i suoi potenziali effetti calmanti sul corpo e sulla mente. Ma non preoccuparti \u2013 la canapa contiene solo &lt; 0,2% o meno di THC. Queste quantit\u00e0 sono troppo basse per causare effetti psicoattivi e la tisana \u00e8 sicura da usare senza effetti collaterali indesiderati.<\/p>\n<p>Le nonne conoscevano i segreti delle erbe e avevano la giusta spezia per ogni occasione. Immagina una fresca serata autunnale a casa di tua nonna, dove ricevi il trattamento pi\u00f9 accogliente. In quelle lunghe serate in cui hai bisogno di calma e tranquillit\u00e0, una tazza di tisana di canapa calda potrebbe essere uno dei segreti di tua nonna. <strong>Poich\u00e9 la tisana di canapa \u00e8 naturalmente priva di caffeina, \u00e8 la scelta ideale prima di infilarsi nel pigiama.<\/strong><\/p>\n<p>Lascia che lo stress della giornata diventi storia, aiutando la tua mente e il tuo spirito a rilassarsi con una tazza ricca di cannabidiolo come il CBD. Scommettiamo che i tuoi sogni saranno pi\u00f9 dolci e le tue serate pi\u00f9 piacevoli.<\/p>\n<h2>Come e quando prepararla?<\/h2>\n<p>Ti consigliamo di concederti una tisana di canapa nei momenti della giornata in cui hai bisogno di relax e desideri centrarti. I pomeriggi e le serate potrebbero essere il momento giusto per il tuo nuovo rituale di canapa.<\/p>\n<h3>Ricetta base:<\/h3>\n<p>Aggiungi cinque cucchiaini di tisana di canapa in 1 litro di acqua calda (80\u201390\u00b0C), attendi 5\u20137 minuti, quindi filtra. Per sperimentare tutto il potenziale dei cannabinoidi, aggiungi un pizzico di grasso vegetale, latte o burro nell\u2019acqua calda prima di aggiungere la tisana di canapa. La tisana di canapa pu\u00f2 essere consumata da sola, con altre erbe o come sostituto di t\u00e8 contenenti teina.<\/p>\n<h3>Infuso vitaminico di calma:<\/h3>\n<p>Pronto a preparare un infuso di calma, antinfiammatorio e ricco di vitamine? Eccolo! Fai bollire 1 litro di acqua (80\u201390\u00b0C) e aggiungi per prima cosa un pizzico di olio di cocco spremuto a freddo. Continua mescolando gli altri ingredienti nella tisana: cinque cucchiaini di tisana di canapa, un cucchiaino di zenzero fresco grattugiato, un quarto di cucchiaino di cannella secca e copri la pentola. Dopo 7 minuti, la tua tisana \u00e8 pronta per essere filtrata. Aggiungi un cucchiaino di miele e del succo di limone appena spremuto. Delizioso!<\/p>\n<h3>Tisana fredda:<\/h3>\n<p>La tisana di canapa pu\u00f2 anche essere gustata fredda! Il suo gusto \u00e8 leggermente amaro quando si raffredda, quindi potresti aggiungere miele o agave. Ma puoi anche essere creativo e preparare una versione cold brew! Avrai bisogno di: una french press; tisana di canapa Hempika; citronella; lime; e un dolcificante a tua scelta. Metti cinque cucchiaini di tisana di canapa e due cucchiaini di citronella essiccata nella french press (volume: 1 litro). Mettila in frigorifero per 8 &#8211; 12 ore. Quando il processo di infusione \u00e8 terminato, filtra la tisana e servila con lime appena spremuto e un cucchiaio di miele. Che bevanda estiva rinfrescante!<\/p>\n<h2>Che sapore ha?<\/h2>\n<p>La tisana di canapa ha un colore verde-marrone e un sapore leggermente amaro. Alcune persone descrivono il suo gusto come &#8220;terroso&#8221; o &#8220;erbaceo&#8221;. Il miglior modo per scoprirne il gusto \u00e8 provarla!<\/p>\n<h2>Ingredienti<\/h2>\n<p>100% foglie e fiori di canapa essiccati (BIO). Certificato BIO, 50g.<br \/><strong>SI-EKO-002<\/strong> <i>(Agricoltura UE)<\/i><\/p>\n<h2>Conservazione<\/h2>\n<p>Conservare in luogo fresco e asciutto.<br \/>\nDurata di conservazione: 12 mesi<\/p>\n<\/div>\n","protected":false},"excerpt":{"rendered":"<div class=\"kratek\">\n<p>Porta calma alla mente e al corpo con la tisana di canapa senza caffeina. Calda o fredda \u2013 preparala come preferisci! Una tazza di tisana aromatica raccolta a mano \u00e8 la ricetta ideale per rilassarsi dopo una lunga giornata.<\/p>\n<p class=\"kolicina\">50g<\/p>\n<\/div>\n","protected":false},"featured_media":44989,"comment_status":"open","ping_status":"closed","template":"","meta":[],"product_brand":[],"product_cat":[334],"product_tag":[],"class_list":{"0":"post-24044","1":"product","2":"type-product","3":"status-publish","4":"has-post-thumbnail","6":"product_cat-prodotti-di-canapa","8":"first","9":"instock","10":"taxable","11":"shipping-taxable","12":"purchasable","13":"product-type-simple"},"_links":{"self":[{"href":"https:\/\/hempika.com\/it\/wp-json\/wp\/v2\/product\/24044","targetHints":{"allow":["GET"]}}],"collection":[{"href":"https:\/\/hempika.com\/it\/wp-json\/wp\/v2\/product"}],"about":[{"href":"https:\/\/hempika.com\/it\/wp-json\/wp\/v2\/types\/product"}],"replies":[{"embeddable":true,"href":"https:\/\/hempika.com\/it\/wp-json\/wp\/v2\/comments?post=24044"}],"wp:featuredmedia":[{"embeddable":true,"href":"https:\/\/hempika.com\/it\/wp-json\/wp\/v2\/media\/44989"}],"wp:attachment":[{"href":"https:\/\/hempika.com\/it\/wp-json\/wp\/v2\/media?parent=24044"}],"wp:term":[{"taxonomy":"product_brand","embeddable":true,"href":"https:\/\/hempika.com\/it\/wp-json\/wp\/v2\/product_brand?post=24044"},{"taxonomy":"product_cat","embeddable":true,"href":"https:\/\/hempika.com\/it\/wp-json\/wp\/v2\/product_cat?post=24044"},{"taxonomy":"product_tag","embeddable":true,"href":"https:\/\/hempika.com\/it\/wp-json\/wp\/v2\/product_tag?post=24044"}],"curies":[{"name":"wp","href":"https:\/\/api.w.org\/{rel}","templated":true}]}}