{"id":23817,"date":"2020-11-18T10:26:59","date_gmt":"2020-11-18T09:26:59","guid":{"rendered":"https:\/\/hempika.com\/product\/farina-di-canapa\/"},"modified":"2026-04-14T04:32:42","modified_gmt":"2026-04-14T02:32:42","slug":"farina-di-canapa","status":"publish","type":"product","link":"https:\/\/hempika.com\/it\/prodotto\/farina-di-canapa\/","title":{"rendered":"Farina di canapa"},"content":{"rendered":"<div class=\"dolg\">\n<p>La canapa, oh canapa, \u00e8 uno dei doni pi\u00f9 belli della natura! Merita un posto nel piatto di ogni persona attenta alla salute, in tutte le sue varie forme! Basta immaginare la vita vibrante che possiamo condurre quando nutriamo il nostro corpo con alimenti che sostengono il nostro benessere generale.<\/p>\n<p>La <strong>farina di canapa<\/strong> Hempika \u00e8 un sottoprodotto integrale della spremitura dei semi di canapa, prodotto macinando la torta di canapa in un mulino a pietra e setacciandola per creare una polvere grossolana. <strong>Ricca di proteine vegetali e fibre alimentari, questa farina \u00e8 la supereroina della panificazione senza glutine. Inoltre, \u00e8 facilmente digeribile ed eccezionalmente nutriente.<\/strong> \u00c8 ricca di grassi sani, vitamine e minerali come la vitamina E, B1, B6, magnesio, fosforo, potassio, ferro, zinco, rame, manganese e calcio. Certo, alcune sostanze benefiche potrebbero essere perse durante la cottura o la cottura al forno, ma la maggior parte del valore nutrizionale trover\u00e0 la sua strada verso il tuo stomaco.<\/p>\n<p><strong>Se non hai ancora incorporato la farina di canapa nelle tue ricette, sei sicuramente in ritardo alla festa sana della canapa!<\/strong> La farina di canapa Hempika pu\u00f2 essere utilizzata per fare pane, pasticcini e altri prodotti da forno, pasta, pizza, gnocchi, ecc. Lo chiami &#8211; la canapa pu\u00f2 farlo! Puoi usare la farina di canapa per mescolare e abbinare fino a trovare la combinazione perfetta per il tuo gusto (solitamente, il rapporto di miscelazione \u00e8 30% di farina di canapa e 70% di altri tipi di farina), o in alcuni casi pu\u00f2 sostituire completamente diversi tipi di farina. Ricorda che la farina di canapa \u00e8 senza glutine, quindi non funziona come ingrediente appiccicoso nelle tue ricette.<\/p>\n<h2>Come incorporare la farina di canapa nella tua dieta quotidiana?<\/h2>\n<p>Che ne dici di provare i pancake alla canapa o il pane alla canapa senza lievito? O di sperimentare con pasta fatta in casa alla canapa? La tua inventiva \u00e8 il limite &#8211; puoi preparare numerosi piatti nutrienti e gustosi usando la farina di canapa.<\/p>\n<p>Se stai cercando altre idee su come usare la farina di canapa in ricette non troppo complicate, ecco la tua fonte d&#8217;ispirazione:<\/p>\n<h3>#1 Pancake di farina di canapa<\/h3>\n<ul>\n<li>1 tazza di farina di canapa<\/li>\n<li>2 cucchiai di zucchero di cocco<\/li>\n<li>1 cucchiaino di lievito in polvere<\/li>\n<li>1\/2 cucchiaino di bicarbonato di sodio<\/li>\n<li>1\/2 cucchiaino di sale<\/li>\n<li>1 tazza di latte vegetale<\/li>\n<li>2 cucchiai di aceto di mele<\/li>\n<li>2 cucchiai di olio di cocco<\/li>\n<li>1 cucchiaino di estratto di vaniglia<\/li>\n<\/ul>\n<p>Mischia insieme gli ingredienti secchi. In una ciotola separata, unisci il latte e l&#8217;aceto. Lascia riposare per qualche minuto affinch\u00e9 si cagli, poi aggiungi l&#8217;olio di cocco e l&#8217;estratto di vaniglia alla miscela di latte e mescola bene. Versa gli ingredienti liquidi in quelli secchi e mescola fino a ottenere una miscela omogenea. Cuoci in padella come faresti normalmente per 2-3 minuti su ogni lato, fino a doratura.<\/p>\n<h3>#2 Pane di canapa senza lievito<\/h3>\n<ul>\n<li>200 g di farina di canapa<\/li>\n<li>200 g di farina di farro<\/li>\n<li>300 ml di yogurt (puoi anche usare yogurt di soia)<\/li>\n<li>150 ml di acqua frizzante<\/li>\n<li>2 cucchiaini di olio d&#8217;oliva<\/li>\n<li>2 cucchiaini di bicarbonato di sodio<\/li>\n<li>Sale<\/li>\n<\/ul>\n<p>Preriscalda il forno a 200\u00b0C. Mescola tutti gli ingredienti insieme. Non preoccuparti della consistenza appiccicosa del composto &#8211; dovrebbe essere cos\u00ec! Metti la carta da forno nella teglia, aggiungi il composto per il pane e cuoci per 30 minuti. Quindi, abbassa la temperatura del forno a 180\u00b0C e continua a cuocere per altri 20 minuti. Quando il pane \u00e8 cotto, spennella un po&#8217; di acqua tiepida sulla crosta e avvolgilo in un panno umido. Conserva il pane nel panno per mantenerlo leggero e morbido. Buon appetito!<\/p>\n<h3>#3 Pasta di farina di canapa<\/h3>\n<ul>\n<li>2 tazze di farina di canapa<\/li>\n<li>1\/2 tazza di farina bianca<\/li>\n<li>1\/2 cucchiaino di sale<\/li>\n<li>3 uova<\/li>\n<li>1 cucchiaio di olio d&#8217;oliva<\/li>\n<li>Acqua, se necessaria<\/li>\n<\/ul>\n<p>Mescola la farina di canapa, la farina bianca e il sale. Crea un buco al centro del composto di farine e rompi dentro le uova. Aggiungi l&#8217;olio d&#8217;oliva. Usa una forchetta per sbattere le uova, incorporando gradualmente il composto di farine. Impasta la pasta su una superficie infarinata fino a ottenere un impasto liscio. Copri l&#8217;impasto e lascialo riposare per 30 minuti. Stendi l&#8217;impasto e taglialo nelle forme desiderate. Porta a ebollizione una grande pentola di acqua salata. Cuoci la pasta per 2-3 minuti o fino a quando \u00e8 al dente.<\/p>\n<h2>Che sapore ha?<\/h2>\n<p>La farina di canapa ha un sapore di nocciola e una leggera sfumatura verdastra, che dona ai prodotti da forno un gusto unico e leggermente terroso. Pu\u00f2 essere utilizzata in diverse ricette, tra cui pane, falafel, lasagne, pasta, pancake, muffin e biscotti.<\/p>\n<p>La farina di canapa pu\u00f2 essere consumata cruda, ma \u00e8 generalmente pi\u00f9 appetibile quando cotta o infornata. La farina di canapa cruda ha una texture leggermente granulosa e pu\u00f2 avere un sapore leggermente amaro a causa della presenza di clorofilla, che le conferisce una sfumatura verdastra. Non contiene glutine, quindi pu\u00f2 essere pi\u00f9 difficile da usare nelle ricette che richiedono molta struttura, come il pane.<\/p>\n<h2>Perch\u00e9 usarla?<\/h2>\n<p>Non sei ancora del tutto sicuro dell&#8217;uso della farina di canapa Hempika? Ecco alcuni motivi per cui potresti considerare l&#8217;uso della farina di canapa invece di altri tipi di farine integrali:<\/p>\n<ul>\n<li><u>Alta in proteine<\/u>\u00a0: La farina di canapa \u00e8 una buona fonte di proteine vegetali, contenenti tutti e nove gli aminoacidi essenziali.<\/li>\n<li><u>Ricca di fibre<\/u>\u00a0: La farina di canapa \u00e8 ricca di fibre, che possono aiutare a migliorare la digestione e favorire la sensazione di saziet\u00e0.<\/li>\n<li><u>Senza glutine<\/u>\u00a0: La farina di canapa \u00e8 naturalmente priva di glutine, rendendola una buona opzione per le persone con sensibilit\u00e0 al glutine o con la celiachia.<\/li>\n<li><u>Bassa in carboidrati<\/u>\u00a0: La farina di canapa \u00e8 pi\u00f9 bassa in carboidrati rispetto a molte altre farine, rendendola una buona scelta per chi segue una dieta a basso contenuto di carboidrati.<\/li>\n<li><u>Sostenibile<\/u>\u00a0: La canapa \u00e8 una coltura sostenibile che richiede meno risorse rispetto a molti altri tipi di colture.<\/li>\n<li><u>Facile da digerire<\/u>\u00a0: La farina di canapa \u00e8 facile da digerire e pu\u00f2 essere pi\u00f9 delicata sul sistema digestivo rispetto ad altri tipi di farine.<\/li>\n<li><u>Aggiunge un sapore di nocciola<\/u>\u00a0: La farina di canapa ha un sapore di nocciola che pu\u00f2 aggiungere un gusto unico ai prodotti da forno.<\/li>\n<li><u>Sostiene una sana gestione del peso<\/u>\u00a0: L&#8217;elevato contenuto di proteine e fibre della farina di canapa pu\u00f2 sostenere una gestione del peso sana.<\/li>\n<li><u>Aggiunge variet\u00e0 alla tua dieta<\/u>\u00a0: Usare la farina di canapa pu\u00f2 aggiungere variet\u00e0 alla tua dieta e aiutarti a scoprire nuove ricette e sapori.<\/li>\n<\/ul>\n<h2>Ingredienti<\/h2>\n<p>Farina di canapa integrale 100 % (BIO). Certificata BIO, 500g.<br \/><strong>SI-EKO-002<\/strong> <i>(Agricoltura UE)<\/i><\/p>\n<h2>Conservazione<\/h2>\n<p>Conservare in un luogo fresco e buio, preferibilmente in frigorifero (&lt;8\u00b0C) nella confezione originale con chiusura a zip.<br \/>\nDurata: 6 mesi<\/p>\n<h2>Valori nutrizionali:<\/h2>\n<p>Valore nutrizionale medio \/ 100g:<br \/>\nValore energetico 1700kJ \/ 406kCal<br \/>\nGrassi 11,1g<br \/>\n\u2013 di cui grassi saturi 1,1g<br \/>\nCarboidrati 42,6g<br \/>\n\u2013 di cui zuccheri 1,4g<br \/>\nFibre alimentari 36,5g<br \/>\nProteine 33,5g<br \/>\nSale 0,03g<\/p>\n<\/div>\n","protected":false},"excerpt":{"rendered":"<div class=\"kratek\">\n<p>Macinata a pietra tradizionalmente, la farina integrale di canapa biologica \u00e8 il piccolo segreto che mancava! Un&#8217;alternativa eccellente senza glutine al grano, adatta agli appassionati di dieta sana, ti aspetta.<\/p>\n<p class=\"kolicina\">500g<\/p>\n<\/div>\n","protected":false},"featured_media":44999,"comment_status":"open","ping_status":"closed","template":"","meta":[],"product_brand":[],"product_cat":[334],"product_tag":[],"class_list":{"0":"post-23817","1":"product","2":"type-product","3":"status-publish","4":"has-post-thumbnail","6":"product_cat-prodotti-di-canapa","8":"first","9":"instock","10":"taxable","11":"shipping-taxable","12":"purchasable","13":"product-type-simple"},"_links":{"self":[{"href":"https:\/\/hempika.com\/it\/wp-json\/wp\/v2\/product\/23817","targetHints":{"allow":["GET"]}}],"collection":[{"href":"https:\/\/hempika.com\/it\/wp-json\/wp\/v2\/product"}],"about":[{"href":"https:\/\/hempika.com\/it\/wp-json\/wp\/v2\/types\/product"}],"replies":[{"embeddable":true,"href":"https:\/\/hempika.com\/it\/wp-json\/wp\/v2\/comments?post=23817"}],"wp:featuredmedia":[{"embeddable":true,"href":"https:\/\/hempika.com\/it\/wp-json\/wp\/v2\/media\/44999"}],"wp:attachment":[{"href":"https:\/\/hempika.com\/it\/wp-json\/wp\/v2\/media?parent=23817"}],"wp:term":[{"taxonomy":"product_brand","embeddable":true,"href":"https:\/\/hempika.com\/it\/wp-json\/wp\/v2\/product_brand?post=23817"},{"taxonomy":"product_cat","embeddable":true,"href":"https:\/\/hempika.com\/it\/wp-json\/wp\/v2\/product_cat?post=23817"},{"taxonomy":"product_tag","embeddable":true,"href":"https:\/\/hempika.com\/it\/wp-json\/wp\/v2\/product_tag?post=23817"}],"curies":[{"name":"wp","href":"https:\/\/api.w.org\/{rel}","templated":true}]}}