{"id":23815,"date":"2020-11-18T10:24:04","date_gmt":"2020-11-18T09:24:04","guid":{"rendered":"https:\/\/hempika.com\/product\/semi-di-canapa-interi\/"},"modified":"2026-04-21T14:44:13","modified_gmt":"2026-04-21T12:44:13","slug":"semi-di-canapa","status":"publish","type":"product","link":"https:\/\/hempika.com\/it\/prodotto\/semi-di-canapa\/","title":{"rendered":"Semi di canapa"},"content":{"rendered":"<div class=\"dolg\">\r\n\r\n<p>Che snack delizioso! Il tuo corpo lo amer\u00e0! <strong>I semi di canapa hanno un piacevole sapore di noci e sono una delle migliori fonti di proteine vegetali.<\/strong> La loro superpotenza \u00e8 il rapporto ideale tra gli acidi grassi essenziali Omega-3 e Omega-6, che li rende un superfood completo.<\/p>\r\n\r\n<p>I semi di <strong>canapa Hempika<\/strong> sono raccolti a mano e selezionati con cura per mantenere il massimo dei nutrienti. Ma perch\u00e9 tutto questo clamore sui semi di canapa? Innanzitutto, i semi di canapa sono eccezionalmente nutrienti e ricchi di grassi sani, proteine e vari vitamine e minerali, come la vitamina E, B1, B6, magnesio, fosforo, potassio, ferro e persino piccole quantit\u00e0 di zinco, rame, manganese e calcio.<\/p>\r\n\r\n<p>Pieni di proteine <strong>(oltre il 25% delle loro calorie totali proviene da proteine di alta qualit\u00e0!)<\/strong>, i semi di canapa sono considerati una fonte proteica completa. Cosa significa? Che forniscono tutti gli aminoacidi essenziali, che sono, come dice il nome, essenziali e che il tuo corpo non pu\u00f2 produrre ma deve ottenere dalla dieta.<\/p>\r\n\r\n<p>Oltre alle proteine, anche le fibre giocano un ruolo fondamentale nei semi di canapa (specialmente con i semi interi, non decorticati). Se non sei sicuro del perch\u00e9 hai bisogno di fibre, chiedi al tuo intestino la prossima volta che \u00e8 il momento per il &#8220;numero 2&#8221;. Le fibre aiutano a mantenere i movimenti intestinali regolari, il che significa che la tua digestione sar\u00e0 sicuramente in ordine!<\/p>\r\n\r\n<h2>Ti stai chiedendo come integrare i semi di canapa nel tuo menu da chef?<\/h2>\r\n\r\n<p>La tua immaginazione (o una ricerca su Google) \u00e8 il limite &#8211; puoi preparare molti piatti deliziosi con i semi di canapa, dai burger vegetali ai pancake, hummus di canapa, palline energetiche, pesto, latte di canapa, pasta e altro ancora. I semi di canapa possono essere consumati crudi o aggiunti a vari piatti. Si combinano perfettamente con cereali, frutta, o come condimento per le insalate. Se cerchi pi\u00f9 ispirazione gourmet, ecco alcune idee su come usare i semi di canapa interi:<\/p>\r\n\r\n<h3>#1 Burro di canapa<\/h3>\r\n\r\n<p>Ti piace il burro di noci e semi come il tahini, il burro di arachidi e altre prelibatezze? Puoi fare lo stesso con i semi di canapa! Aggiungi un cucchiaio alla tua farina d&#8217;avena mattutina, una cucchiaiata sulla tua insalata o un cucchiaio nella zuppa. Basta frullarli fino a ottenere una consistenza liscia, e voil\u00e0 &#8211; hai il tuo burro! Puoi conservarlo in un barattolo in frigorifero per un mese.<\/p>\r\n\r\n<h3>#2 Salsa per pasta al cavolfiore e semi di canapa<\/h3>\r\n\r\n<p>Paaaasta! Come ci si potrebbe stancare? Ecco un&#8217;idea per una salsa nutriente. Cuoci il cavolfiore in acqua bollente finch\u00e9 non \u00e8 morbido (conserva l&#8217;acqua per dopo). Arrostisci l&#8217;aglio in padella. Metti l&#8217;aglio arrostito, i semi di canapa, il succo di limone fresco, sale e pepe, e rosmarino fresco in un frullatore e frulla fino a ottenere una consistenza liscia. Poi aggiungi il cavolfiore cotto e un po&#8217; dell&#8217;acqua in cui \u00e8 stato cotto e mescola di nuovo. Dovresti ottenere una consistenza cremosa, simile a una salsa. Aggiungi acqua lentamente finch\u00e9 non sei soddisfatto della consistenza della salsa. Trasferisci la salsa di nuovo nella pentola e lascia sobbollire a fuoco basso. Servi con prezzemolo, una spruzzata di semi di canapa e piselli cotti, se lo desideri.<\/p>\r\n\r\n<h3>#3 Coltiva i tuoi microgreens!<\/h3>\r\n<p>S\u00ec\u00ec\u00ec, ora puoi coltivare i tuoi microgreens per insalate, burger o altri piatti che desideri arricchire e decorare con verdure coltivate in casa!<\/p>\r\n\r\n<p><strong>Come fare?<\/strong><br\/>\r\n<\/p><p><i>Ti serviranno:<\/i><\/p>\r\n<ul>\r\n<li>Semi di canapa interi<\/li>\r\n<li>Vassoio o contenitore poco profondo con fori di drenaggio<\/li>\r\n<li>Terriccio biologico o miscela per semina<\/li>\r\n<li>Spruzzatore d&#8217;acqua<\/li>\r\n<\/ul>\r\n\r\n<p><i>Il processo:<\/i><\/p>\r\n\r\n<ol>\r\n<li>Prepara un vassoio pulito o un contenitore con fori di drenaggio.<\/li>\r\n<li>Riempi il vassoio con 2-5 centimetri di terriccio biologico, creando una superficie uniforme.<\/li>\r\n<li>Spargi i semi di canapa interi uniformemente sulla superficie del suolo, assicurando un buon contatto seme-terra.<\/li>\r\n<li>Spruzza i semi e il suolo con acqua, assicurando un&#8217;umidit\u00e0 uniforme senza eccessi.<\/li>\r\n<li>Posiziona il vassoio in un luogo caldo (18-24\u00b0C), evitando la luce diretta del sole.<\/li>\r\n<li>Spruzza i semi e il suolo quotidianamente per mantenerli umidi, ma evita di esagerare con l&#8217;acqua.<\/li>\r\n<li>Dopo 3-5 giorni, quando i semi iniziano a germogliare e a spingere contro il coperchio, rimuovilo.<\/li>\r\n<li>Fornisci 12-16 ore di luce al giorno posizionando il vassoio sotto una lampada per la crescita delle piante o su un davanzale soleggiato, mantenendo una distanza di 5-10 centimetri.<\/li>\r\n<li>Innaffia delicatamente i microgreens spruzzando i bordi del vassoio o versando acqua sui bordi, mantenendo il terreno umido ma non saturo.<\/li>\r\n<li>Monitora la crescita, pronta per la raccolta in 7-14 giorni quando si sviluppano le foglie vere.<\/li>\r\n<li>Usa forbici pulite per tagliare i microgreens appena sopra la superficie del suolo.<\/li>\r\n<li>Risciacqua delicatamente i microgreens raccolti per rimuovere il terriccio in eccesso.<\/li>\r\n<li>Goditeli immediatamente in insalate, sandwich o come guarnizione.<\/li>\r\n<li>Conserva i microgreens avanzati in un contenitore sigillato in frigorifero per alcuni giorni.<\/li>\r\n<\/ol>\r\n\r\n<h2>Qual \u00e8 la differenza tra semi di canapa interi e decorticati?<\/h2>\r\n\r\n<p>Bene, come dice il nome, uno \u00e8 decorticato e l&#8217;altro \u00e8 intero. I semi interi contengono ancora un guscio ricco di fibre. Daranno anche un po&#8217; di lavoro ai tuoi denti perch\u00e9 dovrai masticarli delicatamente. Ma non preoccuparti, i semi di canapa interi hanno un sapore fantastico e non sono difficili da masticare!<\/p>\r\n\r\n<h2>Che sapore hanno?<\/h2>\r\n\r\n<p>Nocciolato, delizioso, sapore di canapa! Cos&#8217;altro possiamo dire? Provali e vedrai tu stesso.<\/p>\r\n\r\n<h2>Ingredienti<\/h2>\r\n\r\n<p>100% semi di canapa (BIO). BIO Certificato, 400g.<\/p><p>\r\n\r\n<\/p><h2>Conservazione<\/h2>\r\n\r\n<p>Conservare in un luogo fresco e buio, preferibilmente in frigorifero (<8\u00b0C) nella confezione originale con chiusura a zip.<br\/>\r\nDurata di conservazione: 12 mesi<\/p>\r\n\r\n<h2>Valori nutrizionali:<\/h2>\r\n<p>Valore nutrizionale medio \/ 100g :<br\/>\r\nValore energetico 2200kJ \/ 525kCal<br\/>\r\nGrassi 35,5g<br\/>\r\n\u2013 di cui grassi saturi 3,6g<br\/>\r\nCarboidrati 27,6g<br\/>\r\n\u2013 di cui zuccheri 1,7g<br\/>\r\nFibre alimentari 24,8g<br\/>\r\nProteine 24,8g<br\/>\r\nSale 0,03g<\/p>\r\n\r\n<\/div>\n","protected":false},"excerpt":{"rendered":"<div class=\"kratek\">\n<p>Uno dei semi pi\u00f9 completi al mondo sono i semi di canapa! Sono noti come alimento ricco di nutrienti, pieni di tutti e 9 gli aminoacidi essenziali, fibre alimentari, acidi grassi omega, vitamine e minerali.<\/p>\n<\/div>\n","protected":false},"featured_media":44970,"comment_status":"open","ping_status":"closed","template":"","meta":[],"product_brand":[],"product_cat":[334],"product_tag":[],"class_list":{"0":"post-23815","1":"product","2":"type-product","3":"status-publish","4":"has-post-thumbnail","6":"product_cat-prodotti-di-canapa","8":"first","9":"instock","10":"taxable","11":"shipping-taxable","12":"purchasable","13":"product-type-variable","14":"has-default-attributes"},"_links":{"self":[{"href":"https:\/\/hempika.com\/it\/wp-json\/wp\/v2\/product\/23815","targetHints":{"allow":["GET"]}}],"collection":[{"href":"https:\/\/hempika.com\/it\/wp-json\/wp\/v2\/product"}],"about":[{"href":"https:\/\/hempika.com\/it\/wp-json\/wp\/v2\/types\/product"}],"replies":[{"embeddable":true,"href":"https:\/\/hempika.com\/it\/wp-json\/wp\/v2\/comments?post=23815"}],"wp:featuredmedia":[{"embeddable":true,"href":"https:\/\/hempika.com\/it\/wp-json\/wp\/v2\/media\/44970"}],"wp:attachment":[{"href":"https:\/\/hempika.com\/it\/wp-json\/wp\/v2\/media?parent=23815"}],"wp:term":[{"taxonomy":"product_brand","embeddable":true,"href":"https:\/\/hempika.com\/it\/wp-json\/wp\/v2\/product_brand?post=23815"},{"taxonomy":"product_cat","embeddable":true,"href":"https:\/\/hempika.com\/it\/wp-json\/wp\/v2\/product_cat?post=23815"},{"taxonomy":"product_tag","embeddable":true,"href":"https:\/\/hempika.com\/it\/wp-json\/wp\/v2\/product_tag?post=23815"}],"curies":[{"name":"wp","href":"https:\/\/api.w.org\/{rel}","templated":true}]}}