{"id":25547,"date":"2021-09-09T13:59:17","date_gmt":"2021-09-09T11:59:17","guid":{"rendered":"https:\/\/hempika.com\/chi-siamo\/"},"modified":"2024-11-25T13:08:01","modified_gmt":"2024-11-25T12:08:01","slug":"chi-siamo","status":"publish","type":"page","link":"https:\/\/hempika.com\/it\/chi-siamo\/","title":{"rendered":"Chi siamo"},"content":{"rendered":"<div class=\"h-about\">\n<div class=\"h-about-left\">\n<div class=\"h-about-banner\">\n<h1>Goccia dopo goccia, abbiamo costruito Hempika.<\/h1>\n<\/div>\n<\/div>\n<div class=\"h-about-right\">\n<div class=\"h-about-intro\">\n<p class=\"h-about-intro-description\"><strong>Amiamo il colore verde, sosteniamo i pi\u00f9 alti standard di qualit\u00e0 dei prodotti e creiamo con una mentalit\u00e0 minimalista.<\/strong><\/p>\n<div class=\"h-about-intro-benefits\">\n<div class=\"h-about-intro-benefit\">\n<div class=\"h-about-intro-benefit-img\"><img loading=\"lazy\" decoding=\"async\" src=\"https:\/\/hempika.com\/wp-content\/themes\/hemp-master\/custom\/img\/no-compromises-square.svg\" alt=\"Nessun compromesso\" width=\"100\" height=\"100\"><\/div>\n<div class=\"h-about-intro-benefit-text\">\n<p><strong>Nessun compromesso<\/strong> quando si tratta di qualit\u00e0. Completiamo e miglioriamo le pratiche tradizionali con le ultime scoperte e un approccio all&#8217;avanguardia.<\/p>\n<\/div><\/div>\n<div class=\"h-about-intro-benefit\">\n<div class=\"h-about-intro-benefit-img\"><img loading=\"lazy\" decoding=\"async\" src=\"https:\/\/hempika.com\/wp-content\/themes\/hemp-master\/custom\/img\/no-greed-square.svg\" alt=\"Nessuna avidit\u00e0\" width=\"100\" height=\"100\"><\/div>\n<div class=\"h-about-intro-benefit-text\">\n<p><strong>Nessuna avidit\u00e0<\/strong> nella progettazione dei prodotti. Ti offriamo solo una selezione minimalista ed essenziale di prodotti, che si sono dimostrati degni del nostro tempo e del tuo denaro.<\/p>\n<\/div><\/div>\n<div class=\"h-about-intro-benefit\">\n<div class=\"h-about-intro-benefit-img\"><img loading=\"lazy\" decoding=\"async\" src=\"https:\/\/hempika.com\/wp-content\/themes\/hemp-master\/custom\/img\/no-nasties-square.svg\" alt=\"Niente additivi nocivi\" width=\"100\" height=\"100\"><\/div>\n<div class=\"h-about-intro-benefit-text\">\n<p><strong>Niente additivi nocivi.<\/strong> Ogni singolo articolo che trovi sul nostro sito \u00e8 realizzato con ingredienti purissimi e selezionati con la massima cura; e non utilizziamo mai additivi per rendere i nostri prodotti pi\u00f9 gustosi o pi\u00f9 belli.<\/p>\n<\/div><\/div>\n<\/p><\/div>\n<\/p><\/div>\n<div class=\"h-about-wizard\">\n<div class=\"h-about-title\">\n<h2>Il mago dietro Hempika<\/h2>\n<div class=\"h-about-title-line\"><\/div>\n<\/div>\n<p>Luka \u00e8 uno di quei ribelli che cercano sempre soluzioni fuori dagli schemi per migliorare la propria vita. Crescendo con l\u2019ansia, \u00e8 rimasto entusiasta quando ha scoperto il CBD. Era una delle poche cose che lo calmava senza provocare il \u201csballo\u201d di altre sostanze. Quando \u00e8 stato convinto che questa fosse LA soluzione che lo aiutava a rilassarsi e a radicare il suo spirito, ha capito che il CBD poteva portare sollievo dallo stress a molte altre persone.<\/p>\n<div class=\"h-about-wizard-caption\">\n<div class=\"h-about-wizard-caption-img\">\n\t\t\t\t\t<img loading=\"lazy\" decoding=\"async\" src=\"https:\/\/hempika.com\/wp-content\/themes\/hemp-master\/custom\/img\/face.jpg\" alt=\"Luka Hempika\" width=\"100\" height=\"100\">\n\t\t\t\t<\/div>\n<div class=\"h-about-wizard-caption-text\">\n<p><strong>&#8220;Non mi interessa cosa \u00e8 popolare e cosa no. Perch\u00e9 anni fa ho preso una decisione molto consapevole di trasformare la mia ammirazione per la canapa in prodotti superiori, sicuri e puri sul mercato.&#8221;<\/strong><\/p>\n<\/p><\/div>\n<\/p><\/div>\n<p>Ha iniziato a costruire Hempika quando il CBD non era ancora cos\u00ec diffuso. Come mediatore e visionario con una mente da ingegnere, ha iniziato a mettere insieme i pezzi del puzzle. Quando si tratta della qualit\u00e0 e della sicurezza dei prodotti, \u00e8 inarrestabile. Insiste per testare ogni singolo lotto e tratta i suoi clienti solo con il meglio che la canapa ha da offrire.<\/p>\n<p>Il suo amore per lo sport e la natura si riflette nel mondo degli affari, dove combina il meglio di ci\u00f2 che la natura ha da offrire con le ultime scoperte scientifiche e tecnologiche.<\/p>\n<\/p><\/div>\n<div class=\"h-about-chica\">\n<div class=\"h-about-title\">\n<h2>Rilassati, sei stressato.<\/h2>\n<div class=\"h-about-title-line\"><\/div>\n<\/div>\n<p>Se dovessi scommettere quale sia la principale disfunzione della nostra epoca, indovineresti correttamente: \u00e8 quel dannato <strong>STRESS<\/strong>! Lo stress, che provenga dall\u2019ambiente o dall\u2019interno, potrebbe anche essere chiamato \u201cla radice di tutti i mali\u201d quando si tratta della lunga lista dei nostri problemi quotidiani. Non pensi che tutti potremmo beneficiare di qualcosa che calmi la nostra ansia, eserciti i suoi trucchi anti-infiammatori e porti un po\u2019 di piacere invece che dolore nei nostri corpi stanchi? Ecco la buona notizia: la canapa potrebbe essere la risposta!<\/p>\n<p>\t\t\t<a class=\"h-button\" href=\"https:\/\/hempika.com\/it\/negozio\/\">Trova il tuo alleato perfetto<\/a>\n\t\t<\/div>\n<div class=\"h-about-fashion\">\n<div class=\"h-about-title\">\n<h2>La buona vecchia canapa \u00e8 tornata di moda<\/h2>\n<div class=\"h-about-title-line\"><\/div>\n<\/div>\n<p>Cosa hanno in comune canapa, funghi ed erbe? Sono stati i migliori amici dell&#8217;uomo da&#8230; sempre? <strong>S\u00ec, \u00e8 vero!<\/strong><\/p>\n<p>Torniamo alle basi per un momento. Con tutto il rispetto per la scienza moderna, le tendenze degli integratori e le conoscenze mediche, la canapa \u00e8 una delle piante pi\u00f9 straordinarie che sia mai esistita su questo pianeta chiamato Terra. I suoi poteri da supereroe sulla nostra salute generale vengono finalmente accettati e provati dalla scienza. Fortunatamente, la buona vecchia canapa, che per inciso non ti fa sballare, \u00e8 completamente legale e ampiamente utilizzata in tutto il mondo.<\/p>\n<p>\t\t\t<img loading=\"lazy\" decoding=\"async\" src=\"https:\/\/hempika.com\/wp-content\/themes\/hemp-master\/custom\/img\/hemp-plant.jpg\" alt=\"Canapa Hempika\" width=\"100\" height=\"100\">\n\t\t<\/div>\n<div class=\"h-about-ritual\">\n<div class=\"h-about-title\">\n<h2>Il tuo rituale quotidiano con la canapa<\/h2>\n<div class=\"h-about-title-line\"><\/div>\n<\/div>\n<p>Qual \u00e8 il tuo rituale preferito che ti rallegra anche nei giorni pi\u00f9 piovosi? Come ti coccoli quando la giornata \u00e8 grigia?<\/p>\n<p><strong>Gli influencer di bellezza usano forse routine di cura della pelle in 65 passaggi.<br \/>I buongustai passano forse il pomeriggio in una pasticceria.<br \/>E noi, appassionati di salute? Andiamo al CBD! Una goccia, due, tre, e il nostro umore torna in pista.<\/strong><\/p>\n<p>Scopri di pi\u00f9 sulla canapa, su come utilizzare il CBD per vari scopi e su come integrare i prodotti a base di canapa nella tua vita quotidiana. Trova tutto ci\u00f2 che il tuo cuore desidera sapere sulla canapa nel nostro <a class=\"h-link\" href=\"https:\/\/hempika.com\/it\/blog\/\">blog<\/a>.<\/p>\n<div class=\"h-about-articles\">\n<div class=\"h-about-ritual-article\">\n<div class=\"h-about-ritual-article-img-hemp\">\n\t\t\t\t<\/div>\n<div class=\"h-about-ritual-article-title\">\n\t\t\t\t\t<a href=\"https:\/\/hempika.com\/en\/hemp-101\/\" target=\"_blank\">Canapa 101<\/a> <!-- add \/hemp\/ page -->\n\t\t\t\t<\/div>\n<\/p><\/div>\n<div class=\"h-about-ritual-article\">\n<div class=\"h-about-ritual-article-img-cbd\">\n\t\t\t\t<\/div>\n<div class=\"h-about-ritual-article-title\">\n\t\t\t\t\t<a href=\"https:\/\/hempika.com\/en\/cbd-cannabidiol\/\" target=\"_blank\">Cannabidiolo (CBD) 101<\/a> <!-- add \/cbd\/ page -->\n\t\t\t\t<\/div>\n<\/p><\/div>\n<div class=\"h-about-ritual-article\">\n<div class=\"h-about-ritual-article-img-cannabinoids\">\n\t\t\t\t<\/div>\n<div class=\"h-about-ritual-article-title\">\n\t\t\t\t\t<a href=\"https:\/\/hempika.com\/en\/all-about-cannabinoids\/\" target=\"_blank\">Cannabinoidi 101<\/a> <!-- add \/cannabinoids\/ page -->\n\t\t\t\t<\/div>\n<\/p><\/div>\n<\/p><\/div>\n<\/p><\/div>\n<\/p><\/div>\n<\/div>\n","protected":false},"excerpt":{"rendered":"<p>Goccia dopo goccia, abbiamo costruito Hempika. Amiamo il colore verde, sosteniamo i pi\u00f9 alti standard di qualit\u00e0 dei prodotti e creiamo con una mentalit\u00e0 minimalista. Nessun compromesso quando si tratta di qualit\u00e0. Completiamo e miglioriamo le pratiche tradizionali con le ultime scoperte e un approccio all&#8217;avanguardia. Nessuna avidit\u00e0 nella progettazione dei prodotti. Ti offriamo solo [&hellip;]<\/p>\n","protected":false},"author":1,"featured_media":0,"parent":0,"menu_order":0,"comment_status":"closed","ping_status":"closed","template":"custom-page-template.php","meta":{"footnotes":""},"class_list":["post-25547","page","type-page","status-publish","hentry"],"_links":{"self":[{"href":"https:\/\/hempika.com\/it\/wp-json\/wp\/v2\/pages\/25547","targetHints":{"allow":["GET"]}}],"collection":[{"href":"https:\/\/hempika.com\/it\/wp-json\/wp\/v2\/pages"}],"about":[{"href":"https:\/\/hempika.com\/it\/wp-json\/wp\/v2\/types\/page"}],"author":[{"embeddable":true,"href":"https:\/\/hempika.com\/it\/wp-json\/wp\/v2\/users\/1"}],"replies":[{"embeddable":true,"href":"https:\/\/hempika.com\/it\/wp-json\/wp\/v2\/comments?post=25547"}],"version-history":[{"count":0,"href":"https:\/\/hempika.com\/it\/wp-json\/wp\/v2\/pages\/25547\/revisions"}],"wp:attachment":[{"href":"https:\/\/hempika.com\/it\/wp-json\/wp\/v2\/media?parent=25547"}],"curies":[{"name":"wp","href":"https:\/\/api.w.org\/{rel}","templated":true}]}}