{"id":40554,"date":"2023-03-13T13:48:51","date_gmt":"2023-03-13T12:48:51","guid":{"rendered":"https:\/\/hempika.com\/product\/cbd-pasta\/"},"modified":"2026-04-21T08:41:18","modified_gmt":"2026-04-21T06:41:18","slug":"cbd-pasta","status":"publish","type":"product","link":"https:\/\/hempika.com\/hr\/proizvod\/cbd-pasta\/","title":{"rendered":"CBD pasta"},"content":{"rendered":"<div class=\"dolg\">\r\n\r\n<p>Hempika <strong>CBD pasta<\/strong> prvi je izbor za prave ljubitelje CBD-a i iskusne korisnike. Mo\u017eete birati izme\u0111u tri razli\u010dite koncentracije, koje su sve napravljene od ekstrakta konoplje punog spektra, kokosovog maslaca i p\u010delinjeg voska. Prakti\u010dno pakiranje u obliku dozera omogu\u0107uje precizno doziranje.<\/p>\r\n\r\n<p><strong>Ovisno o va\u0161im \u017eeljama i prethodnim iskustvima s CBD-om, mo\u017eete birati izme\u0111u razli\u010ditih koncentracija paste:<\/strong><\/p>\r\n\r\n<ul>\r\n\t<li><strong>CBD pasta 1000mg (~20% CBD):<\/strong> Srednja koncentracija za iskusne svakodnevne korisnike.<\/li>\r\n\t<li><strong>CBD pasta 1500mg (~30% CBD):<\/strong> Vi\u0161a koncentracija za one koji su spremni podi\u0107i svoje iskustvo s CBD-om na novu razinu.<\/li>\r\n\t<li><strong>CBD pasta 2500mg (~50% CBD):<\/strong> Najvi\u0161a koncentracija za &#8220;veterane CBD-a&#8221; i korisnike koji \u017eele sve \u0161to konoplja mo\u017ee ponuditi.<\/li>\r\n<\/ul>\r\n\r\n<p>CBD ekstrakt dobivamo iz ekolo\u0161ki uzgojene biljke konoplje. Za ekstrakciju CBD-a koristimo naprednu metodu superkriti\u010dnog uglji\u010dnog dioksida (CO2), koja \u010duva \u0161irok spektar kanabinoida i drugih korisnih spojeva. Zbog bogatog spektra biolo\u0161ki aktivnih spojeva i njihovih isprepletenih interakcija, CBD pasta igra ulogu u funkcioniranju endokanabinoidnog sustava. Rezultat? Blagotvorni u\u010dinci na va\u0161e cjelokupno zdravlje i dobrobit.<\/p>\r\n\r\n<h2>Je li ovo pravi proizvod za mene?<\/h2>\r\n\r\n<p>Niste sigurni jeste li spremni na sna\u017ene doze CBD paste? Ovaj oblik CBD-a zasigurno je pravi izbor ako tra\u017eite proizvod koji sadr\u017ei prirodno prisutne spojeve, poput kanabinoida, terpena, flavonoida, aminokiselina, ketona, glikozida, vitamina, pigmenata i drugih nutrijenata. Preporu\u010dujemo ga srednje iskusnim i naprednim korisnicima koji su navikli na sna\u017ene u\u010dinke CBD-a.<\/p>\r\n\r\n<p>U usporedbi s kapima, pasta pru\u017ea cjelovitije iskustvo CBD-a. Kada ljudi obi\u010dno pose\u017eu za sna\u017enijim dozama CBD paste:<\/p>\r\n\r\n<ul>\r\n\t<li>Skrati vrijeme oporavka nakon intenzivnih sportskih aktivnosti. Oti\u0161li ste na dugu planinarenje ili tra\u017eite na\u010din da ubrzate oporavak i pru\u017eite tijelu zaslu\u017eenu relaksaciju? Sporta\u0161i su obi\u010dno odu\u0161evljeni rezultatima koje postignu uporabom CBD paste u visokim dozama.<\/li>\r\n\t<li>Imate problema sa spavanjem i smatrate se no\u0107nom pticom koja nikada nije spremna za san? Isprobajte CBD pastu i pripremite se za pozitivna iznena\u0111enja!<\/li>\r\n\t<li>Je li pjesma &#8220;Hello darkness, my old friend&#8221; stalno prisutna u va\u0161em \u017eivotu? U zagrljaju anksioznosti, depresije i napada panike \u017eivot je sve samo ne svijetao. Danas postoje mnoge tehnike i na\u010dini kako iza\u0107i na svjetliju stranu pri\u010de, a sigurno ne postoji ne\u0161to poput \u010darobnog \u0161tapi\u0107a koji bi sve probleme rije\u0161io u jednom potezu. No, u svom tom emocionalnom neredu, na\u0161i korisnici \u010desto prijavljuju olak\u0161anje neugodnih senzacija pri uporabi visokih doza CBD paste.<\/li>\r\n\t<li>Tra\u017eite poticaj za kreativnost? Muza inspiracije ne mo\u017ee komunicirati s vama ako je va\u0161 um stalno preoptere\u0107en strahovima i dnevnim zadacima. Umjetnici i kreativci diljem svijeta koriste CBD proizvode kako bi se oslobodili od svakodnevnih briga.<\/li>\r\n\t<li>Svakodnevne situacije i stanja tijela i uma mogu dovesti do ozbiljnijih emocionalnih i fizi\u010dkih problema. Na\u0161i korisnici prijavljuju da pomo\u0107 u CBD-u obi\u010dno tra\u017ee zbog razli\u010ditih problema, poput ubla\u017eavanja fizi\u010dkih bolova, suo\u010davanja s ovisnostima, mamurluka, probavnih problema, razli\u010ditih vrsta ko\u017enih bolesti, nekih neurolo\u0161kih poreme\u0107aja, \u0161iroke palete autoimunih bolesti, brojnih mentalnih poreme\u0107aja i jo\u0161 mnogo toga.<\/li>\r\n<\/ul>\r\n\r\n<h2>Kada i kako koristiti CBD pastu?<\/h2>\r\n\r\n<p>Nema strogih pravila ili uputa kada i koliko \u010desto koristiti CBD. Ba\u0161 kao \u0161to je svaka osoba jedinstvena, tako je i upotreba CBD paste razli\u010dita. S vremenom \u0107ete otkriti svoj vlastiti recept i izgraditi svoj osobni odnos prema CBD proizvodima. Preporu\u010dujemo da po\u010dnete polako i pove\u0107avate dozu ovisno o svojim dnevnim potrebama i raspolo\u017eenju. Ali ne brinite \u2013 ne mo\u017eete uzeti previ\u0161e CBD-a niti \u0107ete se osje\u0107ati &#8220;drogirani&#8221;.<\/p>\r\n\r\n<h2>Stvorite svoj ritual konoplje<\/h2>\r\n\r\n<p>Jeste li spremni za eksperimentiranje s ritualima? Da, i mi ih volimo! Razmislite kako biste mogli povezati upotrebu CBD-a s jednim od svojih ve\u0107 ukorijenjenih dnevnih rituala. Kada vam je potrebna opu\u0161tenost i mir duha? Pretvorite u\u017eurbana vremena u minutu disanja, nje\u017enog istezanja tijela i okretanja aplikatora CBD paste. Odaberite vrijeme koje vam najvi\u0161e odgovara \u2013 mo\u017eda prije spavanja, prije va\u017enog sastanka, kada vam preoptere\u0107enje preuzima dan ili jednostavno u bilo kojem trenutku kada vam treba malo &#8220;vremena za sebe&#8221;. Budite kreativni; osmislite svje\u017ee ideje za uklju\u010divanje CBD-a u svoju dnevnu rutinu! Hempika CBD pasta mo\u017ee postati va\u0161 SOS prijatelj, uvijek u va\u0161oj torbici ili d\u017eepu.<\/p>\r\n\r\n<h2>Kakvog je okusa?<\/h2>\r\n\r\n<p>Jeste li sumnji\u010davi u pogledu okusa CBD paste? Napokon, izgleda malo neobi\u010dno, tamne boje i ne ba\u0161 kao najukusnija stvar na svijetu, zar ne? Pa, ipak koristite konoplju! Pasta sadr\u017ei kokosov maslac i p\u010delinji vosak, no i dalje ima okus &#8211; to\u010dno takav &#8211; poput konoplje.<\/p>\r\n\r\n<h2>Upotreba<\/h2>\r\n\r\n<p>Za doziranje, zakrenite aplikator u smjeru kazaljke na satu.<br\/>\r\nNakon uporabe zakrenite aplikator u suprotnom smjeru kako biste otpustili pritisak i sprije\u010dili curenje.<br\/>\r\n1 okret sadr\u017ei 30mg \/ 45mg \/ 75mg kanabidiola (CBD).<br\/>\r\nU slu\u010daju preosjetljivosti prekinite uporabu.<\/p>\r\n\r\n<h2>Sastojci<\/h2>\r\n\r\n<p>Ekstrakt konoplje punog spektra, kokosov maslac, p\u010delinji vosak.<\/p>\r\n\r\n<p><strong>INCI:<\/strong> Cannabis Sativa Leaf Extract, Cocos Nucifera Oil, Cera Alba.<\/p>\r\n\r\n<h2>Skladi\u0161tenje<\/h2>\r\n\r\n<p>\u010cuvajte na hladnom. Za\u0161titite od sun\u010deve svjetlosti.<br\/>\r\nDr\u017eite izvan dohvata djece.<br\/>\r\nRok trajanja: 18 mjeseci<\/p>\r\n\r\n<\/div>\n","protected":false},"excerpt":{"rendered":"<div class=\"kratek\">\n<p>\u017delite li najja\u010di oblik CBD-a punog spektra? Prirodni ekstrakt industrijske konoplje u obliku paste pravi je izbor za iskusne ljubitelje CBD-a. Dostupna u tri koncentracije.<\/p>\n<\/div>\n","protected":false},"featured_media":44946,"comment_status":"open","ping_status":"closed","template":"","meta":[],"product_brand":[],"product_cat":[337],"product_tag":[],"class_list":{"0":"post-40554","1":"product","2":"type-product","3":"status-publish","4":"has-post-thumbnail","6":"product_cat-proizvodi-od-konoplje","8":"first","9":"instock","10":"taxable","11":"shipping-taxable","12":"purchasable","13":"product-type-variable","14":"has-default-attributes"},"_links":{"self":[{"href":"https:\/\/hempika.com\/hr\/wp-json\/wp\/v2\/product\/40554","targetHints":{"allow":["GET"]}}],"collection":[{"href":"https:\/\/hempika.com\/hr\/wp-json\/wp\/v2\/product"}],"about":[{"href":"https:\/\/hempika.com\/hr\/wp-json\/wp\/v2\/types\/product"}],"replies":[{"embeddable":true,"href":"https:\/\/hempika.com\/hr\/wp-json\/wp\/v2\/comments?post=40554"}],"wp:featuredmedia":[{"embeddable":true,"href":"https:\/\/hempika.com\/hr\/wp-json\/wp\/v2\/media\/44946"}],"wp:attachment":[{"href":"https:\/\/hempika.com\/hr\/wp-json\/wp\/v2\/media?parent=40554"}],"wp:term":[{"taxonomy":"product_brand","embeddable":true,"href":"https:\/\/hempika.com\/hr\/wp-json\/wp\/v2\/product_brand?post=40554"},{"taxonomy":"product_cat","embeddable":true,"href":"https:\/\/hempika.com\/hr\/wp-json\/wp\/v2\/product_cat?post=40554"},{"taxonomy":"product_tag","embeddable":true,"href":"https:\/\/hempika.com\/hr\/wp-json\/wp\/v2\/product_tag?post=40554"}],"curies":[{"name":"wp","href":"https:\/\/api.w.org\/{rel}","templated":true}]}}