{"id":23608,"date":"2020-11-18T10:17:05","date_gmt":"2020-11-18T09:17:05","guid":{"rendered":"https:\/\/hempika.com\/product\/cbd-balzam\/"},"modified":"2026-04-14T21:52:09","modified_gmt":"2026-04-14T19:52:09","slug":"cbd-balzam","status":"publish","type":"product","link":"https:\/\/hempika.com\/hr\/proizvod\/cbd-balzam\/","title":{"rendered":"CBD balzam"},"content":{"rendered":"<div class=\"dolg\">\n<p>Ka\u017eu da za svaku bolest postoji cvijet, a mi smo skupili najbolje od svjetskih prirodnih rje\u0161enja za problemati\u010dnu ko\u017eu u jednom proizvodu \u2013 terapijskom CBD balzamu. Dizajniran je da sprije\u010di isu\u0161ivanje ko\u017ee i potakne proces zacjeljivanja. Zahvaljuju\u0107i njegovateljskim u\u010dincima svakog sastojka koji sadr\u017ei, ovaj \u0107e balzam postati va\u0161 neizostavni saveznik u njezi ko\u017ee.<\/p>\n<p><strong>Hempika CBD balzam tako\u0111er zovemo \u201cSoS mast\u201d koja nje\u017eno njeguje va\u0161u ko\u017eu, kosu i nokte.<\/strong> Balzam djeluje kao sna\u017ean antioksidans; ja\u010da prirodni obrambeni sustav ko\u017ee i njenu sposobnost regeneracije, pru\u017eaju\u0107i izvrstan na\u010din za ubla\u017eavanje i eliminaciju raznih vrsta ko\u017enih tegoba. Mo\u017eete ga koristiti za ubla\u017eavanje razli\u010ditih problema s ko\u017eom, poput dermatitisa, herpesa i uboda insekata; poma\u017ee u zacjeljivanju rana (djeluje kao prirodni vulnerar).<\/p>\n<p>CBD balzam neizostavan je saveznik i va\u0161 svakodnevni suputnik u njezi problemati\u010dne ko\u017ee. Ova formula ne sadr\u017ei vodu, \u0161to zna\u010di da u nju ne trebamo dodavati konzervanse ni alkohol. Ono \u0161to ga \u010dini tako posebnim je odabir prirodnih sastojaka: ulje ko\u0161tica marelice, kokosovo ulje, shea maslac, sezamovo ulje, kandelila vosak, maslinovo ulje, kakao maslac, ekstrakt konoplje, ulje sjemenki gro\u017e\u0111a i ekstrakt listova ru\u017emarina. <strong>Samo najnjeguju\u0107a ulja, \u010dak i za najosjetljivije tipove ko\u017ee.<\/strong><\/p>\n<h2>Kada i kako koristiti CBD balzam?<\/h2>\n<p>Ne postoji pravilo za njegovu upotrebu! Mo\u017eete ga koristiti kad god po\u017eelite! Na\u0161i dragi kupci koji redovito koriste ovu &#8220;\u010daroliju u bo\u010dici&#8221; izvje\u0161tavaju da je redovita primjena balzama pravi preokret u situacijama\/problema kao \u0161to su ekcem, suha ko\u017ea, dermatitis, opekline od sunca, psorijaza, nadra\u017eena ko\u017ea i druge neugode na ko\u017ei.<\/p>\n<h2>Pogledajmo sastojke detaljno<\/h2>\n<p><strong>CBD ekstrakt punog spektra<\/strong><br \/>\n<i><small>(Cannabis Sativa Leaf Extract)<\/small><\/i><\/p>\n<p>Na\u0161 najdra\u017ei sastojak, naravno, je CBD! Idealno je rje\u0161enje za osjetljivu ko\u017eu sklonu crvenilu i iritacijama. Kada je rije\u010d o njezi ko\u017ee, posjeduje impresivna svojstva kao \u0161to su smanjenje upale (mo\u017ee biti koristan za stanja poput akni, ekcema i psorijaze). Poma\u017ee u hidrataciji i omek\u0161avanju ko\u017ee; posjeduje anti-age u\u010dinke, \u0161titi ko\u017eu od o\u0161te\u0107enja uzrokovanih slobodnim radikalima i balansira proizvodnju sebuma u ko\u017ei, \u010dine\u0107i ga pogodnim za one s masnom ili aknama sklonom ko\u017eom.<\/p>\n<p><strong>Ulje ko\u0161tica marelice<\/strong><br \/>\n<i><small>(Prunus Armeniaca Kernel Oil)<\/small><\/i><\/p>\n<p>Ulje ko\u0161tica marelice bogato je antioksidativnim vitaminom E i hranjivim masnim kiselinama (uglavnom oleinskom kiselinom 54-74%, linolenskom kiselinom 12-35%). Poznato je kao emolijentno ulje, ima hranjiva i hidratantna svojstva, hrani kosu i pobolj\u0161ava elasti\u010dnost ko\u017ee. Idealno je za suhe tipove ko\u017ee (zahvaljuju\u0107i visokim dozama oleinske kiseline koje sadr\u017ei), umiruje upalu i odr\u017eava mladolik izgled ko\u017ee. Mo\u017ee biti korisno za stanja kao \u0161to su ekcem, psorijaza i rozacea. Ulje ko\u0161tica marelice tako\u0111er mo\u017ee \u0161tititi od o\u0161te\u0107enja uzrokovanih suncem jer sadr\u017ei antioksidante koji mogu pomo\u0107i u za\u0161titi ko\u017ee od UV zra\u010denja. Uz sve ovo, ulje se tako\u0111er lako upija u ko\u017eu i ne ostavlja masni trag.<\/p>\n<p><strong>Kokosovo ulje<\/strong><br \/>\n<i><small>(Cocos Nucifera Oil)<\/small><\/i><\/p>\n<p>Famozno kokosovo ulje zadobilo je pa\u017enju tijekom posljednjeg desetlje\u0107a, iako se ve\u0107 stolje\u0107ima koristi u tradicionalnoj medicini i njezi ko\u017ee. Popularnost mu je potpuno opravdana, a postoje dobri razlozi za\u0161to biste ga htjeli nanijeti na cijelo tijelo. Kokosovo ulje postalo je popularno u njezi ko\u017ee zbog raznih svojih prednosti, kao \u0161to su hidratacija ko\u017ee, ubla\u017eavanje upala, borba protiv akni, pobolj\u0161anje teksture ko\u017ee i smanjenje vidljivosti sitnih linija i bora. Jedno je od ulja sa naj\u0161irim spektrom pozitivnih u\u010dinaka na ko\u017eu.<\/p>\n<p><strong>Shea maslac<\/strong><br \/>\n<i><small>(Butyrospermum Parkii Butter)<\/small><\/i><\/p>\n<p>Shea maslac vjerojatno je \u010dak i popularniji od kokosovog ulja. Za\u0161to tolika fama? Jer djeluje kao &#8220;\u010darobni hidratant i emolijent&#8221;. Shea maslac (prirodna mast izva\u0111ena iz ora\u0161\u010di\u0107a shea drveta) regenerira ko\u017eu i umiruje upale, posjeduje ljekovita svojstva te \u0161titi ko\u017eu od vanjskih faktora (poput UV zraka ili vjetra). Jedna od njegovih glavnih uloga u njezi ko\u017ee je ta da poma\u017ee u lije\u010denju i sprje\u010davanju nastanka o\u017eiljaka. Tako\u0111er je bogat antioksidansima (poput vitamina A, E, F, kvercetina i epigalokatehin galata). Dajte priliku ovom svestranom sastojku koji poti\u010de regeneraciju stanica ko\u017ee u va\u0161oj dnevnoj rutini njege ko\u017ee, a rezultati \u0107e vas odu\u0161eviti.<\/p>\n<p><strong>Sezamovo ulje<\/strong><br \/>\n<i><small>(Sesamum Indicum Seed Oil)<\/small><\/i><\/p>\n<p>Zlatno sezamovo ulje bogato je visokim koli\u010dinama hranjivih i hidratantnih masnih kiselina (oko 38% oleinske i 48% linolne kiseline) i savr\u0161eno djeluje u obnovi i regeneraciji suhe ko\u017ee. U Ayurvedi je poznato kao &#8220;ulje za tisu\u0107u tegoba&#8221; i koristi se ve\u0107 stolje\u0107ima u tradicionalnoj medicini i praksama njege ko\u017ee. Sezamovo ulje brzo se upija i daje ko\u017ei mekani i nje\u017eni osje\u0107aj. Njegove korisne osobine su: hidratacija ko\u017ee, za\u0161tita od UV zra\u010denja (sadr\u017ei prirodne antioksidante koji mogu pomo\u0107i u za\u0161titi ko\u017ee), pobolj\u0161anje teksture ko\u017ee, umirivanje upala te antibakterijsko djelovanje koje mo\u017ee smanjiti rizik od razli\u010ditih infekcija ko\u017ee.<\/p>\n<p><strong>Jo\u0161 blagodati<\/strong><\/p>\n<p>Ostali sastojci koji \u010dine CBD balzam toliko posebnim su <strong>maslinovo ulje, kakao maslac, ulje sjemenki gro\u017e\u0111a, ulje repice, kandelila vosak i eteri\u010dno ulje ru\u017emarina<\/strong>. Dodatno oboga\u0107uju proizvod svojstvima poput antibakterijskog djelovanja, funkcija zatezanja i toniranja ko\u017ee, anti-age blagodati, pobolj\u0161anja funkcije za\u0161titnog sloja ko\u017ee i mnogih drugih.<\/p>\n<h2>Primjena<\/h2>\n<p>Nanesite nje\u017enim kru\u017enim pokretima na \u010distu i suhu ko\u017eu.<br \/>\nPogodno za svakodnevnu upotrebu i sve tipove ko\u017ee.<br \/>\nBalzam je u\u010dinkovit i u njezi noktiju i kose.<br \/>\n1 ml balzama sadr\u017ei 10 mg kanabidiola (CBD).<br \/>\nPrekinite upotrebu u slu\u010daju preosjetljivosti.<\/p>\n<h2>Sastojci<\/h2>\n<p>Ulje ko\u0161tica marelice, kokosovo ulje, shea maslac, sezamovo ulje, kandelila vosak, maslinovo ulje, kakao maslac, ekstrakt konoplje punog spektra, ulje sjemenki gro\u017e\u0111a, ulje repice, ekstrakt listova ru\u017emarina.<\/p>\n<p><strong>INCI:<\/strong> Prunus Armeniaca Kernel Oil, Cocos Nucifera Oil, Butyrospermum Parkii Butter, Glyceryl Rosinate, Sesamum Indicum Seed Oil, Candelilla Cera, Olea Europaea Fruit Oil, Theobroma Cacao Seed Butter, Cannabis Sativa Leaf Extract, Vitis Vinifera Seed Oil, Caprylic\/Capric Triglyceride, Brassica Campestris Seed Oil, Rosmarinus Officinalis Leaf Extract, Vanillin, Heliotropine, Propylene Glycol.<\/p>\n<h2>\u010cuvanje<\/h2>\n<p>\u010cuvajte na hladnom mjestu.<br \/>\nZa\u0161titite od izravnog sun\u010devog svjetla.<br \/>\nDr\u017eite izvan dohvata djece.<br \/>\nRok trajanja: 18 mjeseci<\/p>\n<\/div>\n","protected":false},"excerpt":{"rendered":"<div class=\"kratek\">\n<p>Svestrana terapijska mast s nemasnim hidratantnim u\u010dinkom ostavlja dugotrajan osje\u0107aj glatko\u0107e na ko\u017ei. Bogata ekstraktom konoplje punog spektra i izra\u0111ena od svjetski poznatih ulja za problemati\u010dnu ko\u017eu.<\/p>\n<p class=\"kolicina\">300mg CBD \/ 30ml<\/p>\n<\/div>\n","protected":false},"featured_media":44963,"comment_status":"open","ping_status":"closed","template":"","meta":[],"product_brand":[],"product_cat":[337],"product_tag":[],"class_list":{"0":"post-23608","1":"product","2":"type-product","3":"status-publish","4":"has-post-thumbnail","6":"product_cat-proizvodi-od-konoplje","8":"first","9":"instock","10":"taxable","11":"shipping-taxable","12":"purchasable","13":"product-type-simple"},"_links":{"self":[{"href":"https:\/\/hempika.com\/hr\/wp-json\/wp\/v2\/product\/23608","targetHints":{"allow":["GET"]}}],"collection":[{"href":"https:\/\/hempika.com\/hr\/wp-json\/wp\/v2\/product"}],"about":[{"href":"https:\/\/hempika.com\/hr\/wp-json\/wp\/v2\/types\/product"}],"replies":[{"embeddable":true,"href":"https:\/\/hempika.com\/hr\/wp-json\/wp\/v2\/comments?post=23608"}],"wp:featuredmedia":[{"embeddable":true,"href":"https:\/\/hempika.com\/hr\/wp-json\/wp\/v2\/media\/44963"}],"wp:attachment":[{"href":"https:\/\/hempika.com\/hr\/wp-json\/wp\/v2\/media?parent=23608"}],"wp:term":[{"taxonomy":"product_brand","embeddable":true,"href":"https:\/\/hempika.com\/hr\/wp-json\/wp\/v2\/product_brand?post=23608"},{"taxonomy":"product_cat","embeddable":true,"href":"https:\/\/hempika.com\/hr\/wp-json\/wp\/v2\/product_cat?post=23608"},{"taxonomy":"product_tag","embeddable":true,"href":"https:\/\/hempika.com\/hr\/wp-json\/wp\/v2\/product_tag?post=23608"}],"curies":[{"name":"wp","href":"https:\/\/api.w.org\/{rel}","templated":true}]}}