{"id":23606,"date":"2020-11-18T10:18:28","date_gmt":"2020-11-18T09:18:28","guid":{"rendered":"https:\/\/hempika.com\/product\/cbd-kapi-za-kucne-ljubimce\/"},"modified":"2026-04-21T08:42:02","modified_gmt":"2026-04-21T06:42:02","slug":"cbd-kapi-za-kucne-ljubimce","status":"publish","type":"product","link":"https:\/\/hempika.com\/hr\/proizvod\/cbd-kapi-za-kucne-ljubimce\/","title":{"rendered":"CBD kapi za \u017eivotinje"},"content":{"rendered":"<div class=\"dolg\">\r\n\r\n<p>Hempika <strong>CBD kapi za \u017eivotinje<\/strong> posebno su formulirane za ku\u0107ne ljubimce. Napravljene su od ekstrakta konoplje \u0161irokog spektra, otopljenog u MCT ulju, s dodanim okusom slanine.<\/p>\r\n\r\n<h2>U kojim prilikama ponuditi svom ljubimcu CBD kapi?<\/h2>\r\n\r\n<p>Postoji mnogo razloga za\u0161to se vlasnici ku\u0107nih ljubimaca odlu\u010duju za uklju\u010divanje CBD-a u prehranu svojih \u010detverono\u017enih \u010dlanova obitelji. Za po\u010detak, razjasnimo mit da se CBD mo\u017ee koristiti samo povremeno. Ovo uvjerenje nije utemeljeno na istini. <strong>CBD kapi mo\u017eete dodavati hrani va\u0161eg psa \/ ma\u010dke \/ &#8230; kao redoviti, svakodnevni dodatak.<\/strong> Naravno, mo\u017eete se odlu\u010diti i koristiti ih samo u posebnim prilikama \u2013 na primjer u prosincu, kada je puno buke zbog vatrometa, a \u017eivotinje postaju nemirne i upla\u0161ene. CBD djeluje kao \u010darobni eliksir za ubla\u017eavanje stresa i anksioznosti.<\/p>\r\n\r\n<p><strong>Drugi razlog zbog kojeg vlasnici ku\u0107nih ljubimaca naj\u010de\u0161\u0107e biraju CBD je prirodan na\u010din za ubla\u017eavanje bolova povezanih sa starenjem.<\/strong> Je li va\u0161 ljubimac bio pun energije dok je jurio po livadama, igrao se s drugim psima ili lovio frizbi? No, \u010dim je ostario, po\u010deo je osje\u0107ati bolove u zglobovima i uko\u010denost, zbog \u010dega mu je bilo te\u0161ko raditi sve ono \u0161to je volio. U nekim pogledima psi \/ ma\u010dke \/ &#8230; nisu toliko razli\u010diti od ljudi \u2013 svi do\u017eivljavamo iste fizi\u010dke bolove i emocionalna stanja te imamo endokanabinoidni sustav u tijelu. CBD djeluje tako \u0161to sudjeluje s endokanabinoidnim sustavom tijela, koji poma\u017ee u regulaciji boli, upala i anksioznosti \u2013 \u0161to vrijedi za \u017eivotinje i ljude! Redovita uporaba CBD-a mo\u017ee va\u0161em ljubimcu olak\u0161ati kretanje i omogu\u0107iti mu da se bolje osje\u0107a u svojoj ko\u017ei, bez obzira na godine.<\/p>\r\n\r\n<p><strong>Prednosti CBD kapi za ku\u0107ne ljubimce nadilaze samo ubla\u017eavanje bolova u zglobovima. Evo jo\u0161 nekoliko razloga za\u0161to i kada ih koristiti:<\/strong><\/p>\r\n\r\n<ul>\r\n\t<li><u>Anksioznost<\/u>: Ako je va\u0161 \u010detverono\u017eni \u010dlan obitelji tijekom vo\u017enje autom, nevremena ili drugih stresnih situacija anksiozan, CBD kapi mogu mu pomo\u0107i smiriti \u017eivce i omogu\u0107iti mu opu\u0161tanje.<\/li>\r\n\t<li><u>Apetit<\/u>: CBD mo\u017ee biti rje\u0161enje za ne ba\u0161 pro\u017edrljivog ljubimca. S CBD kapima mo\u017eete potaknuti apetit \u017eivotinje i vratiti joj uobi\u010dajene prehrambene navike.<\/li>\r\n\t<li><u>Potpora imunolo\u0161kom sustavu<\/u>: CBD mo\u017ee pomo\u0107i ja\u010danju imunolo\u0161kog sustava va\u0161eg ku\u0107nog ljubimca, pa \u0107e borba protiv infekcija i bolesti biti lak\u0161a; postoje\u0107e infekcije pak \u0107ete prebroditi jednostavnije.<\/li>\r\n\t<li><u>Zdravlje ko\u017ee i dlake<\/u>: CBD kapi bogate su esencijalnim masnim kiselinama, koje su neophodne za zdravlje ko\u017ee i dlake va\u0161eg ljubimca.<\/li>\r\n<\/ul>\r\n\r\n<h2>Ho\u0107e li moj ljubimac biti \u201cnapu\u0161en\u201d od CBD-a?<\/h2>\r\n\r\n<p>Ne, ni slu\u010dajno! Nepsihoaktivni kanabidiol CBD najra\u0161ireniji je kanabinoid u konoplji i jedan od najistra\u017eenijih. Ako oklijevate jer mislite da bi se va\u0161 dlakavi \u010dlan obitelji zbog toga mogao osje\u0107ati &#8220;omamljenim&#8221; ili &#8220;izvan sebe&#8221;, neka vas umirimo \u2013 sve su te brige nepotrebne. Kao kod ljudi, ni kod \u017eivotinja uporaba CBD-a ne mo\u017ee izazvati omamljenost. Osim toga, ovaj proizvod ne sadr\u017ei THC!<\/p>\r\n\r\n<p>CBD kapi za ku\u0107ne ljubimce su sigurne, netoksi\u010dne i imaju malo ili nimalo nuspojava. Bez obzira na to je li va\u0161 ljubimac stariji pas s bolovima u zglobovima ili mlada ma\u010dka s anksiozno\u0161\u0107u, CBD mo\u017ee biti prirodan i u\u010dinkovit na\u010din da \u017eivotinji pomognete da se bolje osje\u0107a. Ekstrakt Hempika CBD kapi za ku\u0107ne ljubimce dobiva se od organski uzgojenih biljaka konoplje pomo\u0107u superkriti\u010dnog CO2, koji \u010duva \u0161irok raspon kanabinoida i drugih hranjivih tvari.<\/p>\r\n\r\n<h2>Sastojci<\/h2>\r\n\r\n<p>MCT ulje, ekstrakt konoplje \u0161irokog spektra, aroma slanine.<\/p>\r\n\r\n<h2>Uporaba<\/h2>\r\n\r\n<p>Prije uporabe dobro protresti.<br\/>\r\nPomije\u0161ajte s hranom ili aplicirajte direktno u usta ljubimca.<br\/>\r\nPrije uporabe konzultirajte veterinara.<br\/>\r\n1 kap sadr\u017ei pribli\u017eno 1.7 mg kanabidiola (CBD).<br\/>\r\n1 bo\u010dica (10 ml) sadr\u017ei pribli\u017eno 300 kapi.<\/p>\r\n\r\n<h2>Skladi\u0161tenje<\/h2>\r\n\r\n<p>\u010cuvati na hladnom mjestu. Za\u0161tititi od sunca.<br\/>\r\n\u010cuvati izvan dohvata djece.<br\/>\r\nRok trajanja: 18 mjeseci<\/p>\r\n\r\n<\/div>\n","protected":false},"excerpt":{"rendered":"<div class=\"kratek\">\n<p>Prirodno olak\u0161anje za pse, ma\u010dke i druge \u0161apice. Formula s ekstraktom konoplje \u0161irokog spektra, oboga\u0107ena okusom slanine, razveselit \u0107e i najizbirljivije ljubimce.<\/p>\n<\/div>\n","protected":false},"featured_media":47378,"comment_status":"open","ping_status":"closed","template":"","meta":[],"product_brand":[],"product_cat":[337],"product_tag":[],"class_list":{"0":"post-23606","1":"product","2":"type-product","3":"status-publish","4":"has-post-thumbnail","6":"product_cat-proizvodi-od-konoplje","8":"first","9":"instock","10":"taxable","11":"shipping-taxable","12":"purchasable","13":"product-type-simple"},"_links":{"self":[{"href":"https:\/\/hempika.com\/hr\/wp-json\/wp\/v2\/product\/23606","targetHints":{"allow":["GET"]}}],"collection":[{"href":"https:\/\/hempika.com\/hr\/wp-json\/wp\/v2\/product"}],"about":[{"href":"https:\/\/hempika.com\/hr\/wp-json\/wp\/v2\/types\/product"}],"replies":[{"embeddable":true,"href":"https:\/\/hempika.com\/hr\/wp-json\/wp\/v2\/comments?post=23606"}],"wp:featuredmedia":[{"embeddable":true,"href":"https:\/\/hempika.com\/hr\/wp-json\/wp\/v2\/media\/47378"}],"wp:attachment":[{"href":"https:\/\/hempika.com\/hr\/wp-json\/wp\/v2\/media?parent=23606"}],"wp:term":[{"taxonomy":"product_brand","embeddable":true,"href":"https:\/\/hempika.com\/hr\/wp-json\/wp\/v2\/product_brand?post=23606"},{"taxonomy":"product_cat","embeddable":true,"href":"https:\/\/hempika.com\/hr\/wp-json\/wp\/v2\/product_cat?post=23606"},{"taxonomy":"product_tag","embeddable":true,"href":"https:\/\/hempika.com\/hr\/wp-json\/wp\/v2\/product_tag?post=23606"}],"curies":[{"name":"wp","href":"https:\/\/api.w.org\/{rel}","templated":true}]}}