{"id":23602,"date":"2020-10-30T15:47:19","date_gmt":"2020-10-30T14:47:19","guid":{"rendered":"https:\/\/hempika.com\/product\/cbd-izolat\/"},"modified":"2026-04-15T06:23:36","modified_gmt":"2026-04-15T04:23:36","slug":"cbd-izolat","status":"publish","type":"product","link":"https:\/\/hempika.com\/hr\/proizvod\/cbd-izolat\/","title":{"rendered":"CBD izolat"},"content":{"rendered":"<div class=\"dolg\">\n<p>Obo\u017eavate u\u010dinke CBD-a ili biste ga voljeli isprobati, ali \u017eelite ostati na sigurnoj strani kada su u pitanju THC testovi? Onda je Hempika <strong>CBD izolat<\/strong> ono \u0161to tra\u017eite! Ovaj proizvod je rafiniran i kristaliziran oblik ekstrakta konoplje koji sadr\u017ei vi\u0161e od 99% kanabidiola (CBD). To je naj\u010di\u0161\u0107i oblik prirodno prisutnog kanabidiola, dobiven iz biljke konoplje i proizveden pomo\u0107u suvremenih tehnika ekstrakcije. Najbolji CBD, 100% bez THC-a!<\/p>\n<h2>Je li ovo pravi proizvod za mene?<\/h2>\n<p>Koja je zapravo razlika izme\u0111u CBD-a punog spektra (koji se nalazi u kapljicama, pasti i spreju) i izolirane verzije? Proizvodi punog spektra jo\u0161 uvijek sadr\u017ee malu koli\u010dinu THC-a, koja sigurno ne\u0107e uzrokovati &#8220;napu\u0161enost&#8221;, ali mo\u017ee biti nezgodna za one koji su izlo\u017eeni redovitim THC testovima. Hempika CBD izolat dolazi u obliku praha, \u0161to ga \u010dini jednostavnim i sigurnim za kori\u0161tenje.<\/p>\n<p><strong>Evo nekoliko primjera ljudi koji radije biraju CBD izolat nego proizvode punog spektra:<\/strong><\/p>\n<ul>\n<li>Profesionalci (sporta\u0161i, vojnici, policajci, marinci itd.) koji su redovito izlo\u017eeni raznim testovima, uklju\u010duju\u0107i THC testove, najvjerojatnije \u0107e izabrati izolat umjesto CBD proizvoda punog spektra. Naime, postoji vjerojatnost da \u0107e drugi proizvodi ostaviti trag THC-a u krvi.<\/li>\n<li>\u017delite ostati na sigurnoj strani, a istovremeno u\u017eivati u svim prednostima CBD-a? Izolat je pravi odgovor. Dajte mu priliku i primijetite kako smanjuje intenzitet va\u0161ih svakodnevnih izazova i tjelesnih senzacija.<\/li>\n<li>Volite multifunkcionalnost proizvoda? Obo\u017eavat \u0107ete izolat! Evo samo nagovje\u0161taja svih beskona\u010dnih na\u010dina na koje ga ljudi koriste: izrada vlastitih CBD proizvoda za ku\u0107nu upotrebu, poput kombiniranja s uljem ili drugim kozmeti\u010dkim bazama za primjenu na ko\u017ei; mije\u0161anje uljnih otopina za razli\u010dite svrhe; dodavanje u punjenja za elektroni\u010dke cigarete ili isparavanje; oralna upotreba, i popis se nastavlja.<\/li>\n<\/ul>\n<h2>Kada i kako koristiti CBD izolat?<\/h2>\n<p>Kod kori\u0161tenja CBD-a nema strogih pravila ili uputa. Svaka osoba je individualna, stoga se kori\u0161tenje CBD-a razlikuje od pojedinca do pojedinca. Bitno je da prona\u0111ete vlastiti ritam i dozu koja vam najbolje odgovara. Za\u0161to ne biste po\u010deli s manjom dozom i postepeno je pove\u0107avali prema svojim dnevnim potrebama i raspolo\u017eenju? Tako\u0111er mo\u017eete biti kreativni sa svim mogu\u0107im na\u010dinima upotrebe CBD izolata. Testirajte ga i prona\u0111ite svoj najbolji recept!<\/p>\n<h2>Kreirajte svoj ritual<\/h2>\n<p>Razmi\u0161ljanje o tome kako uvrstiti novi proizvod u svakodnevnu rutinu mo\u017ee biti izazovno. Umjesto da budete previ\u0161e strogi, razmislite o stvaranju promi\u0161ljenog CBD rituala dana. Rituali nas prizemljuju, vra\u0107aju u sada\u0161nji trenutak, natrag k disanju i daju nam minutu za \u010disti mir. Kada dan postane hekti\u010dan, to je trenutak za CBD ritual. Zar nam svima ne bi koristilo malo opu\u0161tanja i mira? CBD izolat koristite prije spavanja; prije va\u017enog zadatka koji trebate obaviti; kada stres pokuca na vrata ili u bilo kojem drugom trenutku kada vam treba malo vremena samo za vas. Hempika CBD izolat mo\u017ee brzo postati va\u0161 SOS poziv, uvijek u va\u0161oj torbici ili d\u017eepu.<\/p>\n<h2>Kakvog je okusa izolat?<\/h2>\n<p>Izolat nema poseban okus ili miris. To je samo prah koji mo\u017eete koristiti na razli\u010dite na\u010dine bez promjene okusa pi\u0107a ili mirisa drugih proizvoda (ako ga namjeravate koristiti u kozmetici).<\/p>\n<h2>Uporaba<\/h2>\n<p>Samo za farmaceutsku uporabu.<\/p>\n<h2>Sastojci<\/h2>\n<p>Kanabidiol (CAS: 13956-29-1)<\/p>\n<h2>Upozorenje<\/h2>\n<p>Nemojte rukovati dok ne pro\u010ditate i razumijete sve sigurnosne mjere opreza.<br \/>\n\u0160tetno ako se proguta.<br \/>\nSumnja se da \u0161teti plodnosti ili nero\u0111enom djetetu.<br \/>\nOdlo\u017eite sadr\u017eaj\/kontejner u skladu s nacionalnim propisima.<\/p>\n<h2>Skladi\u0161tenje<\/h2>\n<p>\u010cuvati na hladnom mjestu. Za\u0161tititi od sunca.<br \/>\n\u010cuvati izvan dohvata djece.<br \/>\nRok trajanja: 18 mjeseci<\/p>\n<\/div>\n","protected":false},"excerpt":{"rendered":"<div class=\"kratek\">\n<p>Osjetite pravu snagu CBD-a u njegovom naj\u010di\u0161\u0107em obliku! Ako tra\u017eite proizvod koji je 100% bez THC-a, izolat je za vas! Izolat je kristalizirani ekstrakt iz konoplje u prahu za vi\u0161estruku upotrebu.<\/p>\n<p class=\"kolicina\">~1000mg CBD \/ 1g<\/p>\n<\/div>\n","protected":false},"featured_media":44956,"comment_status":"open","ping_status":"closed","template":"","meta":[],"product_brand":[],"product_cat":[337],"product_tag":[],"class_list":{"0":"post-23602","1":"product","2":"type-product","3":"status-publish","4":"has-post-thumbnail","6":"product_cat-proizvodi-od-konoplje","8":"first","9":"instock","10":"taxable","11":"shipping-taxable","12":"purchasable","13":"product-type-simple"},"_links":{"self":[{"href":"https:\/\/hempika.com\/hr\/wp-json\/wp\/v2\/product\/23602","targetHints":{"allow":["GET"]}}],"collection":[{"href":"https:\/\/hempika.com\/hr\/wp-json\/wp\/v2\/product"}],"about":[{"href":"https:\/\/hempika.com\/hr\/wp-json\/wp\/v2\/types\/product"}],"replies":[{"embeddable":true,"href":"https:\/\/hempika.com\/hr\/wp-json\/wp\/v2\/comments?post=23602"}],"wp:featuredmedia":[{"embeddable":true,"href":"https:\/\/hempika.com\/hr\/wp-json\/wp\/v2\/media\/44956"}],"wp:attachment":[{"href":"https:\/\/hempika.com\/hr\/wp-json\/wp\/v2\/media?parent=23602"}],"wp:term":[{"taxonomy":"product_brand","embeddable":true,"href":"https:\/\/hempika.com\/hr\/wp-json\/wp\/v2\/product_brand?post=23602"},{"taxonomy":"product_cat","embeddable":true,"href":"https:\/\/hempika.com\/hr\/wp-json\/wp\/v2\/product_cat?post=23602"},{"taxonomy":"product_tag","embeddable":true,"href":"https:\/\/hempika.com\/hr\/wp-json\/wp\/v2\/product_tag?post=23602"}],"curies":[{"name":"wp","href":"https:\/\/api.w.org\/{rel}","templated":true}]}}