{"id":23581,"date":"2020-12-15T11:45:05","date_gmt":"2020-12-15T10:45:05","guid":{"rendered":"https:\/\/hempika.com\/product\/paket-prirodna-ljepota\/"},"modified":"2024-12-02T14:39:25","modified_gmt":"2024-12-02T13:39:25","slug":"paket-prirodna-ljepota","status":"publish","type":"product","link":"https:\/\/hempika.com\/hr\/proizvod\/paket-prirodna-ljepota\/","title":{"rendered":"PAKET PRIRODNA LJEPOTA"},"content":{"rendered":"<p>Sadr\u017ei:<\/p>\n<p><a href=\"https:\/\/hempika.com\/hr\/proizvod\/cbd-krema-za-lice\/\">CBD krema za lice<\/a><br \/>\n<a href=\"https:\/\/hempika.com\/hr\/proizvod\/cbd-maslac-za-tijelo\/\">CBD maslac za tijelo<\/a><br \/>\n<a href=\"https:\/\/hempika.com\/hr\/proizvod\/sampon-od-konoplje\/\">\u0160ampon od konoplje<\/a><br \/>\n<a href=\"https:\/\/hempika.com\/hr\/proizvod\/sapun-od-konoplje\/\">Sapun od konoplje<\/a><\/p>\n","protected":false},"excerpt":{"rendered":"<p>Komplet prirodnih superjunaka za njegu ko\u017ee i kose idealan je poklon za voljenu osobu te savr\u0161en izbor koji \u0107e razmaziti sva va\u0161a osjetila.<\/p>\n<p>Za sve tipove ko\u017ee i kose<br \/>\n4 u 1<\/p>\n","protected":false},"featured_media":23582,"comment_status":"open","ping_status":"closed","template":"","meta":[],"product_brand":[],"product_cat":[337],"product_tag":[],"class_list":{"0":"post-23581","1":"product","2":"type-product","3":"status-publish","4":"has-post-thumbnail","6":"product_cat-proizvodi-od-konoplje","8":"first","9":"outofstock","10":"taxable","11":"shipping-taxable","12":"purchasable","13":"product-type-simple"},"_links":{"self":[{"href":"https:\/\/hempika.com\/hr\/wp-json\/wp\/v2\/product\/23581","targetHints":{"allow":["GET"]}}],"collection":[{"href":"https:\/\/hempika.com\/hr\/wp-json\/wp\/v2\/product"}],"about":[{"href":"https:\/\/hempika.com\/hr\/wp-json\/wp\/v2\/types\/product"}],"replies":[{"embeddable":true,"href":"https:\/\/hempika.com\/hr\/wp-json\/wp\/v2\/comments?post=23581"}],"wp:featuredmedia":[{"embeddable":true,"href":"https:\/\/hempika.com\/hr\/wp-json\/wp\/v2\/media\/23582"}],"wp:attachment":[{"href":"https:\/\/hempika.com\/hr\/wp-json\/wp\/v2\/media?parent=23581"}],"wp:term":[{"taxonomy":"product_brand","embeddable":true,"href":"https:\/\/hempika.com\/hr\/wp-json\/wp\/v2\/product_brand?post=23581"},{"taxonomy":"product_cat","embeddable":true,"href":"https:\/\/hempika.com\/hr\/wp-json\/wp\/v2\/product_cat?post=23581"},{"taxonomy":"product_tag","embeddable":true,"href":"https:\/\/hempika.com\/hr\/wp-json\/wp\/v2\/product_tag?post=23581"}],"curies":[{"name":"wp","href":"https:\/\/api.w.org\/{rel}","templated":true}]}}