{"id":23579,"date":"2020-11-18T10:22:07","date_gmt":"2020-11-18T09:22:07","guid":{"rendered":"https:\/\/hempika.com\/product\/sampon-od-konoplje\/"},"modified":"2024-12-02T14:39:25","modified_gmt":"2024-12-02T13:39:25","slug":"sampon-od-konoplje","status":"publish","type":"product","link":"https:\/\/hempika.com\/hr\/proizvod\/sampon-od-konoplje\/","title":{"rendered":"\u0160AMPON OD KONOPLJE"},"content":{"rendered":"<p><strong>Hempika \u0161ampon od konoplje<\/strong> za osjetljivo vlasi\u0161te s hladno tije\u0161tenim uljima konoplje i kokosa hrani, vla\u017ei, regenerira i omek\u0161ava kosu. Eteri\u010dno ulje lavande svojim antibakterijskim svojstvima umiruje i uravnote\u017euje vlasi\u0161te. Blag, cvjetni miris ugodno opu\u0161ta i poma\u017ee u smanjenju stresa. Glina u\u010dinkovito uklanja ne\u010disto\u0107u pobolj\u0161avaju\u0107i cirkulaciju vlasi\u0161ta dok jabu\u010dni ocat kosi vra\u0107a sjaj, podatnost i meko\u0107u.<\/p>\n<p>Sadr\u017ei isklju\u010divo 100 % prirodne biljne sastojke (vegan). Bez parabena, mineralnih ulja, umjetnih bojila, mirisa, konzervansa, emulgatora i sredstva za zgu\u0161njavanje.<\/p>\n<p><strong>SASTAV:<\/strong><br \/>\nKokosov maslac, maslinovo ulje, jojobino ulje, bijela glina, zelena glina, jabu\u010dni ocat, eteri\u010dno ulje lavande.<\/p>\n<p><strong>INCI:<\/strong><br \/>\nSodium Coco-sulfate, Sodium Cocoate, Sodium Olivate, Cannabis Sativa Seed Oil, Simmondsia Chinensis Seed Oil, Kaolin, Illite, Apple Cider Vinegar, Panthenol, Lavandula Angustifolia Oil, Citric Acid, Montmorillonite, Linalool*. *Naravne sestavine eteri\u010dnih olj<\/p>\n<p><strong>UPORABA:<\/strong><br \/>\nUtrljati u mokru kosu. Formirati nje\u017enu pjenu i ostaviti da djeluje.<br \/>\nVrhovima prstiju izmasirati vlasi\u0161te i temeljito isprati toplom vodom.<br \/>\nPo potrebi koristiti balzam za kosu.<br \/>\nPrikladan za \u010desto pranje svih tipova kose.<br \/>\nU slu\u010daju pojave reakcije preosjetljivosti prekinuti s uporabom.<\/p>\n<p><strong>SKLADI\u0160TENJE:<\/strong><br \/>\n\u010cuvati na sobnoj temperaturi.<\/p>\n<p>\u010cuvati na suhom mjestu.<br \/>\nOstaviti na podlozi za sapun u svrhu spre\u010davanja od mogu\u0107eg otapanja.<\/p>\n<p><strong>ROK UPORABE:<\/strong><br \/>\n24 mjeseca<\/p>\n","protected":false},"excerpt":{"rendered":"<p>Neka va\u0161a kosa zablista u svoj svojoj ljepoti s ru\u010dno izra\u0111enim \u0161amponom od konoplje koji hrani i obnavlja kosu i \u0161titi je od isu\u0161ivanja, pucanja i lomljenja.<\/p>\n<p>Za sve tipove kose<br \/>\n50 g<\/p>\n","protected":false},"featured_media":23580,"comment_status":"open","ping_status":"closed","template":"","meta":[],"product_brand":[],"product_cat":[337],"product_tag":[],"class_list":{"0":"post-23579","1":"product","2":"type-product","3":"status-publish","4":"has-post-thumbnail","6":"product_cat-proizvodi-od-konoplje","8":"first","9":"outofstock","10":"sale","11":"taxable","12":"shipping-taxable","13":"purchasable","14":"product-type-simple"},"_links":{"self":[{"href":"https:\/\/hempika.com\/hr\/wp-json\/wp\/v2\/product\/23579","targetHints":{"allow":["GET"]}}],"collection":[{"href":"https:\/\/hempika.com\/hr\/wp-json\/wp\/v2\/product"}],"about":[{"href":"https:\/\/hempika.com\/hr\/wp-json\/wp\/v2\/types\/product"}],"replies":[{"embeddable":true,"href":"https:\/\/hempika.com\/hr\/wp-json\/wp\/v2\/comments?post=23579"}],"wp:featuredmedia":[{"embeddable":true,"href":"https:\/\/hempika.com\/hr\/wp-json\/wp\/v2\/media\/23580"}],"wp:attachment":[{"href":"https:\/\/hempika.com\/hr\/wp-json\/wp\/v2\/media?parent=23579"}],"wp:term":[{"taxonomy":"product_brand","embeddable":true,"href":"https:\/\/hempika.com\/hr\/wp-json\/wp\/v2\/product_brand?post=23579"},{"taxonomy":"product_cat","embeddable":true,"href":"https:\/\/hempika.com\/hr\/wp-json\/wp\/v2\/product_cat?post=23579"},{"taxonomy":"product_tag","embeddable":true,"href":"https:\/\/hempika.com\/hr\/wp-json\/wp\/v2\/product_tag?post=23579"}],"curies":[{"name":"wp","href":"https:\/\/api.w.org\/{rel}","templated":true}]}}