{"id":23577,"date":"2020-11-18T10:23:15","date_gmt":"2020-11-18T09:23:15","guid":{"rendered":"https:\/\/hempika.com\/product\/sapun-od-konoplje\/"},"modified":"2024-10-22T14:33:45","modified_gmt":"2024-10-22T12:33:45","slug":"sapun-od-konoplje","status":"publish","type":"product","link":"https:\/\/hempika.com\/hr\/proizvod\/sapun-od-konoplje\/","title":{"rendered":"SAPUN OD KONOPLJE"},"content":{"rendered":"<p>Hempika sapun od konoplje s hladno tije\u0161tenim uljem konoplje njeguje ko\u017eu na potpuno prirodan na\u010din. Kokosovo i maslinovo ulje hidratiziraju ko\u017eu dok je eteri\u010dno ulje lavande svojim antibakterijskim svojstvima dugotrajno \u0161titi. Blag, cvjetni miris ugodno opu\u0161ta i poma\u017ee u smanjenju stresa. Ru\u010dno izra\u0111en hladnim postupkom prilikom kojeg visokokvalitetne masti bogate vitaminima i mineralima u potpunosti zadr\u017eavaju pozitivna svojstva.<\/p>\n<p>Sadr\u017ei isklju\u010divo 100 % prirodne biljne sastojke (vegan). Bez parabena, mineralnih ulja, umjetnih bojila, mirisa, konzervansa, emulgatora i sredstva za zgu\u0161njavanje.<\/p>\n<p><strong>SASTAV:<\/strong><br \/>\nPalmino ulje (RSPO), voda, kokosovo ulje, maslinovo ulje, kakao maslac, ulje konoplje, eteri\u010dno ulje lavande, vitamin E.<\/p>\n<p><strong>INCI:<\/strong><br \/>\nElaeis Guineensis Oil, Aqua, Cocos Nucifera Oil, Olea Europaea Fruit Oil, Sodium Hydroxide, Theobroma Cacao Seed Butter, Cannabis Sativa Seed Oil, Lavandula Angustifolia Oil, Tocopheryl Acetate, Limonene*, Linalool*, Geraniol*. *Naravne sestavine eteri\u010dnih olj<\/p>\n<p><strong>UPORABA:<\/strong><br \/>\nNanijeti malu koli\u010dinu sapuna na mokre dlanove, zapjeniti, zatim nanijeti na \u017eeljeno podru\u010dje i istrljati.<br \/>\nDobro isprati toplom vodom.<br \/>\nPo potrebi nanijeti kremu za lice ili maslac za tijelo.<br \/>\nIdealan za svakodnevnu njegu ruku, lica, kose i tijela i sve tipove ko\u017ee.<br \/>\nKruti sapun mo\u017ee zamijeniti 1 litru teku\u0107eg sapuna.<br \/>\nU slu\u010daju pojave reakcije preosjetljivosti prekinuti s uporabom.<\/p>\n<p><strong>SKLADI\u0160TENJE:<\/strong><br \/>\n\u010cuvati na sobnoj temperaturi.<br \/>\n\u010cuvati na suhom mjestu.<br \/>\nOstaviti na podlozi za sapun u svrhu spre\u010davanja od mogu\u0107eg otapanja.<\/p>\n<p><strong>ROK UPORABE:<\/strong><br \/>\n24 mjeseca<\/p>\n","protected":false},"excerpt":{"rendered":"<p>Ru\u010dno izra\u0111en hladnim postupkom od odabranih biljnih sastojaka. Blago ali u\u010dinkovito \u010disti osjetljivu ko\u017eu istovremeno je \u0161tite\u0107i od isu\u0161ivanja.<\/p>\n<p>Za sve tipove ko\u017ee<br \/>\n100 g<\/p>\n","protected":false},"featured_media":23488,"comment_status":"open","ping_status":"closed","template":"","meta":[],"product_brand":[],"product_cat":[337],"product_tag":[],"class_list":{"0":"post-23577","1":"product","2":"type-product","3":"status-publish","4":"has-post-thumbnail","6":"product_cat-proizvodi-od-konoplje","8":"first","9":"outofstock","10":"sale","11":"taxable","12":"shipping-taxable","13":"purchasable","14":"product-type-simple"},"_links":{"self":[{"href":"https:\/\/hempika.com\/hr\/wp-json\/wp\/v2\/product\/23577","targetHints":{"allow":["GET"]}}],"collection":[{"href":"https:\/\/hempika.com\/hr\/wp-json\/wp\/v2\/product"}],"about":[{"href":"https:\/\/hempika.com\/hr\/wp-json\/wp\/v2\/types\/product"}],"replies":[{"embeddable":true,"href":"https:\/\/hempika.com\/hr\/wp-json\/wp\/v2\/comments?post=23577"}],"wp:featuredmedia":[{"embeddable":true,"href":"https:\/\/hempika.com\/hr\/wp-json\/wp\/v2\/media\/23488"}],"wp:attachment":[{"href":"https:\/\/hempika.com\/hr\/wp-json\/wp\/v2\/media?parent=23577"}],"wp:term":[{"taxonomy":"product_brand","embeddable":true,"href":"https:\/\/hempika.com\/hr\/wp-json\/wp\/v2\/product_brand?post=23577"},{"taxonomy":"product_cat","embeddable":true,"href":"https:\/\/hempika.com\/hr\/wp-json\/wp\/v2\/product_cat?post=23577"},{"taxonomy":"product_tag","embeddable":true,"href":"https:\/\/hempika.com\/hr\/wp-json\/wp\/v2\/product_tag?post=23577"}],"curies":[{"name":"wp","href":"https:\/\/api.w.org\/{rel}","templated":true}]}}