{"id":23573,"date":"2020-08-26T12:28:31","date_gmt":"2020-08-26T10:28:31","guid":{"rendered":"https:\/\/hempika.com\/product\/cbd-krema-za-lice\/"},"modified":"2024-07-10T11:26:51","modified_gmt":"2024-07-10T09:26:51","slug":"cbd-krema-za-lice","status":"publish","type":"product","link":"https:\/\/hempika.com\/hr\/proizvod\/cbd-krema-za-lice\/","title":{"rendered":"CBD KREMA ZA LICE"},"content":{"rendered":"<p><strong>Hempika CBD krema za lice<\/strong> s ekstraktom konoplje punog spektra i uljem konoplje njeguje ko\u017eu na potpuno prirodan na\u010din. Mango maslac vla\u017ei i \u0161titi ko\u017eu dok bademovo ulje vra\u0107a prirodnu blistavost i sjaj. Eteri\u010dna ulja limunovca i geranija svje\u017eeg citrusnog mirisa pokazuju se izvrsnima u njezi normalne i osjetljive ko\u017ee jednako kao i one suhe, zrele, mije\u0161ane i masne ko\u017ee sklone aknama.<\/p>\n<p>Sadr\u017ei isklju\u010divo 100 % prirodne biljne sastojke (vegan). Bez parabena, mineralnih ulja, umjetnih bojila, mirisa, konzervansa, emulgatora i sredstva za zgu\u0161njavanje.<\/p>\n<p><strong>SASTAV:<\/strong><br \/>\nVoda, bademovo ulje, mango maslac, biljni glicerin, ulje konoplje, ekstrakt konoplje punog spektra, vitamin E, eteri\u010dno ulje limunovca, eteri\u010dno ulje geranija.<\/p>\n<p><strong>INCI:<\/strong><br \/>\nAqua, Mangifera Indica Seed Butter , Glycerin, , Cetearyl Alcohol, Glyceryl Stearate Citrate, Isoamyl Laurate, Glyceryl Stearate, Glyceryl Caprylate, Cannabis Sativa Seed Oil, Cannabis Sativa Leaf Extract, Sodium Levulinate, Sodium Anisate, Tocopherol, Helianthus Annuus Seed Oil, Xanthan Gum, Sodium Phytate, Citric Acid, Litsea Cubeba Fruit Oil, Pelargonium Graveolens Oil, Citral*, Citronellol*, Geraniol*, Limonene*, Linalool*. *Naravne sestavine eteri\u010dnih olj<\/p>\n<p><strong>UPORABA:<\/strong><br \/>\nPritiskom na dozator istisnuti \u017eeljenu koli\u010dinu kreme te je vrhovima prstiju nje\u017eno utrljati na ko\u017eu lica.<br \/>\nU slu\u010daju ispucale i suhe ko\u017ee, CBD kremu za lice koristiti u kombinaciji s maslacem za tijelo.<br \/>\nIdealna za svakodnevnu njegu lica i sve tipove ko\u017ee.<br \/>\nU slu\u010daju pojave reakcije preosjetljivosti prekinuti s uporabom.<\/p>\n<p><strong>SKLADI\u0160TENJE:<\/strong><br \/>\n\u010cuvati na sobnoj temperaturi.<\/p>\n<p><strong>ROK UPORABE:<\/strong><br \/>\n24 mjeseca<\/p>\n","protected":false},"excerpt":{"rendered":"<p>Bogata hidratantna krema za dnevnu njegu lica s pa\u017eljivo odabranim biljnim sastojcima brzo se upija i ne ostavlja masne mrlje. Ko\u017ei vra\u0107a meko\u0107u, prirodnu blistavost i sjaj.<\/p>\n<p>Za sve tipove ko\u017ee<br \/>\n100 mg CBD \/ 50 ml<\/p>\n","protected":false},"featured_media":23574,"comment_status":"open","ping_status":"closed","template":"","meta":[],"product_brand":[],"product_cat":[337],"product_tag":[],"class_list":{"0":"post-23573","1":"product","2":"type-product","3":"status-publish","4":"has-post-thumbnail","6":"product_cat-proizvodi-od-konoplje","8":"first","9":"outofstock","10":"sale","11":"taxable","12":"shipping-taxable","13":"purchasable","14":"product-type-simple"},"_links":{"self":[{"href":"https:\/\/hempika.com\/hr\/wp-json\/wp\/v2\/product\/23573","targetHints":{"allow":["GET"]}}],"collection":[{"href":"https:\/\/hempika.com\/hr\/wp-json\/wp\/v2\/product"}],"about":[{"href":"https:\/\/hempika.com\/hr\/wp-json\/wp\/v2\/types\/product"}],"replies":[{"embeddable":true,"href":"https:\/\/hempika.com\/hr\/wp-json\/wp\/v2\/comments?post=23573"}],"wp:featuredmedia":[{"embeddable":true,"href":"https:\/\/hempika.com\/hr\/wp-json\/wp\/v2\/media\/23574"}],"wp:attachment":[{"href":"https:\/\/hempika.com\/hr\/wp-json\/wp\/v2\/media?parent=23573"}],"wp:term":[{"taxonomy":"product_brand","embeddable":true,"href":"https:\/\/hempika.com\/hr\/wp-json\/wp\/v2\/product_brand?post=23573"},{"taxonomy":"product_cat","embeddable":true,"href":"https:\/\/hempika.com\/hr\/wp-json\/wp\/v2\/product_cat?post=23573"},{"taxonomy":"product_tag","embeddable":true,"href":"https:\/\/hempika.com\/hr\/wp-json\/wp\/v2\/product_tag?post=23573"}],"curies":[{"name":"wp","href":"https:\/\/api.w.org\/{rel}","templated":true}]}}