{"id":23570,"date":"2020-12-22T15:37:23","date_gmt":"2020-12-22T14:37:23","guid":{"rendered":"https:\/\/hempika.com\/product\/paket-dobre-kalorije\/"},"modified":"2022-02-02T09:29:38","modified_gmt":"2022-02-02T08:29:38","slug":"paket-namirnica-od-konoplje","status":"publish","type":"product","link":"https:\/\/hempika.com\/hr\/proizvod\/paket-namirnica-od-konoplje\/","title":{"rendered":"PAKET DOBRE KALORIJE"},"content":{"rendered":"<p>Sadr\u017ei:<\/p>\n<p><a href=\"https:\/\/hempika.com\/hr\/proizvod\/ulje-konoplje\/\">Ulje konoplje<\/a><br \/>\n<a href=\"https:\/\/hempika.com\/hr\/proizvod\/caj-od-konoplje\/\">\u010caj od konoplje<\/a><br \/>\n<a href=\"https:\/\/hempika.com\/hr\/proizvod\/proteini-konoplje\/\">Proteini konoplje<\/a><br \/>\n<a href=\"https:\/\/hempika.com\/hr\/proizvod\/brasno-od-konoplje\/\">Bra\u0161no od konoplje<\/a><br \/>\n<a href=\"https:\/\/hempika.com\/hr\/proizvod\/sjemenke-konoplje\/\">Sjemenke konoplje<\/a><br \/>\n<a href=\"https:\/\/hempika.com\/hr\/proizvod\/oljustene-sjemenke-konoplje\/\">Olju\u0161tene sjemenke konoplje<\/a><\/p>\n","protected":false},"excerpt":{"rendered":"<p>Komplet superhrane od konoplje kao dodatak zdravom na\u010dinu \u017eivota vodi nas u svijet bogatstva okusa u slu\u017ebi imuniteta i u\u017eitaka u jelu bez imalo gri\u017enje savjesti.<\/p>\n<p>BIO certifikat<br \/>\n6 u 1<\/p>\n","protected":false},"featured_media":23571,"comment_status":"open","ping_status":"closed","template":"","meta":[],"product_brand":[],"product_cat":[337],"product_tag":[],"class_list":{"0":"post-23570","1":"product","2":"type-product","3":"status-publish","4":"has-post-thumbnail","6":"product_cat-proizvodi-od-konoplje","8":"first","9":"outofstock","10":"taxable","11":"shipping-taxable","12":"purchasable","13":"product-type-simple"},"_links":{"self":[{"href":"https:\/\/hempika.com\/hr\/wp-json\/wp\/v2\/product\/23570","targetHints":{"allow":["GET"]}}],"collection":[{"href":"https:\/\/hempika.com\/hr\/wp-json\/wp\/v2\/product"}],"about":[{"href":"https:\/\/hempika.com\/hr\/wp-json\/wp\/v2\/types\/product"}],"replies":[{"embeddable":true,"href":"https:\/\/hempika.com\/hr\/wp-json\/wp\/v2\/comments?post=23570"}],"wp:featuredmedia":[{"embeddable":true,"href":"https:\/\/hempika.com\/hr\/wp-json\/wp\/v2\/media\/23571"}],"wp:attachment":[{"href":"https:\/\/hempika.com\/hr\/wp-json\/wp\/v2\/media?parent=23570"}],"wp:term":[{"taxonomy":"product_brand","embeddable":true,"href":"https:\/\/hempika.com\/hr\/wp-json\/wp\/v2\/product_brand?post=23570"},{"taxonomy":"product_cat","embeddable":true,"href":"https:\/\/hempika.com\/hr\/wp-json\/wp\/v2\/product_cat?post=23570"},{"taxonomy":"product_tag","embeddable":true,"href":"https:\/\/hempika.com\/hr\/wp-json\/wp\/v2\/product_tag?post=23570"}],"curies":[{"name":"wp","href":"https:\/\/api.w.org\/{rel}","templated":true}]}}