{"id":23563,"date":"2020-11-18T10:26:16","date_gmt":"2020-11-18T09:26:16","guid":{"rendered":"https:\/\/hempika.com\/product\/proteini-konoplje\/"},"modified":"2026-04-14T21:52:15","modified_gmt":"2026-04-14T19:52:15","slug":"proteini-konoplje","status":"publish","type":"product","link":"https:\/\/hempika.com\/hr\/proizvod\/proteini-konoplje\/","title":{"rendered":"Proteini konoplje"},"content":{"rendered":"<div class=\"dolg\">\n<p>Niste ljubitelj proteina punih umjetnih aroma i sumnjivih sastojaka? Ipak \u017eelite pove\u0107ati unos kvalitetnih bjelan\u010devina koje \u0107e imati brojne pozitivne u\u010dinke na va\u0161e zdravlje? Onda ste ih prona\u0161li \u2013 ekolo\u0161ke proteine konoplje!<\/p>\n<p>Hempika <strong>proteini konoplje<\/strong> su ekolo\u0161ki nusproizvod pre\u0161anja sjemenki konoplje. Dobivaju se mljevenjem konopljine poga\u010de na kamenom mlinu i finim prosijavanjem, pri \u010demu se dobiva proteinski prah. Zahvaljuju\u0107i tradicionalnom procesu proizvodnje, u proteinskom prahu ostaju svih 9 esencijalnih aminokiselina, prehrambena vlakna, vitamini i minerali. <strong>Proizvod je lako probavljiv i bez glutena.<\/strong><\/p>\n<p>Proteini konoplje odli\u010dan su izbor, bez obzira na to \u017eelite li odr\u017eati ili pove\u0107ati svoju mi\u0161i\u0107nu masu, oporaviti se nakon vje\u017ebanja ili jednostavno pove\u0107ati dnevni unos bjelan\u010devina (znamo da prosje\u010dna osoba unosi premalo bjelan\u010devina hranom). Proteini konoplje nisu samo ukusni, ve\u0107 su i iznimno bogati hranjivim tvarima. Sadr\u017ee zna\u010dajnu koli\u010dinu omega-3 i omega-6 masnih kiselina u savr\u0161enom omjeru. Poznato je da namirnice bogate isklju\u010divo omega-6 masnim kiselinama naru\u0161avaju omjer za zdravlje nu\u017eno potrebnih omega-3 i vode ka slabosti organizma.<\/p>\n<p>Proteine konoplje jednostavno \u0107ete uklju\u010diti u svoju dnevnu rutinu \u2013 mo\u017eete ih dodati u smoothije, zobenu ka\u0161u, koristiti kao zamjenu za bra\u0161no u kola\u010dima ili ih konzumirati samostalno. Va\u0161i okusni pupoljci i mi\u0161i\u0107i bit \u0107e odu\u0161evljeni va\u0161im novim izborom!<\/p>\n<h2>Kako uklju\u010diti proteine konoplje u svakodnevnu prehranu?<\/h2>\n<p>Ako volite eksperimentirati u kuhinji i pu\u0161tate ma\u0161ti na volju, mogu\u0107nosti upotrebe proteina konoplje su neograni\u010dene. Dan mo\u017eete zapo\u010deti zdjelom zobene ka\u0161e oboga\u0107ene proteinima konoplje, umije\u0161ati ih u svoj uobi\u010dajeni proteinski napitak ili pripremiti proteinske energetske kuglice. Za inspiraciju vam donosimo nekoliko ideja za upotrebu bjelan\u010devina konoplje u prahu:<\/p>\n<h3>#1 Paleo pala\u010dinke s proteinima konoplje<\/h3>\n<p><u>Sastojci:<\/u> 1 banana, 2 jaja, 1\/2 \u0161alice bademovog bra\u0161na, 2 \u017elice proteina konoplje, 1\/2 \u010dajne \u017eli\u010dice cimeta, malo (biljnog) mlijeka, prstohvat soli i vanilije, te odabrano ulje za pe\u010denje pala\u010dinki (preporu\u010dujemo kokosovo ulje ili ghee). Neka po\u010dne \u010darolija!<\/p>\n<p>Za pripremu pala\u010dinki sve sastojke izmiksajte u blenderu ili kuhinjskom robotu dok smjesa ne postane glatka. Zagrijte tavu na laganoj vatri, dodajte malo ulja i pecite pala\u010dinke kao i ina\u010de. Ako je smjesa pregusta, dodajte jo\u0161 malo mlijeka kako biste je razrijedili. Ukrasite \u017eeljenim dodacima, namazima i ostalim poslasticama te u\u017eivajte!<\/p>\n<h3>#2 Smoothie zdjela s proteinima konoplje<\/h3>\n<p><u>Sastojci:<\/u> 2 zamrznute banane, 1 \u0161alica zamrznutog bobi\u010dastog vo\u0107a po izboru, 1 mjerica proteina konoplje, 1\/2 \u0161alice omiljenog mlijeka, nekoliko datulja, 2 \u017elice olju\u0161tenih sjemenki konoplje, 1\/4 \u0161alice jogurta, 1\/4 \u0161alice svje\u017eeg bobi\u010dastog vo\u0107a za dekoraciju.<\/p>\n<p>Ovaj je recept toliko jednostavan da ne mo\u017ee biti jednostavniji! Zblendajte banane, zamrznuto bobi\u010dasto vo\u0107e, mlijeko, datulje i proteine konoplje do glatkog. Smjesu prelijte u zdjelu i po vrhu dodajte jogurt, svje\u017ee bobi\u010dasto vo\u0107e, sjemenke konoplje, med ili cvjetni prah. Ukusno! U\u017eivajte u hranjivoj i ukusnoj smoothie zdjeli!<\/p>\n<h3>#3 Proteinske kuglice s proteinima konoplje<\/h3>\n<p><u>Sastojci:<\/u> 2 \u017eli\u010dice bjelan\u010devina konoplje, 2 \u017elice mljevenih lanenih sjemenki, 1 \u017eli\u010dica chia sjemenki, 5 \u017elica mljevenih badema, 2 \u017elice kakao praha, 1 \u017elica javorovog sirupa ili meda, malo vanilije, dodatno mljeveno bademovo ili kokosovo bra\u0161no za valjanje (po \u017eelji).<\/p>\n<p><u>Postupak:<\/u> Za pripremu hranjivog i ukusnog me\u0111uobroka najprije sameljite bademe i lanene sjemenke u mlincu za ora\u0161aste plodove ili sna\u017enom kuhinjskom robotu. Zatim sve sastojke stavite u manju zdjelu i stra\u017enjom stranom \u017elice dobro promije\u0161ajte pritiskaju\u0107i prema dolje. Mije\u0161ajte i pritiskajte dok smjesa ne postane vla\u017ena i jednoli\u010dna, \u0161to mo\u017ee potrajati minutu-dvije. Zatim smjesu podijelite na dijelove veli\u010dine \u010dajne \u017eli\u010dice i oblikujte kuglice. Ako \u017eelite, kuglice mo\u017eete uvaljati u mljevene bademe ili kokosovo bra\u0161no. Kuglice \u010duvajte u hladnjaku i u\u017eivajte u njima kao hranjivom me\u0111uobroku u bilo koje doba dana.<\/p>\n<h2>Kakvog su okusa proteini konoplje?<\/h2>\n<p>Proteini konoplje u prahu imaju blag, ora\u0161asti okus, koji se mo\u017ee opisati kao zemljani ili travnati. Op\u0107enito, okus nije jako intenzivan i lako ga mo\u017eete prikriti drugim sastojcima kad ih koristite u smoothiejima, pe\u010denim proizvodima ili drugim receptima. Neki u\u017eivaju u okusu proteina konoplje kada se pomije\u0161aju s vodom ili biljnim mlijekom, dok drugi preferiraju dodavanje sladila ili aroma radi pobolj\u0161anja okusa. Isprobajte ih i prona\u0111ite na\u010din u\u017eivanja koji vam najbolje odgovara.<\/p>\n<h2>Sastojci<\/h2>\n<p>100% proteini konoplje (BIO).<br \/>\nBIO Certifikat, 500g.<br \/><strong>SI-EKO-002<\/strong> <i>(Poljoprivreda EU)<\/i><\/p>\n<h2>\u010cuvanje<\/h2>\n<p>\u010cuvajte na hladnom i tamnom mjestu, po mogu\u0107nosti u hladnjaku (&lt;8\u00b0C), u originalnom pakiranju sa zip-lock zatvara\u010dem.<br \/>\nRok trajanja: 6 mjeseci<\/p>\n<h2>Nutritivna vrijednost:<\/h2>\n<p>Prosje\u010dna hranjiva vrijednost \/ 100 g<br \/>\nEnergetska vrijednost 1653 kJ \/ 395 kCal<br \/>\nMasti 14,6 g<br \/>\n\u2013 od toga zasi\u0107ene masti 1,5 g<br \/>\nUgljikohidrati 28,2 g<br \/>\n\u2013 od toga \u0161e\u0107eri 3,7 g<br \/>\nPrehrambena vlakna 19,8 g<br \/>\nBjelan\u010devine 37,7 g<br \/>\nSol 0,03 g<\/p>\n<\/div>\n","protected":false},"excerpt":{"rendered":"<div class=\"kratek\">\n<p>Vrhunski, lako probavljivi proteini za aktivan stil \u017eivota. Ekolo\u0161ki proteini konoplje poznati su kao izvrstan biljni izvor bjelan\u010devina i sadr\u017ee svih 9 esencijalnih aminokiselina!<\/p>\n<p class=\"kolicina\">500g<\/p>\n<\/div>\n","protected":false},"featured_media":44992,"comment_status":"open","ping_status":"closed","template":"","meta":[],"product_brand":[],"product_cat":[337],"product_tag":[],"class_list":{"0":"post-23563","1":"product","2":"type-product","3":"status-publish","4":"has-post-thumbnail","6":"product_cat-proizvodi-od-konoplje","8":"first","9":"instock","10":"taxable","11":"shipping-taxable","12":"purchasable","13":"product-type-simple"},"_links":{"self":[{"href":"https:\/\/hempika.com\/hr\/wp-json\/wp\/v2\/product\/23563","targetHints":{"allow":["GET"]}}],"collection":[{"href":"https:\/\/hempika.com\/hr\/wp-json\/wp\/v2\/product"}],"about":[{"href":"https:\/\/hempika.com\/hr\/wp-json\/wp\/v2\/types\/product"}],"replies":[{"embeddable":true,"href":"https:\/\/hempika.com\/hr\/wp-json\/wp\/v2\/comments?post=23563"}],"wp:featuredmedia":[{"embeddable":true,"href":"https:\/\/hempika.com\/hr\/wp-json\/wp\/v2\/media\/44992"}],"wp:attachment":[{"href":"https:\/\/hempika.com\/hr\/wp-json\/wp\/v2\/media?parent=23563"}],"wp:term":[{"taxonomy":"product_brand","embeddable":true,"href":"https:\/\/hempika.com\/hr\/wp-json\/wp\/v2\/product_brand?post=23563"},{"taxonomy":"product_cat","embeddable":true,"href":"https:\/\/hempika.com\/hr\/wp-json\/wp\/v2\/product_cat?post=23563"},{"taxonomy":"product_tag","embeddable":true,"href":"https:\/\/hempika.com\/hr\/wp-json\/wp\/v2\/product_tag?post=23563"}],"curies":[{"name":"wp","href":"https:\/\/api.w.org\/{rel}","templated":true}]}}