{"id":23555,"date":"2020-11-18T10:25:16","date_gmt":"2020-11-18T09:25:16","guid":{"rendered":"https:\/\/hempika.com\/product\/ulje-konoplje\/"},"modified":"2026-04-14T16:21:51","modified_gmt":"2026-04-14T14:21:51","slug":"ulje-konoplje","status":"publish","type":"product","link":"https:\/\/hempika.com\/hr\/proizvod\/ulje-konoplje\/","title":{"rendered":"Ulje konoplje"},"content":{"rendered":"<div class=\"dolg\">\n<p><strong>Ulje konoplje<\/strong> je ulje kao nijedno drugo! Puno antioksidansa, bogat izvor esencijalnih masnih kiselina i prirodno protuupalno sredstvo \u2013 kako ne bi postalo omiljeni sastojak ljubitelja cjelovite hrane i prirodne kozmetike?<\/p>\n<p>Hempika ulje konoplje proizvodi se iz sjemenki konoplje hladnim pre\u0161anjem (temperatura tijekom cijelog postupka ne prelazi 37 stupnjeva Celzijusa) \u2013 metodom koja \u010duva sva korisna svojstva ulja. Takozvano &#8220;djevi\u010dansko ulje konoplje&#8221; ima svijetlozelenu boju i bogat okus ora\u0161astih plodova. Sadr\u017ei prirodno prisutne vitamine, minerale i antioksidanse te ima idealan omjer omega-3 i omega-6 masnih kiselina.<\/p>\n<p>O ulju konoplje postoje mnoge pri\u010de (<strong>ONO MO\u017dE pridonijeti mnogim stvarima povezanim s dugovje\u010dno\u0161\u0107u i op\u0107om dobrobiti<\/strong>) \u2013 i mnoge od njih mo\u017eda su istinite. Ipak, ne bismo trebali slobodno iznositi zdravstvene tvrdnje o ovom fantasti\u010dnom daru prirode. Me\u0111utim, znamo koliko redovita uporaba proizvoda od konoplje mo\u017ee biti korisna \u2013 pa isprobajte i uvjerite se sami.<\/p>\n<p><strong>Kori\u0161tenje ulja konoplje dvostruka je pobjeda \u2013 djeluje iznutra prema van i izvana prema unutra!<\/strong> Ulje konoplje mo\u017ee se koristiti kao dodatak prehrani ili kao dodatak raznim jelima (upozorenje: nemojte ga izlagati visokim temperaturama jer nije stabilno na toplini).<\/p>\n<p>Ulje konoplje mo\u017ee se koristiti i kao hidratantno sredstvo za ko\u017eu, jer se lako upija i poma\u017ee u hidrataciji i smirivanju suhe ili nadra\u017eene ko\u017ee. Osim toga, nekomedogeno je, \u0161to zna\u010di da ne za\u010depljuje pore niti uzrokuje pri\u0161ti\u0107e. Zbog svojih blagotvornih svojstava \u010desto se koristi kao sastojak u proizvodima za njegu kose i ko\u017ee.<\/p>\n<h2>Koristite ga za oboga\u0107ivanje jela<\/h2>\n<p>Evo ga \u2013 va\u0161 novi omiljeni preljev za salatu! Ulje konoplje ima okus ora\u0161astih plodova, ukusan i zemljast. Vrlo je dobrodo\u0161lo ulje za oboga\u0107ivanje salata, zdjela i drugih jela koja ne zahtijevaju daljnju toplinsku obradu. Samo vas molimo, nikada ne koristite Hempika ulje konoplje za pe\u010denje ili kuhanje \u2013 visoke temperature uni\u0161tavaju sve korisne tvari koje su prirodno prisutne u ulju. Preporu\u010dena dnevna doza je 1 \u017elica (15 ml). Poku\u0161ajte je ne prekora\u010diti.<\/p>\n<h2>Koristite ga za njegu ko\u017ee i kose<\/h2>\n<p>Va\u0161a ko\u017ea \u0107e ga obo\u017eavati! I ne, ulje konoplje ne\u0107e zagu\u0161iti va\u0161u ko\u017eu \u2013 upravo suprotno! Budu\u0107i da je nekomedogeno, omogu\u0107uje va\u0161oj ko\u017ei da di\u0161e. Mo\u017eete ga koristiti kao hidratantno sredstvo \u2013 nanesite nekoliko kapi ulja konoplje na lice i vrat nakon \u010di\u0161\u0107enja kako biste hidratizirali i nahranili ko\u017eu; ili jednostavno dodajte nekoliko kapi ulja konoplje svojoj redovnoj hidratantnoj kremi kako biste poja\u010dali njezina hidratantna svojstva. Volite li se kupati? Pozovite ulje konoplje u ku\u0107ni spa! Dodajte nekoliko kapi ulja u vodu za kupanje kako biste pomogli hidratizirati i umiriti suhu ili nadra\u017eenu ko\u017eu \u2013 i svjedo\u010dite \u010dudima!<\/p>\n<p>Na kraju, i va\u0161a kosa bi mogla &#8220;izgubiti glavu&#8221; za uljem konoplje. Umasirajte ga u vlasi\u0161te i kosu, ostavite da djeluje 30 minuta, a zatim kosu operite \u0161amponom. Mo\u017eda \u0107ete otkriti da niste ni znali koliko va\u0161a kosa mo\u017ee biti ultra-hidratizirana!<\/p>\n<h2>Kakvog je okusa?<\/h2>\n<p>Ulje konoplje ima blag, ora\u0161asti okus, \u0161to ga \u010dini izvrsnim dodatkom preljevima za salate, umacima, pa \u010dak i smoothiejima.<\/p>\n<h2>Sastojci<\/h2>\n<p>100% hladno pre\u0161ano ulje konoplje (BIO). BIO Certifikat, 250ml.<br \/><strong>SI-EKO-002<\/strong> <i>(Poljoprivreda EU)<\/i><\/p>\n<h2>Skladi\u0161tenje<\/h2>\n<p>\u010cuvati na hladnom i tamnom mjestu, po mogu\u0107nosti u hladnjaku (&lt;8\u00b0C).<br \/>\nRok trajanja: 6 mjeseci<\/p>\n<h2>Nutritivne vrijednosti<\/h2>\n<p>Prosje\u010dna nutritivna vrijednost \/ 100g:<br \/>\nEnergetska vrijednost 3700kJ \/ 885kCal<br \/>\nMasti 100g<br \/>\n\u2013 od \u010dega zasi\u0107ene masno\u0107e 11,1g<br \/>\nUgljikohidrati 0g<br \/>\n\u2013 od \u010dega \u0161e\u0107eri 0g<br \/>\nDijetalna vlakna 0g<br \/>\nProteini 0g<br \/>\nSol 0g<\/p>\n<\/div>\n","protected":false},"excerpt":{"rendered":"<div class=\"kratek\">\n<p>Ulje kao nijedno drugo! Hladno pre\u0161ano ulje konoplje bogato je omega masnim kiselinama, vitaminima, mineralima i antioksidansima, \u0161to ga \u010dini super-hranom i savr\u0161enim prirodnim kozmeti\u010dkim proizvodom. Isprobajte ga!<\/p>\n<p class=\"kolicina\">250ml<\/p>\n<\/div>\n","protected":false},"featured_media":44981,"comment_status":"open","ping_status":"closed","template":"","meta":[],"product_brand":[],"product_cat":[337],"product_tag":[],"class_list":{"0":"post-23555","1":"product","2":"type-product","3":"status-publish","4":"has-post-thumbnail","6":"product_cat-proizvodi-od-konoplje","8":"first","9":"instock","10":"taxable","11":"shipping-taxable","12":"purchasable","13":"product-type-simple"},"_links":{"self":[{"href":"https:\/\/hempika.com\/hr\/wp-json\/wp\/v2\/product\/23555","targetHints":{"allow":["GET"]}}],"collection":[{"href":"https:\/\/hempika.com\/hr\/wp-json\/wp\/v2\/product"}],"about":[{"href":"https:\/\/hempika.com\/hr\/wp-json\/wp\/v2\/types\/product"}],"replies":[{"embeddable":true,"href":"https:\/\/hempika.com\/hr\/wp-json\/wp\/v2\/comments?post=23555"}],"wp:featuredmedia":[{"embeddable":true,"href":"https:\/\/hempika.com\/hr\/wp-json\/wp\/v2\/media\/44981"}],"wp:attachment":[{"href":"https:\/\/hempika.com\/hr\/wp-json\/wp\/v2\/media?parent=23555"}],"wp:term":[{"taxonomy":"product_brand","embeddable":true,"href":"https:\/\/hempika.com\/hr\/wp-json\/wp\/v2\/product_brand?post=23555"},{"taxonomy":"product_cat","embeddable":true,"href":"https:\/\/hempika.com\/hr\/wp-json\/wp\/v2\/product_cat?post=23555"},{"taxonomy":"product_tag","embeddable":true,"href":"https:\/\/hempika.com\/hr\/wp-json\/wp\/v2\/product_tag?post=23555"}],"curies":[{"name":"wp","href":"https:\/\/api.w.org\/{rel}","templated":true}]}}