{"id":26879,"date":"2021-09-17T15:03:57","date_gmt":"2021-09-17T13:03:57","guid":{"rendered":"https:\/\/hempika.com\/veleprodaja\/"},"modified":"2024-11-13T11:25:50","modified_gmt":"2024-11-13T10:25:50","slug":"veleprodaja","status":"publish","type":"page","link":"https:\/\/hempika.com\/hr\/veleprodaja\/","title":{"rendered":"Veleprodaja"},"content":{"rendered":"<div class=\"h-services\">\n<div class=\"services-left\">\n<h1>Poma\u017eemo vam zapo\u010deti i pro\u0161iriti poslovanje s konopljom.<\/h1>\n<p>Poduzetni\u010dki kolege i ljubitelji konoplje, ovdje je nekoliko prijedloga za izgradnju, vo\u0111enje i pro\u0161irenje va\u0161ih poslovnih ideja vezanih uz konoplju. Ako se prepoznate u bilo kojoj od sljede\u0107ih opcija poslovne suradnje, kontaktirajte nas i rado \u0107emo vam pomo\u0107i u izgradnji va\u0161eg poslovnog puta.<\/p>\n<p>\t<a class=\"h-button\" href=\"mailto:b2b@hempika.com\">Po\u0161aljite upit<\/a><\/p>\n<\/div>\n<div class=\"services-right\">\n<p><button class=\"more_button\" onclick=\"moreFunction(1)\">Veleprodaja<\/button><\/p>\n<div id=\"more_div_1\">\n<p>\u017delite obogatiti svoju internetsku trgovinu ili maloprodajnu trgovinu s na\u0161im proizvodima od konoplje? Ako ste vlasnik trgovine (ili to tek postajete) i tra\u017eite na\u010din kako pove\u0107ati obim prodaje i u svoj asortiman dodati kvalitetne, odr\u017eive proizvode od konoplje, na pravom ste mjestu. Mo\u017eete birati izme\u0111u svih postoje\u0107ih proizvoda u na\u0161oj internetskoj trgovini ili se odlu\u010diti samo za jedan ili dva. Kada zapo\u010dnemo suradnju, bit \u0107emo vam na raspolaganju za pomo\u0107 u edukaciji, materijalima i va\u0161im dodatnim pitanjima. Tako\u0111er, ne postavljamo nikakve zahtjeve u pogledu koli\u010dine va\u0161e narud\u017ebe. Mo\u017eete po\u010deti s malim koli\u010dinama i kasnije ih pove\u0107avati kako va\u0161e poslovanje raste. Tu smo za vas.<\/p>\n<\/div>\n<p><button class=\"more_button\" onclick=\"moreFunction(2)\">Dropshipping<\/button><\/p>\n<div id=\"more_div_2\">\n<p>Tra\u017eite jednostavan i siguran na\u010din prodaje proizvoda od konoplje? Isprobajte dropshipping! Bez ulaganja u zalihe, prakti\u010dki bez po\u010detnog kapitala. Bez zahtjeva za minimalnu koli\u010dinu narud\u017ebe &#8211; va\u0161e CBD poslovanje po\u010dinje bez stresa, u udobnosti va\u0161eg kau\u010da. Proces naru\u010divanja smo pojednostavili na najlak\u0161i mogu\u0107i na\u010din. Naru\u010dite putem na\u0161e web stranice koriste\u0107i svoj kupon &#8211; mi dostavljamo narud\u017ebe izravno va\u0161im kupcima! Koristimo diskretnu ambala\u017eu bez dodatnih papira. Tako\u0111er, slobodno nam po\u0161aljite svoje promotivne materijale, a mi \u0107emo ih uklju\u010diti u paket. Jeste li znali da se europsko tr\u017ei\u0161te CBD-a predvi\u0111a da \u0107e rasti za 400% u sljede\u0107e \u010detiri godine? To je dovoljan razlog da zapo\u010dnete svoje CBD poslovanje.<\/p>\n<\/div>\n<p><button class=\"more_button\" onclick=\"moreFunction(3)\">Privatna marka<\/button><\/p>\n<div id=\"more_div_3\">\n<p>Uvijek ste bili odu\u0161evljeni izgradnjom brendova, dizajnom proizvoda ili stvaranjem ne\u010dega novog &#8211; ne\u010dega \u0161to mo\u017ee biti samo va\u0161e? Ako ste ambiciozni poduzetnik i tra\u017eite na\u010din kako u svoje poslovanje uklju\u010diti konoplju, bijela ili privatna marka mo\u017ee biti pravo rje\u0161enje za va\u0161e \u017eelje. Mi isporu\u010dujemo proizvode, a vi se brinete za svoju web prisutnost i brend! Kako to funkcionira? Mo\u017eete odabrati izme\u0111u bijele ili privatne marke, a mi vam poma\u017eemo u registraciji proizvoda i svom potrebnom dokumentacijom za pokretanje va\u0161eg brenda vezanog uz konoplju. Tra\u017eimo malu minimalnu narud\u017ebu (ne morate odmah imati velike zalihe) i otvoreni smo za razvoj proizvoda po mjeri.<\/p>\n<\/div>\n<p><button class=\"more_button\" onclick=\"moreFunction(4)\">Sirovine<\/button><\/p>\n<div id=\"more_div_4\">\n<p>Spremni ste razviti novi proizvod, svje\u017eu mje\u0161avinu ili eksperimentirati s receptima koje nikada prije niste vidjeli i trebate jednu sirovinu u ve\u0107im koli\u010dinama? Tu smo da vam pomognemo! Ako trebate sirovine ili ve\u0107e koli\u010dine pojedina\u010dnih sastojaka vrhunske kvalitete, na pravom ste mjestu. Mo\u017eete birati izme\u0111u ekstrakata konoplje, otopina, suspenzija, izolata, sjemenki, bra\u0161na, proteina u prahu i svih drugih oblika konoplje. Po\u0161aljite nam upit za vi\u0161e informacija.<\/p>\n<\/div>\n<p><button class=\"more_button\" onclick=\"moreFunction(5)\">Analiza kanabinoida<\/button><\/p>\n<div id=\"more_div_5\">\n<p>\u017delite testirati odabrane proizvode prije nego \u0161to zapo\u010dnete s prodajom? Nudimo vam analizu kanabinoida, provedenu u suradnji s tvrtkom <strong>PharmaLab<\/strong>. Analiza 16 kanabinoida vr\u0161i se pomo\u0107u visokou\u010dinkovite teku\u0107inske kromatografije (HPLC) i pogodna je za testiranje svih vrsta proizvoda od konoplje i kanabisa. Bilo da ste proizvo\u0111a\u010d, uzgajiva\u010d ili korisnik i \u017eelite testirati svoje proizvode kako biste bili sigurni \u0161to \u0107ete koristiti\/prodavati, pro\u010ditajte vi\u0161e o postupku analize kanabinoida <a class=\"h-link\" href=\"https:\/\/hempika.com\/hr\/analiza-kanabinoida\/\">ovdje<\/a>.<\/p>\n<\/div>\n<\/div>\n<\/div>\n<p><script type=\"text\/javascript\" src=\"https:\/\/hempika.com\/wp-content\/themes\/hemp-master\/custom\/scripts\/services.js\"><\/script><\/p>\n","protected":false},"excerpt":{"rendered":"<p>Poma\u017eemo vam zapo\u010deti i pro\u0161iriti poslovanje s konopljom. Poduzetni\u010dki kolege i ljubitelji konoplje, ovdje je nekoliko prijedloga za izgradnju, vo\u0111enje i pro\u0161irenje va\u0161ih poslovnih ideja vezanih uz konoplju. Ako se prepoznate u bilo kojoj od sljede\u0107ih opcija poslovne suradnje, kontaktirajte nas i rado \u0107emo vam pomo\u0107i u izgradnji va\u0161eg poslovnog puta. Po\u0161aljite upit Veleprodaja \u017delite [&hellip;]<\/p>\n","protected":false},"author":1,"featured_media":0,"parent":0,"menu_order":0,"comment_status":"closed","ping_status":"closed","template":"custom-page-template.php","meta":{"footnotes":""},"class_list":["post-26879","page","type-page","status-publish","hentry"],"_links":{"self":[{"href":"https:\/\/hempika.com\/hr\/wp-json\/wp\/v2\/pages\/26879","targetHints":{"allow":["GET"]}}],"collection":[{"href":"https:\/\/hempika.com\/hr\/wp-json\/wp\/v2\/pages"}],"about":[{"href":"https:\/\/hempika.com\/hr\/wp-json\/wp\/v2\/types\/page"}],"author":[{"embeddable":true,"href":"https:\/\/hempika.com\/hr\/wp-json\/wp\/v2\/users\/1"}],"replies":[{"embeddable":true,"href":"https:\/\/hempika.com\/hr\/wp-json\/wp\/v2\/comments?post=26879"}],"version-history":[{"count":0,"href":"https:\/\/hempika.com\/hr\/wp-json\/wp\/v2\/pages\/26879\/revisions"}],"wp:attachment":[{"href":"https:\/\/hempika.com\/hr\/wp-json\/wp\/v2\/media?parent=26879"}],"curies":[{"name":"wp","href":"https:\/\/api.w.org\/{rel}","templated":true}]}}