{"id":26442,"date":"2021-09-15T10:52:12","date_gmt":"2021-09-15T08:52:12","guid":{"rendered":"https:\/\/hempika.com\/analiza-kanabinoida\/"},"modified":"2024-11-26T10:12:05","modified_gmt":"2024-11-26T09:12:05","slug":"analiza-kanabinoida","status":"publish","type":"page","link":"https:\/\/hempika.com\/hr\/analiza-kanabinoida\/","title":{"rendered":"Laboratorij"},"content":{"rendered":"<div class=\"h-analysis\">\n<h1>Analiza kanabinoida<\/h1>\n<p>U suradnji s certificiranim laboratorijem nudimo <strong>laboratorijsku analizu konoplje<\/strong> za proizvo\u0111a\u010de, uzgajiva\u010de i korisnike. Modernim analiti\u010dkim metodama kvantitativno odre\u0111ujemo prisutnost i sadr\u017eaj fitokanabinoida.<\/p>\n<ul>\n<li class=\"h-analysis-benefit-1\">Teku\u0107inska kromatografija visoke rezolucije<\/li>\n<li class=\"h-analysis-benefit-2\">Kvantitativna analiza 16 kanabinoida<\/li>\n<li class=\"h-analysis-benefit-3\">Akreditirani laboratorij ISO\/IEC 17025<\/li>\n<\/ul>\n<form id=\"analysis-form\" action=\"https:\/\/hempika.com\/wp-content\/themes\/hemp-master\/custom\/emails\/analysis.php\" method=\"post\"><label for=\"analysis_email\">Va\u0161 Email<\/label><input type=\"email\" id=\"analysis_email\" name=\"analysis_email\" placeholder=\"Va\u0161 e-mail\" required \/><label for=\"analysis_number\">Broj uzoraka<\/label><input type=\"number\" id=\"analysis_number\" name=\"analysis_number\" min=\"1\" max=\"100\" placeholder=\"Broj uzoraka\" \/><input type=\"text\" id=\"honeypot\" name=\"honeypot\" style=\"display:none;\" \/><input type=\"submit\" name=\"subscribe_submit\" value=\"Naru\u010dite analizu\" \/><\/form>\n<p><small id=\"analysis-message\"><\/small><script src=\"https:\/\/hempika.com\/wp-content\/themes\/hemp-master\/custom\/scripts\/analysis.js\" type=\"text\/javascript\"><\/script><\/p>\n<div class=\"h-analysis-iso\"><img loading=\"lazy\" decoding=\"async\" src=\"https:\/\/hempika.com\/wp-content\/themes\/hemp-master\/custom\/img\/analysis.png\" alt=\"Analiza kanabinoida pomo\u0107u HPLC-a\" width=\"100\" height=\"100\"><\/div>\n<p><strong>Vrlo osjetljivi instrumenti<\/strong> omogu\u0107uju nam otkrivanje izuzetno niskih koncentracija kiselinskih i neutralnih kanabinoida bez upotrebe topline u svim vrstama proizvoda od konoplje, kao \u0161to su cvjetovi, ekstrakti, ulja, tinkture, izolati, pi\u0107a, hrana i kozmetika.<\/p>\n<div class=\"h-analysis-imgs\"><img loading=\"lazy\" decoding=\"async\" src=\"https:\/\/hempika.com\/wp-content\/uploads\/2021\/06\/preparation_of_a_solution_for_cannabinoid_analysis.jpg\" alt=\"Priprema otopine za analizu kanabinoida\" width=\"100\" height=\"100\"><img loading=\"lazy\" decoding=\"async\" src=\"https:\/\/hempika.com\/wp-content\/uploads\/2021\/06\/weighing_a_sample_for_cannabinoid_analysis.jpg\" alt=\"Vaganje uzorka za analizu kanabinoida\" width=\"100\" height=\"100\"><\/div>\n<p>Izvrsni smo u preciznosti i stru\u010dnosti, u skladu s na\u010delima i smjernicama dobre laboratorijske prakse. Na\u0161a metoda uklju\u010duje <strong>teku\u0107insku kromatografiju visoke rezolucije (HPLC)<\/strong>, koja omogu\u0107ava kvantitativno odre\u0111ivanje sadr\u017eaja sljede\u0107ih <strong>16 kanabinoida<\/strong>:<\/p>\n<table>\n<tr>\n<td><strong>\u03949-THC<\/strong><\/td>\n<td>Delta-9-Tetrahidrokanabinol<\/td>\n<\/tr>\n<tr>\n<td><strong>THCA<\/strong><\/td>\n<td>Tetrahidrokanabinolna kiselina<\/td>\n<\/tr>\n<tr>\n<td><strong>THCV<\/strong><\/td>\n<td>Tetrahidrokanabivarin<\/td>\n<\/tr>\n<tr>\n<td><strong>CBD<\/strong><\/td>\n<td>Kanabidiol<\/td>\n<\/tr>\n<tr>\n<td><strong>CBDA<\/strong><\/td>\n<td>Kanabidiolna kiselina<\/td>\n<\/tr>\n<tr>\n<td><strong>CBDV<\/strong><\/td>\n<td>Kanabidivarin<\/td>\n<\/tr>\n<tr>\n<td><strong>CBG<\/strong><\/td>\n<td>Kanabigerol<\/td>\n<\/tr>\n<tr>\n<td><strong>CBGA<\/strong><\/td>\n<td>Kanabigerolna kiselina<\/td>\n<\/tr>\n<tr>\n<td><strong>CBC<\/strong><\/td>\n<td>Kanabikromen<\/td>\n<\/tr>\n<tr>\n<td><strong>CBCA<\/strong><\/td>\n<td>Kanabikromenska kiselina<\/td>\n<\/tr>\n<tr>\n<td><strong>\u03948-THC<\/strong><\/td>\n<td>Delta-8-Tetrahidrokanabinol<\/td>\n<\/tr>\n<tr>\n<td><strong>CBL<\/strong><\/td>\n<td>Kanabiciklol<\/td>\n<\/tr>\n<tr>\n<td><strong>CBV<\/strong><\/td>\n<td>Kanabivarin<\/td>\n<\/tr>\n<tr>\n<td><strong>CBE<\/strong><\/td>\n<td>Kanabielsovin<\/td>\n<\/tr>\n<tr>\n<td><strong>CBT<\/strong><\/td>\n<td>Kanabicitran<\/td>\n<\/tr>\n<tr>\n<td><strong>CBN<\/strong><\/td>\n<td>Kanabinol<\/td>\n<\/tr>\n<\/table>\n<\/div>\n","protected":false},"excerpt":{"rendered":"<p>Analiza kanabinoida U suradnji s certificiranim laboratorijem nudimo laboratorijsku analizu konoplje za proizvo\u0111a\u010de, uzgajiva\u010de i korisnike. Modernim analiti\u010dkim metodama kvantitativno odre\u0111ujemo prisutnost i sadr\u017eaj fitokanabinoida. Teku\u0107inska kromatografija visoke rezolucije Kvantitativna analiza 16 kanabinoida Akreditirani laboratorij ISO\/IEC 17025 Va\u0161 EmailBroj uzoraka Vrlo osjetljivi instrumenti omogu\u0107uju nam otkrivanje izuzetno niskih koncentracija kiselinskih i neutralnih kanabinoida bez upotrebe [&hellip;]<\/p>\n","protected":false},"author":1,"featured_media":26445,"parent":0,"menu_order":0,"comment_status":"closed","ping_status":"closed","template":"custom-page-template.php","meta":{"footnotes":""},"class_list":["post-26442","page","type-page","status-publish","has-post-thumbnail","hentry"],"_links":{"self":[{"href":"https:\/\/hempika.com\/hr\/wp-json\/wp\/v2\/pages\/26442","targetHints":{"allow":["GET"]}}],"collection":[{"href":"https:\/\/hempika.com\/hr\/wp-json\/wp\/v2\/pages"}],"about":[{"href":"https:\/\/hempika.com\/hr\/wp-json\/wp\/v2\/types\/page"}],"author":[{"embeddable":true,"href":"https:\/\/hempika.com\/hr\/wp-json\/wp\/v2\/users\/1"}],"replies":[{"embeddable":true,"href":"https:\/\/hempika.com\/hr\/wp-json\/wp\/v2\/comments?post=26442"}],"version-history":[{"count":0,"href":"https:\/\/hempika.com\/hr\/wp-json\/wp\/v2\/pages\/26442\/revisions"}],"wp:featuredmedia":[{"embeddable":true,"href":"https:\/\/hempika.com\/hr\/wp-json\/wp\/v2\/media\/26445"}],"wp:attachment":[{"href":"https:\/\/hempika.com\/hr\/wp-json\/wp\/v2\/media?parent=26442"}],"curies":[{"name":"wp","href":"https:\/\/api.w.org\/{rel}","templated":true}]}}