{"id":25565,"date":"2021-09-09T14:20:19","date_gmt":"2021-09-09T12:20:19","guid":{"rendered":"https:\/\/hempika.com\/o-nama\/"},"modified":"2024-11-25T11:31:30","modified_gmt":"2024-11-25T10:31:30","slug":"o-nama","status":"publish","type":"page","link":"https:\/\/hempika.com\/hr\/o-nama\/","title":{"rendered":"O nama"},"content":{"rendered":"<div class=\"h-about\">\n<div class=\"h-about-left\">\n<div class=\"h-about-banner\">\n<h1>Kap po kap, izgradili smo Hempiku.<\/h1>\n<\/div>\n<\/div>\n<div class=\"h-about-right\">\n<div class=\"h-about-intro\">\n<p class=\"h-about-intro-description\"><strong>Volimo zelenu boju, zala\u017eemo se za najvi\u0161e standarde proizvoda i stvaramo s minimalisti\u010dkim pristupom.<\/strong><\/p>\n<div class=\"h-about-intro-benefits\">\n<div class=\"h-about-intro-benefit\">\n<div class=\"h-about-intro-benefit-img\"><img loading=\"lazy\" decoding=\"async\" src=\"https:\/\/hempika.com\/wp-content\/themes\/hemp-master\/custom\/img\/no-compromises-square.svg\" alt=\"Bez kompromisa\" width=\"100\" height=\"100\"><\/div>\n<div class=\"h-about-intro-benefit-text\">\n<p><strong>Bez kompromisa<\/strong> kad je rije\u010d o kvaliteti. Tradicionalnu praksu nadopunjujemo i unapre\u0111ujemo najnovijim saznanjima i inovativnim pristupom.<\/p>\n<\/div><\/div>\n<div class=\"h-about-intro-benefit\">\n<div class=\"h-about-intro-benefit-img\"><img loading=\"lazy\" decoding=\"async\" src=\"https:\/\/hempika.com\/wp-content\/themes\/hemp-master\/custom\/img\/no-greed-square.svg\" alt=\"Bez pohlepe\" width=\"100\" height=\"100\"><\/div>\n<div class=\"h-about-intro-benefit-text\">\n<p><strong>Bez pohlepe<\/strong> pri dizajniranju proizvoda. Nudimo vam samo minimalisti\u010dki, esencijalni izbor proizvoda koji su dokazali svoju vrijednost za na\u0161e vrijeme i va\u0161 novac.<\/p>\n<\/div><\/div>\n<div class=\"h-about-intro-benefit\">\n<div class=\"h-about-intro-benefit-img\"><img loading=\"lazy\" decoding=\"async\" src=\"https:\/\/hempika.com\/wp-content\/themes\/hemp-master\/custom\/img\/no-nasties-square.svg\" alt=\"Bez \u0161tetnih sastojaka\" width=\"100\" height=\"100\"><\/div>\n<div class=\"h-about-intro-benefit-text\">\n<p><strong>Bez \u0161tetnih sastojaka<\/strong>. Svaki proizvod koji prona\u0111ete na na\u0161oj web stranici izra\u0111en je od naj\u010di\u0161\u0107ih i pa\u017eljivo odabranih sastojaka; nikada ne koristimo dodatke koji bi na\u0161e proizvode u\u010dinili ukusnijima ili ljep\u0161ima.<\/p>\n<\/div><\/div>\n<\/p><\/div>\n<\/p><\/div>\n<div class=\"h-about-wizard\">\n<div class=\"h-about-title\">\n<h2>\u010carobnjak iza Hempike<\/h2>\n<div class=\"h-about-title-line\"><\/div>\n<\/div>\n<p>Luka je jedan od onih buntovnika koji uvijek razmi\u0161lja izvan okvira u potrazi za rje\u0161enjima kako bi pobolj\u0161ao svoj \u017eivot. Odrastaju\u0107i s anksiozno\u0161\u0107u, bio je odu\u0161evljen kada je otkrio CBD. To je bila jedna od rijetkih stvari koja ga je smirivala bez &#8220;high&#8221; efekta kao kod drugih supstanci. Kad je bio uvjeren da je to upravo ono \u0161to mu poma\u017ee da se opusti i prizemlji svoj duh, znao je da CBD mo\u017ee donijeti olak\u0161anje od stresa i mnogim drugim ljudima.<\/p>\n<div class=\"h-about-wizard-caption\">\n<div class=\"h-about-wizard-caption-img\">\n\t\t\t\t\t<img loading=\"lazy\" decoding=\"async\" src=\"https:\/\/hempika.com\/wp-content\/themes\/hemp-master\/custom\/img\/face.jpg\" alt=\"Luka Hempika\" width=\"100\" height=\"100\">\n\t\t\t\t<\/div>\n<div class=\"h-about-wizard-caption-text\">\n<p><strong>&#8220;Ne zanima me \u0161to je popularno, a \u0161to nije. Jer prije mnogo godina donio sam vrlo svjesnu odluku da svoju ljubav prema konoplji pretvorim u stvaranje vrhunskih, sigurnih i \u010distih proizvoda.&#8221;<\/strong><\/p>\n<\/p><\/div>\n<\/p><\/div>\n<p>Po\u010deo je graditi Hempiku u vrijeme kada CBD jo\u0161 nije bio \u0161iroko prihva\u0107en. Kao posrednik i vizionar s in\u017eenjerskim umom, po\u010deo je slagati slagalicu. Kada je rije\u010d o kvaliteti i sigurnosti proizvoda, Luka je neumoljiv. Insistira na testiranju svake serije i svojim kupcima nudi samo najbolje \u0161to konoplja mo\u017ee pru\u017eiti.<\/p>\n<p>Njegova ljubav prema sportu i prirodi prenosi se i na poslovni svijet, gdje spaja najbolje \u0161to priroda nudi s najnovijim znanstvenim i tehnolo\u0161kim otkri\u0107ima.<\/p>\n<\/p><\/div>\n<div class=\"h-about-chica\">\n<div class=\"h-about-title\">\n<h2>Opustite se, pod stresom ste<\/h2>\n<div class=\"h-about-title-line\"><\/div>\n<\/div>\n<p>Da se kladite koja je glavna disfunkcija dana\u0161njeg doba, pogodili biste to\u010dno \u2013 to je taj prokleti <strong>STRES<\/strong>! Stres, bilo da dolazi iz va\u0161eg okru\u017eenja ili iznutra, mo\u017ee se nazvati &#8220;korijenom svih zala&#8221; kada je u pitanju duga lista na\u0161ih svakodnevnih problema. Ne mislite li da bi svima nama dobro do\u0161lo ne\u0161to \u0161to bi smirilo na\u0161u anksioznost, imalo protuupalno djelovanje i donijelo malo u\u017eitka umjesto boli u na\u0161a umorna tijela? Dobre vijesti \u2013 konoplja bi mogla biti odgovor!<\/p>\n<p>\t\t\t<a class=\"h-button\" href=\"https:\/\/hempika.com\/hr\/trgovina\/\">Prona\u0111ite savr\u0161enog saveznika<\/a>\n\t\t<\/div>\n<div class=\"h-about-fashion\">\n<div class=\"h-about-title\">\n<h2>Stara dobra konoplja ponovno je u modi<\/h2>\n<div class=\"h-about-title-line\"><\/div>\n<\/div>\n<p>\u0160to zajedni\u010dko imaju konoplja, gljive i bilje? Prijatelji su ljudi ve\u0107 &#8230; oduvijek? <strong>Da, to je istina!<\/strong><\/p>\n<p>Vratimo se na trenutak osnovama. Uz du\u017eno po\u0161tovanje prema modernoj znanosti, trendovima dodataka prehrani i medicinskom znanju \u2013 konoplja je jedna od najnevjerojatnijih biljaka koja je ikada postojala na ovom planetu Zemlji. Njezina gotovo superjuna\u010dka mo\u0107 na na\u0161e cjelokupno zdravlje kona\u010dno je prihva\u0107ena i dokazana znano\u0161\u0107u. Sre\u0107om, stara dobra konoplja, koja vas, usput re\u010deno, ne\u0107e &#8220;napu\u0161iti&#8221;, potpuno je legalna i \u0161iroko kori\u0161tena diljem svijeta.<\/p>\n<p>\t\t\t<img loading=\"lazy\" decoding=\"async\" src=\"https:\/\/hempika.com\/wp-content\/themes\/hemp-master\/custom\/img\/hemp-plant.jpg\" alt=\"Konoplja Hempika\" width=\"100\" height=\"100\">\n\t\t<\/div>\n<div class=\"h-about-ritual\">\n<div class=\"h-about-title\">\n<h2>Va\u0161 dnevni ritual s konopljom<\/h2>\n<div class=\"h-about-title-line\"><\/div>\n<\/div>\n<p>Koji je va\u0161 omiljeni ritual koji vam podigne raspolo\u017eenje \u010dak i na najki\u0161ovitije dane? Kako se nagra\u0111ujete kada je dan siv?<\/p>\n<p><strong>Beauty influenceri koriste mo\u017eda 65 koraka u svojoj skincare rutini.<br \/>Gurmani mo\u017eda provedu poslijepodne u pekarnici.<br \/>A mi, entuzijasti zdravlja? Mi uzimamo CBD! Kap, dvije, tri i na\u0161e raspolo\u017eenje se vra\u0107a u ravnote\u017eu.<\/strong><\/p>\n<p>Saznajte vi\u0161e o konoplji, kako koristiti CBD za razne stvari i kako uklju\u010diti proizvode od konoplje u svoj svakodnevni \u017eivot. Sve \u0161to va\u0161e srce \u017eeli znati o konoplji prona\u0111ite na na\u0161em <a class=\"h-link\" href=\"https:\/\/hempika.com\/hr\/blog\/\">blogu<\/a>.<\/p>\n<div class=\"h-about-articles\">\n<div class=\"h-about-ritual-article\">\n<div class=\"h-about-ritual-article-img-hemp\">\n\t\t\t\t<\/div>\n<div class=\"h-about-ritual-article-title\">\n\t\t\t\t\t<a href=\"https:\/\/hempika.com\/en\/hemp-101\/\" target=\"_blank\">Konoplja 101<\/a> <!-- add \/hemp\/ page -->\n\t\t\t\t<\/div>\n<\/p><\/div>\n<div class=\"h-about-ritual-article\">\n<div class=\"h-about-ritual-article-img-cbd\">\n\t\t\t\t<\/div>\n<div class=\"h-about-ritual-article-title\">\n\t\t\t\t\t<a href=\"https:\/\/hempika.com\/en\/cbd-cannabidiol\/\" target=\"_blank\">Kanabidiol (CBD) 101<\/a> <!-- add \/cbd\/ page -->\n\t\t\t\t<\/div>\n<\/p><\/div>\n<div class=\"h-about-ritual-article\">\n<div class=\"h-about-ritual-article-img-cannabinoids\">\n\t\t\t\t<\/div>\n<div class=\"h-about-ritual-article-title\">\n\t\t\t\t\t<a href=\"https:\/\/hempika.com\/en\/all-about-cannabinoids\/\" target=\"_blank\">Kanabinoidi 101<\/a> <!-- add \/cannabinoids\/ page -->\n\t\t\t\t<\/div>\n<\/p><\/div>\n<\/p><\/div>\n<\/p><\/div>\n<\/p><\/div>\n<\/div>\n","protected":false},"excerpt":{"rendered":"<p>Kap po kap, izgradili smo Hempiku. Volimo zelenu boju, zala\u017eemo se za najvi\u0161e standarde proizvoda i stvaramo s minimalisti\u010dkim pristupom. Bez kompromisa kad je rije\u010d o kvaliteti. Tradicionalnu praksu nadopunjujemo i unapre\u0111ujemo najnovijim saznanjima i inovativnim pristupom. Bez pohlepe pri dizajniranju proizvoda. Nudimo vam samo minimalisti\u010dki, esencijalni izbor proizvoda koji su dokazali svoju vrijednost za [&hellip;]<\/p>\n","protected":false},"author":1,"featured_media":0,"parent":0,"menu_order":0,"comment_status":"closed","ping_status":"closed","template":"custom-page-template.php","meta":{"footnotes":""},"class_list":["post-25565","page","type-page","status-publish","hentry"],"_links":{"self":[{"href":"https:\/\/hempika.com\/hr\/wp-json\/wp\/v2\/pages\/25565","targetHints":{"allow":["GET"]}}],"collection":[{"href":"https:\/\/hempika.com\/hr\/wp-json\/wp\/v2\/pages"}],"about":[{"href":"https:\/\/hempika.com\/hr\/wp-json\/wp\/v2\/types\/page"}],"author":[{"embeddable":true,"href":"https:\/\/hempika.com\/hr\/wp-json\/wp\/v2\/users\/1"}],"replies":[{"embeddable":true,"href":"https:\/\/hempika.com\/hr\/wp-json\/wp\/v2\/comments?post=25565"}],"version-history":[{"count":0,"href":"https:\/\/hempika.com\/hr\/wp-json\/wp\/v2\/pages\/25565\/revisions"}],"wp:attachment":[{"href":"https:\/\/hempika.com\/hr\/wp-json\/wp\/v2\/media?parent=25565"}],"curies":[{"name":"wp","href":"https:\/\/api.w.org\/{rel}","templated":true}]}}