{"id":40534,"date":"2023-03-13T14:01:14","date_gmt":"2023-03-13T13:01:14","guid":{"rendered":"https:\/\/hempika.com\/product\/gouttes-au-cbd\/"},"modified":"2026-04-21T08:40:45","modified_gmt":"2026-04-21T06:40:45","slug":"gouttes-au-cbd","status":"publish","type":"product","link":"https:\/\/hempika.com\/fr\/produit\/gouttes-au-cbd\/","title":{"rendered":"Gouttes de CBD"},"content":{"rendered":"<div class=\"dolg\">\r\n\r\n<p>Les <strong>gouttes de CBD<\/strong> Hempika sont fabriqu\u00e9es avec un extrait de chanvre \u00e0 spectre complet dissous dans de l&rsquo;huile de graines de chanvre press\u00e9e \u00e0 froid. Un emballage \u00e9l\u00e9gant avec des rep\u00e8res en millilitres sur la pipette permet un dosage pr\u00e9cis et une introduction s\u00fbre dans le monde du CBD.<\/p>\r\n\r\n<p>En fonction de vos besoins et de votre exp\u00e9rience avec le CBD, choisissez la bonne concentration pour b\u00e9n\u00e9ficier des effets d\u2019entourage du CBD sur votre bien-\u00eatre g\u00e9n\u00e9ral.<\/p>\r\n\r\n<ul>\r\n<li><strong>Gouttes de CBD 500mg<\/strong> : Faible dose id\u00e9ale pour les d\u00e9butants.<\/li>\r\n<li><strong>Gouttes de CBD 1000mg<\/strong> : Dose moyenne, un choix populaire pour les utilisateurs r\u00e9guliers.<\/li>\r\n<li><strong>Gouttes de CBD 1500mg<\/strong> : Dose \u00e0 haute concentration pour les utilisateurs exp\u00e9riment\u00e9s et exigeants.<\/li>\r\n<\/ul>\r\n\r\n<p>L&rsquo;extrait est obtenu \u00e0 partir de plantes de chanvre cultiv\u00e9es biologiquement en utilisant du CO<sub>2<\/sub> supercritique qui pr\u00e9serve une large gamme de cannabino\u00efdes, terp\u00e8nes, et d&rsquo;autres nutriments b\u00e9n\u00e9fiques. Gr\u00e2ce au spectre riche en compos\u00e9s biologiquement actifs et \u00e0 leurs interactions mutuelles, les gouttes aident au fonctionnement du syst\u00e8me endocannabino\u00efde, ayant des effets b\u00e9n\u00e9fiques sur votre sant\u00e9 et votre bien-\u00eatre global.<\/p>\r\n\r\n<h2>Est-ce le produit qu&rsquo;il vous faut?<\/h2>\r\n\r\n<p>Choisissez le produit adapt\u00e9 \u00e0 vos besoins quotidiens !<\/p>\r\n\r\n<ul>\r\n<li><strong>Vous voulez entrer dans le monde du CBD en toute s\u00e9curit\u00e9?<\/strong> Ou vous \u00eates simplement curieux de savoir comment votre humeur pourrait changer avec une utilisation r\u00e9guli\u00e8re du CBD ? Alors les gouttes de CBD 500mg sont adapt\u00e9es \u00e0 vos besoins.<\/li>\r\n<li><strong>Vous recherchez une utilisation quotidienne de CBD en quantit\u00e9s moyennes?<\/strong> Ou vous \u00eates simplement curieux de savoir comment votre humeur pourrait changer avec une utilisation r\u00e9guli\u00e8re du CBD ? Alors les gouttes de CBD 1000mg sont faites pour vous.<\/li>\r\n<li><strong>Qui sont les utilisateurs r\u00e9guliers de CBD qui adorent les gouttes de CBD 1000mg \u00e0 forte concentration?<\/strong> Les personnes actives et les sportifs cherchant une r\u00e9cup\u00e9ration rapide, les personnes confront\u00e9es \u00e0 de hauts niveaux de stress, les noctambules ayant des difficult\u00e9s \u00e0 s&rsquo;endormir&#8230; Si vous \u00eates curieux de savoir comment vos sensations peuvent \u00e9voluer avec l&rsquo;usage r\u00e9gulier d&rsquo;un CBD fort, alors les gouttes de CBD 1500mg sont id\u00e9ales pour vous.<\/li>\r\n<\/ul>\r\n\r\n<p><strong>Voici un aper\u00e7u des probl\u00e8mes quotidiens pour lesquels les gens ont recours au CBD :<\/strong> soulagement de la douleur, addiction, insomnie, anxi\u00e9t\u00e9, gueule de bois, probl\u00e8mes intestinaux, maladies de la peau, troubles neurologiques, maladies auto-immunes, troubles mentaux divers, et bien d&rsquo;autres.<\/p>\r\n\r\n<h2>Comment et quand utiliser les gouttes de CBD?<\/h2>\r\n\r\n<p>Il n&rsquo;y a pas de r\u00e8gle concernant le moment ou la fr\u00e9quence d&rsquo;utilisation du CBD. Chaque personne est diff\u00e9rente, et vous d\u00e9couvrirez avec le temps votre propre formule et \u00e9tablirez votre propre relation avec les gouttes de CBD. Nous vous recommandons de commencer par une petite dose et de l&rsquo;augmenter progressivement. Mais ne vous inqui\u00e9tez pas &#8211; il n\u2019y a aucun risque de \u00ab\u00a0planer\u00a0\u00bb avec le CBD.<\/p>\r\n\r\n<h2>Cr\u00e9ez votre rituel de chanvre<\/h2>\r\n<p>Les rituels nous ancrent, apportent des moments de paix dans nos journ\u00e9es mouvement\u00e9es, et cr\u00e9ent des instants de pur plaisir. Nous vous encourageons \u00e0 associer l&rsquo;utilisation du CBD \u00e0 l&rsquo;un de vos rituels quotidiens. Quel est le moment de la journ\u00e9e o\u00f9 vous vous sentez le plus stress\u00e9 ou avez besoin d&rsquo;une petite pause du monde ? Transformez ces moments de stress en une minute de quelques respirations profondes et quelques gouttes de CBD. Cela peut \u00eatre avant de dormir, pendant la pause d\u00e9jeuner, quand l&rsquo;excitation monte, ou simplement \u00e0 tout moment o\u00f9 vous ressentez le besoin de vous recentrer. Les gouttes de CBD Hempika peuvent toujours vous accompagner et devenir un objet SOS dans votre sac ou votre poche. Soyez cr\u00e9atif ; trouvez des id\u00e9es pour votre petit rituel quotidien au chanvre !<\/p>\r\n\r\n<h2>Quel est le go\u00fbt?<\/h2>\r\n<p>Ne vous attendez pas \u00e0 une douceur de lait et de miel. C&rsquo;est du chanvre que vous utilisez ! Les gouttes de CBD sont dissoutes dans de l&rsquo;huile de graines de chanvre press\u00e9e \u00e0 froid, ce qui leur donne un go\u00fbt &#8211; eh bien, de chanvre. Pourtant, si nous utilisons une m\u00e9taphore &#8211; ce qui est amer laisse un arri\u00e8re-go\u00fbt sucr\u00e9. Profitez-en !<\/p>\r\n\r\n<h2>Comment utiliser les gouttes de CBD?<\/h2>\r\n<p>Agitez bien la bouteille avant utilisation.<br\/>\r\nUtilisez une pipette pour mesurer le nombre de gouttes ou de ml d&rsquo;huile.<br\/>\r\n1 goutte contient 1.7mg \/ 3.3mg \/ 5.0mg de cannabidiol (CBD).<br\/>\r\nUne bouteille (10ml) contient environ 300 gouttes.<br\/>\r\nCessez l&rsquo;utilisation en cas d&rsquo;hypersensibilit\u00e9.<\/p>\r\n\r\n<h2>Ingr\u00e9dients<\/h2>\r\n<p>Huile de graines de chanvre, extrait de chanvre \u00e0 spectre complet.<\/p>\r\n\r\n<h2>INCI<\/h2>\r\n<p>Huile de graines de Cannabis Sativa, Extrait de feuilles de Cannabis Sativa.<\/p>\r\n\r\n<h2>Conservation<\/h2>\r\n<p>Conserver au frais. Prot\u00e9ger de la lumi\u00e8re du soleil.<br\/>\r\nTenir hors de port\u00e9e des enfants.<br\/>\r\nDur\u00e9e de conservation : 18 mois<\/p>\r\n\r\n<\/div>\n","protected":false},"excerpt":{"rendered":"<div class=\"kratek\">\n<p>Les gouttes de CBD pr\u00e9f\u00e9r\u00e9es des clients sont la solution id\u00e9ale pour un usage quotidien. Un choix populaire pour les d\u00e9butants et les utilisateurs exp\u00e9riment\u00e9s. Ce produit best-seller est disponible en trois concentrations diff\u00e9rentes.<\/p>\n<\/div>\n","protected":false},"featured_media":47382,"comment_status":"open","ping_status":"closed","template":"","meta":[],"product_brand":[],"product_cat":[336],"product_tag":[],"class_list":{"0":"post-40534","1":"product","2":"type-product","3":"status-publish","4":"has-post-thumbnail","6":"product_cat-produits-chanvre","8":"first","9":"instock","10":"taxable","11":"shipping-taxable","12":"purchasable","13":"product-type-variable","14":"has-default-attributes"},"_links":{"self":[{"href":"https:\/\/hempika.com\/fr\/wp-json\/wp\/v2\/product\/40534","targetHints":{"allow":["GET"]}}],"collection":[{"href":"https:\/\/hempika.com\/fr\/wp-json\/wp\/v2\/product"}],"about":[{"href":"https:\/\/hempika.com\/fr\/wp-json\/wp\/v2\/types\/product"}],"replies":[{"embeddable":true,"href":"https:\/\/hempika.com\/fr\/wp-json\/wp\/v2\/comments?post=40534"}],"wp:featuredmedia":[{"embeddable":true,"href":"https:\/\/hempika.com\/fr\/wp-json\/wp\/v2\/media\/47382"}],"wp:attachment":[{"href":"https:\/\/hempika.com\/fr\/wp-json\/wp\/v2\/media?parent=40534"}],"wp:term":[{"taxonomy":"product_brand","embeddable":true,"href":"https:\/\/hempika.com\/fr\/wp-json\/wp\/v2\/product_brand?post=40534"},{"taxonomy":"product_cat","embeddable":true,"href":"https:\/\/hempika.com\/fr\/wp-json\/wp\/v2\/product_cat?post=40534"},{"taxonomy":"product_tag","embeddable":true,"href":"https:\/\/hempika.com\/fr\/wp-json\/wp\/v2\/product_tag?post=40534"}],"curies":[{"name":"wp","href":"https:\/\/api.w.org\/{rel}","templated":true}]}}