{"id":24096,"date":"2020-11-18T10:18:01","date_gmt":"2020-11-18T09:18:01","guid":{"rendered":"https:\/\/hempika.com\/product\/spray-au-cbd\/"},"modified":"2024-12-18T13:40:06","modified_gmt":"2024-12-18T12:40:06","slug":"spray-au-cbd","status":"publish","type":"product","link":"https:\/\/hempika.com\/fr\/produit\/spray-au-cbd\/","title":{"rendered":"SPRAY AU CBD"},"content":{"rendered":"<p>Le <strong>Spray au CBD Hempika<\/strong> est fabriqu\u00e9 \u00e0 partir d\u2019extrait de Cannabis sativa \u00e0 spectre complet dissous dans de l\u2019huile de graines de chanvre press\u00e9e \u00e0 froid. L\u2019extrait est obtenu \u00e0 partir de plantes de chanvre cultiv\u00e9es de mani\u00e8re biologique en utilisant du CO<sub>2<\/sub> supercritique qui pr\u00e9serve une large gamme de cannabino\u00efdes, de terp\u00e8nes et d\u2019autres compos\u00e9s bioactifs b\u00e9n\u00e9fiques. \u00c9quip\u00e9 d\u2019une pompe de pulv\u00e9risation qui diffuse finement la solution \u00e0 base d\u2019huile, en facilitant le dosage et en am\u00e9liorant l\u2019absorption.<\/p>\n<p><strong>INGR\u00c9DIENTS:<\/strong><br \/>\nHuile de graines de chanvre, extrait de chanvre \u00e0 spectre complet.<\/p>\n<p><strong>INCI:<\/strong><br \/>\nCannabis Sativa Seed Oil, Cannabis Sativa Leaf Extract.<\/p>\n<p><strong>UTILISATION:<\/strong><br \/>\nBien agiter avant utilisation.<br \/>\n1 pression sur la pompe de pulv\u00e9risation administre 1,5 mg de CBD.<br \/>\n1 flacon (30 ml) permet environ 200 pressions.<br \/>\nCesser de l\u2019utiliser en cas d\u2019hypersensibilit\u00e9.<\/p>\n<p><strong>CONSERVATION:<\/strong><br \/>\nGarder au frais.<br \/>\nProt\u00e9ger du soleil.<br \/>\nTenir hors de port\u00e9e des enfants.<\/p>\n<p><strong>DUR\u00c9E DE CONSERVATION:<\/strong><br \/>\n18 mois<\/p>\n","protected":false},"excerpt":{"rendered":"<p>Extrait \u00e0 spectre complet avec huile de graines de chanvre pour une utilisation ais\u00e9e et discr\u00e8te o\u00f9 que vous alliez. \u00c9quip\u00e9 d\u2019une pompe de pulv\u00e9risation qui diffuse finement la solution et en facilite l\u2019absorption.<br \/>\n300 mg CBD \/ 30 ml<\/p>\n","protected":false},"featured_media":24097,"comment_status":"open","ping_status":"closed","template":"","meta":[],"product_brand":[],"product_cat":[336],"product_tag":[],"class_list":{"0":"post-24096","1":"product","2":"type-product","3":"status-publish","4":"has-post-thumbnail","6":"product_cat-produits-chanvre","8":"first","9":"outofstock","10":"taxable","11":"shipping-taxable","12":"purchasable","13":"product-type-simple"},"_links":{"self":[{"href":"https:\/\/hempika.com\/fr\/wp-json\/wp\/v2\/product\/24096","targetHints":{"allow":["GET"]}}],"collection":[{"href":"https:\/\/hempika.com\/fr\/wp-json\/wp\/v2\/product"}],"about":[{"href":"https:\/\/hempika.com\/fr\/wp-json\/wp\/v2\/types\/product"}],"replies":[{"embeddable":true,"href":"https:\/\/hempika.com\/fr\/wp-json\/wp\/v2\/comments?post=24096"}],"wp:featuredmedia":[{"embeddable":true,"href":"https:\/\/hempika.com\/fr\/wp-json\/wp\/v2\/media\/24097"}],"wp:attachment":[{"href":"https:\/\/hempika.com\/fr\/wp-json\/wp\/v2\/media?parent=24096"}],"wp:term":[{"taxonomy":"product_brand","embeddable":true,"href":"https:\/\/hempika.com\/fr\/wp-json\/wp\/v2\/product_brand?post=24096"},{"taxonomy":"product_cat","embeddable":true,"href":"https:\/\/hempika.com\/fr\/wp-json\/wp\/v2\/product_cat?post=24096"},{"taxonomy":"product_tag","embeddable":true,"href":"https:\/\/hempika.com\/fr\/wp-json\/wp\/v2\/product_tag?post=24096"}],"curies":[{"name":"wp","href":"https:\/\/api.w.org\/{rel}","templated":true}]}}