{"id":24094,"date":"2020-11-18T10:17:05","date_gmt":"2020-11-18T09:17:05","guid":{"rendered":"https:\/\/hempika.com\/product\/baume-au-cbd\/"},"modified":"2026-04-14T21:52:09","modified_gmt":"2026-04-14T19:52:09","slug":"baume-au-cbd","status":"publish","type":"product","link":"https:\/\/hempika.com\/fr\/produit\/baume-au-cbd\/","title":{"rendered":"Baume CBD"},"content":{"rendered":"<div class=\"dolg\">\n<p>On dit que pour chaque maladie, une fleur pousse, et nous avons rassembl\u00e9 le meilleur des rem\u00e8des naturels du monde pour les peaux \u00e0 probl\u00e8mes dans un seul produit : le baume th\u00e9rapeutique CBD. Con\u00e7u pour emp\u00eacher la peau de se dess\u00e9cher et favoriser le processus de gu\u00e9rison, gr\u00e2ce aux effets nourrissants de chaque ingr\u00e9dient qu&rsquo;il contient, ce baume deviendra l&rsquo;alli\u00e9 indispensable de votre peau.<\/p>\n<p>Le baume CBD Hempika est \u00e9galement appel\u00e9 \u00ab pommade SoS \u00bb, utilis\u00e9 pour nourrir en douceur la peau, les cheveux et les ongles. Le baume agit comme un puissant antioxydant ; il renforce le syst\u00e8me de d\u00e9fense naturelle de la peau et sa capacit\u00e9 \u00e0 se r\u00e9g\u00e9n\u00e9rer, offrant un excellent moyen de soulager et d\u2019\u00e9liminer divers types de maux de peau. Vous pouvez l&rsquo;utiliser pour att\u00e9nuer de nombreux probl\u00e8mes de peau, tels que la dermatite, l&rsquo;herp\u00e8s et les piq\u00fbres d&rsquo;insectes ; il aide \u00e0 cicatriser les plaies (il agit comme une vuln\u00e9rable naturelle).<\/p>\n<p>Le baume CBD est un alli\u00e9 indispensable et votre compagnon quotidien pour prendre soin des peaux \u00e0 probl\u00e8mes. Cette formule est sans eau, ce qui signifie que nous n&rsquo;avons pas \u00e0 utiliser de conservateurs ni \u00e0 y ajouter de l&rsquo;alcool. Ce qui le rend si unique, c\u2019est une s\u00e9lection d\u2019ingr\u00e9dients naturels : huile de noyau d\u2019abricot, huile de noix de coco, beurre de karit\u00e9, huile de s\u00e9same, cire de candelilla, huile d\u2019olive, beurre de cacao, extrait de chanvre, huile de p\u00e9pins de raisin et extrait de feuille de romarin. <strong>Uniquement les huiles les plus nourrissantes pour m\u00eame les peaux les plus sensibles.<\/strong><\/p>\n<h2>Comment et quand utiliser le baume CBD ?<\/h2>\n<p>Il n&rsquo;y a pas de r\u00e8gle pour son utilisation ! Vous pouvez l&rsquo;utiliser chaque fois que vous en ressentez le besoin. Nos clients bien-aim\u00e9s qui utilisent r\u00e9guli\u00e8rement ce \u00ab miracle en bouteille \u00bb rapportent qu\u2019une application r\u00e9guli\u00e8re du baume change la donne dans des situations\/probl\u00e8mes tels que l\u2019ecz\u00e9ma, la peau s\u00e8che, la dermatite, les coups de soleil, le psoriasis, les irritations de la peau et d\u2019autres inconforts cutan\u00e9s.<\/p>\n<h2>D\u00e9couvrez les ingr\u00e9dients en d\u00e9tail<\/h2>\n<p><strong>Extrait de CBD<\/strong><br \/>\n<i><small>(Cannabis Sativa Leaf Extract)<\/small><\/i><\/p>\n<p>Notre ingr\u00e9dient favori de tous les temps est bien s\u00fbr le CBD\u00a0! C&rsquo;est une solution id\u00e9ale pour les peaux sensibles sujettes aux rougeurs et aux irritations. En mati\u00e8re de soins de la peau, il poss\u00e8de des propri\u00e9t\u00e9s impressionnantes, telles que la r\u00e9duction de l&rsquo;inflammation (il peut \u00eatre utile pour des affections telles que l&rsquo;acn\u00e9, l&rsquo;ecz\u00e9ma et le psoriasis). Il aide \u00e0 hydrater, hydrater et adoucir la peau\u00a0; il poss\u00e8de des bienfaits anti-\u00e2ge, prot\u00e8ge la peau contre les dommages caus\u00e9s par les radicaux libres et \u00e9quilibre la production de s\u00e9bum dans la peau, ce qui le rend b\u00e9n\u00e9fique pour les personnes ayant la peau grasse ou sujette \u00e0 l&rsquo;acn\u00e9.<\/p>\n<p><strong>Huile de noyau d\u2019abricot<\/strong><br \/>\n<i><small>(Prunus Armeniaca Kernel Oil)<\/small><\/i><\/p>\n<p>L&rsquo;huile de noyau d&rsquo;abricot est riche en vitamine E antioxydante et en acides gras nourrissants (principalement l&rsquo;acide ol\u00e9ique 54-74%, l&rsquo;acide linol\u00e9ique 12-35%). C&rsquo;est une huile \u00e9molliente, elle a des propri\u00e9t\u00e9s nourrissantes et hydratantes, nourrit les cheveux et am\u00e9liore l&rsquo;\u00e9lasticit\u00e9 de la peau. Id\u00e9al pour les peaux s\u00e8ches (gr\u00e2ce aux doses \u00e9lev\u00e9es d&rsquo;acide ol\u00e9ique qu&rsquo;il contient), apaise l&rsquo;inflammation et maintient une peau d&rsquo;apparence jeune. Il peut \u00eatre utile pour des affections telles que l&rsquo;ecz\u00e9ma, le psoriasis et la rosac\u00e9e. L&rsquo;huile d&rsquo;abricot peut \u00e9galement prot\u00e9ger contre les dommages caus\u00e9s par le soleil, car elle contient des antioxydants qui peuvent aider \u00e0 prot\u00e9ger la peau des dommages caus\u00e9s par les rayons UV. En plus de tout cela, l&rsquo;huile d&rsquo;abricot est \u00e9galement facilement absorb\u00e9e par la peau et ne laisse pas d&rsquo;effet gras.<\/p>\n<p><strong>Huile de noix de coco<\/strong><br \/>\n<i><small>(Cocos Nucifera Oil)<\/small><\/i><\/p>\n<p>La fameuse huile de noix de coco a pris le devant de la sc\u00e8ne au cours de la derni\u00e8re d\u00e9cennie, bien qu\u2019elle soit utilis\u00e9e depuis des si\u00e8cles dans la m\u00e9decine traditionnelle et les pratiques de soins de la peau. La folie qui l\u2019entoure est r\u00e9elle, et il y a de bonnes raisons pour lesquelles vous voudriez en \u00e9taler sur tout votre corps. L&rsquo;huile de noix de coco a gagn\u00e9 en popularit\u00e9 dans les soins de la peau en raison de ses nombreux bienfaits, tels que l&rsquo;hydratation de la peau, l&rsquo;apaisement de l&rsquo;inflammation, la lutte contre l&rsquo;acn\u00e9, l&rsquo;am\u00e9lioration de la texture de la peau et la r\u00e9duction de l&rsquo;apparence des rides et ridules. C&rsquo;est l&rsquo;une des huiles offrant le plus large spectre d&rsquo;effets positifs sur la peau.<\/p>\n<p><strong>Beurre de karit\u00e9<\/strong><br \/>\n<i><small>(Butyrospermum Parkii Butter)<\/small><\/i><\/p>\n<p>Le beurre de karit\u00e9 est encore plus populaire que l&rsquo;huile de coco. Pourquoi tout ce battage m\u00e9diatique ? Parce qu\u2019il fonctionne comme une \u00ab\u00a0cr\u00e8me hydratante et \u00e9molliente magique\u00a0\u00bb. Le beurre de karit\u00e9 (une graisse naturelle extraite des noix du karit\u00e9) r\u00e9g\u00e9n\u00e8re la peau et apaise les inflammations, poss\u00e8de des propri\u00e9t\u00e9s curatives et prot\u00e8ge la peau des agressions ext\u00e9rieures (comme les rayons UV ou le vent). L\u2019un de ses r\u00f4les incontournables dans les soins de la peau est qu\u2019il aide \u00e0 gu\u00e9rir et \u00e0 pr\u00e9venir les cicatrices. Il est \u00e9galement riche en antioxydants (comme les vitamines A, E, F, la querc\u00e9tine et l\u2019\u00e9pigallocat\u00e9chine gallate). Donnez une chance \u00e0 cet ingr\u00e9dient polyvalent qui favorise la r\u00e9g\u00e9n\u00e9ration des cellules cutan\u00e9es dans votre routine quotidienne de soins de la peau et vous serez surpris par ses r\u00e9sultats.<\/p>\n<p><strong>Huile de s\u00e9same<\/strong><br \/>\n<i><small>(Sesamum Indicum Seed Oil)<\/small><\/i><\/p>\n<p>L&rsquo;huile dor\u00e9e de s\u00e9same est riche en grandes quantit\u00e9s d&rsquo;acides gras nourrissants et hydratants (environ 38 % d&rsquo;acide ol\u00e9ique et 48 % d&rsquo;acide linol\u00e9ique) et fonctionne parfaitement pour r\u00e9parer et r\u00e9g\u00e9n\u00e9rer la peau s\u00e8che. Elle est connue sous le nom de \u00ab L&rsquo;Huile \u00bb en Ayurveda et est utilis\u00e9e depuis des si\u00e8cles dans la m\u00e9decine traditionnelle et les pratiques de soins de la peau. L&rsquo;huile de s\u00e9same est rapidement absorb\u00e9e et donne \u00e0 la peau une sensation de douceur et de souplesse. Ses propri\u00e9t\u00e9s b\u00e9n\u00e9fiques sont les suivantes : hydrater la peau, prot\u00e9ger contre les rayons UV (elle contient des antioxydants naturels qui peuvent aider \u00e0 prot\u00e9ger la peau), am\u00e9liorer la texture de la peau, apaiser les inflammations et lutter contre les bact\u00e9ries. Elle poss\u00e8de des propri\u00e9t\u00e9s antibact\u00e9riennes qui peuvent aider \u00e0 r\u00e9duire le risque de diverses infections cutan\u00e9es.<\/p>\n<p><strong>Plus de bienfaits<\/strong><\/p>\n<p>Les autres ingr\u00e9dients qui op\u00e8rent leur magie dans le baume CBD sont <strong>l&rsquo;huile d&rsquo;olive, le beurre de cacao, l&rsquo;huile de p\u00e9pins de raisin, l&rsquo;huile de colza, la cire de candelilla et l&rsquo;huile essentielle de romarin<\/strong>. Ils apportent plus de qualit\u00e9s \u00e0 ce produit, telles que des propri\u00e9t\u00e9s antibact\u00e9riennes, des fonctions astringentes et toniques, des bienfaits anti-\u00e2ge, une am\u00e9lioration de la fonction barri\u00e8re de la peau et bien d&rsquo;autres encore.<\/p>\n<h2>Utilisation<\/h2>\n<p>Appliquez sur une peau propre et s\u00e8che avec des mouvements circulaires doux.<br \/>\nConvient \u00e0 un usage quotidien et \u00e0 tous les types de peau.<br \/>\nLe baume est \u00e9galement efficace pour le soin des ongles et des cheveux.<br \/>\n1ml de baume contient 10mg de cannabidiol (CBD).<br \/>\nArr\u00eatez l&rsquo;utilisation en cas d&rsquo;hypersensibilit\u00e9.<\/p>\n<h2>Ingr\u00e9dients<\/h2>\n<p>Huile de noyau d&rsquo;abricot, huile de coco, beurre de karit\u00e9, huile de s\u00e9same, cire de candelilla, huile d&rsquo;olive, beurre de cacao, extrait de chanvre \u00e0 spectre complet, huile de p\u00e9pins de raisin, huile de colza, extrait de feuille de romarin.<\/p>\n<p><strong>INCI:<\/strong> Prunus Armeniaca Kernel Oil, Cocos Nucifera Oil, Butyrospermum Parkii Butter, Glyceryl Rosinate, Sesamum Indicum Seed Oil, Candelilla Cera, Olea Europaea Fruit Oil, Theobroma Cacao Seed Butter, Cannabis Sativa Leaf Extract, Vitis Vinifera Seed Oil, Caprylic\/Capric Triglyceride, Brassica Campestris Seed Oil, Rosmarinus Officinalis Leaf Extract, Vanillin, Heliotropine, Propylene Glycol.<\/p>\n<h2>Stockage<\/h2>\n<p>Conserver dans un endroit frais.<br \/>\nProt\u00e9ger de la lumi\u00e8re directe du soleil.<br \/>\nTenir hors de port\u00e9e des enfants.<br \/>\nDur\u00e9e de conservation : 18 mois<\/p>\n<\/div>\n","protected":false},"excerpt":{"rendered":"<div class=\"kratek\">\n<p>Pommade th\u00e9rapeutique compl\u00e8te avec effet hydratant non gras, laissant une sensation de douceur durable sur la peau. Riche en extrait de chanvre \u00e0 spectre complet, compos\u00e9 des meilleures huiles connues pour les peaux \u00e0 probl\u00e8mes.<\/p>\n<p class=\"kolicina\">300mg CBD \/ 30ml<\/p>\n<\/div>\n","protected":false},"featured_media":44966,"comment_status":"open","ping_status":"closed","template":"","meta":[],"product_brand":[],"product_cat":[336],"product_tag":[],"class_list":{"0":"post-24094","1":"product","2":"type-product","3":"status-publish","4":"has-post-thumbnail","6":"product_cat-produits-chanvre","8":"first","9":"instock","10":"taxable","11":"shipping-taxable","12":"purchasable","13":"product-type-simple"},"_links":{"self":[{"href":"https:\/\/hempika.com\/fr\/wp-json\/wp\/v2\/product\/24094","targetHints":{"allow":["GET"]}}],"collection":[{"href":"https:\/\/hempika.com\/fr\/wp-json\/wp\/v2\/product"}],"about":[{"href":"https:\/\/hempika.com\/fr\/wp-json\/wp\/v2\/types\/product"}],"replies":[{"embeddable":true,"href":"https:\/\/hempika.com\/fr\/wp-json\/wp\/v2\/comments?post=24094"}],"wp:featuredmedia":[{"embeddable":true,"href":"https:\/\/hempika.com\/fr\/wp-json\/wp\/v2\/media\/44966"}],"wp:attachment":[{"href":"https:\/\/hempika.com\/fr\/wp-json\/wp\/v2\/media?parent=24094"}],"wp:term":[{"taxonomy":"product_brand","embeddable":true,"href":"https:\/\/hempika.com\/fr\/wp-json\/wp\/v2\/product_brand?post=24094"},{"taxonomy":"product_cat","embeddable":true,"href":"https:\/\/hempika.com\/fr\/wp-json\/wp\/v2\/product_cat?post=24094"},{"taxonomy":"product_tag","embeddable":true,"href":"https:\/\/hempika.com\/fr\/wp-json\/wp\/v2\/product_tag?post=24094"}],"curies":[{"name":"wp","href":"https:\/\/api.w.org\/{rel}","templated":true}]}}