{"id":24090,"date":"2020-10-30T15:47:19","date_gmt":"2020-10-30T14:47:19","guid":{"rendered":"https:\/\/hempika.com\/product\/isolat-au-cbd\/"},"modified":"2026-04-15T06:23:36","modified_gmt":"2026-04-15T04:23:36","slug":"isolat-au-cbd","status":"publish","type":"product","link":"https:\/\/hempika.com\/fr\/produit\/isolat-au-cbd\/","title":{"rendered":"Isolat de CBD"},"content":{"rendered":"<div class=\"dolg\">\n<p>Vous adorez les effets du CBD ou aimeriez l&rsquo;essayer, mais vous voulez rester du c\u00f4t\u00e9 s\u00fbr en ce qui concerne les tests de THC ? Alors l&rsquo;<strong>isolat de CBD<\/strong> Hempika est ce que vous recherchez ! Ce produit est une forme raffin\u00e9e et cristallis\u00e9e d&rsquo;extrait de chanvre qui contient plus de 99 % de cannabidiol (CBD). C&rsquo;est la forme la plus pure de cannabidiol naturellement pr\u00e9sent, d\u00e9riv\u00e9 de la plante de chanvre et produit gr\u00e2ce \u00e0 des techniques modernes d&rsquo;extraction. Le meilleur du CBD, 100 % sans THC !<\/p>\n<h2>Est-ce le bon produit pour moi ?<\/h2>\n<p>Quelle est en r\u00e9alit\u00e9 la diff\u00e9rence entre le CBD \u00e0 spectre complet (trouv\u00e9 dans les gouttes, p\u00e2tes et sprays) et une version isol\u00e9e ? Les produits \u00e0 spectre complet contiennent encore une petite quantit\u00e9 de THC, ce qui ne vous fera pas planer mais peut poser probl\u00e8me pour ceux expos\u00e9s \u00e0 des tests de THC r\u00e9guliers. L&rsquo;isolat de CBD Hempika se pr\u00e9sente sous forme de poudre, ce qui le rend facile et s\u00fbr \u00e0 utiliser.<\/p>\n<p><strong>Voici quelques exemples de personnes qui pr\u00e9f\u00e8rent l&rsquo;isolat de CBD aux produits \u00e0 spectre complet :<\/strong><\/p>\n<ul>\n<li>Les professionnels (athl\u00e8tes, militaires, policiers, marins, etc.) qui sont r\u00e9guli\u00e8rement soumis \u00e0 divers tests, y compris des tests de THC, choisiront tr\u00e8s probablement un isolat de CBD plut\u00f4t que des produits \u00e0 spectre complet. Il est possible que d&rsquo;autres produits laissent encore des traces de THC dans votre sang.<\/li>\n<li>Vous voulez rester du c\u00f4t\u00e9 s\u00fbr tout en profitant de tous les bienfaits du CBD ? L&rsquo;isolat est la r\u00e9ponse. Donnez-lui une chance et observez comment il r\u00e9duit l&rsquo;intensit\u00e9 de vos d\u00e9fis quotidiens et sensations corporelles.<\/li>\n<li>Vous aimez la polyvalence des produits ? Vous allez adorer l&rsquo;isolat ! Voici un aper\u00e7u de tous les innombrables usages possibles : fabrication de vos propres produits CBD maison, comme le m\u00e9langer avec de l&rsquo;huile ou d&rsquo;autres bases cosm\u00e9tiques pour des applications cutan\u00e9es, m\u00e9langer des solutions huileuses pour diff\u00e9rents usages ; l&rsquo;ajouter \u00e0 des remplissages de cigarettes \u00e9lectroniques ou le vaporiser ; l&rsquo;utiliser par voie orale, et bien d&rsquo;autres.<\/li>\n<\/ul>\n<h2>Comment et quand utiliser l&rsquo;isolat de CBD ?<\/h2>\n<p>Il n&rsquo;y a pas de r\u00e8gles strictes en ce qui concerne l&rsquo;utilisation du CBD. Chaque personne est un syst\u00e8me unique, et l&rsquo;utilisation du CBD varie d&rsquo;un individu \u00e0 l&rsquo;autre. Il est essentiel que vous trouviez votre propre rythme et le dosage qui vous convient le mieux. Pourquoi ne pas commencer en douceur et augmenter la dose en fonction de vos besoins quotidiens et de votre humeur ? Vous pouvez \u00e9galement faire preuve de cr\u00e9ativit\u00e9 quant \u00e0 toutes les fa\u00e7ons possibles d&rsquo;utiliser l&rsquo;isolat de CBD. Testez-le et trouvez votre meilleure recette !<\/p>\n<h2>Cr\u00e9ez votre rituel<\/h2>\n<p>Penser \u00e0 la fa\u00e7on d&rsquo;incorporer un nouveau produit dans votre routine quotidienne peut sembler accablant. Au lieu d&rsquo;\u00eatre si strict, pensez \u00e0 cr\u00e9er un rituel CBD de pleine conscience pour la journ\u00e9e. Les rituels nous ancrent tout en nous ramenant au moment pr\u00e9sent, \u00e0 notre respiration, et nous offrent une minute de pure tranquillit\u00e9. Lorsque la partie mouvement\u00e9e de la journ\u00e9e commence, c&rsquo;est l&rsquo;appel pour un rituel CBD. N&rsquo;aimerions-nous pas tous un peu de d\u00e9tente et de paix int\u00e9rieure ? Utilisez l&rsquo;isolat de CBD avant de vous endormir, avant une t\u00e2che importante \u00e0 accomplir, lorsque le stress frappe \u00e0 votre porte, ou simplement \u00e0 tout autre moment o\u00f9 vous avez besoin de \u00ab\u00a0temps pour vous\u00a0\u00bb. L&rsquo;isolat de CBD Hempika peut rapidement devenir votre appel SOS, toujours dans votre sac ou votre poche.<\/p>\n<h2>Quel go\u00fbt a-t-il ?<\/h2>\n<p>L&rsquo;isolat n&rsquo;a pas de go\u00fbt ou d&rsquo;odeur sp\u00e9cifiques. C&rsquo;est juste une poudre que vous pouvez utiliser de diff\u00e9rentes fa\u00e7ons sans alt\u00e9rer le go\u00fbt d&rsquo;une boisson ou l&rsquo;odeur d&rsquo;autres produits (si vous pr\u00e9voyez de l&rsquo;utiliser en cosm\u00e9tique).<\/p>\n<h2>Utilisation<\/h2>\n<p>\u00c0 usage pharmaceutique uniquement.<\/p>\n<h2>Ingr\u00e9dients<\/h2>\n<p>Cannabidiol (CAS : 13956-29-1)<\/p>\n<h2>Avertissement<\/h2>\n<p>Ne manipulez pas le produit sans avoir lu et compris les pr\u00e9cautions de s\u00e9curit\u00e9.<br \/>\nNocif en cas d&rsquo;ingestion.<br \/>\nSusceptible de nuire \u00e0 la fertilit\u00e9 ou au f\u0153tus.<br \/>\n\u00c9liminez le contenu\/r\u00e9cipient conform\u00e9ment \u00e0 la l\u00e9gislation nationale.<\/p>\n<h2>Conservation<\/h2>\n<p>Conserver dans un endroit frais. Prot\u00e9ger de la lumi\u00e8re du soleil.<br \/>\nTenir hors de port\u00e9e des enfants.<br \/>\nDur\u00e9e de conservation : 18 mois<\/p>\n<\/div>\n","protected":false},"excerpt":{"rendered":"<div class=\"kratek\">\n<p>Ressentez la vraie puissance du CBD dans sa forme la plus pure et la plus propre ! Vous recherchez un produit sans THC \u00e0 100 % ? Le voici ! L&rsquo;isolat est un extrait de chanvre cristallis\u00e9 sous forme de poudre pour des usages multiples.<\/p>\n<p class=\"kolicina\">~1000mg CBD \/ 1g<\/p>\n<\/div>\n","protected":false},"featured_media":44959,"comment_status":"open","ping_status":"closed","template":"","meta":[],"product_brand":[],"product_cat":[336],"product_tag":[],"class_list":{"0":"post-24090","1":"product","2":"type-product","3":"status-publish","4":"has-post-thumbnail","6":"product_cat-produits-chanvre","8":"first","9":"instock","10":"taxable","11":"shipping-taxable","12":"purchasable","13":"product-type-simple"},"_links":{"self":[{"href":"https:\/\/hempika.com\/fr\/wp-json\/wp\/v2\/product\/24090","targetHints":{"allow":["GET"]}}],"collection":[{"href":"https:\/\/hempika.com\/fr\/wp-json\/wp\/v2\/product"}],"about":[{"href":"https:\/\/hempika.com\/fr\/wp-json\/wp\/v2\/types\/product"}],"replies":[{"embeddable":true,"href":"https:\/\/hempika.com\/fr\/wp-json\/wp\/v2\/comments?post=24090"}],"wp:featuredmedia":[{"embeddable":true,"href":"https:\/\/hempika.com\/fr\/wp-json\/wp\/v2\/media\/44959"}],"wp:attachment":[{"href":"https:\/\/hempika.com\/fr\/wp-json\/wp\/v2\/media?parent=24090"}],"wp:term":[{"taxonomy":"product_brand","embeddable":true,"href":"https:\/\/hempika.com\/fr\/wp-json\/wp\/v2\/product_brand?post=24090"},{"taxonomy":"product_cat","embeddable":true,"href":"https:\/\/hempika.com\/fr\/wp-json\/wp\/v2\/product_cat?post=24090"},{"taxonomy":"product_tag","embeddable":true,"href":"https:\/\/hempika.com\/fr\/wp-json\/wp\/v2\/product_tag?post=24090"}],"curies":[{"name":"wp","href":"https:\/\/api.w.org\/{rel}","templated":true}]}}