{"id":24078,"date":"2020-11-18T10:18:28","date_gmt":"2020-11-18T09:18:28","guid":{"rendered":"https:\/\/hempika.com\/product\/gouttes-au-cbd-pour-animaux\/"},"modified":"2026-04-21T08:42:02","modified_gmt":"2026-04-21T06:42:02","slug":"gouttes-au-cbd-pour-animaux","status":"publish","type":"product","link":"https:\/\/hempika.com\/fr\/produit\/gouttes-au-cbd-pour-animaux\/","title":{"rendered":"Gouttes de CBD pour animaux"},"content":{"rendered":"<div class=\"dolg\">\r\n\r\n<p>Les <strong>gouttes de CBD pour animaux<\/strong> de Hempika sont sp\u00e9cialement con\u00e7ues pour vos amis \u00e0 quatre pattes. Elles sont compos\u00e9es de notre extrait de Cannabis sativa \u00e0 large spectre, dissous dans de l&rsquo;huile MCT et aromatis\u00e9es au bacon.<\/p>\r\n\r\n<h2>\u00c0 quelle occasion dois-je donner des gouttes de CBD \u00e0 mon animal ?<\/h2>\r\n\r\n<p>Il existe de nombreuses raisons pour lesquelles les propri\u00e9taires d&rsquo;animaux choisissent d&rsquo;int\u00e9grer le CBD dans l&rsquo;alimentation de leur compagnon. Commen\u00e7ons par dissiper le mythe selon lequel le CBD ne peut \u00eatre utilis\u00e9 que de mani\u00e8re occasionnelle. Cette croyance n&rsquo;est pas fond\u00e9e. <strong>Vous pouvez ajouter des gouttes de CBD \u00e0 la nourriture de votre chien \/ chat \/ &#8230; comme compl\u00e9ment alimentaire r\u00e9gulier et quotidien.<\/strong> Cependant, vous pouvez \u00e9galement d\u00e9cider de les utiliser uniquement pour des occasions sp\u00e9ciales \u2013 comme en d\u00e9cembre, lorsqu&rsquo;il y a beaucoup de bruit \u00e0 cause des feux d&rsquo;artifice et que les animaux deviennent anxieux et effray\u00e9s. Le CBD agit comme un \u00e9lixir magique pour soulager le stress et l&rsquo;anxi\u00e9t\u00e9.<\/p>\r\n\r\n<p><strong>La deuxi\u00e8me raison pour laquelle les propri\u00e9taires d&rsquo;animaux choisissent souvent le CBD est la douleur li\u00e9e au vieillissement.<\/strong> Votre ami \u00e0 quatre pattes adorait-il courir, sauter et jouer \u00e0 rapporter la balle ? Mais en vieillissant, il a commenc\u00e9 \u00e0 ressentir des douleurs articulaires et une raideur qui rendent difficiles toutes les activit\u00e9s qu&rsquo;il aimait faire. Sous certains aspects, les chiens \/ chats \/ &#8230; ne sont pas si diff\u00e9rents des humains \u2013 nous ressentons tous les deux les m\u00eames douleurs physiques et \u00e9tats \u00e9motionnels, et nous avons un syst\u00e8me endocannabino\u00efde dans notre corps. <strong>Le CBD agit en interagissant avec le syst\u00e8me endocannabino\u00efde du corps, qui aide \u00e0 r\u00e9guler la douleur, l&rsquo;inflammation et l&rsquo;anxi\u00e9t\u00e9 \u2013 cela vaut pour les animaux comme pour les humains !<\/strong> L&rsquo;utilisation r\u00e9guli\u00e8re de CBD peut aider votre animal \u00e0 se d\u00e9placer plus facilement et \u00e0 se sentir plus \u00e0 l&rsquo;aise dans sa propre peau.<\/p>\r\n\r\n<p><strong>Les bienfaits des gouttes de CBD pour animaux vont bien au-del\u00e0 du simple soulagement des douleurs articulaires. Voici d&rsquo;autres raisons de les utiliser :<\/strong><\/p>\r\n\r\n<ul>\r\n\t<li><u>Anxi\u00e9t\u00e9<\/u> : Si votre compagnon \u00e0 quatre pattes devient anxieux pendant les trajets en voiture, les orages ou d&rsquo;autres situations stressantes, l&rsquo;huile de CBD peut aider \u00e0 calmer ses nerfs et \u00e0 le d\u00e9tendre.<\/li>\r\n\t<li><u>App\u00e9tit<\/u> : Si votre animal ne mange pas autant qu&rsquo;il devrait, l&rsquo;huile de CBD peut \u00eatre la solution. Elle peut stimuler son app\u00e9tit et lui permettre de retrouver ses habitudes alimentaires normales.<\/li>\r\n\t<li><u>Soutien du syst\u00e8me immunitaire<\/u> : L&rsquo;huile de CBD peut aider \u00e0 renforcer le syst\u00e8me immunitaire de votre animal, ce qui facilitera la lutte contre les infections et les maladies.<\/li>\r\n\t<li><u>Sant\u00e9 de la peau et du pelage<\/u> : L&rsquo;huile de CBD est riche en acides gras essentiels, n\u00e9cessaires \u00e0 la sant\u00e9 de la peau et du pelage de votre animal.<\/li>\r\n<\/ul>\r\n\r\n<h2>Mon animal va-t-il \u00ab\u00a0planer\u00a0\u00bb ?<\/h2>\r\n\r\n<p>Non, absolument pas ! Le cannabidiol CBD non psychoactif est le cannabino\u00efde le plus abondant dans le chanvre et l&rsquo;un des plus \u00e9tudi\u00e9s. Si vous h\u00e9sitez parce que vous pensez que cela pourrait rendre votre compagnon \u00e0 quatre pattes \u00ab\u00a0groggy\u00a0\u00bb ou \u00ab\u00a0d\u00e9sorient\u00e9\u00a0\u00bb, soyez rassur\u00e9 que toutes ces inqui\u00e9tudes sont infond\u00e9es. Tout comme les humains, les animaux ne peuvent pas \u00ab\u00a0planer\u00a0\u00bb avec l&rsquo;utilisation de CBD. De plus, ce produit est enti\u00e8rement exempt de THC !<\/p>\r\n\r\n<p><strong>L&rsquo;huile de CBD pour animaux est s\u00fbre, non toxique et pr\u00e9sente peu ou pas d&rsquo;effets secondaires.<\/strong> Que votre compagnon soit un chien \u00e2g\u00e9 souffrant de douleurs articulaires ou un jeune chat anxieux, l&rsquo;huile de CBD peut \u00eatre un moyen naturel et efficace de l&rsquo;aider \u00e0 se sentir mieux. L&rsquo;extrait des gouttes de CBD Hempika pour animaux est obtenu \u00e0 partir de plantes de chanvre cultiv\u00e9es biologiquement, \u00e0 l&rsquo;aide de CO2 supercritique, ce qui pr\u00e9serve une large gamme de cannabino\u00efdes et d&rsquo;autres nutriments.<\/p>\r\n\r\n<h2>Ingr\u00e9dients<\/h2>\r\n<p>Huile MCT, extrait de chanvre \u00e0 large spectre, ar\u00f4me de bacon.<\/p>\r\n\r\n<h2>Utilisation<\/h2>\r\n<p>Bien agiter avant utilisation.<br\/>\r\nM\u00e9langer \u00e0 la nourriture ou administrer directement dans la bouche de l&rsquo;animal.<br\/>\r\nConsulter un v\u00e9t\u00e9rinaire avant utilisation.<br\/>\r\n1 goutte contient environ 1.7 mg de cannabidiol (CBD).<br\/>\r\n1 flacon (10ml) contient environ 300 gouttes.<\/p>\r\n\r\n<h2>Conservation<\/h2>\r\n<p>Conserver dans un endroit frais et \u00e0 l&rsquo;abri de la lumi\u00e8re.<br\/>\r\nTenir hors de port\u00e9e des enfants.<br\/>\r\nDur\u00e9e de conservation : 18 mois<\/p>\r\n\r\n<\/div>\n","protected":false},"excerpt":{"rendered":"<div class=\"kratek\">\n<p>Un soulagement naturel pour votre compagnon \u00e0 quatre pattes gr\u00e2ce \u00e0 notre extrait de chanvre \u00e0 large spectre. Formul\u00e9 avec une saveur de bacon qui plaira m\u00eame aux plus difficiles. Le compl\u00e9ment alimentaire pr\u00e9f\u00e9r\u00e9 de votre animal.<\/p>\n<\/div>\n","protected":false},"featured_media":47377,"comment_status":"open","ping_status":"closed","template":"","meta":[],"product_brand":[],"product_cat":[336],"product_tag":[],"class_list":{"0":"post-24078","1":"product","2":"type-product","3":"status-publish","4":"has-post-thumbnail","6":"product_cat-produits-chanvre","8":"first","9":"instock","10":"taxable","11":"shipping-taxable","12":"purchasable","13":"product-type-simple"},"_links":{"self":[{"href":"https:\/\/hempika.com\/fr\/wp-json\/wp\/v2\/product\/24078","targetHints":{"allow":["GET"]}}],"collection":[{"href":"https:\/\/hempika.com\/fr\/wp-json\/wp\/v2\/product"}],"about":[{"href":"https:\/\/hempika.com\/fr\/wp-json\/wp\/v2\/types\/product"}],"replies":[{"embeddable":true,"href":"https:\/\/hempika.com\/fr\/wp-json\/wp\/v2\/comments?post=24078"}],"wp:featuredmedia":[{"embeddable":true,"href":"https:\/\/hempika.com\/fr\/wp-json\/wp\/v2\/media\/47377"}],"wp:attachment":[{"href":"https:\/\/hempika.com\/fr\/wp-json\/wp\/v2\/media?parent=24078"}],"wp:term":[{"taxonomy":"product_brand","embeddable":true,"href":"https:\/\/hempika.com\/fr\/wp-json\/wp\/v2\/product_brand?post=24078"},{"taxonomy":"product_cat","embeddable":true,"href":"https:\/\/hempika.com\/fr\/wp-json\/wp\/v2\/product_cat?post=24078"},{"taxonomy":"product_tag","embeddable":true,"href":"https:\/\/hempika.com\/fr\/wp-json\/wp\/v2\/product_tag?post=24078"}],"curies":[{"name":"wp","href":"https:\/\/api.w.org\/{rel}","templated":true}]}}