{"id":24064,"date":"2020-12-15T11:45:05","date_gmt":"2020-12-15T10:45:05","guid":{"rendered":"https:\/\/hempika.com\/product\/lot-de-soins-pour-la-peau\/"},"modified":"2024-07-14T19:42:46","modified_gmt":"2024-07-14T17:42:46","slug":"lot-de-soins-pour-la-peau","status":"publish","type":"product","link":"https:\/\/hempika.com\/fr\/produit\/lot-de-soins-pour-la-peau\/","title":{"rendered":"LOT DE SOINS POUR LA PEAU"},"content":{"rendered":"<p>Comprend :<\/p>\n<p><a href=\"https:\/\/hempika.com\/fr\/produit\/creme-au-cbd-pour-le-visage\/\">Cr\u00e8me au CBD pour le visage<\/a><br \/>\n<a href=\"https:\/\/hempika.com\/fr\/produit\/beurre-corporel-au-cbd\/\">Beurre corporel au CBD<\/a><br \/>\n<a href=\"https:\/\/hempika.com\/fr\/produit\/barre-de-shampoing-au-chanvre\/\">Barre de shampoing au chanvre<\/a><br \/>\n<a href=\"https:\/\/hempika.com\/fr\/produit\/barre-de-savon-au-chanvre\/\">Barre de savon au chanvre<\/a><\/p>\n","protected":false},"excerpt":{"rendered":"<p>Lot de soins pour la peau \u00e0 base de plantes qui vous fera retrouver votre splendeur de la t\u00eate au pied. Les produits de soin pour la peau et les cheveux enti\u00e8rement naturels sont le cadeau id\u00e9al pour votre peau et vos proches.<\/p>\n<p>Convient \u00e0 tous les types de peau et de cheveux<br \/>\n4 en 1<\/p>\n","protected":false},"featured_media":24065,"comment_status":"open","ping_status":"closed","template":"","meta":[],"product_brand":[],"product_cat":[336],"product_tag":[],"class_list":{"0":"post-24064","1":"product","2":"type-product","3":"status-publish","4":"has-post-thumbnail","6":"product_cat-produits-chanvre","8":"first","9":"outofstock","10":"taxable","11":"shipping-taxable","12":"purchasable","13":"product-type-simple"},"_links":{"self":[{"href":"https:\/\/hempika.com\/fr\/wp-json\/wp\/v2\/product\/24064","targetHints":{"allow":["GET"]}}],"collection":[{"href":"https:\/\/hempika.com\/fr\/wp-json\/wp\/v2\/product"}],"about":[{"href":"https:\/\/hempika.com\/fr\/wp-json\/wp\/v2\/types\/product"}],"replies":[{"embeddable":true,"href":"https:\/\/hempika.com\/fr\/wp-json\/wp\/v2\/comments?post=24064"}],"wp:featuredmedia":[{"embeddable":true,"href":"https:\/\/hempika.com\/fr\/wp-json\/wp\/v2\/media\/24065"}],"wp:attachment":[{"href":"https:\/\/hempika.com\/fr\/wp-json\/wp\/v2\/media?parent=24064"}],"wp:term":[{"taxonomy":"product_brand","embeddable":true,"href":"https:\/\/hempika.com\/fr\/wp-json\/wp\/v2\/product_brand?post=24064"},{"taxonomy":"product_cat","embeddable":true,"href":"https:\/\/hempika.com\/fr\/wp-json\/wp\/v2\/product_cat?post=24064"},{"taxonomy":"product_tag","embeddable":true,"href":"https:\/\/hempika.com\/fr\/wp-json\/wp\/v2\/product_tag?post=24064"}],"curies":[{"name":"wp","href":"https:\/\/api.w.org\/{rel}","templated":true}]}}