{"id":24061,"date":"2020-11-18T10:22:07","date_gmt":"2020-11-18T09:22:07","guid":{"rendered":"https:\/\/hempika.com\/product\/barre-de-shampoing-au-chanvre\/"},"modified":"2024-10-20T18:07:18","modified_gmt":"2024-10-20T16:07:18","slug":"barre-de-shampoing-au-chanvre","status":"publish","type":"product","link":"https:\/\/hempika.com\/fr\/produit\/barre-de-shampoing-au-chanvre\/","title":{"rendered":"BARRE DE SHAMPOING AU CHANVRE"},"content":{"rendered":"<p><strong>Hempika Barre de shampoing au chanvre<\/strong> pour un cuir chevelu sensible avec des graines de chanvre press\u00e9es \u00e0 froid et de l\u2019huile de coco hydrate en profondeur et prot\u00e8ge vos cheveux. Les propri\u00e9t\u00e9s antibact\u00e9riennes de l\u2019huile essentielle de lavande offrent une protection de longue dur\u00e9e \u00e0 vos cheveux tout en apaisant efficacement le cuir chevelu. Son ar\u00f4me doux et fleuri offre un moment de d\u00e9tente agr\u00e9able, et r\u00e9duit le stress. L\u2019argile \u00e9limine efficacement la salet\u00e9 et am\u00e9liore la circulation du cuir chevelu tandis que le vinaigre de cidre rend les cheveux brillants et souples.<\/p>\n<p>Contient uniquement des ingr\u00e9dients 100 % naturels \u00e0 base de plantes (v\u00e9gans). Exempt de parab\u00e8nes, huiles min\u00e9rales, pigments artificiels, parfums, conservateurs, \u00e9mulsifiants et \u00e9paississants.<\/p>\n<p><strong>INGR\u00c9DIENTS:<\/strong><br \/>\nHuile de coco, huile d\u2019olive, huile de graines de jojoba, huile de graines de chanvre, argile blanche, argile verte, vinaigre de cidre de pomme, huile essentielle de lavande.<\/p>\n<p><strong>INCI:<\/strong><br \/>\nSodium Coco-sulfate, Sodium Cocoate, Sodium Olivate, Cannabis Sativa Seed Oil, Simmondsia Chinensis Seed Oil, Kaolin, Illite, Apple Cider Vinegar, Panthenol, Lavandula Angustifolia Oil, Citric Acid, Montmorillonite, Linalool*. *Composants naturels des huiles essentielles<\/p>\n<p><strong>UTILISATION :<\/strong><br \/>\nFrotter la barre de shampoing sur les cheveux mouill\u00e9s pour la faire mousser d\u00e9licatement.<br \/>\nMasser le cuir chevelu du bout des doigts, puis bien rincer \u00e0 l\u2019eau.<br \/>\nUtiliser un apr\u00e8s-shampooing, le cas \u00e9ch\u00e9ant.<br \/>\nLe shampooing est id\u00e9al pour le lavage fr\u00e9quent de tous les types de cheveux.<br \/>\nCesser de l\u2019utiliser en cas d\u2019hypersensibilit\u00e9.<\/p>\n<p><strong>CONSERVATION:<\/strong><br \/>\nConserver \u00e0 temp\u00e9rature ambiante.<br \/>\nConserver au sec.<br \/>\nPlacer sur un \u00e9gouttoir afin \u00e9viter sa dissolution dans l\u2019eau.<\/p>\n<p><strong>DUR\u00c9E DE CONSERVATION:<\/strong><br \/>\n24 mois<\/p>\n","protected":false},"excerpt":{"rendered":"<p>Laissez vos cheveux briller dans toute leur splendeur avec un shampoing fait main \u00e0 base de plantes. Elle nettoie en douceur, renforce et prot\u00e8ge vos cheveux contre le dess\u00e8chement et les pointes cassantes.<\/p>\n<p>Convient \u00e0 tous les types de cheveux<br \/>\n50 g<\/p>\n","protected":false},"featured_media":24062,"comment_status":"open","ping_status":"closed","template":"","meta":[],"product_brand":[],"product_cat":[336],"product_tag":[],"class_list":{"0":"post-24061","1":"product","2":"type-product","3":"status-publish","4":"has-post-thumbnail","6":"product_cat-produits-chanvre","8":"first","9":"outofstock","10":"sale","11":"taxable","12":"shipping-taxable","13":"purchasable","14":"product-type-simple"},"_links":{"self":[{"href":"https:\/\/hempika.com\/fr\/wp-json\/wp\/v2\/product\/24061","targetHints":{"allow":["GET"]}}],"collection":[{"href":"https:\/\/hempika.com\/fr\/wp-json\/wp\/v2\/product"}],"about":[{"href":"https:\/\/hempika.com\/fr\/wp-json\/wp\/v2\/types\/product"}],"replies":[{"embeddable":true,"href":"https:\/\/hempika.com\/fr\/wp-json\/wp\/v2\/comments?post=24061"}],"wp:featuredmedia":[{"embeddable":true,"href":"https:\/\/hempika.com\/fr\/wp-json\/wp\/v2\/media\/24062"}],"wp:attachment":[{"href":"https:\/\/hempika.com\/fr\/wp-json\/wp\/v2\/media?parent=24061"}],"wp:term":[{"taxonomy":"product_brand","embeddable":true,"href":"https:\/\/hempika.com\/fr\/wp-json\/wp\/v2\/product_brand?post=24061"},{"taxonomy":"product_cat","embeddable":true,"href":"https:\/\/hempika.com\/fr\/wp-json\/wp\/v2\/product_cat?post=24061"},{"taxonomy":"product_tag","embeddable":true,"href":"https:\/\/hempika.com\/fr\/wp-json\/wp\/v2\/product_tag?post=24061"}],"curies":[{"name":"wp","href":"https:\/\/api.w.org\/{rel}","templated":true}]}}