{"id":24058,"date":"2020-11-18T10:23:15","date_gmt":"2020-11-18T09:23:15","guid":{"rendered":"https:\/\/hempika.com\/product\/barre-de-savon-au-chanvre\/"},"modified":"2024-10-22T14:33:45","modified_gmt":"2024-10-22T12:33:45","slug":"barre-de-savon-au-chanvre","status":"publish","type":"product","link":"https:\/\/hempika.com\/fr\/produit\/barre-de-savon-au-chanvre\/","title":{"rendered":"BARRE DE SAVON AU CHANVRE"},"content":{"rendered":"<p><strong>Hempika Barre de savon au chanvre<\/strong> \u00e0 l\u2019huile de graines de chanvre press\u00e9e \u00e0 froid adoucit et apaise en douceur votre peau. L\u2019huile de noix de coco et d\u2019olive hydratent et prot\u00e8gent efficacement votre peau tandis que l\u2019huile essentielle de lavande aux propri\u00e9t\u00e9s antibact\u00e9riennes lui offre une protection de longue dur\u00e9e. Son ar\u00f4me doux et fleuri offre un moment de d\u00e9tente agr\u00e9able, et r\u00e9duit le stress. Les barres de savon sont faites \u00e0 la main par un processus \u00e0 froid, qui pr\u00e9serve toutes les graisses essentielles de qualit\u00e9 exclusivement naturelles, riches en vitamines et min\u00e9raux.<\/p>\n<p>Contient uniquement des ingr\u00e9dients 100 % naturels \u00e0 base de plantes (v\u00e9gans). Exempt de parab\u00e8nes, huiles min\u00e9rales, pigments artificiels, parfums, conservateurs, \u00e9mulsifiants et \u00e9paississants.<\/p>\n<p>INGR\u00c9DIENTS :<br \/>\nHuile de palme (RSPO), eau, huile de coco, huile d\u2019olive, beurre de cacao, huile de graines de chanvre, huile essentielle de lavande, vitamine E.<\/p>\n<p>INCI:<br \/>\nElaeis Guineensis Oil, Aqua, Cocos Nucifera Oil, Olea Europaea Fruit Oil, Sodium Hydroxide, Theobroma Cacao Seed Butter, Cannabis Sativa Seed Oil, Lavandula Angustifolia Oil, Tocopheryl Acetate, Limonene*, Linalool*, Geraniol*. *Composants naturels des huiles essentielles<\/p>\n<p>UTILISATION :<br \/>\nFrotter la barre entre les mains pour cr\u00e9er une mousse douce et lavez la partie souhait\u00e9e du corps.<br \/>\nRincer \u00e0 l\u2019eau.<br \/>\nAppliquer de la cr\u00e8me pour le visage ou ou du beurre corporel, le cas \u00e9ch\u00e9ant.<br \/>\nConvient \u00e0 tous les types de peau et \u00e0 une utilisation quotidienne comme nettoyant des mains, du visage ou du corps.<br \/>\nUne barre de savon remplace 1 litre de savon liquide.<br \/>\nCesser de l\u2019utiliser en cas d\u2019hypersensibilit\u00e9.<\/p>\n<p>CONSERVATION :<br \/>\nConserver \u00e0 temp\u00e9rature ambiante.<br \/>\nConserver au sec.<br \/>\nPlacer sur un \u00e9gouttoir afin \u00e9viter sa dissolution dans l\u2019eau.<\/p>\n<p>DUR\u00c9E DE CONSERVATION :<br \/>\n24 mois<\/p>\n","protected":false},"excerpt":{"rendered":"<p>Fabriqu\u00e9e \u00e0 la main par un proc\u00e9d\u00e9 \u00e0 froid traditionnel \u00e0 partir d\u2019ingr\u00e9dients \u00e0 base de plantes minutieusement s\u00e9lectionn\u00e9es qui nettoient la peau en douceur et \u00e0 la fois en profondeur tout en la prot\u00e9geant du dess\u00e8chement.<\/p>\n<p>Convient \u00e0 tous les types de peau<br \/>\n100 g<\/p>\n","protected":false},"featured_media":24059,"comment_status":"open","ping_status":"closed","template":"","meta":[],"product_brand":[],"product_cat":[336],"product_tag":[],"class_list":{"0":"post-24058","1":"product","2":"type-product","3":"status-publish","4":"has-post-thumbnail","6":"product_cat-produits-chanvre","8":"first","9":"outofstock","10":"sale","11":"taxable","12":"shipping-taxable","13":"purchasable","14":"product-type-simple"},"_links":{"self":[{"href":"https:\/\/hempika.com\/fr\/wp-json\/wp\/v2\/product\/24058","targetHints":{"allow":["GET"]}}],"collection":[{"href":"https:\/\/hempika.com\/fr\/wp-json\/wp\/v2\/product"}],"about":[{"href":"https:\/\/hempika.com\/fr\/wp-json\/wp\/v2\/types\/product"}],"replies":[{"embeddable":true,"href":"https:\/\/hempika.com\/fr\/wp-json\/wp\/v2\/comments?post=24058"}],"wp:featuredmedia":[{"embeddable":true,"href":"https:\/\/hempika.com\/fr\/wp-json\/wp\/v2\/media\/24059"}],"wp:attachment":[{"href":"https:\/\/hempika.com\/fr\/wp-json\/wp\/v2\/media?parent=24058"}],"wp:term":[{"taxonomy":"product_brand","embeddable":true,"href":"https:\/\/hempika.com\/fr\/wp-json\/wp\/v2\/product_brand?post=24058"},{"taxonomy":"product_cat","embeddable":true,"href":"https:\/\/hempika.com\/fr\/wp-json\/wp\/v2\/product_cat?post=24058"},{"taxonomy":"product_tag","embeddable":true,"href":"https:\/\/hempika.com\/fr\/wp-json\/wp\/v2\/product_tag?post=24058"}],"curies":[{"name":"wp","href":"https:\/\/api.w.org\/{rel}","templated":true}]}}