{"id":24048,"date":"2020-11-18T10:26:16","date_gmt":"2020-11-18T09:26:16","guid":{"rendered":"https:\/\/hempika.com\/product\/proteines-de-chanvre\/"},"modified":"2026-04-14T21:52:15","modified_gmt":"2026-04-14T19:52:15","slug":"proteine-de-chanvre","status":"publish","type":"product","link":"https:\/\/hempika.com\/fr\/produit\/proteine-de-chanvre\/","title":{"rendered":"Prot\u00e9ine de chanvre"},"content":{"rendered":"<div class=\"dolg\">\n<p>Vous cherchez un compl\u00e9ment prot\u00e9in\u00e9 qui offre \u00e0 la fois un excellent go\u00fbt et une qualit\u00e9 sup\u00e9rieure, tout en fournissant de nombreux bienfaits pour la sant\u00e9 ? Ne cherchez pas plus loin que la <strong>prot\u00e9ine de chanvre<\/strong> !<\/p>\n<p>La prot\u00e9ine de chanvre Hempika, un sous-produit biologique du pressage des graines de chanvre, est produite en broyant le g\u00e2teau de chanvre dans un moulin \u00e0 pierre, puis tamis\u00e9e finement pour obtenir une poudre fine. Ce processus traditionnel permet de conserver tous les 9 acides amin\u00e9s essentiels, fibres alimentaires, vitamines et min\u00e9raux, <strong>en faisant un suppl\u00e9ment puissant, facilement digestible et sans gluten<\/strong>.<\/p>\n<p><strong>Que vous cherchiez \u00e0 d\u00e9velopper votre masse musculaire, \u00e0 r\u00e9cup\u00e9rer apr\u00e8s un entra\u00eenement, ou simplement \u00e0 augmenter votre apport quotidien en prot\u00e9ines, la prot\u00e9ine de chanvre est un excellent choix.<\/strong> Cette source de prot\u00e9ines v\u00e9g\u00e9tales est non seulement d\u00e9licieuse, mais aussi extr\u00eamement riche en nutriments. Elle est riche en acides gras om\u00e9ga-3 et om\u00e9ga-6, ce qui en fait un super aliment polyvalent b\u00e9n\u00e9fique pour la sant\u00e9. De plus, elle s&rsquo;incorpore facilement dans votre routine quotidienne, que ce soit dans les smoothies, le porridge ou m\u00eame en substitut de farine pour la p\u00e2tisserie. Faites le plein d&rsquo;\u00e9nergie et nourrissez vos muscles avec la prot\u00e9ine de chanvre &#8211; votre corps et vos papilles vous en remercieront !<\/p>\n<h2>Comment incorporer la prot\u00e9ine de chanvre dans votre alimentation quotidienne ?<\/h2>\n<p>Votre imagination et votre go\u00fbt pour l&rsquo;exp\u00e9rimentation sont les seules limites ! Pourquoi ne pas commencer la journ\u00e9e avec un bol de porridge enrichi en prot\u00e9ine de chanvre, ajouter une cuill\u00e8re ou deux de poudre de chanvre dans votre shake prot\u00e9in\u00e9 habituel, ou pr\u00e9parer des boules d&rsquo;\u00e9nergie prot\u00e9in\u00e9es ? Pour l&rsquo;inspiration, voici quelques id\u00e9es pour utiliser la prot\u00e9ine de chanvre :<\/p>\n<h3>#1 Pancakes pal\u00e9o \u00e0 la prot\u00e9ine de chanvre<\/h3>\n<p><u>Ingr\u00e9dients :<\/u> 1 banane, 2 \u0153ufs, 1\/2 tasse de farine d&rsquo;amande, 2 cuill\u00e8res \u00e0 soupe de prot\u00e9ine de chanvre, 1\/2 cuill\u00e8re \u00e0 caf\u00e9 de cannelle, un peu de lait ou de lait de noix, une pinc\u00e9e de sel et de vanille, et de l&rsquo;huile de votre choix pour cuire les pancakes (nous recommandons l&rsquo;huile de coco ou le ghee). \u00c0 vous de jouer !<\/p>\n<p>Pour pr\u00e9parer les pancakes, m\u00e9langez tous les ingr\u00e9dients dans un blender ou un robot culinaire jusqu&rsquo;\u00e0 obtenir une p\u00e2te lisse. Faites chauffer une po\u00eale \u00e0 feu doux, ajoutez un peu d&rsquo;huile, et faites cuire les pancakes comme d&rsquo;habitude. Si la p\u00e2te est trop \u00e9paisse, ajoutez un peu de votre lait pr\u00e9f\u00e9r\u00e9 pour l&rsquo;all\u00e9ger. Garnissez avec les toppings de votre choix et d\u00e9gustez !<\/p>\n<h3>#2 Bol de smoothie \u00e0 la prot\u00e9ine de chanvre<\/h3>\n<p><u>Ingr\u00e9dients :<\/u> 2 bananes congel\u00e9es, 1 tasse de baies congel\u00e9es au choix, 1 dose de prot\u00e9ine de chanvre, 1\/2 tasse de votre lait pr\u00e9f\u00e9r\u00e9, quelques dattes, 2 cuill\u00e8res \u00e0 soupe de graines de chanvre d\u00e9cortiqu\u00e9es, 1\/4 de tasse de yaourt, 1\/4 de tasse de baies fra\u00eeches pour servir.<\/p>\n<p>Cette recette est d&rsquo;une simplicit\u00e9 enfantine ! Pour r\u00e9aliser un d\u00e9licieux bol de smoothie, mixez les bananes, les baies congel\u00e9es, le lait, les dattes et la prot\u00e9ine de chanvre jusqu&rsquo;\u00e0 obtenir une consistance lisse. Versez le m\u00e9lange dans un bol et ajoutez du yaourt, des baies fra\u00eeches, des graines de chanvre, du miel ou du pollen d&rsquo;abeille par-dessus. Savoureux ! Profitez de votre bol de smoothie nutritif et plein de saveurs !<\/p>\n<h3>#3 Boules \u00e9nerg\u00e9tiques crues aux prot\u00e9ines<\/h3>\n<p><u>Ingr\u00e9dients :<\/u> 2 cuill\u00e8res \u00e0 caf\u00e9 de prot\u00e9ine de chanvre, 2 cuill\u00e8res \u00e0 soupe de graines de lin moulues, 1 cuill\u00e8re \u00e0 caf\u00e9 de graines de chia, 5 cuill\u00e8res \u00e0 soupe d&rsquo;amandes moulues, 2 cuill\u00e8res \u00e0 soupe de cacao en poudre, 1 cuill\u00e8re \u00e0 soupe de sirop d&rsquo;\u00e9rable ou de miel, une pinc\u00e9e de vanille, de la poudre d&rsquo;amande ou de coco pour rouler (facultatif).<\/p>\n<p>Comment faire ? Voici comment : pour cr\u00e9er un en-cas nutritif et d\u00e9licieux, commencez par moudre les amandes et les graines de lin \u00e0 l&rsquo;aide d&rsquo;un moulin \u00e0 noix ou d&rsquo;un robot culinaire puissant. Ensuite, placez tous les ingr\u00e9dients dans un bol et m\u00e9langez-les bien \u00e0 l&rsquo;aide du dos d&rsquo;une cuill\u00e8re. Continuez \u00e0 m\u00e9langer et \u00e0 presser jusqu&rsquo;\u00e0 ce que le m\u00e9lange devienne humide et homog\u00e8ne, cela peut prendre une ou deux minutes. Divisez ensuite le m\u00e9lange en petites portions de la taille d&rsquo;une cuill\u00e8re \u00e0 caf\u00e9 et roulez-les en boules, avec ou sans poudre d&rsquo;amande ou de coco selon votre pr\u00e9f\u00e9rence. Conservez les boules au r\u00e9frig\u00e9rateur ou d\u00e9gustez-les imm\u00e9diatement \u00e0 tout moment de la journ\u00e9e.<\/p>\n<h2>Quel est le go\u00fbt de la prot\u00e9ine de chanvre ?<\/h2>\n<p>La prot\u00e9ine de chanvre a une saveur douce et l\u00e9g\u00e8rement noisette, parfois d\u00e9crite comme terreuse ou herbac\u00e9e. Globalement, son go\u00fbt n&rsquo;est pas tr\u00e8s prononc\u00e9 et peut \u00eatre facilement masqu\u00e9 par d&rsquo;autres ingr\u00e9dients lorsqu&rsquo;elle est utilis\u00e9e dans des smoothies, des produits de boulangerie ou d&rsquo;autres recettes. Certaines personnes appr\u00e9cient \u00e9galement le go\u00fbt de la prot\u00e9ine de chanvre lorsqu&rsquo;elle est m\u00e9lang\u00e9e \u00e0 de l&rsquo;eau ou du lait v\u00e9g\u00e9tal, tandis que d&rsquo;autres pr\u00e9f\u00e8rent ajouter des \u00e9dulcorants ou des ar\u00f4mes pour am\u00e9liorer le go\u00fbt. Essayez-la et d\u00e9couvrez par vous-m\u00eame !<\/p>\n<h2>Ingr\u00e9dients<\/h2>\n<p>100 % prot\u00e9ine de chanvre (BIO). Certifi\u00e9 BIO, 500g.<br \/><strong>SI-EKO-002<\/strong> <i>(Agriculture UE)<\/i><\/p>\n<h2>Stockage<\/h2>\n<p>Conservez dans un endroit frais et sombre, de pr\u00e9f\u00e9rence au r\u00e9frig\u00e9rateur (&lt;8\u00b0C) dans l&#8217;emballage d&rsquo;origine avec fermeture zip.<br \/>\nDur\u00e9e de conservation : 6 mois<\/p>\n<h2>Valeurs nutritionnelles :<\/h2>\n<p>Valeurs nutritionnelles moyennes \/ 100g :<br \/>\nValeur \u00e9nerg\u00e9tique 1653kJ \/ 395kCal<br \/>\nMati\u00e8res grasses 14,6g<br \/>\n\u2013 dont acides gras satur\u00e9s 1,5g<br \/>\nGlucides 28,2g<br \/>\n\u2013 dont sucres 3,7g<br \/>\nFibres alimentaires 19,8g<br \/>\nProt\u00e9ines 37,7g<br \/>\nSel 0,03g<\/p>\n<\/div>\n","protected":false},"excerpt":{"rendered":"<div class=\"kratek\">\n<p>Un concentr\u00e9 de prot\u00e9ines facilement digestibles qui s&rsquo;int\u00e8gre parfaitement \u00e0 votre style de vie actif. La prot\u00e9ine de chanvre biologique est connue comme la meilleure source de prot\u00e9ines v\u00e9g\u00e9tales, contenant les 9 acides amin\u00e9s essentiels !<\/p>\n<p class=\"kolicina\">500g<\/p>\n<\/div>\n","protected":false},"featured_media":44995,"comment_status":"open","ping_status":"closed","template":"","meta":[],"product_brand":[],"product_cat":[336],"product_tag":[],"class_list":{"0":"post-24048","1":"product","2":"type-product","3":"status-publish","4":"has-post-thumbnail","6":"product_cat-produits-chanvre","8":"first","9":"instock","10":"taxable","11":"shipping-taxable","12":"purchasable","13":"product-type-simple"},"_links":{"self":[{"href":"https:\/\/hempika.com\/fr\/wp-json\/wp\/v2\/product\/24048","targetHints":{"allow":["GET"]}}],"collection":[{"href":"https:\/\/hempika.com\/fr\/wp-json\/wp\/v2\/product"}],"about":[{"href":"https:\/\/hempika.com\/fr\/wp-json\/wp\/v2\/types\/product"}],"replies":[{"embeddable":true,"href":"https:\/\/hempika.com\/fr\/wp-json\/wp\/v2\/comments?post=24048"}],"wp:featuredmedia":[{"embeddable":true,"href":"https:\/\/hempika.com\/fr\/wp-json\/wp\/v2\/media\/44995"}],"wp:attachment":[{"href":"https:\/\/hempika.com\/fr\/wp-json\/wp\/v2\/media?parent=24048"}],"wp:term":[{"taxonomy":"product_brand","embeddable":true,"href":"https:\/\/hempika.com\/fr\/wp-json\/wp\/v2\/product_brand?post=24048"},{"taxonomy":"product_cat","embeddable":true,"href":"https:\/\/hempika.com\/fr\/wp-json\/wp\/v2\/product_cat?post=24048"},{"taxonomy":"product_tag","embeddable":true,"href":"https:\/\/hempika.com\/fr\/wp-json\/wp\/v2\/product_tag?post=24048"}],"curies":[{"name":"wp","href":"https:\/\/api.w.org\/{rel}","templated":true}]}}