{"id":23925,"date":"2020-11-18T10:21:46","date_gmt":"2020-11-18T09:21:46","guid":{"rendered":"https:\/\/hempika.com\/product\/beurre-corporel-au-cbd\/"},"modified":"2022-03-03T21:12:32","modified_gmt":"2022-03-03T20:12:32","slug":"beurre-corporel-au-cbd","status":"publish","type":"product","link":"https:\/\/hempika.com\/fr\/produit\/beurre-corporel-au-cbd\/","title":{"rendered":"BEURRE CORPOREL AU CBD"},"content":{"rendered":"<p><strong>Hempika Beurre corporel au CBD<\/strong> avec un extrait de Cannabis sativa \u00e0 spectre complet et une huile de graines de chanvre apaise et adoucit en douceur la peau. Le beurre de mangue nourrit et hydrate efficacement la peau tandis que les propri\u00e9t\u00e9s anti-inflammatoires du beurre de karit\u00e9 favorisent la cicatrisation. Les huiles essentielles de camphre et de g\u00e9ranium ajoutent un parfum d\u2019agrumes doux et frais, et ont de grandes propri\u00e9t\u00e9s nourrissantes qui traitent efficacement les peaux sensibles, s\u00e8ches ainsi que mixtes et matures.<\/p>\n<p>Contient uniquement des ingr\u00e9dients 100 % naturels \u00e0 base de plantes (v\u00e9gans). Sans parab\u00e8nes, huiles min\u00e9rales, pigments artificiels, parfums, conservateurs, \u00e9mulsifiants et \u00e9paississants.<\/p>\n<p><strong>INGR\u00c9DIENTS :<\/strong><br \/>\nBeurre de karit\u00e9, beurre de graines de mangue, huile de graines de chanvre, extrait de chanvre \u00e0 spectre complet, vitamine E, huile essentielle de bois de H\u00f4, huile essentielle de g\u00e9ranium.<\/p>\n<p><strong>INCI:<\/strong><br \/>\nButyrospermum Parkii Butter, Mangifera Indica Seed Butter, Cannabis Sativa Seed Oil, Cannabis Sativa Leaf Extract, Tocopherol, Helianthus Annuus Seed Oil, Cinnamomum Camphora Linalooliferum Wood Oil, Pelargonium Graveolens Oil, Linalool*, Limonene*, Citronellol*, Citral*, Geraniol*. *Natural components of essential oils<\/p>\n<p><strong>UTILISATION :<\/strong><br \/>\nFaire fondre le beurre corporel entre les paumes de vos mains et masser en douceur n\u2019importe quelle partie propre et s\u00e8che de votre corps.<br \/>\nConvient pour le soin quotidien de tous les types de peau, de la t\u00eate aux pieds.<br \/>\nLe beurre corporel peut \u00e9galement \u00eatre utilis\u00e9 comme alternative au baume pour les cheveux.<br \/>\nCesser de l\u2019utiliser en cas d\u2019hypersensibilit\u00e9.<\/p>\n<p><strong>CONSERVATION :<\/strong><br \/>\nConserver \u00e0 temp\u00e9rature ambiante.<\/p>\n<p><strong>DUR\u00c9E DE CONSERVATION :<\/strong><br \/>\n24 mois<\/p>\n","protected":false},"excerpt":{"rendered":"<p>La cr\u00e8me de soin int\u00e9grale universelle contenant des ingr\u00e9dients \u00e0 base de plantes minutieusement s\u00e9lectionn\u00e9s procure une hydratation en profondeur et restaure l\u2019\u00e9lasticit\u00e9 pour un confort optimal de la peau.<\/p>\n<p>Convient \u00e0 tous les types de peau<br \/>\n300 mg CBD \/ 150 ml<\/p>\n","protected":false},"featured_media":23926,"comment_status":"open","ping_status":"closed","template":"","meta":[],"product_brand":[],"product_cat":[336],"product_tag":[],"class_list":{"0":"post-23925","1":"product","2":"type-product","3":"status-publish","4":"has-post-thumbnail","6":"product_cat-produits-chanvre","8":"first","9":"outofstock","10":"sale","11":"taxable","12":"shipping-taxable","13":"purchasable","14":"product-type-simple"},"_links":{"self":[{"href":"https:\/\/hempika.com\/fr\/wp-json\/wp\/v2\/product\/23925","targetHints":{"allow":["GET"]}}],"collection":[{"href":"https:\/\/hempika.com\/fr\/wp-json\/wp\/v2\/product"}],"about":[{"href":"https:\/\/hempika.com\/fr\/wp-json\/wp\/v2\/types\/product"}],"replies":[{"embeddable":true,"href":"https:\/\/hempika.com\/fr\/wp-json\/wp\/v2\/comments?post=23925"}],"wp:featuredmedia":[{"embeddable":true,"href":"https:\/\/hempika.com\/fr\/wp-json\/wp\/v2\/media\/23926"}],"wp:attachment":[{"href":"https:\/\/hempika.com\/fr\/wp-json\/wp\/v2\/media?parent=23925"}],"wp:term":[{"taxonomy":"product_brand","embeddable":true,"href":"https:\/\/hempika.com\/fr\/wp-json\/wp\/v2\/product_brand?post=23925"},{"taxonomy":"product_cat","embeddable":true,"href":"https:\/\/hempika.com\/fr\/wp-json\/wp\/v2\/product_cat?post=23925"},{"taxonomy":"product_tag","embeddable":true,"href":"https:\/\/hempika.com\/fr\/wp-json\/wp\/v2\/product_tag?post=23925"}],"curies":[{"name":"wp","href":"https:\/\/api.w.org\/{rel}","templated":true}]}}