{"id":23923,"date":"2020-08-26T12:28:31","date_gmt":"2020-08-26T10:28:31","guid":{"rendered":"https:\/\/hempika.com\/product\/creme-au-cbd-pour-le-visage\/"},"modified":"2024-07-10T11:26:51","modified_gmt":"2024-07-10T09:26:51","slug":"creme-au-cbd-pour-le-visage","status":"publish","type":"product","link":"https:\/\/hempika.com\/fr\/produit\/creme-au-cbd-pour-le-visage\/","title":{"rendered":"CR\u00c8ME AU CBD POUR LE VISAGE"},"content":{"rendered":"<p><strong>Hempika Cr\u00e8me au CBD pour le visage<\/strong> avec extrait de Cannabis sativa \u00e0 spectre complet combin\u00e9 \u00e0 de l\u2019huile de graines de chanvre apaise et adoucit efficacement votre peau. Le beurre de mangue laisse la peau hydrat\u00e9e et prot\u00e9g\u00e9e tandis que l\u2019huile d\u2019amande lui redonne son \u00e9clat naturel. Les huiles essentielles de verveine et de g\u00e9ranium au parfum d\u2019agrumes apaisant et frais nourrissent efficacement les peaux impures et sensibles ainsi que les peaux sujettes \u00e0 l\u2019ecz\u00e9ma et au psoriasis.<\/p>\n<p>Contient uniquement des ingr\u00e9dients 100 % naturels \u00e0 base de plantes (v\u00e9gans). Sans parab\u00e8nes, huiles min\u00e9rales, pigments artificiels, parfums, conservateurs, \u00e9mulsifiants et \u00e9paississants.<\/p>\n<p><strong>INGR\u00c9DIENTS :<\/strong><br \/>\nEau, huile d\u2019amande, beurre de mangue, glyc\u00e9rine v\u00e9g\u00e9tale, huile de chanvre, extrait de chanvre \u00e0 spectre complet, vitamine E, huile essentielle de verveine, huile essentielle de g\u00e9ranium.<\/p>\n<p><strong>INCI:<\/strong><br \/>\nAqua, Mangifera Indica Seed Butter, Glycerin, Cetearyl Alcohol, Glyceryl Stearate Citrate, Isoamyl Laurate, Glyceryl Stearate, Glyceryl Caprylate, Cannabis Sativa Seed Oil, Cannabis Sativa Leaf Extract, Sodium Levulinate, Sodium Anisate, Tocopherol, Helianthus Annuus Seed Oil, Xanthan Gum, Sodium Phytate, Citric Acid, Litsea Cubeba Fruit Oil, Pelargonium Graveolens Oil, Citral*, Citronellol*, Geraniol*, Limonene*, Linalool*. *Natural components of essential oils<\/p>\n<p><strong>UTILISATION :<\/strong><br \/>\nAdministrer la cr\u00e8me en appuyant doucement sur le bouton du distributeur.<br \/>\nL\u2019appliquer en douceur sur le visage avec des mouvements circulaires.<br \/>\nSi votre peau est trop s\u00e8che, vous pouvez combiner la cr\u00e8me pour le visage avec du body butter.<br \/>\nConvient pour le soin quotidien de tous les types de peau.<br \/>\nCesser de l\u2019utiliser en cas d\u2019hypersensibilit\u00e9.<\/p>\n<p><strong>CONSERVATION :<\/strong><br \/>\nConserver \u00e0 temp\u00e9rature ambiante.<\/p>\n<p><strong>DUR\u00c9E DE CONSERVATION :<\/strong><br \/>\n24 mois<\/p>\n","protected":false},"excerpt":{"rendered":"<p>Hydratant quotidien apaisant et \u00e0 absorption rapide contenant des ingr\u00e9dients \u00e0 base de plantes minutieusement s\u00e9lectionn\u00e9s qui prot\u00e8ge et adoucit efficacement votre peau tout en lui redonnant son \u00e9clat naturel.<\/p>\n<p>Convient \u00e0 tous les types de peau<br \/>\n100 mg CBD \/ 50 ml<\/p>\n","protected":false},"featured_media":23924,"comment_status":"open","ping_status":"closed","template":"","meta":[],"product_brand":[],"product_cat":[336],"product_tag":[],"class_list":{"0":"post-23923","1":"product","2":"type-product","3":"status-publish","4":"has-post-thumbnail","6":"product_cat-produits-chanvre","8":"first","9":"outofstock","10":"sale","11":"taxable","12":"shipping-taxable","13":"purchasable","14":"product-type-simple"},"_links":{"self":[{"href":"https:\/\/hempika.com\/fr\/wp-json\/wp\/v2\/product\/23923","targetHints":{"allow":["GET"]}}],"collection":[{"href":"https:\/\/hempika.com\/fr\/wp-json\/wp\/v2\/product"}],"about":[{"href":"https:\/\/hempika.com\/fr\/wp-json\/wp\/v2\/types\/product"}],"replies":[{"embeddable":true,"href":"https:\/\/hempika.com\/fr\/wp-json\/wp\/v2\/comments?post=23923"}],"wp:featuredmedia":[{"embeddable":true,"href":"https:\/\/hempika.com\/fr\/wp-json\/wp\/v2\/media\/23924"}],"wp:attachment":[{"href":"https:\/\/hempika.com\/fr\/wp-json\/wp\/v2\/media?parent=23923"}],"wp:term":[{"taxonomy":"product_brand","embeddable":true,"href":"https:\/\/hempika.com\/fr\/wp-json\/wp\/v2\/product_brand?post=23923"},{"taxonomy":"product_cat","embeddable":true,"href":"https:\/\/hempika.com\/fr\/wp-json\/wp\/v2\/product_cat?post=23923"},{"taxonomy":"product_tag","embeddable":true,"href":"https:\/\/hempika.com\/fr\/wp-json\/wp\/v2\/product_tag?post=23923"}],"curies":[{"name":"wp","href":"https:\/\/api.w.org\/{rel}","templated":true}]}}