{"id":23840,"date":"2020-11-18T10:28:39","date_gmt":"2020-11-18T09:28:39","guid":{"rendered":"https:\/\/hempika.com\/product\/the-au-chanvre\/"},"modified":"2026-04-13T04:11:28","modified_gmt":"2026-04-13T02:11:28","slug":"the-au-chanvre","status":"publish","type":"product","link":"https:\/\/hempika.com\/fr\/produit\/the-au-chanvre\/","title":{"rendered":"Th\u00e9 de chanvre"},"content":{"rendered":"<div class=\"dolg\">\n<p>Quel plaisir de siroter un th\u00e9 aromatique aux effets apaisants, tout en sachant que vous vous accordez une habitude saine. Le <strong>th\u00e9 de chanvre<\/strong> de Hempika est cueilli \u00e0 la main et naturellement s\u00e9ch\u00e9 pour pr\u00e9server son ar\u00f4me et son go\u00fbt naturels. Il contient des fleurs et feuilles de chanvre soigneusement s\u00e9lectionn\u00e9es de la plus haute qualit\u00e9.<\/p>\n<p><strong>Vous vous demandez ce qu\u2019est le th\u00e9 de chanvre ?<\/strong> Le th\u00e9 de chanvre est obtenu \u00e0 partir des feuilles et des fleurs s\u00e9ch\u00e9es de la plante de chanvre. Il a une couleur vert fonc\u00e9 et un ar\u00f4me herbac\u00e9 doux. Il contient naturellement des vitamines, des min\u00e9raux, de la chlorophylle, des cannabino\u00efdes, des terp\u00e8nes et des flavono\u00efdes. Il est reconnu pour ses effets potentiellement apaisants sur le corps et l\u2019esprit. Mais pas de panique \u2013 le chanvre contient seulement &lt; 0,2% ou moins de THC. Ces quantit\u00e9s sont bien trop faibles pour provoquer des effets psychoactifs, et le th\u00e9 est s\u00fbr \u00e0 utiliser sans aucun effet secondaire ind\u00e9sirable.<\/p>\n<p>Les grands-m\u00e8res connaissaient les secrets des herbes et avaient toujours la bonne \u00e9pice pour chaque occasion. Imaginez une soir\u00e9e fra\u00eeche d\u2019automne chez votre grand-m\u00e8re, o\u00f9 vous profitez du traitement le plus confortable. Lors de ces longues soir\u00e9es o\u00f9 vous avez besoin de calme et de confort, une tasse de th\u00e9 de chanvre chaud pourrait bien \u00eatre l\u2019un des secrets de grand-m\u00e8re. <strong>Comme le th\u00e9 de chanvre est naturellement sans caf\u00e9ine, il est parfait \u00e0 d\u00e9guster avant d\u2019enfiler votre pyjama.<\/strong><\/p>\n<p>Laissez le stress de la journ\u00e9e devenir de l\u2019histoire ancienne et aidez votre esprit \u00e0 se d\u00e9tendre avec une tasse remplie de cannabidiol comme le CBD. Nous parions que vos r\u00eaves seront plus doux et vos soir\u00e9es plus paisibles.<\/p>\n<h2>Comment et quand le pr\u00e9parer ?<\/h2>\n<p>Nous vous sugg\u00e9rons de vous offrir une tasse de th\u00e9 de chanvre dans les moments de la journ\u00e9e o\u00f9 vous ressentez le besoin de vous d\u00e9tendre et de vous recentrer. Les apr\u00e8s-midis et les soir\u00e9es sont peut-\u00eatre le meilleur moment pour votre nouveau rituel au chanvre.<\/p>\n<h3>Recette de base :<\/h3>\n<p>Ajoutez cinq cuill\u00e8res \u00e0 caf\u00e9 de th\u00e9 de chanvre dans 1 litre d\u2019eau chaude (80\u201390\u00b0C), attendez 5\u20137 minutes, puis filtrez. Pour profiter pleinement du potentiel des cannabino\u00efdes, ajoutez une touche de graisse v\u00e9g\u00e9tale, de lait ou de beurre dans l\u2019eau chaude avant d\u2019y ajouter le th\u00e9 de chanvre. Le th\u00e9 de chanvre peut \u00eatre consomm\u00e9 seul, avec d\u2019autres herbes, ou en substitut aux th\u00e9s contenant de la th\u00e9ine.<\/p>\n<h3>Une infusion de calme vitamin\u00e9e :<\/h3>\n<p>Pr\u00eat \u00e0 pr\u00e9parer une infusion apaisante, anti-inflammatoire et riche en vitamines ? C\u2019est parti ! Faites bouillir 1 litre d\u2019eau (80\u201390\u00b0C) et ajoutez d\u2019abord une touche d\u2019huile de coco press\u00e9e \u00e0 froid. Continuez en m\u00e9langeant le reste des ingr\u00e9dients dans la pr\u00e9paration : cinq cuill\u00e8res \u00e0 caf\u00e9 de th\u00e9 de chanvre, une cuill\u00e8re \u00e0 caf\u00e9 de gingembre fra\u00eechement r\u00e2p\u00e9, un quart de cuill\u00e8re \u00e0 caf\u00e9 de cannelle s\u00e8che, puis couvrez la casserole. Apr\u00e8s 7 minutes, votre th\u00e9 est pr\u00eat \u00e0 \u00eatre filtr\u00e9. Ajoutez une cuill\u00e8re \u00e0 caf\u00e9 de miel et du jus de citron fra\u00eechement press\u00e9. D\u00e9licieux !<\/p>\n<h3>Th\u00e9 glac\u00e9 :<\/h3>\n<p>Le th\u00e9 de chanvre peut \u00e9galement \u00eatre consomm\u00e9 froid ! Son go\u00fbt est l\u00e9g\u00e8rement amer lorsqu\u2019il refroidit, alors n\u2019h\u00e9sitez pas \u00e0 ajouter du miel ou du sirop d\u2019agave. Vous pouvez \u00e9galement pr\u00e9parer une version cold brew ! Vous aurez besoin de : une presse fran\u00e7aise ; du th\u00e9 de chanvre Hempika ; de la citronnelle ; du citron vert ; et un \u00e9dulcorant de votre choix. Mettez cinq cuill\u00e8res \u00e0 caf\u00e9 de th\u00e9 de chanvre et deux cuill\u00e8res \u00e0 caf\u00e9 de citronnelle s\u00e9ch\u00e9e dans la presse fran\u00e7aise (volume : 1 litre). Mettez-la au r\u00e9frig\u00e9rateur pendant 8 \u00e0 12 heures. Lorsque l\u2019infusion est termin\u00e9e, filtrez le th\u00e9 et servez-le avec du citron vert fra\u00eechement press\u00e9 et une cuill\u00e8re \u00e0 soupe de miel. Quelle boisson estivale rafra\u00eechissante !<\/p>\n<h2>Quel go\u00fbt a-t-il ?<\/h2>\n<p>Le th\u00e9 de chanvre a une couleur brun-vert et une saveur l\u00e9g\u00e8rement am\u00e8re. Certaines personnes d\u00e9crivent son go\u00fbt comme \u00ab terreux \u00bb ou \u00ab v\u00e9g\u00e9tal \u00bb. Le meilleur moyen de savoir comment il go\u00fbte est de l\u2019essayer !<\/p>\n<h2>Ingr\u00e9dients<\/h2>\n<p>100% feuilles et fleurs de chanvre s\u00e9ch\u00e9es (BIO). Certifi\u00e9 BIO, 50g.<br \/><strong>SI-EKO-002<\/strong> <i>(Agriculture UE)<\/i><\/p>\n<h2>Conservation<\/h2>\n<p>Conserver dans un endroit frais et sec.<br \/>\nDur\u00e9e de conservation : 12 mois<\/p>\n<\/div>\n","protected":false},"excerpt":{"rendered":"<div class=\"kratek\">\n<p>Apportez calme et d\u00e9tente \u00e0 votre esprit et votre corps avec du th\u00e9 de chanvre sans caf\u00e9ine. Chaud ou froid \u2013 pr\u00e9parez-le comme vous aimez ! Une tasse de th\u00e9 aromatique cueilli \u00e0 la main est la recette parfaite pour se d\u00e9tendre apr\u00e8s une longue journ\u00e9e.<\/p>\n<p class=\"kolicina\">50g<\/p>\n<\/div>\n","protected":false},"featured_media":44988,"comment_status":"open","ping_status":"closed","template":"","meta":[],"product_brand":[],"product_cat":[336],"product_tag":[],"class_list":{"0":"post-23840","1":"product","2":"type-product","3":"status-publish","4":"has-post-thumbnail","6":"product_cat-produits-chanvre","8":"first","9":"instock","10":"taxable","11":"shipping-taxable","12":"purchasable","13":"product-type-simple"},"_links":{"self":[{"href":"https:\/\/hempika.com\/fr\/wp-json\/wp\/v2\/product\/23840","targetHints":{"allow":["GET"]}}],"collection":[{"href":"https:\/\/hempika.com\/fr\/wp-json\/wp\/v2\/product"}],"about":[{"href":"https:\/\/hempika.com\/fr\/wp-json\/wp\/v2\/types\/product"}],"replies":[{"embeddable":true,"href":"https:\/\/hempika.com\/fr\/wp-json\/wp\/v2\/comments?post=23840"}],"wp:featuredmedia":[{"embeddable":true,"href":"https:\/\/hempika.com\/fr\/wp-json\/wp\/v2\/media\/44988"}],"wp:attachment":[{"href":"https:\/\/hempika.com\/fr\/wp-json\/wp\/v2\/media?parent=23840"}],"wp:term":[{"taxonomy":"product_brand","embeddable":true,"href":"https:\/\/hempika.com\/fr\/wp-json\/wp\/v2\/product_brand?post=23840"},{"taxonomy":"product_cat","embeddable":true,"href":"https:\/\/hempika.com\/fr\/wp-json\/wp\/v2\/product_cat?post=23840"},{"taxonomy":"product_tag","embeddable":true,"href":"https:\/\/hempika.com\/fr\/wp-json\/wp\/v2\/product_tag?post=23840"}],"curies":[{"name":"wp","href":"https:\/\/api.w.org\/{rel}","templated":true}]}}