{"id":23838,"date":"2020-11-18T10:25:16","date_gmt":"2020-11-18T09:25:16","guid":{"rendered":"https:\/\/hempika.com\/product\/huile-de-graines-de-chanvre\/"},"modified":"2026-04-14T16:21:51","modified_gmt":"2026-04-14T14:21:51","slug":"huile-de-graines-de-chanvre","status":"publish","type":"product","link":"https:\/\/hempika.com\/fr\/produit\/huile-de-graines-de-chanvre\/","title":{"rendered":"Huile de graines de chanvre"},"content":{"rendered":"<div class=\"dolg\">\n<p><strong>L&rsquo;huile de graines de chanvre<\/strong> est une huile pas comme les autres ! Riche en antioxydants, source pr\u00e9cieuse d&rsquo;acides gras essentiels, et anti-inflammatoire naturel \u2013 comment ne pas en faire l&rsquo;ingr\u00e9dient pr\u00e9f\u00e9r\u00e9 des amateurs d&rsquo;alimentation compl\u00e8te et des cr\u00e9ateurs de beaut\u00e9 naturelle ?<\/p>\n<p>L&rsquo;huile de graines de chanvre Hempika est produite \u00e0 partir de graines de chanvre par un proc\u00e9d\u00e9 de pressage \u00e0 froid (la temp\u00e9rature ne d\u00e9passant pas 37 degr\u00e9s Celsius tout au long du processus) \u2013 une m\u00e9thode qui pr\u00e9serve toutes les propri\u00e9t\u00e9s b\u00e9n\u00e9fiques de l&rsquo;huile. La soi-disant \u00ab\u00a0huile de chanvre vierge\u00a0\u00bb a une couleur vert clair et une saveur riche et noisett\u00e9e. Elle contient des vitamines, min\u00e9raux et antioxydants naturellement pr\u00e9sents et poss\u00e8de un ratio id\u00e9al d&rsquo;acides gras Om\u00e9ga-3 \/ Om\u00e9ga-6.<\/p>\n<p>Il existe beaucoup d&rsquo;histoires sur l&rsquo;huile de graines de chanvre (<strong>elle PEUT apporter de nombreux bienfaits li\u00e9s \u00e0 la long\u00e9vit\u00e9 et au bien-\u00eatre g\u00e9n\u00e9ral<\/strong>) \u2013 et beaucoup d&rsquo;entre elles sont probablement vraies. Toutefois, il ne faut pas attribuer des propri\u00e9t\u00e9s de sant\u00e9 \u00e0 ce cadeau fantastique de la nature sans preuve. Cependant, nous savons que l&rsquo;utilisation r\u00e9guli\u00e8re de produits \u00e0 base de chanvre peut \u00eatre b\u00e9n\u00e9fique \u2013 alors essayez-la et voyez par vous-m\u00eame.<\/p>\n<p><strong>Utiliser l&rsquo;huile de graines de chanvre est un double avantage \u2013 elle agit de l&rsquo;int\u00e9rieur vers l&rsquo;ext\u00e9rieur et de l&rsquo;ext\u00e9rieur vers l&rsquo;int\u00e9rieur !<\/strong> L&rsquo;huile de graines de chanvre peut \u00eatre utilis\u00e9e comme compl\u00e9ment alimentaire ou comme additif \u00e0 divers plats (attention : ne pas l&rsquo;exposer \u00e0 des temp\u00e9ratures \u00e9lev\u00e9es car elle n&rsquo;est pas stable \u00e0 la chaleur).<\/p>\n<p>L&rsquo;huile de graines de chanvre peut \u00e9galement \u00eatre utilis\u00e9e comme hydratant pour la peau, car elle est facilement absorb\u00e9e et aide \u00e0 hydrater et \u00e0 apaiser la peau s\u00e8che ou irrit\u00e9e. De plus, elle est non com\u00e9dog\u00e8ne, ce qui signifie qu&rsquo;elle n&rsquo;obstrue pas les pores et ne provoque pas d&rsquo;\u00e9ruptions cutan\u00e9es. En raison de ses propri\u00e9t\u00e9s b\u00e9n\u00e9fiques, elle est couramment utilis\u00e9e comme ingr\u00e9dient dans les produits de soins capillaires et cutan\u00e9s.<\/p>\n<h2>Utilisez-la pour enrichir vos plats<\/h2>\n<p>La voici \u2013 votre nouvelle vinaigrette pr\u00e9f\u00e9r\u00e9e ! L&rsquo;huile de graines de chanvre a un go\u00fbt de noisette, savoureux et terreux. C&rsquo;est une huile bienvenue pour enrichir les salades, les bols, et d&rsquo;autres plats qui ne n\u00e9cessitent pas de cuisson \u00e0 haute temp\u00e9rature. Mais s&rsquo;il vous pla\u00eet, n&rsquo;utilisez jamais l&rsquo;huile de graines de chanvre Hempika pour la cuisson ou la friture \u2013 les temp\u00e9ratures \u00e9lev\u00e9es d\u00e9truisent toutes les bonnes substances naturellement pr\u00e9sentes dans l&rsquo;huile. La dose quotidienne recommand\u00e9e est 1 cuill\u00e8re \u00e0 soupe (15 ml). Essayez de ne pas la d\u00e9passer.<\/p>\n<h2>Utilisez-la pour le soin de la peau et des cheveux<\/h2>\n<p>Votre peau l&rsquo;adorera ! Et non, l&rsquo;huile de graines de chanvre ne va pas \u00e9touffer votre peau \u2013 bien au contraire ! Puisqu&rsquo;elle est non com\u00e9dog\u00e8ne, elle laisse respirer votre peau. Vous pouvez l&rsquo;utiliser comme hydratant \u2013 appliquez quelques gouttes d&rsquo;huile de graines de chanvre sur le visage et le cou apr\u00e8s le nettoyage pour hydrater et nourrir votre peau ; ou ajoutez simplement quelques gouttes \u00e0 votre cr\u00e8me hydratante habituelle pour renforcer ses propri\u00e9t\u00e9s hydratantes. Vous aimez prendre des bains ? Invitez l&rsquo;huile de graines de chanvre dans votre spa \u00e0 domicile ! Ajoutez quelques gouttes d&rsquo;huile dans l&rsquo;eau du bain pour aider \u00e0 hydrater et apaiser la peau s\u00e8che ou irrit\u00e9e \u2013 et voyez les merveilles !<\/p>\n<p>Et pour finir, vos cheveux pourraient bien tomber sous le charme de l&rsquo;huile de graines de chanvre. Massez-la sur votre cuir chevelu et vos cheveux, laissez agir pendant 30 minutes, puis lavez-les avec du shampoing. Vous pourriez d\u00e9couvrir que vous ne saviez m\u00eame pas \u00e0 quel point vos cheveux pouvaient \u00eatre ultra-hydrat\u00e9s !<\/p>\n<h2>Quel go\u00fbt a-t-elle ?<\/h2>\n<p>L&rsquo;huile de graines de chanvre a une saveur douce et noisett\u00e9e, ce qui en fait un excellent ajout aux vinaigrettes, sauces et m\u00eame smoothies.<\/p>\n<h2>Ingr\u00e9dients<\/h2>\n<p>100% huile de chanvre press\u00e9e \u00e0 froid (BIO). Certifi\u00e9 BIO, 250ml.<br \/><strong>SI-EKO-002<\/strong> <i>(Agriculture UE)<\/i><\/p>\n<h2>Conservation<\/h2>\n<p>Conserver dans un endroit frais et sombre, de pr\u00e9f\u00e9rence au r\u00e9frig\u00e9rateur (&lt;8\u00b0C).<br \/>\nDur\u00e9e de conservation : 6 mois<\/p>\n<h2>Valeurs nutritionnelles<\/h2>\n<p>Valeur nutritionnelle moyenne \/ 100g :<br \/>\nValeur \u00e9nerg\u00e9tique 3700kJ \/ 885kCal<br \/>\nLipides 100g<br \/>\n\u2013 dont acides gras satur\u00e9s 11,1g<br \/>\nGlucides 0g<br \/>\n\u2013 dont sucres 0g<br \/>\nFibres alimentaires 0g<br \/>\nProt\u00e9ines 0g<br \/>\nSel 0g<\/p>\n<\/div>\n","protected":false},"excerpt":{"rendered":"<div class=\"kratek\">\n<p>Une huile pas comme les autres ! L&rsquo;huile de graines de chanvre press\u00e9e \u00e0 froid est riche en acides gras om\u00e9ga, vitamines, min\u00e9raux et antioxydants, en faisant un super-aliment et un produit de beaut\u00e9 naturel id\u00e9al. Essayez-la !<\/p>\n<p class=\"kolicina\">250ml<\/p>\n<\/div>\n","protected":false},"featured_media":44984,"comment_status":"open","ping_status":"closed","template":"","meta":[],"product_brand":[],"product_cat":[336],"product_tag":[],"class_list":{"0":"post-23838","1":"product","2":"type-product","3":"status-publish","4":"has-post-thumbnail","6":"product_cat-produits-chanvre","8":"first","9":"instock","10":"taxable","11":"shipping-taxable","12":"purchasable","13":"product-type-simple"},"_links":{"self":[{"href":"https:\/\/hempika.com\/fr\/wp-json\/wp\/v2\/product\/23838","targetHints":{"allow":["GET"]}}],"collection":[{"href":"https:\/\/hempika.com\/fr\/wp-json\/wp\/v2\/product"}],"about":[{"href":"https:\/\/hempika.com\/fr\/wp-json\/wp\/v2\/types\/product"}],"replies":[{"embeddable":true,"href":"https:\/\/hempika.com\/fr\/wp-json\/wp\/v2\/comments?post=23838"}],"wp:featuredmedia":[{"embeddable":true,"href":"https:\/\/hempika.com\/fr\/wp-json\/wp\/v2\/media\/44984"}],"wp:attachment":[{"href":"https:\/\/hempika.com\/fr\/wp-json\/wp\/v2\/media?parent=23838"}],"wp:term":[{"taxonomy":"product_brand","embeddable":true,"href":"https:\/\/hempika.com\/fr\/wp-json\/wp\/v2\/product_brand?post=23838"},{"taxonomy":"product_cat","embeddable":true,"href":"https:\/\/hempika.com\/fr\/wp-json\/wp\/v2\/product_cat?post=23838"},{"taxonomy":"product_tag","embeddable":true,"href":"https:\/\/hempika.com\/fr\/wp-json\/wp\/v2\/product_tag?post=23838"}],"curies":[{"name":"wp","href":"https:\/\/api.w.org\/{rel}","templated":true}]}}